{"id":1744,"date":"2020-04-08T16:17:55","date_gmt":"2020-04-08T14:17:55","guid":{"rendered":"http:\/\/www.terresdangely.com\/en\/?page_id=1744"},"modified":"2025-08-20T12:24:56","modified_gmt":"2025-08-20T10:24:56","slug":"cours-de-poterie-2","status":"publish","type":"page","link":"http:\/\/www.terresdangely.com\/en\/cours-de-poterie-2\/","title":{"rendered":"Pottery class"},"content":{"rendered":"<div data-elementor-type=\"wp-post\" data-elementor-id=\"1744\" class=\"elementor elementor-1744\">\n\t\t\t\t\t\t<section class=\"elementor-section elementor-top-section elementor-element elementor-element-c3c911f elementor-section-boxed elementor-section-height-default elementor-section-height-default\" data-id=\"c3c911f\" data-element_type=\"section\" data-e-type=\"section\">\n\t\t\t\t\t\t<div class=\"elementor-container elementor-column-gap-default\">\n\t\t\t\t\t<div class=\"elementor-column elementor-col-100 elementor-top-column elementor-element elementor-element-c157c06\" data-id=\"c157c06\" data-element_type=\"column\" data-e-type=\"column\">\n\t\t\t<div class=\"elementor-widget-wrap elementor-element-populated\">\n\t\t\t\t\t\t<div class=\"elementor-element elementor-element-0296e98 elementor-widget elementor-widget-text-editor\" data-id=\"0296e98\" data-element_type=\"widget\" data-e-type=\"widget\" data-widget_type=\"text-editor.default\">\n\t\t\t\t<div class=\"elementor-widget-container\">\n\t\t\t\t\t\t\t\t\t<div id=\"trpar\"><span id=\"s2_1\"><\/span><div id=\"trpar\"><span id=\"s2_1\">It is a real pleasure to welcome my students to my studio.<\/span> <span id=\"s2_2\">It is a special time of exchange, transmission and debate!<\/span><\/div><\/div>\t\t\t\t\t\t\t\t<\/div>\n\t\t\t\t<\/div>\n\t\t\t\t\t<\/div>\n\t\t<\/div>\n\t\t\t\t\t<\/div>\n\t\t<\/section>\n\t\t\t\t<section class=\"elementor-section elementor-top-section elementor-element elementor-element-3c7e5fa elementor-section-boxed elementor-section-height-default elementor-section-height-default\" data-id=\"3c7e5fa\" data-element_type=\"section\" data-e-type=\"section\">\n\t\t\t\t\t\t<div class=\"elementor-container elementor-column-gap-default\">\n\t\t\t\t\t<div class=\"elementor-column elementor-col-25 elementor-top-column elementor-element elementor-element-4173fca\" data-id=\"4173fca\" data-element_type=\"column\" data-e-type=\"column\">\n\t\t\t<div class=\"elementor-widget-wrap elementor-element-populated\">\n\t\t\t\t\t\t<div class=\"elementor-element elementor-element-e588b19 elementor-widget elementor-widget-text-editor\" data-id=\"e588b19\" data-element_type=\"widget\" data-e-type=\"widget\" data-widget_type=\"text-editor.default\">\n\t\t\t\t<div class=\"elementor-widget-container\">\n\t\t\t\t\t\t\t\t\t<h6><a href=\"http:\/\/www.terresdangely.com\/en\/cours-hebdomadaires-de-poterie-pour-adultes-tournage-modelage\/\">\u00a0<\/a><\/h6><h1 style=\"text-align: center;\"><a href=\"http:\/\/www.terresdangely.com\/en\/cours-hebdomadaires-de-poterie-pour-adultes-tournage-modelage\/\">Weekly class<\/a><\/h1><h6 style=\"text-align: center;\">Three course per week<\/h6><div>\u00a0<\/div><div>\u00a0<\/div><div>\u00a0<\/div>\t\t\t\t\t\t\t\t<\/div>\n\t\t\t\t<\/div>\n\t\t\t\t\t<\/div>\n\t\t<\/div>\n\t\t\t\t<div class=\"elementor-column elementor-col-25 elementor-top-column elementor-element elementor-element-3cda37f\" data-id=\"3cda37f\" data-element_type=\"column\" data-e-type=\"column\">\n\t\t\t<div class=\"elementor-widget-wrap elementor-element-populated\">\n\t\t\t\t\t\t<div class=\"elementor-element elementor-element-0e1d1c1 elementor-widget__width-inherit elementor-widget elementor-widget-text-editor\" data-id=\"0e1d1c1\" data-element_type=\"widget\" data-e-type=\"widget\" data-widget_type=\"text-editor.default\">\n\t\t\t\t<div class=\"elementor-widget-container\">\n\t\t\t\t\t\t\t\t\t<h6>\u00a0<\/h6><h1 style=\"text-align: center;\"><a href=\"http:\/\/www.terresdangely.com\/en\/cours-de-poterie-pour-les-enfants-et-adolescents\/\">Children class<\/a><\/h1><h6 style=\"text-align: center;\">One Saturday per month<\/h6><h6 style=\"text-align: center;\">\u00a0<\/h6><h6>\u00a0<\/h6>\t\t\t\t\t\t\t\t<\/div>\n\t\t\t\t<\/div>\n\t\t\t\t\t<\/div>\n\t\t<\/div>\n\t\t\t\t<div class=\"elementor-column elementor-col-25 elementor-top-column elementor-element elementor-element-ed52847\" data-id=\"ed52847\" data-element_type=\"column\" data-e-type=\"column\">\n\t\t\t<div class=\"elementor-widget-wrap elementor-element-populated\">\n\t\t\t\t\t\t<div class=\"elementor-element elementor-element-5129db5 elementor-widget elementor-widget-text-editor\" data-id=\"5129db5\" data-element_type=\"widget\" data-e-type=\"widget\" data-widget_type=\"text-editor.default\">\n\t\t\t\t<div class=\"elementor-widget-container\">\n\t\t\t\t\t\t\t\t\t<h6>\u00a0<\/h6><h1><strong><a href=\"http:\/\/www.terresdangely.com\/en\/cours-de-poterie-et-ceramique\/\">Class \u00e0 la carte<\/a><br \/><\/strong><\/h1><h6 style=\"text-align: center;\">Personalized course<\/h6><h6>\u00a0<\/h6><h6>\u00a0<\/h6>\t\t\t\t\t\t\t\t<\/div>\n\t\t\t\t<\/div>\n\t\t\t\t\t<\/div>\n\t\t<\/div>\n\t\t\t\t<div class=\"elementor-column elementor-col-25 elementor-top-column elementor-element elementor-element-904f2e5\" data-id=\"904f2e5\" data-element_type=\"column\" data-e-type=\"column\">\n\t\t\t<div class=\"elementor-widget-wrap elementor-element-populated\">\n\t\t\t\t\t\t<div class=\"elementor-element elementor-element-32cf473 elementor-widget elementor-widget-text-editor\" data-id=\"32cf473\" data-element_type=\"widget\" data-e-type=\"widget\" data-widget_type=\"text-editor.default\">\n\t\t\t\t<div class=\"elementor-widget-container\">\n\t\t\t\t\t\t\t\t\t<h6>\u00a0<\/h6><h1><strong><a href=\"http:\/\/www.terresdangely.com\/en\/stages-ceramique-poterie\/\">Ceramic WE<\/a><\/strong><\/h1><h6 style=\"text-align: center;\"><strong>One WE each 2 months<\/strong><\/h6><h6>\u00a0<\/h6><h6 style=\"text-align: center;\">\u00a0<\/h6>\t\t\t\t\t\t\t\t<\/div>\n\t\t\t\t<\/div>\n\t\t\t\t\t<\/div>\n\t\t<\/div>\n\t\t\t\t\t<\/div>\n\t\t<\/section>\n\t\t\t\t<section class=\"elementor-section elementor-top-section elementor-element elementor-element-ff26887 elementor-section-boxed elementor-section-height-default elementor-section-height-default\" data-id=\"ff26887\" data-element_type=\"section\" data-e-type=\"section\">\n\t\t\t\t\t\t<div class=\"elementor-container elementor-column-gap-default\">\n\t\t\t\t\t<div class=\"elementor-column elementor-col-50 elementor-top-column elementor-element elementor-element-cec9bb8\" data-id=\"cec9bb8\" data-element_type=\"column\" data-e-type=\"column\">\n\t\t\t<div class=\"elementor-widget-wrap elementor-element-populated\">\n\t\t\t\t\t\t<div class=\"elementor-element elementor-element-682eceb elementor-widget elementor-widget-text-editor\" data-id=\"682eceb\" data-element_type=\"widget\" data-e-type=\"widget\" data-widget_type=\"text-editor.default\">\n\t\t\t\t<div class=\"elementor-widget-container\">\n\t\t\t\t\t\t\t\t\t<p>Why not offer a Ceramic Gift Card to your friends, family. Just send me a message and we agree together on how, when\u2026 \u00a0 \u00a0\u00a0<\/p>\t\t\t\t\t\t\t\t<\/div>\n\t\t\t\t<\/div>\n\t\t\t\t\t<\/div>\n\t\t<\/div>\n\t\t\t\t<div class=\"elementor-column elementor-col-50 elementor-top-column elementor-element elementor-element-f5fa869\" data-id=\"f5fa869\" data-element_type=\"column\" data-e-type=\"column\">\n\t\t\t<div class=\"elementor-widget-wrap elementor-element-populated\">\n\t\t\t\t\t\t<div class=\"elementor-element elementor-element-b6c6472 elementor-widget elementor-widget-image\" data-id=\"b6c6472\" data-element_type=\"widget\" data-e-type=\"widget\" data-widget_type=\"image.default\">\n\t\t\t\t<div class=\"elementor-widget-container\">\n\t\t\t\t\t\t\t\t\t\t\t\t\t\t\t\t<a href=\"http:\/\/www.terresdangely.com\/wp-content\/uploads\/2020\/05\/carte-cadeau2.jpeg\" data-elementor-open-lightbox=\"yes\" data-elementor-lightbox-title=\"carte cadeau2\" data-e-action-hash=\"#elementor-action%3Aaction%3Dlightbox%26settings%3DeyJpZCI6MTgxMiwidXJsIjoiaHR0cDpcL1wvd3d3LnRlcnJlc2RhbmdlbHkuY29tXC93cC1jb250ZW50XC91cGxvYWRzXC8yMDIwXC8wNVwvY2FydGUtY2FkZWF1Mi5qcGVnIn0%3D\">\n\t\t\t\t\t\t\t<img decoding=\"async\" src=\"http:\/\/www.terresdangely.com\/wp-content\/uploads\/elementor\/thumbs\/carte-cadeau2-opgrs5pxotyxhvuvx6af9bdfa8103kinsyrsgogx3o.jpeg\" title=\"carte cadeau2\" alt=\"carte cadeau2\" loading=\"lazy\" \/>\t\t\t\t\t\t\t\t<\/a>\n\t\t\t\t\t\t\t\t\t\t\t\t\t\t\t<\/div>\n\t\t\t\t<\/div>\n\t\t\t\t\t<\/div>\n\t\t<\/div>\n\t\t\t\t\t<\/div>\n\t\t<\/section>\n\t\t\t\t<\/div>","protected":false},"excerpt":{"rendered":"<p>carte cadeau2carte cadeau2<\/p>","protected":false},"author":1,"featured_media":0,"parent":0,"menu_order":0,"comment_status":"closed","ping_status":"open","template":"","meta":{"footnotes":""},"class_list":["post-1744","page","type-page","status-publish","hentry"],"yoast_head":"<!-- This site is optimized with the Yoast SEO plugin v27.3 - https:\/\/yoast.com\/product\/yoast-seo-wordpress\/ -->\n<title>Cours de poterie. Initiation \u00e0 la c\u00e9ramique : tournage, modelage...<\/title>\n<meta name=\"description\" content=\"Cours de poterie. Initiation \u00e0 la c\u00e9ramique : tournage, modelage, estampage, \u00e9maillage, d\u00e9cors sur cru, sur cuit, engobe, gr\u00e8s et fa\u00efence\" \/>\n<meta name=\"robots\" content=\"index, follow, max-snippet:-1, max-image-preview:large, max-video-preview:-1\" \/>\n<link rel=\"canonical\" href=\"http:\/\/www.terresdangely.com\/en\/cours-de-poterie-2\/\" \/>\n<meta property=\"og:locale\" content=\"en_GB\" \/>\n<meta property=\"og:locale:alternate\" content=\"fr_FR\" \/>\n<meta property=\"og:type\" content=\"article\" \/>\n<meta property=\"og:title\" content=\"Cours de poterie. Initiation \u00e0 la c\u00e9ramique : tournage, modelage...\" \/>\n<meta property=\"og:description\" content=\"Cours de poterie. Initiation \u00e0 la c\u00e9ramique : tournage, modelage, estampage, \u00e9maillage, d\u00e9cors sur cru, sur cuit, engobe, gr\u00e8s et fa\u00efence\" \/>\n<meta property=\"og:url\" content=\"http:\/\/www.terresdangely.com\/en\/cours-de-poterie-2\/\" \/>\n<meta property=\"og:site_name\" content=\"Terres d&#039;Ang\u00e9ly\" \/>\n<meta property=\"article:modified_time\" content=\"2025-08-20T10:24:56+00:00\" \/>\n<meta property=\"og:image\" content=\"http:\/\/www.terresdangely.com\/wp-content\/uploads\/elementor\/thumbs\/carte-cadeau2-opgrs5pxotyxhvuvx6af9bdfa8103kinsyrsgogx3o.jpeg\" \/>\n<meta name=\"twitter:card\" content=\"summary_large_image\" \/>\n<meta name=\"twitter:label1\" content=\"Estimated reading time\" \/>\n\t<meta name=\"twitter:data1\" content=\"1 minute\" \/>\n<script type=\"application\/ld+json\" class=\"yoast-schema-graph\">{\"@context\":\"https:\\\/\\\/schema.org\",\"@graph\":[{\"@type\":\"WebPage\",\"@id\":\"http:\\\/\\\/www.terresdangely.com\\\/fr\\\/cours-de-poterie-2\\\/\",\"url\":\"http:\\\/\\\/www.terresdangely.com\\\/fr\\\/cours-de-poterie-2\\\/\",\"name\":\"Cours de poterie. Initiation \u00e0 la c\u00e9ramique : tournage, modelage...\",\"isPartOf\":{\"@id\":\"http:\\\/\\\/www.terresdangely.com\\\/#website\"},\"primaryImageOfPage\":{\"@id\":\"http:\\\/\\\/www.terresdangely.com\\\/fr\\\/cours-de-poterie-2\\\/#primaryimage\"},\"image\":{\"@id\":\"http:\\\/\\\/www.terresdangely.com\\\/fr\\\/cours-de-poterie-2\\\/#primaryimage\"},\"thumbnailUrl\":\"http:\\\/\\\/www.terresdangely.com\\\/wp-content\\\/uploads\\\/elementor\\\/thumbs\\\/carte-cadeau2-opgrs5pxotyxhvuvx6af9bdfa8103kinsyrsgogx3o.jpeg\",\"datePublished\":\"2020-04-08T14:17:55+00:00\",\"dateModified\":\"2025-08-20T10:24:56+00:00\",\"description\":\"Cours de poterie. Initiation \u00e0 la c\u00e9ramique : tournage, modelage, estampage, \u00e9maillage, d\u00e9cors sur cru, sur cuit, engobe, gr\u00e8s et fa\u00efence\",\"breadcrumb\":{\"@id\":\"http:\\\/\\\/www.terresdangely.com\\\/fr\\\/cours-de-poterie-2\\\/#breadcrumb\"},\"inLanguage\":\"en-GB\",\"potentialAction\":[{\"@type\":\"ReadAction\",\"target\":[\"http:\\\/\\\/www.terresdangely.com\\\/fr\\\/cours-de-poterie-2\\\/\"]}]},{\"@type\":\"ImageObject\",\"inLanguage\":\"en-GB\",\"@id\":\"http:\\\/\\\/www.terresdangely.com\\\/fr\\\/cours-de-poterie-2\\\/#primaryimage\",\"url\":\"http:\\\/\\\/www.terresdangely.com\\\/wp-content\\\/uploads\\\/elementor\\\/thumbs\\\/carte-cadeau2-opgrs5pxotyxhvuvx6af9bdfa8103kinsyrsgogx3o.jpeg\",\"contentUrl\":\"http:\\\/\\\/www.terresdangely.com\\\/wp-content\\\/uploads\\\/elementor\\\/thumbs\\\/carte-cadeau2-opgrs5pxotyxhvuvx6af9bdfa8103kinsyrsgogx3o.jpeg\"},{\"@type\":\"BreadcrumbList\",\"@id\":\"http:\\\/\\\/www.terresdangely.com\\\/fr\\\/cours-de-poterie-2\\\/#breadcrumb\",\"itemListElement\":[{\"@type\":\"ListItem\",\"position\":1,\"name\":\"Accueil\",\"item\":\"http:\\\/\\\/www.terresdangely.com\\\/fr\\\/\"},{\"@type\":\"ListItem\",\"position\":2,\"name\":\"Cours\"}]},{\"@type\":\"WebSite\",\"@id\":\"http:\\\/\\\/www.terresdangely.com\\\/#website\",\"url\":\"http:\\\/\\\/www.terresdangely.com\\\/\",\"name\":\"Terres d'Ang\u00e9ly\",\"description\":\"C\u00e9ramique artisanale\",\"publisher\":{\"@id\":\"http:\\\/\\\/www.terresdangely.com\\\/#organization\"},\"potentialAction\":[{\"@type\":\"SearchAction\",\"target\":{\"@type\":\"EntryPoint\",\"urlTemplate\":\"http:\\\/\\\/www.terresdangely.com\\\/?s={search_term_string}\"},\"query-input\":{\"@type\":\"PropertyValueSpecification\",\"valueRequired\":true,\"valueName\":\"search_term_string\"}}],\"inLanguage\":\"en-GB\"},{\"@type\":\"Organization\",\"@id\":\"http:\\\/\\\/www.terresdangely.com\\\/#organization\",\"name\":\"Terres d'Ang\u00e9ly\",\"url\":\"http:\\\/\\\/www.terresdangely.com\\\/\",\"logo\":{\"@type\":\"ImageObject\",\"inLanguage\":\"en-GB\",\"@id\":\"http:\\\/\\\/www.terresdangely.com\\\/#\\\/schema\\\/logo\\\/image\\\/\",\"url\":\"http:\\\/\\\/www.terresdangely.com\\\/wp-content\\\/uploads\\\/2019\\\/04\\\/Logo-Terres-dAngely-site.png\",\"contentUrl\":\"http:\\\/\\\/www.terresdangely.com\\\/wp-content\\\/uploads\\\/2019\\\/04\\\/Logo-Terres-dAngely-site.png\",\"width\":150,\"height\":149,\"caption\":\"Terres d'Ang\u00e9ly\"},\"image\":{\"@id\":\"http:\\\/\\\/www.terresdangely.com\\\/#\\\/schema\\\/logo\\\/image\\\/\"}}]}<\/script>\n<!-- \/ Yoast SEO plugin. -->","yoast_head_json":{"title":"Cours de poterie. Initiation \u00e0 la c\u00e9ramique : tournage, modelage...","description":"Cours de poterie. Initiation \u00e0 la c\u00e9ramique : tournage, modelage, estampage, \u00e9maillage, d\u00e9cors sur cru, sur cuit, engobe, gr\u00e8s et fa\u00efence","robots":{"index":"index","follow":"follow","max-snippet":"max-snippet:-1","max-image-preview":"max-image-preview:large","max-video-preview":"max-video-preview:-1"},"canonical":"http:\/\/www.terresdangely.com\/en\/cours-de-poterie-2\/","og_locale":"en_GB","og_type":"article","og_title":"Cours de poterie. Initiation \u00e0 la c\u00e9ramique : tournage, modelage...","og_description":"Cours de poterie. Initiation \u00e0 la c\u00e9ramique : tournage, modelage, estampage, \u00e9maillage, d\u00e9cors sur cru, sur cuit, engobe, gr\u00e8s et fa\u00efence","og_url":"http:\/\/www.terresdangely.com\/en\/cours-de-poterie-2\/","og_site_name":"Terres d'Ang\u00e9ly","article_modified_time":"2025-08-20T10:24:56+00:00","og_image":[{"url":"http:\/\/www.terresdangely.com\/wp-content\/uploads\/elementor\/thumbs\/carte-cadeau2-opgrs5pxotyxhvuvx6af9bdfa8103kinsyrsgogx3o.jpeg","type":"","width":"","height":""}],"twitter_card":"summary_large_image","twitter_misc":{"Estimated reading time":"1 minute"},"schema":{"@context":"https:\/\/schema.org","@graph":[{"@type":"WebPage","@id":"http:\/\/www.terresdangely.com\/fr\/cours-de-poterie-2\/","url":"http:\/\/www.terresdangely.com\/fr\/cours-de-poterie-2\/","name":"Cours de poterie. Initiation \u00e0 la c\u00e9ramique : tournage, modelage...","isPartOf":{"@id":"http:\/\/www.terresdangely.com\/#website"},"primaryImageOfPage":{"@id":"http:\/\/www.terresdangely.com\/fr\/cours-de-poterie-2\/#primaryimage"},"image":{"@id":"http:\/\/www.terresdangely.com\/fr\/cours-de-poterie-2\/#primaryimage"},"thumbnailUrl":"http:\/\/www.terresdangely.com\/wp-content\/uploads\/elementor\/thumbs\/carte-cadeau2-opgrs5pxotyxhvuvx6af9bdfa8103kinsyrsgogx3o.jpeg","datePublished":"2020-04-08T14:17:55+00:00","dateModified":"2025-08-20T10:24:56+00:00","description":"Cours de poterie. Initiation \u00e0 la c\u00e9ramique : tournage, modelage, estampage, \u00e9maillage, d\u00e9cors sur cru, sur cuit, engobe, gr\u00e8s et fa\u00efence","breadcrumb":{"@id":"http:\/\/www.terresdangely.com\/fr\/cours-de-poterie-2\/#breadcrumb"},"inLanguage":"en-GB","potentialAction":[{"@type":"ReadAction","target":["http:\/\/www.terresdangely.com\/fr\/cours-de-poterie-2\/"]}]},{"@type":"ImageObject","inLanguage":"en-GB","@id":"http:\/\/www.terresdangely.com\/fr\/cours-de-poterie-2\/#primaryimage","url":"http:\/\/www.terresdangely.com\/wp-content\/uploads\/elementor\/thumbs\/carte-cadeau2-opgrs5pxotyxhvuvx6af9bdfa8103kinsyrsgogx3o.jpeg","contentUrl":"http:\/\/www.terresdangely.com\/wp-content\/uploads\/elementor\/thumbs\/carte-cadeau2-opgrs5pxotyxhvuvx6af9bdfa8103kinsyrsgogx3o.jpeg"},{"@type":"BreadcrumbList","@id":"http:\/\/www.terresdangely.com\/fr\/cours-de-poterie-2\/#breadcrumb","itemListElement":[{"@type":"ListItem","position":1,"name":"Accueil","item":"http:\/\/www.terresdangely.com\/fr\/"},{"@type":"ListItem","position":2,"name":"Cours"}]},{"@type":"WebSite","@id":"http:\/\/www.terresdangely.com\/#website","url":"http:\/\/www.terresdangely.com\/","name":"Terres d'Ang\u00e9ly","description":"C\u00e9ramique artisanale","publisher":{"@id":"http:\/\/www.terresdangely.com\/#organization"},"potentialAction":[{"@type":"SearchAction","target":{"@type":"EntryPoint","urlTemplate":"http:\/\/www.terresdangely.com\/?s={search_term_string}"},"query-input":{"@type":"PropertyValueSpecification","valueRequired":true,"valueName":"search_term_string"}}],"inLanguage":"en-GB"},{"@type":"Organization","@id":"http:\/\/www.terresdangely.com\/#organization","name":"Terres d'Ang\u00e9ly","url":"http:\/\/www.terresdangely.com\/","logo":{"@type":"ImageObject","inLanguage":"en-GB","@id":"http:\/\/www.terresdangely.com\/#\/schema\/logo\/image\/","url":"http:\/\/www.terresdangely.com\/wp-content\/uploads\/2019\/04\/Logo-Terres-dAngely-site.png","contentUrl":"http:\/\/www.terresdangely.com\/wp-content\/uploads\/2019\/04\/Logo-Terres-dAngely-site.png","width":150,"height":149,"caption":"Terres d'Ang\u00e9ly"},"image":{"@id":"http:\/\/www.terresdangely.com\/#\/schema\/logo\/image\/"}}]}},"_links":{"self":[{"href":"http:\/\/www.terresdangely.com\/en\/wp-json\/wp\/v2\/pages\/1744","targetHints":{"allow":["GET"]}}],"collection":[{"href":"http:\/\/www.terresdangely.com\/en\/wp-json\/wp\/v2\/pages"}],"about":[{"href":"http:\/\/www.terresdangely.com\/en\/wp-json\/wp\/v2\/types\/page"}],"author":[{"embeddable":true,"href":"http:\/\/www.terresdangely.com\/en\/wp-json\/wp\/v2\/users\/1"}],"replies":[{"embeddable":true,"href":"http:\/\/www.terresdangely.com\/en\/wp-json\/wp\/v2\/comments?post=1744"}],"version-history":[{"count":101,"href":"http:\/\/www.terresdangely.com\/en\/wp-json\/wp\/v2\/pages\/1744\/revisions"}],"predecessor-version":[{"id":3769,"href":"http:\/\/www.terresdangely.com\/en\/wp-json\/wp\/v2\/pages\/1744\/revisions\/3769"}],"wp:attachment":[{"href":"http:\/\/www.terresdangely.com\/en\/wp-json\/wp\/v2\/media?parent=1744"}],"curies":[{"name":"wp","href":"https:\/\/api.w.org\/{rel}","templated":true}]}}