{"id":2367,"date":"2022-01-13T16:22:40","date_gmt":"2022-01-13T15:22:40","guid":{"rendered":"http:\/\/www.terresdangely.com\/fr\/?page_id=2367"},"modified":"2025-05-22T12:26:41","modified_gmt":"2025-05-22T10:26:41","slug":"buste","status":"publish","type":"page","link":"http:\/\/www.terresdangely.com\/en\/buste\/","title":{"rendered":"Porcelain bust and mask"},"content":{"rendered":"<div data-elementor-type=\"wp-post\" data-elementor-id=\"2367\" class=\"elementor elementor-2367\">\n\t\t\t\t\t\t<section class=\"elementor-section elementor-top-section elementor-element elementor-element-a7d984e elementor-section-boxed elementor-section-height-default elementor-section-height-default\" data-id=\"a7d984e\" data-element_type=\"section\" data-e-type=\"section\">\n\t\t\t\t\t\t<div class=\"elementor-container elementor-column-gap-default\">\n\t\t\t\t\t<div class=\"elementor-column elementor-col-100 elementor-top-column elementor-element elementor-element-7945328\" data-id=\"7945328\" data-element_type=\"column\" data-e-type=\"column\">\n\t\t\t<div class=\"elementor-widget-wrap elementor-element-populated\">\n\t\t\t\t\t\t<div class=\"elementor-element elementor-element-6032e57 elementor-widget elementor-widget-heading\" data-id=\"6032e57\" data-element_type=\"widget\" data-e-type=\"widget\" data-widget_type=\"heading.default\">\n\t\t\t\t<div class=\"elementor-widget-container\">\n\t\t\t\t\t<h1 class=\"elementor-heading-title elementor-size-default\">The atypical<\/h1>\t\t\t\t<\/div>\n\t\t\t\t<\/div>\n\t\t\t\t<div class=\"elementor-element elementor-element-0a408d3 elementor-widget elementor-widget-text-editor\" data-id=\"0a408d3\" data-element_type=\"widget\" data-e-type=\"widget\" data-widget_type=\"text-editor.default\">\n\t\t\t\t<div class=\"elementor-widget-container\">\n\t\t\t\t\t\t\t\t\t<p>The Sisters, atypical porcelain busts. These busts are after a long period of introspection, simple and benevolent.<\/p>\t\t\t\t\t\t\t\t<\/div>\n\t\t\t\t<\/div>\n\t\t\t\t\t<\/div>\n\t\t<\/div>\n\t\t\t\t\t<\/div>\n\t\t<\/section>\n\t\t\t\t<section class=\"elementor-section elementor-top-section elementor-element elementor-element-b30511a elementor-section-boxed elementor-section-height-default elementor-section-height-default\" data-id=\"b30511a\" data-element_type=\"section\" data-e-type=\"section\">\n\t\t\t\t\t\t<div class=\"elementor-container elementor-column-gap-default\">\n\t\t\t\t\t<div class=\"elementor-column elementor-col-100 elementor-top-column elementor-element elementor-element-5626739\" data-id=\"5626739\" data-element_type=\"column\" data-e-type=\"column\">\n\t\t\t<div class=\"elementor-widget-wrap elementor-element-populated\">\n\t\t\t\t\t\t<div class=\"elementor-element elementor-element-b6f25df elementor-arrows-position-inside elementor-pagination-position-outside elementor-invisible elementor-widget elementor-widget-image-carousel\" data-id=\"b6f25df\" data-element_type=\"widget\" data-e-type=\"widget\" data-settings=\"{&quot;image_spacing_custom&quot;:{&quot;unit&quot;:&quot;px&quot;,&quot;size&quot;:0,&quot;sizes&quot;:[]},&quot;_animation&quot;:&quot;fadeInDown&quot;,&quot;slides_to_show&quot;:&quot;2&quot;,&quot;navigation&quot;:&quot;both&quot;,&quot;autoplay&quot;:&quot;yes&quot;,&quot;pause_on_hover&quot;:&quot;yes&quot;,&quot;pause_on_interaction&quot;:&quot;yes&quot;,&quot;autoplay_speed&quot;:5000,&quot;infinite&quot;:&quot;yes&quot;,&quot;speed&quot;:500,&quot;image_spacing_custom_tablet&quot;:{&quot;unit&quot;:&quot;px&quot;,&quot;size&quot;:&quot;&quot;,&quot;sizes&quot;:[]},&quot;image_spacing_custom_mobile&quot;:{&quot;unit&quot;:&quot;px&quot;,&quot;size&quot;:&quot;&quot;,&quot;sizes&quot;:[]}}\" data-widget_type=\"image-carousel.default\">\n\t\t\t\t<div class=\"elementor-widget-container\">\n\t\t\t\t\t\t\t<div class=\"elementor-image-carousel-wrapper swiper\" role=\"region\" aria-roledescription=\"carousel\" aria-label=\"Image Carousel\" dir=\"ltr\">\n\t\t\t<div class=\"elementor-image-carousel swiper-wrapper\" aria-live=\"off\">\n\t\t\t\t\t\t\t\t<div class=\"swiper-slide\" role=\"group\" aria-roledescription=\"slide\" aria-label=\"1 of 2\" data-no-translation-aria-label=\"\"><a data-elementor-open-lightbox=\"yes\" data-elementor-lightbox-slideshow=\"b6f25df\" data-elementor-lightbox-title=\"Bustes Sister\" data-e-action-hash=\"#elementor-action%3Aaction%3Dlightbox%26settings%3DeyJpZCI6MjU1MSwidXJsIjoiaHR0cDpcL1wvd3d3LnRlcnJlc2RhbmdlbHkuY29tXC93cC1jb250ZW50XC91cGxvYWRzXC8yMDIyXC8wOFwvRFNDXzAwNTUtc2NhbGVkLWUxNjYxNzYwMzA0MzkyLmpwZyIsInNsaWRlc2hvdyI6ImI2ZjI1ZGYifQ%3D%3D\" href=\"http:\/\/www.terresdangely.com\/wp-content\/uploads\/2022\/08\/DSC_0055-scaled-e1661760304392.jpg\"><figure class=\"swiper-slide-inner\"><img decoding=\"async\" class=\"swiper-slide-image\" src=\"http:\/\/www.terresdangely.com\/wp-content\/uploads\/elementor\/thumbs\/DSC_0055-scaled-e1661760304392-ptyvhgk0ilr72xtfhz4b2t1wvud7320uw5zyrkuidk.jpg\" alt=\"Buste Sister\" \/><\/figure><\/a><\/div><div class=\"swiper-slide\" role=\"group\" aria-roledescription=\"slide\" aria-label=\"2 of 2\" data-no-translation-aria-label=\"\"><a data-elementor-open-lightbox=\"yes\" data-elementor-lightbox-slideshow=\"b6f25df\" data-elementor-lightbox-title=\"Bustes Sister\" data-e-action-hash=\"#elementor-action%3Aaction%3Dlightbox%26settings%3DeyJpZCI6MjU1MywidXJsIjoiaHR0cDpcL1wvd3d3LnRlcnJlc2RhbmdlbHkuY29tXC93cC1jb250ZW50XC91cGxvYWRzXC8yMDIyXC8wOFwvRFNDXzAwNTgtc2NhbGVkLWUxNjYxNzYwNDg0NjEyLmpwZyIsInNsaWRlc2hvdyI6ImI2ZjI1ZGYifQ%3D%3D\" href=\"http:\/\/www.terresdangely.com\/wp-content\/uploads\/2022\/08\/DSC_0058-scaled-e1661760484612.jpg\"><figure class=\"swiper-slide-inner\"><img decoding=\"async\" class=\"swiper-slide-image\" src=\"http:\/\/www.terresdangely.com\/wp-content\/uploads\/elementor\/thumbs\/DSC_0058-scaled-e1661760484612-ptyvm5qyos6t4qzo2095jmcvt779kkojjffd5dvn9k.jpg\" alt=\"Bustes Sister\" \/><\/figure><\/a><\/div>\t\t\t<\/div>\n\t\t\t\t\t\t\t\t\t\t\t\t<div class=\"elementor-swiper-button elementor-swiper-button-prev\" role=\"button\" tabindex=\"0\">\n\t\t\t\t\t\t<i aria-hidden=\"true\" class=\"eicon-chevron-left\"><\/i>\t\t\t\t\t<\/div>\n\t\t\t\t\t<div class=\"elementor-swiper-button elementor-swiper-button-next\" role=\"button\" tabindex=\"0\">\n\t\t\t\t\t\t<i aria-hidden=\"true\" class=\"eicon-chevron-right\"><\/i>\t\t\t\t\t<\/div>\n\t\t\t\t\n\t\t\t\t\t\t\t\t\t<div class=\"swiper-pagination\"><\/div>\n\t\t\t\t\t\t\t\t\t<\/div>\n\t\t\t\t\t\t<\/div>\n\t\t\t\t<\/div>\n\t\t\t\t\t<\/div>\n\t\t<\/div>\n\t\t\t\t\t<\/div>\n\t\t<\/section>\n\t\t\t\t<\/div>","protected":false},"excerpt":{"rendered":"<p>Bustes SisterBustes SisterBustes SisterBustes Sister<\/p>","protected":false},"author":1,"featured_media":0,"parent":0,"menu_order":0,"comment_status":"closed","ping_status":"closed","template":"","meta":{"footnotes":""},"class_list":["post-2367","page","type-page","status-publish","hentry"],"yoast_head":"<!-- This site is optimized with the Yoast SEO plugin v27.4 - https:\/\/yoast.com\/product\/yoast-seo-wordpress\/ -->\n<title>buste sister - atelier de c\u00e9ramique-Charente Maritime<\/title>\n<meta name=\"description\" content=\"Buste sculpture. Atelier de c\u00e9ramique contemporaine d&#039;Isabelle Nadeau en Charente Maritime. C\u00e9ramiques contemporaines fabriqu\u00e9es \u00e0 la main.\" \/>\n<meta name=\"robots\" content=\"index, follow, max-snippet:-1, max-image-preview:large, max-video-preview:-1\" \/>\n<link rel=\"canonical\" href=\"http:\/\/www.terresdangely.com\/en\/buste\/\" \/>\n<meta property=\"og:locale\" content=\"en_GB\" \/>\n<meta property=\"og:locale:alternate\" content=\"fr_FR\" \/>\n<meta property=\"og:type\" content=\"article\" \/>\n<meta property=\"og:title\" content=\"buste sister - atelier de c\u00e9ramique-Charente Maritime\" \/>\n<meta property=\"og:description\" content=\"Buste sculpture. Atelier de c\u00e9ramique contemporaine d&#039;Isabelle Nadeau en Charente Maritime. C\u00e9ramiques contemporaines fabriqu\u00e9es \u00e0 la main.\" \/>\n<meta property=\"og:url\" content=\"http:\/\/www.terresdangely.com\/en\/buste\/\" \/>\n<meta property=\"og:site_name\" content=\"Terres d&#039;Ang\u00e9ly\" \/>\n<meta property=\"article:modified_time\" content=\"2025-05-22T10:26:41+00:00\" \/>\n<meta name=\"twitter:card\" content=\"summary_large_image\" \/>\n<meta name=\"twitter:label1\" content=\"Estimated reading time\" \/>\n\t<meta name=\"twitter:data1\" content=\"1 minute\" \/>\n<script type=\"application\/ld+json\" class=\"yoast-schema-graph\">{\"@context\":\"https:\\\/\\\/schema.org\",\"@graph\":[{\"@type\":\"WebPage\",\"@id\":\"http:\\\/\\\/www.terresdangely.com\\\/fr\\\/buste\\\/\",\"url\":\"http:\\\/\\\/www.terresdangely.com\\\/fr\\\/buste\\\/\",\"name\":\"buste sister - atelier de c\u00e9ramique-Charente Maritime\",\"isPartOf\":{\"@id\":\"http:\\\/\\\/www.terresdangely.com\\\/#website\"},\"datePublished\":\"2022-01-13T15:22:40+00:00\",\"dateModified\":\"2025-05-22T10:26:41+00:00\",\"description\":\"Buste sculpture. Atelier de c\u00e9ramique contemporaine d'Isabelle Nadeau en Charente Maritime. C\u00e9ramiques contemporaines fabriqu\u00e9es \u00e0 la main.\",\"breadcrumb\":{\"@id\":\"http:\\\/\\\/www.terresdangely.com\\\/fr\\\/buste\\\/#breadcrumb\"},\"inLanguage\":\"en-GB\",\"potentialAction\":[{\"@type\":\"ReadAction\",\"target\":[\"http:\\\/\\\/www.terresdangely.com\\\/fr\\\/buste\\\/\"]}]},{\"@type\":\"BreadcrumbList\",\"@id\":\"http:\\\/\\\/www.terresdangely.com\\\/fr\\\/buste\\\/#breadcrumb\",\"itemListElement\":[{\"@type\":\"ListItem\",\"position\":1,\"name\":\"Accueil\",\"item\":\"http:\\\/\\\/www.terresdangely.com\\\/fr\\\/\"},{\"@type\":\"ListItem\",\"position\":2,\"name\":\"Bustes et masques Porcelaine\"}]},{\"@type\":\"WebSite\",\"@id\":\"http:\\\/\\\/www.terresdangely.com\\\/#website\",\"url\":\"http:\\\/\\\/www.terresdangely.com\\\/\",\"name\":\"Terres d'Ang\u00e9ly\",\"description\":\"C\u00e9ramique artisanale\",\"publisher\":{\"@id\":\"http:\\\/\\\/www.terresdangely.com\\\/#organization\"},\"potentialAction\":[{\"@type\":\"SearchAction\",\"target\":{\"@type\":\"EntryPoint\",\"urlTemplate\":\"http:\\\/\\\/www.terresdangely.com\\\/?s={search_term_string}\"},\"query-input\":{\"@type\":\"PropertyValueSpecification\",\"valueRequired\":true,\"valueName\":\"search_term_string\"}}],\"inLanguage\":\"en-GB\"},{\"@type\":\"Organization\",\"@id\":\"http:\\\/\\\/www.terresdangely.com\\\/#organization\",\"name\":\"Terres d'Ang\u00e9ly\",\"url\":\"http:\\\/\\\/www.terresdangely.com\\\/\",\"logo\":{\"@type\":\"ImageObject\",\"inLanguage\":\"en-GB\",\"@id\":\"http:\\\/\\\/www.terresdangely.com\\\/#\\\/schema\\\/logo\\\/image\\\/\",\"url\":\"http:\\\/\\\/www.terresdangely.com\\\/wp-content\\\/uploads\\\/2019\\\/04\\\/Logo-Terres-dAngely-site.png\",\"contentUrl\":\"http:\\\/\\\/www.terresdangely.com\\\/wp-content\\\/uploads\\\/2019\\\/04\\\/Logo-Terres-dAngely-site.png\",\"width\":150,\"height\":149,\"caption\":\"Terres d'Ang\u00e9ly\"},\"image\":{\"@id\":\"http:\\\/\\\/www.terresdangely.com\\\/#\\\/schema\\\/logo\\\/image\\\/\"}}]}<\/script>\n<!-- \/ Yoast SEO plugin. -->","yoast_head_json":{"title":"buste sister - atelier de c\u00e9ramique-Charente Maritime","description":"Buste sculpture. Atelier de c\u00e9ramique contemporaine d'Isabelle Nadeau en Charente Maritime. C\u00e9ramiques contemporaines fabriqu\u00e9es \u00e0 la main.","robots":{"index":"index","follow":"follow","max-snippet":"max-snippet:-1","max-image-preview":"max-image-preview:large","max-video-preview":"max-video-preview:-1"},"canonical":"http:\/\/www.terresdangely.com\/en\/buste\/","og_locale":"en_GB","og_type":"article","og_title":"[:fr]buste sister - atelier de c\u00e9ramique-Charente Maritime[:]","og_description":"[:fr]Buste sculpture. Atelier de c\u00e9ramique contemporaine d'Isabelle Nadeau en Charente Maritime. C\u00e9ramiques contemporaines fabriqu\u00e9es \u00e0 la main.[:]","og_url":"http:\/\/www.terresdangely.com\/en\/buste\/","og_site_name":"Terres d'Ang\u00e9ly","article_modified_time":"2025-05-22T10:26:41+00:00","twitter_card":"summary_large_image","twitter_misc":{"Estimated reading time":"1 minute"},"schema":{"@context":"https:\/\/schema.org","@graph":[{"@type":"WebPage","@id":"http:\/\/www.terresdangely.com\/fr\/buste\/","url":"http:\/\/www.terresdangely.com\/fr\/buste\/","name":"buste sister - atelier de c\u00e9ramique-Charente Maritime","isPartOf":{"@id":"http:\/\/www.terresdangely.com\/#website"},"datePublished":"2022-01-13T15:22:40+00:00","dateModified":"2025-05-22T10:26:41+00:00","description":"Buste sculpture. Atelier de c\u00e9ramique contemporaine d'Isabelle Nadeau en Charente Maritime. C\u00e9ramiques contemporaines fabriqu\u00e9es \u00e0 la main.","breadcrumb":{"@id":"http:\/\/www.terresdangely.com\/fr\/buste\/#breadcrumb"},"inLanguage":"en-GB","potentialAction":[{"@type":"ReadAction","target":["http:\/\/www.terresdangely.com\/fr\/buste\/"]}]},{"@type":"BreadcrumbList","@id":"http:\/\/www.terresdangely.com\/fr\/buste\/#breadcrumb","itemListElement":[{"@type":"ListItem","position":1,"name":"Accueil","item":"http:\/\/www.terresdangely.com\/fr\/"},{"@type":"ListItem","position":2,"name":"Bustes et masques Porcelaine"}]},{"@type":"WebSite","@id":"http:\/\/www.terresdangely.com\/#website","url":"http:\/\/www.terresdangely.com\/","name":"Terres d'Ang\u00e9ly","description":"C\u00e9ramique artisanale","publisher":{"@id":"http:\/\/www.terresdangely.com\/#organization"},"potentialAction":[{"@type":"SearchAction","target":{"@type":"EntryPoint","urlTemplate":"http:\/\/www.terresdangely.com\/?s={search_term_string}"},"query-input":{"@type":"PropertyValueSpecification","valueRequired":true,"valueName":"search_term_string"}}],"inLanguage":"en-GB"},{"@type":"Organization","@id":"http:\/\/www.terresdangely.com\/#organization","name":"Terres d'Ang\u00e9ly","url":"http:\/\/www.terresdangely.com\/","logo":{"@type":"ImageObject","inLanguage":"en-GB","@id":"http:\/\/www.terresdangely.com\/#\/schema\/logo\/image\/","url":"http:\/\/www.terresdangely.com\/wp-content\/uploads\/2019\/04\/Logo-Terres-dAngely-site.png","contentUrl":"http:\/\/www.terresdangely.com\/wp-content\/uploads\/2019\/04\/Logo-Terres-dAngely-site.png","width":150,"height":149,"caption":"Terres d'Ang\u00e9ly"},"image":{"@id":"http:\/\/www.terresdangely.com\/#\/schema\/logo\/image\/"}}]}},"_links":{"self":[{"href":"http:\/\/www.terresdangely.com\/en\/wp-json\/wp\/v2\/pages\/2367","targetHints":{"allow":["GET"]}}],"collection":[{"href":"http:\/\/www.terresdangely.com\/en\/wp-json\/wp\/v2\/pages"}],"about":[{"href":"http:\/\/www.terresdangely.com\/en\/wp-json\/wp\/v2\/types\/page"}],"author":[{"embeddable":true,"href":"http:\/\/www.terresdangely.com\/en\/wp-json\/wp\/v2\/users\/1"}],"replies":[{"embeddable":true,"href":"http:\/\/www.terresdangely.com\/en\/wp-json\/wp\/v2\/comments?post=2367"}],"version-history":[{"count":24,"href":"http:\/\/www.terresdangely.com\/en\/wp-json\/wp\/v2\/pages\/2367\/revisions"}],"predecessor-version":[{"id":3657,"href":"http:\/\/www.terresdangely.com\/en\/wp-json\/wp\/v2\/pages\/2367\/revisions\/3657"}],"wp:attachment":[{"href":"http:\/\/www.terresdangely.com\/en\/wp-json\/wp\/v2\/media?parent=2367"}],"curies":[{"name":"wp","href":"https:\/\/api.w.org\/{rel}","templated":true}]}}