{"id":370,"date":"2019-04-11T16:42:00","date_gmt":"2019-04-11T14:42:00","guid":{"rendered":"http:\/\/www.formations-web1.com\/wpr6\/?page_id=370"},"modified":"2025-08-20T12:27:18","modified_gmt":"2025-08-20T10:27:18","slug":"cours-hebdomadaires-de-poterie-pour-adultes-tournage-modelage","status":"publish","type":"page","link":"http:\/\/www.terresdangely.com\/en\/cours-hebdomadaires-de-poterie-pour-adultes-tournage-modelage\/","title":{"rendered":"Weekly class"},"content":{"rendered":"<div data-elementor-type=\"wp-post\" data-elementor-id=\"370\" class=\"elementor elementor-370\">\n\t\t\t\t\t\t<section class=\"elementor-section elementor-top-section elementor-element elementor-element-5c9d60a elementor-section-boxed elementor-section-height-default elementor-section-height-default\" data-id=\"5c9d60a\" data-element_type=\"section\" data-e-type=\"section\">\n\t\t\t\t\t\t<div class=\"elementor-container elementor-column-gap-default\">\n\t\t\t\t\t<div class=\"elementor-column elementor-col-100 elementor-top-column elementor-element elementor-element-2e866a9\" data-id=\"2e866a9\" data-element_type=\"column\" data-e-type=\"column\">\n\t\t\t<div class=\"elementor-widget-wrap elementor-element-populated\">\n\t\t\t\t\t\t<div class=\"elementor-element elementor-element-120f919 elementor-widget elementor-widget-heading\" data-id=\"120f919\" data-element_type=\"widget\" data-e-type=\"widget\" data-widget_type=\"heading.default\">\n\t\t\t\t<div class=\"elementor-widget-container\">\n\t\t\t\t\t<h1 class=\"elementor-heading-title elementor-size-default\">Three classes per week<\/h1>\t\t\t\t<\/div>\n\t\t\t\t<\/div>\n\t\t\t\t<section class=\"elementor-section elementor-inner-section elementor-element elementor-element-7f7f7c9 elementor-section-boxed elementor-section-height-default elementor-section-height-default\" data-id=\"7f7f7c9\" data-element_type=\"section\" data-e-type=\"section\">\n\t\t\t\t\t\t<div class=\"elementor-container elementor-column-gap-default\">\n\t\t\t\t\t<div class=\"elementor-column elementor-col-50 elementor-inner-column elementor-element elementor-element-b4129f2\" data-id=\"b4129f2\" data-element_type=\"column\" data-e-type=\"column\">\n\t\t\t<div class=\"elementor-widget-wrap elementor-element-populated\">\n\t\t\t\t\t\t<div class=\"elementor-element elementor-element-0102308 elementor-widget elementor-widget-image\" data-id=\"0102308\" data-element_type=\"widget\" data-e-type=\"widget\" data-widget_type=\"image.default\">\n\t\t\t\t<div class=\"elementor-widget-container\">\n\t\t\t\t\t\t\t\t\t\t\t\t\t\t\t<img decoding=\"async\" src=\"http:\/\/www.terresdangely.com\/wp-content\/uploads\/elementor\/thumbs\/Cours-de-poterie9longue-o72z30d58lnlqcugza2amj0m7d111h43df9ywndp5s.jpg\" title=\"Cours de poterie9longue\" alt=\"Cours de poterie\" loading=\"lazy\" \/>\t\t\t\t\t\t\t\t\t\t\t\t\t\t\t<\/div>\n\t\t\t\t<\/div>\n\t\t\t\t\t<\/div>\n\t\t<\/div>\n\t\t\t\t<div class=\"elementor-column elementor-col-50 elementor-inner-column elementor-element elementor-element-6e28c00\" data-id=\"6e28c00\" data-element_type=\"column\" data-e-type=\"column\">\n\t\t\t<div class=\"elementor-widget-wrap elementor-element-populated\">\n\t\t\t\t\t\t<div class=\"elementor-element elementor-element-06fda92 elementor-widget elementor-widget-text-editor\" data-id=\"06fda92\" data-element_type=\"widget\" data-e-type=\"widget\" data-widget_type=\"text-editor.default\">\n\t\t\t\t<div class=\"elementor-widget-container\">\n\t\t\t\t\t\t\t\t\t<p>During the weekly classes, you will practice a range of techniques like throwing, hand building or even Raku firing<\/p><ul><li>Monday evening 5 pm to 7.30 pm<\/li><li><span style=\"font-size: small;\">Thursday evening 7 pm to 9.30 pm<\/span><\/li><li><span style=\"font-size: small;\"> Saturday morning 9.30 am to 12 am <\/span><\/li><\/ul><p><span style=\"font-size: small;\"><strong>D\u00e9marrage des cours lundi 29 septembre<\/strong><\/span><\/p><p><span style=\"font-size: small;\">Prix\u00a0 : 475 \u20ac \u00e0 l\u2019ann\u00e9e pour 25 cours hors p\u00e9riode scolaire (groupe de 5 \u00e0 6 personnes)<\/span><\/p><p><span style=\"font-size: small;\"><span style=\"font-size: xx-small;\">(Cost of firing: depending on the clay between 1 and 3\u20ac\/kg of fired clay)<\/span><\/span><\/p>\t\t\t\t\t\t\t\t<\/div>\n\t\t\t\t<\/div>\n\t\t\t\t\t<\/div>\n\t\t<\/div>\n\t\t\t\t\t<\/div>\n\t\t<\/section>\n\t\t\t\t<div class=\"elementor-element elementor-element-129a248 elementor-widget elementor-widget-accordion\" data-id=\"129a248\" data-element_type=\"widget\" data-e-type=\"widget\" data-widget_type=\"accordion.default\">\n\t\t\t\t<div class=\"elementor-widget-container\">\n\t\t\t\t\t\t\t<div class=\"elementor-accordion\">\n\t\t\t\t\t\t\t<div class=\"elementor-accordion-item\">\n\t\t\t\t\t<div id=\"elementor-tab-title-1951\" class=\"elementor-tab-title\" data-tab=\"1\" role=\"button\" aria-controls=\"elementor-tab-content-1951\" aria-expanded=\"false\">\n\t\t\t\t\t\t\t\t\t\t\t\t\t<span class=\"elementor-accordion-icon elementor-accordion-icon-left\" aria-hidden=\"true\">\n\t\t\t\t\t\t\t\t\t\t\t\t\t\t\t<span class=\"elementor-accordion-icon-closed\"><i class=\"fas fa-plus\"><\/i><\/span>\n\t\t\t\t\t\t\t\t<span class=\"elementor-accordion-icon-opened\"><i class=\"fas fa-minus\"><\/i><\/span>\n\t\t\t\t\t\t\t\t\t\t\t\t\t\t<\/span>\n\t\t\t\t\t\t\t\t\t\t\t\t<a class=\"elementor-accordion-title\" tabindex=\"0\">Clay building<\/a>\n\t\t\t\t\t<\/div>\n\t\t\t\t\t<div id=\"elementor-tab-content-1951\" class=\"elementor-tab-content elementor-clearfix\" data-tab=\"1\" role=\"region\" aria-labelledby=\"elementor-tab-title-1951\"><ul><li>initiation to throwing clay : centering the clay, make it bigger. Learning the 8 basic forms. Starting with a weight of 500 g and progressive increase.<\/li><li>trimming part, fixing spout and handles.<\/li><li>initiation to hand building : coil building and slab building.<\/li><\/ul><\/div>\n\t\t\t\t<\/div>\n\t\t\t\t\t\t\t<div class=\"elementor-accordion-item\">\n\t\t\t\t\t<div id=\"elementor-tab-title-1952\" class=\"elementor-tab-title\" data-tab=\"2\" role=\"button\" aria-controls=\"elementor-tab-content-1952\" aria-expanded=\"false\">\n\t\t\t\t\t\t\t\t\t\t\t\t\t<span class=\"elementor-accordion-icon elementor-accordion-icon-left\" aria-hidden=\"true\">\n\t\t\t\t\t\t\t\t\t\t\t\t\t\t\t<span class=\"elementor-accordion-icon-closed\"><i class=\"fas fa-plus\"><\/i><\/span>\n\t\t\t\t\t\t\t\t<span class=\"elementor-accordion-icon-opened\"><i class=\"fas fa-minus\"><\/i><\/span>\n\t\t\t\t\t\t\t\t\t\t\t\t\t\t<\/span>\n\t\t\t\t\t\t\t\t\t\t\t\t<a class=\"elementor-accordion-title\" tabindex=\"0\">The decoration and glazing<\/a>\n\t\t\t\t\t<\/div>\n\t\t\t\t\t<div id=\"elementor-tab-content-1952\" class=\"elementor-tab-content elementor-clearfix\" data-tab=\"2\" role=\"region\" aria-labelledby=\"elementor-tab-title-1952\"><ul><li>decoration of the pots with slip or oxides juices when the clay is still leather hard<\/li><li>glaze approach : their compositions, firing temperatures, the elaboration of a glaze.<\/li><li>Raku firing at the end of the year.<\/li><\/ul><\/div>\n\t\t\t\t<\/div>\n\t\t\t\t\t\t\t\t<\/div>\n\t\t\t\t\t\t<\/div>\n\t\t\t\t<\/div>\n\t\t\t\t\t<\/div>\n\t\t<\/div>\n\t\t\t\t\t<\/div>\n\t\t<\/section>\n\t\t\t\t<\/div>","protected":false},"excerpt":{"rendered":"<p>TROIS cours par semaine Pendant les cours hebdomadaires, vous pourrez aborder un ensemble de pratiques allant du tournage au modelage et \u00e0 la cuisson Raku le lundi soir de 17h00 \u00e0 19h30 le jeudi soir de 19H00 \u00e0 21H30 le samedi matin de 9H30 \u00e0 12H00 D\u00e9marrage des cours lundi 29 septembre Prix\u00a0 : 475 <a class=\"read-more\" href=\"http:\/\/www.terresdangely.com\/en\/cours-hebdomadaires-de-poterie-pour-adultes-tournage-modelage\/\">Read More<\/a><\/p>","protected":false},"author":1,"featured_media":0,"parent":0,"menu_order":0,"comment_status":"closed","ping_status":"closed","template":"","meta":{"footnotes":""},"class_list":["post-370","page","type-page","status-publish","hentry"],"yoast_head":"<!-- This site is optimized with the Yoast SEO plugin v27.3 - https:\/\/yoast.com\/product\/yoast-seo-wordpress\/ -->\n<title>Cours hebdomadaires de poterie pour adultes. tournage, modelage...<\/title>\n<meta name=\"description\" content=\"Cours hebdomadaires de poterie pour adultes : tournage, modelage, estampage, d\u00e9cors, \u00e9maillage. Toute l&#039;ann\u00e9e, deux fois par semaine\" \/>\n<meta name=\"robots\" content=\"index, follow, max-snippet:-1, max-image-preview:large, max-video-preview:-1\" \/>\n<link rel=\"canonical\" href=\"http:\/\/www.terresdangely.com\/en\/fr\/cours-hebdomadaires-de-poterie-pour-adultes-tournage-modelage\/\" \/>\n<meta property=\"og:locale\" content=\"en_GB\" \/>\n<meta property=\"og:locale:alternate\" content=\"fr_FR\" \/>\n<meta property=\"og:type\" content=\"article\" \/>\n<meta property=\"og:title\" content=\"Cours hebdomadaires de poterie pour adultes. tournage, modelage...\" \/>\n<meta property=\"og:description\" content=\"Cours hebdomadaires de poterie pour adultes : tournage, modelage, estampage, d\u00e9cors, \u00e9maillage. Toute l&#039;ann\u00e9e, deux fois par semaine\" \/>\n<meta property=\"og:url\" content=\"http:\/\/www.terresdangely.com\/en\/cours-hebdomadaires-de-poterie-pour-adultes-tournage-modelage\/\" \/>\n<meta property=\"og:site_name\" content=\"Terres d&#039;Ang\u00e9ly\" \/>\n<meta property=\"article:modified_time\" content=\"2025-08-20T10:27:18+00:00\" \/>\n<meta property=\"og:image\" content=\"http:\/\/www.terresdangely.com\/wp-content\/uploads\/elementor\/thumbs\/Cours-de-poterie9longue-o72z30d58lnlqcugza2amj0m7d111h43df9ywndp5s.jpg\" \/>\n<meta name=\"twitter:card\" content=\"summary_large_image\" \/>\n<meta name=\"twitter:label1\" content=\"Estimated reading time\" \/>\n\t<meta name=\"twitter:data1\" content=\"2 minutes\" \/>\n<script type=\"application\/ld+json\" class=\"yoast-schema-graph\">{\"@context\":\"https:\\\/\\\/schema.org\",\"@graph\":[{\"@type\":\"WebPage\",\"@id\":\"http:\\\/\\\/www.terresdangely.com\\\/fr\\\/fr\\\/cours-hebdomadaires-de-poterie-pour-adultes-tournage-modelage\\\/\",\"url\":\"http:\\\/\\\/www.terresdangely.com\\\/fr\\\/fr\\\/cours-hebdomadaires-de-poterie-pour-adultes-tournage-modelage\\\/\",\"name\":\"Cours hebdomadaires de poterie pour adultes. tournage, modelage...\",\"isPartOf\":{\"@id\":\"http:\\\/\\\/www.terresdangely.com\\\/#website\"},\"primaryImageOfPage\":{\"@id\":\"http:\\\/\\\/www.terresdangely.com\\\/fr\\\/fr\\\/cours-hebdomadaires-de-poterie-pour-adultes-tournage-modelage\\\/#primaryimage\"},\"image\":{\"@id\":\"http:\\\/\\\/www.terresdangely.com\\\/fr\\\/fr\\\/cours-hebdomadaires-de-poterie-pour-adultes-tournage-modelage\\\/#primaryimage\"},\"thumbnailUrl\":\"http:\\\/\\\/www.terresdangely.com\\\/wp-content\\\/uploads\\\/elementor\\\/thumbs\\\/Cours-de-poterie9longue-o72z30d58lnlqcugza2amj0m7d111h43df9ywndp5s.jpg\",\"datePublished\":\"2019-04-11T14:42:00+00:00\",\"dateModified\":\"2025-08-20T10:27:18+00:00\",\"description\":\"Cours hebdomadaires de poterie pour adultes : tournage, modelage, estampage, d\u00e9cors, \u00e9maillage. Toute l'ann\u00e9e, deux fois par semaine\",\"breadcrumb\":{\"@id\":\"http:\\\/\\\/www.terresdangely.com\\\/fr\\\/fr\\\/cours-hebdomadaires-de-poterie-pour-adultes-tournage-modelage\\\/#breadcrumb\"},\"inLanguage\":\"en-GB\",\"potentialAction\":[{\"@type\":\"ReadAction\",\"target\":[\"http:\\\/\\\/www.terresdangely.com\\\/fr\\\/fr\\\/cours-hebdomadaires-de-poterie-pour-adultes-tournage-modelage\\\/\"]}]},{\"@type\":\"ImageObject\",\"inLanguage\":\"en-GB\",\"@id\":\"http:\\\/\\\/www.terresdangely.com\\\/fr\\\/fr\\\/cours-hebdomadaires-de-poterie-pour-adultes-tournage-modelage\\\/#primaryimage\",\"url\":\"http:\\\/\\\/www.terresdangely.com\\\/wp-content\\\/uploads\\\/elementor\\\/thumbs\\\/Cours-de-poterie9longue-o72z30d58lnlqcugza2amj0m7d111h43df9ywndp5s.jpg\",\"contentUrl\":\"http:\\\/\\\/www.terresdangely.com\\\/wp-content\\\/uploads\\\/elementor\\\/thumbs\\\/Cours-de-poterie9longue-o72z30d58lnlqcugza2amj0m7d111h43df9ywndp5s.jpg\"},{\"@type\":\"BreadcrumbList\",\"@id\":\"http:\\\/\\\/www.terresdangely.com\\\/fr\\\/fr\\\/cours-hebdomadaires-de-poterie-pour-adultes-tournage-modelage\\\/#breadcrumb\",\"itemListElement\":[{\"@type\":\"ListItem\",\"position\":1,\"name\":\"Accueil\",\"item\":\"http:\\\/\\\/www.terresdangely.com\\\/fr\\\/\"},{\"@type\":\"ListItem\",\"position\":2,\"name\":\"Cours hebdo\"}]},{\"@type\":\"WebSite\",\"@id\":\"http:\\\/\\\/www.terresdangely.com\\\/#website\",\"url\":\"http:\\\/\\\/www.terresdangely.com\\\/\",\"name\":\"Terres d'Ang\u00e9ly\",\"description\":\"C\u00e9ramique artisanale\",\"publisher\":{\"@id\":\"http:\\\/\\\/www.terresdangely.com\\\/#organization\"},\"potentialAction\":[{\"@type\":\"SearchAction\",\"target\":{\"@type\":\"EntryPoint\",\"urlTemplate\":\"http:\\\/\\\/www.terresdangely.com\\\/?s={search_term_string}\"},\"query-input\":{\"@type\":\"PropertyValueSpecification\",\"valueRequired\":true,\"valueName\":\"search_term_string\"}}],\"inLanguage\":\"en-GB\"},{\"@type\":\"Organization\",\"@id\":\"http:\\\/\\\/www.terresdangely.com\\\/#organization\",\"name\":\"Terres d'Ang\u00e9ly\",\"url\":\"http:\\\/\\\/www.terresdangely.com\\\/\",\"logo\":{\"@type\":\"ImageObject\",\"inLanguage\":\"en-GB\",\"@id\":\"http:\\\/\\\/www.terresdangely.com\\\/#\\\/schema\\\/logo\\\/image\\\/\",\"url\":\"http:\\\/\\\/www.terresdangely.com\\\/wp-content\\\/uploads\\\/2019\\\/04\\\/Logo-Terres-dAngely-site.png\",\"contentUrl\":\"http:\\\/\\\/www.terresdangely.com\\\/wp-content\\\/uploads\\\/2019\\\/04\\\/Logo-Terres-dAngely-site.png\",\"width\":150,\"height\":149,\"caption\":\"Terres d'Ang\u00e9ly\"},\"image\":{\"@id\":\"http:\\\/\\\/www.terresdangely.com\\\/#\\\/schema\\\/logo\\\/image\\\/\"}}]}<\/script>\n<!-- \/ Yoast SEO plugin. -->","yoast_head_json":{"title":"Cours hebdomadaires de poterie pour adultes. tournage, modelage...","description":"Cours hebdomadaires de poterie pour adultes : tournage, modelage, estampage, d\u00e9cors, \u00e9maillage. Toute l'ann\u00e9e, deux fois par semaine","robots":{"index":"index","follow":"follow","max-snippet":"max-snippet:-1","max-image-preview":"max-image-preview:large","max-video-preview":"max-video-preview:-1"},"canonical":"http:\/\/www.terresdangely.com\/en\/fr\/cours-hebdomadaires-de-poterie-pour-adultes-tournage-modelage\/","og_locale":"en_GB","og_type":"article","og_title":"Cours hebdomadaires de poterie pour adultes. tournage, modelage...","og_description":"Cours hebdomadaires de poterie pour adultes : tournage, modelage, estampage, d\u00e9cors, \u00e9maillage. Toute l'ann\u00e9e, deux fois par semaine","og_url":"http:\/\/www.terresdangely.com\/en\/cours-hebdomadaires-de-poterie-pour-adultes-tournage-modelage\/","og_site_name":"Terres d'Ang\u00e9ly","article_modified_time":"2025-08-20T10:27:18+00:00","og_image":[{"url":"http:\/\/www.terresdangely.com\/wp-content\/uploads\/elementor\/thumbs\/Cours-de-poterie9longue-o72z30d58lnlqcugza2amj0m7d111h43df9ywndp5s.jpg","type":"","width":"","height":""}],"twitter_card":"summary_large_image","twitter_misc":{"Estimated reading time":"2 minutes"},"schema":{"@context":"https:\/\/schema.org","@graph":[{"@type":"WebPage","@id":"http:\/\/www.terresdangely.com\/fr\/fr\/cours-hebdomadaires-de-poterie-pour-adultes-tournage-modelage\/","url":"http:\/\/www.terresdangely.com\/fr\/fr\/cours-hebdomadaires-de-poterie-pour-adultes-tournage-modelage\/","name":"Cours hebdomadaires de poterie pour adultes. tournage, modelage...","isPartOf":{"@id":"http:\/\/www.terresdangely.com\/#website"},"primaryImageOfPage":{"@id":"http:\/\/www.terresdangely.com\/fr\/fr\/cours-hebdomadaires-de-poterie-pour-adultes-tournage-modelage\/#primaryimage"},"image":{"@id":"http:\/\/www.terresdangely.com\/fr\/fr\/cours-hebdomadaires-de-poterie-pour-adultes-tournage-modelage\/#primaryimage"},"thumbnailUrl":"http:\/\/www.terresdangely.com\/wp-content\/uploads\/elementor\/thumbs\/Cours-de-poterie9longue-o72z30d58lnlqcugza2amj0m7d111h43df9ywndp5s.jpg","datePublished":"2019-04-11T14:42:00+00:00","dateModified":"2025-08-20T10:27:18+00:00","description":"Cours hebdomadaires de poterie pour adultes : tournage, modelage, estampage, d\u00e9cors, \u00e9maillage. Toute l'ann\u00e9e, deux fois par semaine","breadcrumb":{"@id":"http:\/\/www.terresdangely.com\/fr\/fr\/cours-hebdomadaires-de-poterie-pour-adultes-tournage-modelage\/#breadcrumb"},"inLanguage":"en-GB","potentialAction":[{"@type":"ReadAction","target":["http:\/\/www.terresdangely.com\/fr\/fr\/cours-hebdomadaires-de-poterie-pour-adultes-tournage-modelage\/"]}]},{"@type":"ImageObject","inLanguage":"en-GB","@id":"http:\/\/www.terresdangely.com\/fr\/fr\/cours-hebdomadaires-de-poterie-pour-adultes-tournage-modelage\/#primaryimage","url":"http:\/\/www.terresdangely.com\/wp-content\/uploads\/elementor\/thumbs\/Cours-de-poterie9longue-o72z30d58lnlqcugza2amj0m7d111h43df9ywndp5s.jpg","contentUrl":"http:\/\/www.terresdangely.com\/wp-content\/uploads\/elementor\/thumbs\/Cours-de-poterie9longue-o72z30d58lnlqcugza2amj0m7d111h43df9ywndp5s.jpg"},{"@type":"BreadcrumbList","@id":"http:\/\/www.terresdangely.com\/fr\/fr\/cours-hebdomadaires-de-poterie-pour-adultes-tournage-modelage\/#breadcrumb","itemListElement":[{"@type":"ListItem","position":1,"name":"Accueil","item":"http:\/\/www.terresdangely.com\/fr\/"},{"@type":"ListItem","position":2,"name":"Cours hebdo"}]},{"@type":"WebSite","@id":"http:\/\/www.terresdangely.com\/#website","url":"http:\/\/www.terresdangely.com\/","name":"Terres d'Ang\u00e9ly","description":"C\u00e9ramique artisanale","publisher":{"@id":"http:\/\/www.terresdangely.com\/#organization"},"potentialAction":[{"@type":"SearchAction","target":{"@type":"EntryPoint","urlTemplate":"http:\/\/www.terresdangely.com\/?s={search_term_string}"},"query-input":{"@type":"PropertyValueSpecification","valueRequired":true,"valueName":"search_term_string"}}],"inLanguage":"en-GB"},{"@type":"Organization","@id":"http:\/\/www.terresdangely.com\/#organization","name":"Terres d'Ang\u00e9ly","url":"http:\/\/www.terresdangely.com\/","logo":{"@type":"ImageObject","inLanguage":"en-GB","@id":"http:\/\/www.terresdangely.com\/#\/schema\/logo\/image\/","url":"http:\/\/www.terresdangely.com\/wp-content\/uploads\/2019\/04\/Logo-Terres-dAngely-site.png","contentUrl":"http:\/\/www.terresdangely.com\/wp-content\/uploads\/2019\/04\/Logo-Terres-dAngely-site.png","width":150,"height":149,"caption":"Terres d'Ang\u00e9ly"},"image":{"@id":"http:\/\/www.terresdangely.com\/#\/schema\/logo\/image\/"}}]}},"_links":{"self":[{"href":"http:\/\/www.terresdangely.com\/en\/wp-json\/wp\/v2\/pages\/370","targetHints":{"allow":["GET"]}}],"collection":[{"href":"http:\/\/www.terresdangely.com\/en\/wp-json\/wp\/v2\/pages"}],"about":[{"href":"http:\/\/www.terresdangely.com\/en\/wp-json\/wp\/v2\/types\/page"}],"author":[{"embeddable":true,"href":"http:\/\/www.terresdangely.com\/en\/wp-json\/wp\/v2\/users\/1"}],"replies":[{"embeddable":true,"href":"http:\/\/www.terresdangely.com\/en\/wp-json\/wp\/v2\/comments?post=370"}],"version-history":[{"count":62,"href":"http:\/\/www.terresdangely.com\/en\/wp-json\/wp\/v2\/pages\/370\/revisions"}],"predecessor-version":[{"id":3772,"href":"http:\/\/www.terresdangely.com\/en\/wp-json\/wp\/v2\/pages\/370\/revisions\/3772"}],"wp:attachment":[{"href":"http:\/\/www.terresdangely.com\/en\/wp-json\/wp\/v2\/media?parent=370"}],"curies":[{"name":"wp","href":"https:\/\/api.w.org\/{rel}","templated":true}]}}