{"id":427,"date":"2019-04-15T10:21:23","date_gmt":"2019-04-15T08:21:23","guid":{"rendered":"http:\/\/www.formations-web1.com\/wpr6\/?page_id=427"},"modified":"2024-06-04T12:20:53","modified_gmt":"2024-06-04T10:20:53","slug":"cours-de-poterie-et-ceramique","status":"publish","type":"page","link":"http:\/\/www.terresdangely.com\/en\/cours-de-poterie-et-ceramique\/","title":{"rendered":"Class \u00e0 la carte"},"content":{"rendered":"<div data-elementor-type=\"wp-post\" data-elementor-id=\"427\" class=\"elementor elementor-427\">\n\t\t\t\t\t\t<section class=\"elementor-section elementor-top-section elementor-element elementor-element-5c9d60a elementor-section-boxed elementor-section-height-default elementor-section-height-default\" data-id=\"5c9d60a\" data-element_type=\"section\" data-e-type=\"section\">\n\t\t\t\t\t\t<div class=\"elementor-container elementor-column-gap-default\">\n\t\t\t\t\t<div class=\"elementor-column elementor-col-100 elementor-top-column elementor-element elementor-element-2e866a9\" data-id=\"2e866a9\" data-element_type=\"column\" data-e-type=\"column\">\n\t\t\t<div class=\"elementor-widget-wrap elementor-element-populated\">\n\t\t\t\t\t\t<div class=\"elementor-element elementor-element-2505fb1 elementor-widget elementor-widget-heading\" data-id=\"2505fb1\" data-element_type=\"widget\" data-e-type=\"widget\" data-widget_type=\"heading.default\">\n\t\t\t\t<div class=\"elementor-widget-container\">\n\t\t\t\t\t<h1 class=\"elementor-heading-title elementor-size-default\">Pottery and ceramic classes<\/h1>\t\t\t\t<\/div>\n\t\t\t\t<\/div>\n\t\t\t\t<section class=\"elementor-section elementor-inner-section elementor-element elementor-element-93c086e elementor-section-boxed elementor-section-height-default elementor-section-height-default\" data-id=\"93c086e\" data-element_type=\"section\" data-e-type=\"section\">\n\t\t\t\t\t\t<div class=\"elementor-container elementor-column-gap-default\">\n\t\t\t\t\t<div class=\"elementor-column elementor-col-50 elementor-inner-column elementor-element elementor-element-9094f51\" data-id=\"9094f51\" data-element_type=\"column\" data-e-type=\"column\">\n\t\t\t<div class=\"elementor-widget-wrap elementor-element-populated\">\n\t\t\t\t\t\t<div class=\"elementor-element elementor-element-ace7cc2 elementor-widget elementor-widget-image\" data-id=\"ace7cc2\" data-element_type=\"widget\" data-e-type=\"widget\" data-widget_type=\"image.default\">\n\t\t\t\t<div class=\"elementor-widget-container\">\n\t\t\t\t\t\t\t\t\t\t\t\t\t\t\t<img decoding=\"async\" src=\"http:\/\/www.terresdangely.com\/wp-content\/uploads\/elementor\/thumbs\/Cours-de-poterie1-1-o72z0alzxji2ybrnbuuz49je44dwuks9i33z9pu45k.jpg\" title=\"Cours de poterie\" alt=\"Cours de poterie\" loading=\"lazy\" \/>\t\t\t\t\t\t\t\t\t\t\t\t\t\t\t<\/div>\n\t\t\t\t<\/div>\n\t\t\t\t\t<\/div>\n\t\t<\/div>\n\t\t\t\t<div class=\"elementor-column elementor-col-50 elementor-inner-column elementor-element elementor-element-b4128f1\" data-id=\"b4128f1\" data-element_type=\"column\" data-e-type=\"column\">\n\t\t\t<div class=\"elementor-widget-wrap elementor-element-populated\">\n\t\t\t\t\t\t<div class=\"elementor-element elementor-element-9430a29 elementor-widget elementor-widget-text-editor\" data-id=\"9430a29\" data-element_type=\"widget\" data-e-type=\"widget\" data-settings=\"{&quot;_animation&quot;:&quot;none&quot;}\" data-widget_type=\"text-editor.default\">\n\t\t\t\t<div class=\"elementor-widget-container\">\n\t\t\t\t\t\t\t\t\t<div class=\"elementor-widget-container\"><h5 class=\"elementor-text-editor elementor-clearfix elementor-inline-editing\" data-elementor-setting-key=\"editor\" data-elementor-inline-editing-toolbar=\"advanced\"><strong>Compose your pottery and ceramics courses :<\/strong><\/h5><div data-elementor-setting-key=\"editor\" data-elementor-inline-editing-toolbar=\"advanced\">\u00a0<\/div><p class=\"elementor-text-editor elementor-clearfix elementor-inline-editing\" data-elementor-setting-key=\"editor\" data-elementor-inline-editing-toolbar=\"advanced\">&#8211;<b> throwing<\/b> for beginners or advanced<\/p><div class=\"elementor-text-editor elementor-clearfix elementor-inline-editing\" data-elementor-setting-key=\"editor\" data-elementor-inline-editing-toolbar=\"advanced\">&#8211; <b>modeling <\/b>of the human body, animals or anything else according to your desires with then possibility to glaze or to apply patinas,<\/div><div data-elementor-setting-key=\"editor\" data-elementor-inline-editing-toolbar=\"advanced\">\u00a0<\/div><div class=\"elementor-text-editor elementor-clearfix elementor-inline-editing\" data-elementor-setting-key=\"editor\" data-elementor-inline-editing-toolbar=\"advanced\">- discovery of the <b>porcelain<\/b> on the will<\/div><div data-elementor-setting-key=\"editor\" data-elementor-inline-editing-toolbar=\"advanced\">\u00a0<\/div><div class=\"elementor-text-editor elementor-clearfix elementor-inline-editing\" data-elementor-setting-key=\"editor\" data-elementor-inline-editing-toolbar=\"advanced\">- learning<b>glazing<\/b> (beginner or advanced with a dive in fusion diagrams according to Daniel de Montmollin),<\/div><div data-elementor-setting-key=\"editor\" data-elementor-inline-editing-toolbar=\"advanced\">\u00a0<\/div><div data-elementor-setting-key=\"editor\" data-elementor-inline-editing-toolbar=\"advanced\">- making <b>paper clay <\/b>and using it as a sheet of paper. Discover its robustness to shaping and its lightness after firing,<\/div><div data-elementor-setting-key=\"editor\" data-elementor-inline-editing-toolbar=\"advanced\">\u00a0<\/div><div data-elementor-setting-key=\"editor\" data-elementor-inline-editing-toolbar=\"advanced\">- the <b>image transfert<\/b> on raw clay before firing with gum Arabic and linseed oil. This technique allows to reproduce photos, drawings in monochromatic with just a printer lazer,<\/div><\/div><div data-elementor-setting-key=\"editor\" data-elementor-inline-editing-toolbar=\"advanced\">\u00a0<\/div><div class=\"elementor-widget-container\"><div class=\"elementor-text-editor elementor-clearfix elementor-inline-editing\" data-elementor-setting-key=\"editor\" data-elementor-inline-editing-toolbar=\"advanced\"><h5>Prices :<\/h5><p>- 1 person 50 \u20ac\/p\/h<br \/>- 2 persons 45 \u20ac\/p\/h<br \/>- 3 persons 40\u20ac\/p\/h<br \/>- 4 persons 35 \u20ac\/p\/h<br \/>- 5 persons and more 30 \u20ac\/p\/h<\/p><\/div><\/div>\t\t\t\t\t\t\t\t<\/div>\n\t\t\t\t<\/div>\n\t\t\t\t\t<\/div>\n\t\t<\/div>\n\t\t\t\t\t<\/div>\n\t\t<\/section>\n\t\t\t\t\t<\/div>\n\t\t<\/div>\n\t\t\t\t\t<\/div>\n\t\t<\/section>\n\t\t\t\t<\/div>","protected":false},"excerpt":{"rendered":"<p>Cours de poterie et c\u00e9ramique Composez vos cours de poterie et c\u00e9ramique sur mesure : \u00a0 &#8211; tournage en initiation ou pour aller plus loin, &#8211; modelage du corps humain, d&rsquo;animaux ou tout autre chose selon vos envies avec ensuite possibilit\u00e9 d&rsquo;\u00e9mailler ou d&rsquo;appliquer des patines,\u00a0&#8211; d\u00e9couverte de la porcelaine sur le tour (toutes les <a class=\"read-more\" href=\"http:\/\/www.terresdangely.com\/en\/cours-de-poterie-et-ceramique\/\">Read More<\/a><\/p>","protected":false},"author":1,"featured_media":0,"parent":0,"menu_order":0,"comment_status":"closed","ping_status":"closed","template":"","meta":{"footnotes":""},"class_list":["post-427","page","type-page","status-publish","hentry"],"yoast_head":"<!-- This site is optimized with the Yoast SEO plugin v27.4 - https:\/\/yoast.com\/product\/yoast-seo-wordpress\/ -->\n<title>Cours de poterie et c\u00e9ramique. Initiation aux gestes de bases.<\/title>\n<meta name=\"description\" content=\"Cours de poterie et c\u00e9ramique \u00e0 la carte. Initiation aux techniques de la c\u00e9ramique : tournage, modelage, colombinage, estampage, \u00e9maillage\" \/>\n<meta name=\"robots\" content=\"index, follow, max-snippet:-1, max-image-preview:large, max-video-preview:-1\" \/>\n<link rel=\"canonical\" href=\"http:\/\/www.terresdangely.com\/en\/cours-de-poterie-et-ceramique\/\" \/>\n<meta property=\"og:locale\" content=\"en_GB\" \/>\n<meta property=\"og:locale:alternate\" content=\"fr_FR\" \/>\n<meta property=\"og:type\" content=\"article\" \/>\n<meta property=\"og:title\" content=\"Cours de poterie et c\u00e9ramique. Initiation aux gestes de bases.\" \/>\n<meta property=\"og:description\" content=\"Cours de poterie et c\u00e9ramique \u00e0 la carte. Initiation aux techniques de la c\u00e9ramique : tournage, modelage, colombinage, estampage, \u00e9maillage\" \/>\n<meta property=\"og:url\" content=\"http:\/\/www.terresdangely.com\/en\/cours-de-poterie-et-ceramique\/\" \/>\n<meta property=\"og:site_name\" content=\"Terres d&#039;Ang\u00e9ly\" \/>\n<meta property=\"article:modified_time\" content=\"2024-06-04T10:20:53+00:00\" \/>\n<meta property=\"og:image\" content=\"http:\/\/www.terresdangely.com\/wp-content\/uploads\/elementor\/thumbs\/Cours-de-poterie1-1-o72z0alzxji2ybrnbuuz49je44dwuks9i33z6erf60.jpg\" \/>\n<meta name=\"twitter:card\" content=\"summary_large_image\" \/>\n<meta name=\"twitter:label1\" content=\"Estimated reading time\" \/>\n\t<meta name=\"twitter:data1\" content=\"2 minutes\" \/>\n<script type=\"application\/ld+json\" class=\"yoast-schema-graph\">{\"@context\":\"https:\\\/\\\/schema.org\",\"@graph\":[{\"@type\":\"WebPage\",\"@id\":\"http:\\\/\\\/www.terresdangely.com\\\/fr\\\/cours-de-poterie-et-ceramique\\\/\",\"url\":\"http:\\\/\\\/www.terresdangely.com\\\/fr\\\/cours-de-poterie-et-ceramique\\\/\",\"name\":\"Cours de poterie et c\u00e9ramique. Initiation aux gestes de bases.\",\"isPartOf\":{\"@id\":\"http:\\\/\\\/www.terresdangely.com\\\/#website\"},\"primaryImageOfPage\":{\"@id\":\"http:\\\/\\\/www.terresdangely.com\\\/fr\\\/cours-de-poterie-et-ceramique\\\/#primaryimage\"},\"image\":{\"@id\":\"http:\\\/\\\/www.terresdangely.com\\\/fr\\\/cours-de-poterie-et-ceramique\\\/#primaryimage\"},\"thumbnailUrl\":\"http:\\\/\\\/www.terresdangely.com\\\/wp-content\\\/uploads\\\/elementor\\\/thumbs\\\/Cours-de-poterie1-1-o72z0alzxji2ybrnbuuz49je44dwuks9i33z6erf60.jpg\",\"datePublished\":\"2019-04-15T08:21:23+00:00\",\"dateModified\":\"2024-06-04T10:20:53+00:00\",\"description\":\"Cours de poterie et c\u00e9ramique \u00e0 la carte. Initiation aux techniques de la c\u00e9ramique : tournage, modelage, colombinage, estampage, \u00e9maillage\",\"breadcrumb\":{\"@id\":\"http:\\\/\\\/www.terresdangely.com\\\/fr\\\/cours-de-poterie-et-ceramique\\\/#breadcrumb\"},\"inLanguage\":\"en-GB\",\"potentialAction\":[{\"@type\":\"ReadAction\",\"target\":[\"http:\\\/\\\/www.terresdangely.com\\\/fr\\\/cours-de-poterie-et-ceramique\\\/\"]}]},{\"@type\":\"ImageObject\",\"inLanguage\":\"en-GB\",\"@id\":\"http:\\\/\\\/www.terresdangely.com\\\/fr\\\/cours-de-poterie-et-ceramique\\\/#primaryimage\",\"url\":\"http:\\\/\\\/www.terresdangely.com\\\/wp-content\\\/uploads\\\/elementor\\\/thumbs\\\/Cours-de-poterie1-1-o72z0alzxji2ybrnbuuz49je44dwuks9i33z6erf60.jpg\",\"contentUrl\":\"http:\\\/\\\/www.terresdangely.com\\\/wp-content\\\/uploads\\\/elementor\\\/thumbs\\\/Cours-de-poterie1-1-o72z0alzxji2ybrnbuuz49je44dwuks9i33z6erf60.jpg\"},{\"@type\":\"BreadcrumbList\",\"@id\":\"http:\\\/\\\/www.terresdangely.com\\\/fr\\\/cours-de-poterie-et-ceramique\\\/#breadcrumb\",\"itemListElement\":[{\"@type\":\"ListItem\",\"position\":1,\"name\":\"Accueil\",\"item\":\"http:\\\/\\\/www.terresdangely.com\\\/fr\\\/\"},{\"@type\":\"ListItem\",\"position\":2,\"name\":\"Cours \u00e0 la carte\"}]},{\"@type\":\"WebSite\",\"@id\":\"http:\\\/\\\/www.terresdangely.com\\\/#website\",\"url\":\"http:\\\/\\\/www.terresdangely.com\\\/\",\"name\":\"Terres d'Ang\u00e9ly\",\"description\":\"C\u00e9ramique artisanale\",\"publisher\":{\"@id\":\"http:\\\/\\\/www.terresdangely.com\\\/#organization\"},\"potentialAction\":[{\"@type\":\"SearchAction\",\"target\":{\"@type\":\"EntryPoint\",\"urlTemplate\":\"http:\\\/\\\/www.terresdangely.com\\\/?s={search_term_string}\"},\"query-input\":{\"@type\":\"PropertyValueSpecification\",\"valueRequired\":true,\"valueName\":\"search_term_string\"}}],\"inLanguage\":\"en-GB\"},{\"@type\":\"Organization\",\"@id\":\"http:\\\/\\\/www.terresdangely.com\\\/#organization\",\"name\":\"Terres d'Ang\u00e9ly\",\"url\":\"http:\\\/\\\/www.terresdangely.com\\\/\",\"logo\":{\"@type\":\"ImageObject\",\"inLanguage\":\"en-GB\",\"@id\":\"http:\\\/\\\/www.terresdangely.com\\\/#\\\/schema\\\/logo\\\/image\\\/\",\"url\":\"http:\\\/\\\/www.terresdangely.com\\\/wp-content\\\/uploads\\\/2019\\\/04\\\/Logo-Terres-dAngely-site.png\",\"contentUrl\":\"http:\\\/\\\/www.terresdangely.com\\\/wp-content\\\/uploads\\\/2019\\\/04\\\/Logo-Terres-dAngely-site.png\",\"width\":150,\"height\":149,\"caption\":\"Terres d'Ang\u00e9ly\"},\"image\":{\"@id\":\"http:\\\/\\\/www.terresdangely.com\\\/#\\\/schema\\\/logo\\\/image\\\/\"}}]}<\/script>\n<!-- \/ Yoast SEO plugin. -->","yoast_head_json":{"title":"Cours de poterie et c\u00e9ramique. Initiation aux gestes de bases.","description":"Cours de poterie et c\u00e9ramique \u00e0 la carte. Initiation aux techniques de la c\u00e9ramique : tournage, modelage, colombinage, estampage, \u00e9maillage","robots":{"index":"index","follow":"follow","max-snippet":"max-snippet:-1","max-image-preview":"max-image-preview:large","max-video-preview":"max-video-preview:-1"},"canonical":"http:\/\/www.terresdangely.com\/en\/cours-de-poterie-et-ceramique\/","og_locale":"en_GB","og_type":"article","og_title":"Cours de poterie et c\u00e9ramique. Initiation aux gestes de bases.","og_description":"Cours de poterie et c\u00e9ramique \u00e0 la carte. Initiation aux techniques de la c\u00e9ramique : tournage, modelage, colombinage, estampage, \u00e9maillage","og_url":"http:\/\/www.terresdangely.com\/en\/cours-de-poterie-et-ceramique\/","og_site_name":"Terres d'Ang\u00e9ly","article_modified_time":"2024-06-04T10:20:53+00:00","og_image":[{"url":"http:\/\/www.terresdangely.com\/wp-content\/uploads\/elementor\/thumbs\/Cours-de-poterie1-1-o72z0alzxji2ybrnbuuz49je44dwuks9i33z6erf60.jpg","type":"","width":"","height":""}],"twitter_card":"summary_large_image","twitter_misc":{"Estimated reading time":"2 minutes"},"schema":{"@context":"https:\/\/schema.org","@graph":[{"@type":"WebPage","@id":"http:\/\/www.terresdangely.com\/fr\/cours-de-poterie-et-ceramique\/","url":"http:\/\/www.terresdangely.com\/fr\/cours-de-poterie-et-ceramique\/","name":"Cours de poterie et c\u00e9ramique. Initiation aux gestes de bases.","isPartOf":{"@id":"http:\/\/www.terresdangely.com\/#website"},"primaryImageOfPage":{"@id":"http:\/\/www.terresdangely.com\/fr\/cours-de-poterie-et-ceramique\/#primaryimage"},"image":{"@id":"http:\/\/www.terresdangely.com\/fr\/cours-de-poterie-et-ceramique\/#primaryimage"},"thumbnailUrl":"http:\/\/www.terresdangely.com\/wp-content\/uploads\/elementor\/thumbs\/Cours-de-poterie1-1-o72z0alzxji2ybrnbuuz49je44dwuks9i33z6erf60.jpg","datePublished":"2019-04-15T08:21:23+00:00","dateModified":"2024-06-04T10:20:53+00:00","description":"Cours de poterie et c\u00e9ramique \u00e0 la carte. Initiation aux techniques de la c\u00e9ramique : tournage, modelage, colombinage, estampage, \u00e9maillage","breadcrumb":{"@id":"http:\/\/www.terresdangely.com\/fr\/cours-de-poterie-et-ceramique\/#breadcrumb"},"inLanguage":"en-GB","potentialAction":[{"@type":"ReadAction","target":["http:\/\/www.terresdangely.com\/fr\/cours-de-poterie-et-ceramique\/"]}]},{"@type":"ImageObject","inLanguage":"en-GB","@id":"http:\/\/www.terresdangely.com\/fr\/cours-de-poterie-et-ceramique\/#primaryimage","url":"http:\/\/www.terresdangely.com\/wp-content\/uploads\/elementor\/thumbs\/Cours-de-poterie1-1-o72z0alzxji2ybrnbuuz49je44dwuks9i33z6erf60.jpg","contentUrl":"http:\/\/www.terresdangely.com\/wp-content\/uploads\/elementor\/thumbs\/Cours-de-poterie1-1-o72z0alzxji2ybrnbuuz49je44dwuks9i33z6erf60.jpg"},{"@type":"BreadcrumbList","@id":"http:\/\/www.terresdangely.com\/fr\/cours-de-poterie-et-ceramique\/#breadcrumb","itemListElement":[{"@type":"ListItem","position":1,"name":"Accueil","item":"http:\/\/www.terresdangely.com\/fr\/"},{"@type":"ListItem","position":2,"name":"Cours \u00e0 la carte"}]},{"@type":"WebSite","@id":"http:\/\/www.terresdangely.com\/#website","url":"http:\/\/www.terresdangely.com\/","name":"Terres d'Ang\u00e9ly","description":"C\u00e9ramique artisanale","publisher":{"@id":"http:\/\/www.terresdangely.com\/#organization"},"potentialAction":[{"@type":"SearchAction","target":{"@type":"EntryPoint","urlTemplate":"http:\/\/www.terresdangely.com\/?s={search_term_string}"},"query-input":{"@type":"PropertyValueSpecification","valueRequired":true,"valueName":"search_term_string"}}],"inLanguage":"en-GB"},{"@type":"Organization","@id":"http:\/\/www.terresdangely.com\/#organization","name":"Terres d'Ang\u00e9ly","url":"http:\/\/www.terresdangely.com\/","logo":{"@type":"ImageObject","inLanguage":"en-GB","@id":"http:\/\/www.terresdangely.com\/#\/schema\/logo\/image\/","url":"http:\/\/www.terresdangely.com\/wp-content\/uploads\/2019\/04\/Logo-Terres-dAngely-site.png","contentUrl":"http:\/\/www.terresdangely.com\/wp-content\/uploads\/2019\/04\/Logo-Terres-dAngely-site.png","width":150,"height":149,"caption":"Terres d'Ang\u00e9ly"},"image":{"@id":"http:\/\/www.terresdangely.com\/#\/schema\/logo\/image\/"}}]}},"_links":{"self":[{"href":"http:\/\/www.terresdangely.com\/en\/wp-json\/wp\/v2\/pages\/427","targetHints":{"allow":["GET"]}}],"collection":[{"href":"http:\/\/www.terresdangely.com\/en\/wp-json\/wp\/v2\/pages"}],"about":[{"href":"http:\/\/www.terresdangely.com\/en\/wp-json\/wp\/v2\/types\/page"}],"author":[{"embeddable":true,"href":"http:\/\/www.terresdangely.com\/en\/wp-json\/wp\/v2\/users\/1"}],"replies":[{"embeddable":true,"href":"http:\/\/www.terresdangely.com\/en\/wp-json\/wp\/v2\/comments?post=427"}],"version-history":[{"count":66,"href":"http:\/\/www.terresdangely.com\/en\/wp-json\/wp\/v2\/pages\/427\/revisions"}],"predecessor-version":[{"id":3422,"href":"http:\/\/www.terresdangely.com\/en\/wp-json\/wp\/v2\/pages\/427\/revisions\/3422"}],"wp:attachment":[{"href":"http:\/\/www.terresdangely.com\/en\/wp-json\/wp\/v2\/media?parent=427"}],"curies":[{"name":"wp","href":"https:\/\/api.w.org\/{rel}","templated":true}]}}