{"id":442,"date":"2019-04-15T11:10:01","date_gmt":"2019-04-15T09:10:01","guid":{"rendered":"http:\/\/www.formations-web1.com\/wpr6\/?page_id=442"},"modified":"2026-03-19T14:22:44","modified_gmt":"2026-03-19T13:22:44","slug":"stages-ceramique-poterie","status":"publish","type":"page","link":"http:\/\/www.terresdangely.com\/en\/stages-ceramique-poterie\/","title":{"rendered":"Ceramic WE"},"content":{"rendered":"<div data-elementor-type=\"wp-post\" data-elementor-id=\"442\" class=\"elementor elementor-442\">\n\t\t\t\t\t\t<section class=\"elementor-section elementor-top-section elementor-element elementor-element-5c9d60a elementor-section-boxed elementor-section-height-default elementor-section-height-default\" data-id=\"5c9d60a\" data-element_type=\"section\" data-e-type=\"section\">\n\t\t\t\t\t\t<div class=\"elementor-container elementor-column-gap-default\">\n\t\t\t\t\t<div class=\"elementor-column elementor-col-100 elementor-top-column elementor-element elementor-element-2e866a9\" data-id=\"2e866a9\" data-element_type=\"column\" data-e-type=\"column\">\n\t\t\t<div class=\"elementor-widget-wrap elementor-element-populated\">\n\t\t\t\t\t\t<div class=\"elementor-element elementor-element-bc204e1 elementor-widget elementor-widget-heading\" data-id=\"bc204e1\" data-element_type=\"widget\" data-e-type=\"widget\" data-widget_type=\"heading.default\">\n\t\t\t\t<div class=\"elementor-widget-container\">\n\t\t\t\t\t<h1 class=\"elementor-heading-title elementor-size-default\">Weekend Training<\/h1>\t\t\t\t<\/div>\n\t\t\t\t<\/div>\n\t\t\t\t<section class=\"elementor-section elementor-inner-section elementor-element elementor-element-1dee0d5 elementor-section-boxed elementor-section-height-default elementor-section-height-default\" data-id=\"1dee0d5\" data-element_type=\"section\" data-e-type=\"section\">\n\t\t\t\t\t\t<div class=\"elementor-container elementor-column-gap-default\">\n\t\t\t\t\t<div class=\"elementor-column elementor-col-50 elementor-inner-column elementor-element elementor-element-4c627a0\" data-id=\"4c627a0\" data-element_type=\"column\" data-e-type=\"column\">\n\t\t\t<div class=\"elementor-widget-wrap elementor-element-populated\">\n\t\t\t\t\t\t<div class=\"elementor-element elementor-element-8122c46 elementor-widget elementor-widget-image\" data-id=\"8122c46\" data-element_type=\"widget\" data-e-type=\"widget\" data-widget_type=\"image.default\">\n\t\t\t\t<div class=\"elementor-widget-container\">\n\t\t\t\t\t\t\t\t\t\t\t\t\t\t\t<img fetchpriority=\"high\" decoding=\"async\" width=\"800\" height=\"533\" src=\"http:\/\/www.terresdangely.com\/wp-content\/uploads\/2019\/05\/Tournage.png\" class=\"attachment-large size-large wp-image-1327\" alt=\"Stage de tournage\" srcset=\"http:\/\/www.terresdangely.com\/wp-content\/uploads\/2019\/05\/Tournage.png 800w, http:\/\/www.terresdangely.com\/wp-content\/uploads\/2019\/05\/Tournage-300x200.png 300w, http:\/\/www.terresdangely.com\/wp-content\/uploads\/2019\/05\/Tournage-768x512.png 768w\" sizes=\"(max-width: 800px) 100vw, 800px\" \/>\t\t\t\t\t\t\t\t\t\t\t\t\t\t\t<\/div>\n\t\t\t\t<\/div>\n\t\t\t\t\t<\/div>\n\t\t<\/div>\n\t\t\t\t<div class=\"elementor-column elementor-col-50 elementor-inner-column elementor-element elementor-element-d932cfe\" data-id=\"d932cfe\" data-element_type=\"column\" data-e-type=\"column\">\n\t\t\t<div class=\"elementor-widget-wrap elementor-element-populated\">\n\t\t\t\t\t\t<div class=\"elementor-element elementor-element-1f3d51e elementor-widget elementor-widget-text-editor\" data-id=\"1f3d51e\" data-element_type=\"widget\" data-e-type=\"widget\" data-widget_type=\"text-editor.default\">\n\t\t\t\t<div class=\"elementor-widget-container\">\n\t\t\t\t\t\t\t\t\t<p>Isabelle organizes ceramic WE once every 2 months<\/p>\t\t\t\t\t\t\t\t<\/div>\n\t\t\t\t<\/div>\n\t\t\t\t<div class=\"elementor-element elementor-element-cf10e72 elementor-widget elementor-widget-accordion\" data-id=\"cf10e72\" data-element_type=\"widget\" data-e-type=\"widget\" data-widget_type=\"accordion.default\">\n\t\t\t\t<div class=\"elementor-widget-container\">\n\t\t\t\t\t\t\t<div class=\"elementor-accordion\">\n\t\t\t\t\t\t\t<div class=\"elementor-accordion-item\">\n\t\t\t\t\t<div id=\"elementor-tab-title-2171\" class=\"elementor-tab-title\" data-tab=\"1\" role=\"button\" aria-controls=\"elementor-tab-content-2171\" aria-expanded=\"false\">\n\t\t\t\t\t\t\t\t\t\t\t\t\t<span class=\"elementor-accordion-icon elementor-accordion-icon-left\" aria-hidden=\"true\">\n\t\t\t\t\t\t\t\t\t\t\t\t\t\t\t<span class=\"elementor-accordion-icon-closed\"><i class=\"fas fa-plus\"><\/i><\/span>\n\t\t\t\t\t\t\t\t<span class=\"elementor-accordion-icon-opened\"><i class=\"fas fa-minus\"><\/i><\/span>\n\t\t\t\t\t\t\t\t\t\t\t\t\t\t<\/span>\n\t\t\t\t\t\t\t\t\t\t\t\t<a class=\"elementor-accordion-title\" tabindex=\"0\">Week-end<\/a>\n\t\t\t\t\t<\/div>\n\t\t\t\t\t<div id=\"elementor-tab-content-2171\" class=\"elementor-tab-content elementor-clearfix\" data-tab=\"1\" role=\"region\" aria-labelledby=\"elementor-tab-title-2171\"><h6><strong>Dates :<\/strong><\/h6><br><h6>&nbsp;June 6 and 7, 2026 :<\/h6>\n<p>Throwing training (180 \u20ac)<\/p>\n<h6>&nbsp;26 et 27 septembre 2026 :<\/h6>\n<p>Throwing training (180 \u20ac)<\/p>\n<h6>&nbsp;7 et 8 novembre 2026 :<\/h6>\n<p>Throwing training (180 \u20ac)<\/p>\n<h5><b>Hours :<\/b><\/h5>\n<p>Saturday and sunday from 2.30 PM to 5.30 PM<\/p><\/div>\n\t\t\t\t<\/div>\n\t\t\t\t\t\t\t\t<\/div>\n\t\t\t\t\t\t<\/div>\n\t\t\t\t<\/div>\n\t\t\t\t\t<\/div>\n\t\t<\/div>\n\t\t\t\t\t<\/div>\n\t\t<\/section>\n\t\t\t\t<div class=\"elementor-element elementor-element-e46a853 gallery-spacing-custom elementor-widget elementor-widget-image-gallery\" data-id=\"e46a853\" data-element_type=\"widget\" data-e-type=\"widget\" data-widget_type=\"image-gallery.default\">\n\t\t\t\t<div class=\"elementor-widget-container\">\n\t\t\t\t\t\t\t<div class=\"elementor-image-gallery\">\n\t\t\t<div id='gallery-1' class='gallery galleryid-442 gallery-columns-5 gallery-size-thumbnail'><figure class='gallery-item'>\r\n\t\t\t<div class='gallery-icon landscape'>\r\n\t\t\t\t<a data-elementor-open-lightbox=\"yes\" data-elementor-lightbox-slideshow=\"e46a853\" data-elementor-lightbox-title=\"Cours de poterie\" data-elementor-lightbox-description=\"Stage de tournage \u00e0 l&#039;Atelier Terres d&#039;Ang\u00e9ly. Apprentissage des premiers gestes\" data-e-action-hash=\"#elementor-action%3Aaction%3Dlightbox%26settings%3DeyJpZCI6NDU0LCJ1cmwiOiJodHRwOlwvXC93d3cudGVycmVzZGFuZ2VseS5jb21cL3dwLWNvbnRlbnRcL3VwbG9hZHNcLzIwMTlcLzA0XC9Db3Vycy1kZS1wb3RlcmllNy5qcGciLCJzbGlkZXNob3ciOiJlNDZhODUzIn0%3D\" href='http:\/\/www.terresdangely.com\/wp-content\/uploads\/2019\/04\/Cours-de-poterie7.jpg'><img decoding=\"async\" width=\"150\" height=\"150\" src=\"http:\/\/www.terresdangely.com\/wp-content\/uploads\/2019\/04\/Cours-de-poterie7-150x150.jpg\" class=\"attachment-thumbnail size-thumbnail\" alt=\"Stage de tournage \u00e0 l&#039;Atelier Terres d&#039;Ang\u00e9ly\" aria-describedby=\"gallery-1-454\" srcset=\"http:\/\/www.terresdangely.com\/wp-content\/uploads\/2019\/04\/Cours-de-poterie7-150x150.jpg 150w, http:\/\/www.terresdangely.com\/wp-content\/uploads\/2019\/04\/Cours-de-poterie7-300x300.jpg 300w\" sizes=\"(max-width: 150px) 100vw, 150px\" \/><\/a>\r\n\t\t\t<\/div>\r\n\t\t\t\t<figcaption class='wp-caption-text gallery-caption' id='gallery-1-454'>\r\n\t\t\t\tStage de tournage \u00e0 l&rsquo;Atelier Terres d&rsquo;Ang\u00e9ly\r\n\t\t\t\t<\/figcaption><\/figure><figure class='gallery-item'>\r\n\t\t\t<div class='gallery-icon portrait'>\r\n\t\t\t\t<a data-elementor-open-lightbox=\"yes\" data-elementor-lightbox-slideshow=\"e46a853\" data-elementor-lightbox-title=\"DSC_0176\" data-elementor-lightbox-description=\"Stage de tournage - d\u00e9cor aux engobes - Atlier Terres d&#039;Ang\u00e9ly\" data-e-action-hash=\"#elementor-action%3Aaction%3Dlightbox%26settings%3DeyJpZCI6Mzc1LCJ1cmwiOiJodHRwOlwvXC93d3cudGVycmVzZGFuZ2VseS5jb21cL3dwLWNvbnRlbnRcL3VwbG9hZHNcLzIwMTlcLzA0XC9EU0NfMDE3Ni1lMTU1NDk5NDU2MzMyMy5qcGciLCJzbGlkZXNob3ciOiJlNDZhODUzIn0%3D\" href='http:\/\/www.terresdangely.com\/wp-content\/uploads\/2019\/04\/DSC_0176-e1554994563323.jpg'><img decoding=\"async\" width=\"150\" height=\"150\" src=\"http:\/\/www.terresdangely.com\/wp-content\/uploads\/2019\/04\/DSC_0176-e1554994563323-150x150.jpg\" class=\"attachment-thumbnail size-thumbnail\" alt=\"Stage de tournage - d\u00e9cor aux engobes - Atlier Terres d&#039;Ang\u00e9ly\" aria-describedby=\"gallery-1-375\" srcset=\"http:\/\/www.terresdangely.com\/wp-content\/uploads\/2019\/04\/DSC_0176-e1554994563323-150x150.jpg 150w, http:\/\/www.terresdangely.com\/wp-content\/uploads\/2019\/04\/DSC_0176-e1554994563323-300x300.jpg 300w\" sizes=\"(max-width: 150px) 100vw, 150px\" \/><\/a>\r\n\t\t\t<\/div>\r\n\t\t\t\t<figcaption class='wp-caption-text gallery-caption' id='gallery-1-375'>\r\n\t\t\t\tStage de tournage &#8211; d\u00e9cor aux engobes\r\n\t\t\t\t<\/figcaption><\/figure><figure class='gallery-item'>\r\n\t\t\t<div class='gallery-icon portrait'>\r\n\t\t\t\t<a data-elementor-open-lightbox=\"yes\" data-elementor-lightbox-slideshow=\"e46a853\" data-elementor-lightbox-title=\"Stage de tournage\" data-elementor-lightbox-description=\"Stage de tournage - fabrication d&#039;une th\u00e9i\u00e8re- bec, anse, couvercle\" data-e-action-hash=\"#elementor-action%3Aaction%3Dlightbox%26settings%3DeyJpZCI6Mzc2LCJ1cmwiOiJodHRwOlwvXC93d3cudGVycmVzZGFuZ2VseS5jb21cL3dwLWNvbnRlbnRcL3VwbG9hZHNcLzIwMTlcLzA0XC9JTUdfNjE0Mi1lMTU1NDk5NDU3NDc2OS5qcGciLCJzbGlkZXNob3ciOiJlNDZhODUzIn0%3D\" href='http:\/\/www.terresdangely.com\/wp-content\/uploads\/2019\/04\/IMG_6142-e1554994574769.jpg'><img loading=\"lazy\" decoding=\"async\" width=\"150\" height=\"150\" src=\"http:\/\/www.terresdangely.com\/wp-content\/uploads\/2019\/04\/IMG_6142-e1554994574769-150x150.jpg\" class=\"attachment-thumbnail size-thumbnail\" alt=\"Stage de tournage - fabrication d&#039;une th\u00e9i\u00e8re- bec, anse, couvercle\" aria-describedby=\"gallery-1-376\" srcset=\"http:\/\/www.terresdangely.com\/wp-content\/uploads\/2019\/04\/IMG_6142-e1554994574769-150x150.jpg 150w, http:\/\/www.terresdangely.com\/wp-content\/uploads\/2019\/04\/IMG_6142-e1554994574769-300x300.jpg 300w\" sizes=\"(max-width: 150px) 100vw, 150px\" \/><\/a>\r\n\t\t\t<\/div>\r\n\t\t\t\t<figcaption class='wp-caption-text gallery-caption' id='gallery-1-376'>\r\n\t\t\t\tStage de tournage\r\n\t\t\t\t<\/figcaption><\/figure><figure class='gallery-item'>\r\n\t\t\t<div class='gallery-icon landscape'>\r\n\t\t\t\t<a data-elementor-open-lightbox=\"yes\" data-elementor-lightbox-slideshow=\"e46a853\" data-elementor-lightbox-title=\"Stage de tournage\" data-elementor-lightbox-description=\"Stage de tournage - Apprentissage des 8 gestes de bases - Atlier Terres d&#039;Ang\u00e9ly\" data-e-action-hash=\"#elementor-action%3Aaction%3Dlightbox%26settings%3DeyJpZCI6Mzc5LCJ1cmwiOiJodHRwOlwvXC93d3cudGVycmVzZGFuZ2VseS5jb21cL3dwLWNvbnRlbnRcL3VwbG9hZHNcLzIwMTlcLzA0XC9JTUdfMDA0Ni1lMTU1NTYwODA5OTgwOS5qcGciLCJzbGlkZXNob3ciOiJlNDZhODUzIn0%3D\" href='http:\/\/www.terresdangely.com\/wp-content\/uploads\/2019\/04\/IMG_0046-e1555608099809.jpg'><img loading=\"lazy\" decoding=\"async\" width=\"150\" height=\"150\" src=\"http:\/\/www.terresdangely.com\/wp-content\/uploads\/2019\/04\/IMG_0046-150x150.jpg\" class=\"attachment-thumbnail size-thumbnail\" alt=\"Stage de tournage - Apprentissage des 8 gestes de bases\" aria-describedby=\"gallery-1-379\" srcset=\"http:\/\/www.terresdangely.com\/wp-content\/uploads\/2019\/04\/IMG_0046-150x150.jpg 150w, http:\/\/www.terresdangely.com\/wp-content\/uploads\/2019\/04\/IMG_0046-e1555608099809-300x300.jpg 300w\" sizes=\"(max-width: 150px) 100vw, 150px\" \/><\/a>\r\n\t\t\t<\/div>\r\n\t\t\t\t<figcaption class='wp-caption-text gallery-caption' id='gallery-1-379'>\r\n\t\t\t\tStage de tournage\r\n\t\t\t\t<\/figcaption><\/figure><figure class='gallery-item'>\r\n\t\t\t<div class='gallery-icon landscape'>\r\n\t\t\t\t<a data-elementor-open-lightbox=\"yes\" data-elementor-lightbox-slideshow=\"e46a853\" data-elementor-lightbox-title=\"Cours de poterie2\" data-elementor-lightbox-description=\"Cours de poterie\" data-e-action-hash=\"#elementor-action%3Aaction%3Dlightbox%26settings%3DeyJpZCI6NDMxLCJ1cmwiOiJodHRwOlwvXC93d3cudGVycmVzZGFuZ2VseS5jb21cL3dwLWNvbnRlbnRcL3VwbG9hZHNcLzIwMTlcLzA0XC9Db3Vycy1kZS1wb3RlcmllMi5qcGciLCJzbGlkZXNob3ciOiJlNDZhODUzIn0%3D\" href='http:\/\/www.terresdangely.com\/wp-content\/uploads\/2019\/04\/Cours-de-poterie2.jpg'><img loading=\"lazy\" decoding=\"async\" width=\"150\" height=\"150\" src=\"http:\/\/www.terresdangely.com\/wp-content\/uploads\/2019\/04\/Cours-de-poterie2-150x150.jpg\" class=\"attachment-thumbnail size-thumbnail\" alt=\"Cours de poterie\" aria-describedby=\"gallery-1-431\" srcset=\"http:\/\/www.terresdangely.com\/wp-content\/uploads\/2019\/04\/Cours-de-poterie2-150x150.jpg 150w, http:\/\/www.terresdangely.com\/wp-content\/uploads\/2019\/04\/Cours-de-poterie2-300x300.jpg 300w\" sizes=\"(max-width: 150px) 100vw, 150px\" \/><\/a>\r\n\t\t\t<\/div>\r\n\t\t\t\t<figcaption class='wp-caption-text gallery-caption' id='gallery-1-431'>\r\n\t\t\t\tCours de poterie\r\n\t\t\t\t<\/figcaption><\/figure><\/div>\n\t\t<\/div>\n\t\t\t\t\t\t<\/div>\n\t\t\t\t<\/div>\n\t\t\t\t\t<\/div>\n\t\t<\/div>\n\t\t\t\t\t<\/div>\n\t\t<\/section>\n\t\t\t\t<\/div>","protected":false},"excerpt":{"rendered":"<p>Stages de tournage en Week-end Isabelle organise des WE de tournage une fois tous les 2 mois Week-end Tournage Les dates \u00e0 venir : 12 et 13 juillet 2025 : Stage de tournage tous niveaux (prix : 180 \u20ac) 27 et 28 septembre 2025 : Stage de tournage tous niveaux (prix : 180 \u20ac) 22 <a class=\"read-more\" href=\"http:\/\/www.terresdangely.com\/en\/stages-ceramique-poterie\/\">Read More<\/a><\/p>","protected":false},"author":1,"featured_media":0,"parent":0,"menu_order":0,"comment_status":"closed","ping_status":"closed","template":"","meta":{"footnotes":""},"class_list":["post-442","page","type-page","status-publish","hentry"],"yoast_head":"<!-- This site is optimized with the Yoast SEO plugin v27.3 - https:\/\/yoast.com\/product\/yoast-seo-wordpress\/ -->\n<title>Stages d&#039;initiation \u00e0 la c\u00e9ramique : tournage, modelage, d\u00e9cor<\/title>\n<meta name=\"description\" content=\"Stages de c\u00e9ramique. Initiation aux 8 gestes de bases du tournage en c\u00e9ramique. D\u00e9cor aux engobes. Accompagnement. Modelage. D\u00e9cor\" \/>\n<meta name=\"robots\" content=\"index, follow, max-snippet:-1, max-image-preview:large, max-video-preview:-1\" \/>\n<link rel=\"canonical\" href=\"http:\/\/www.terresdangely.com\/en\/fr\/stages-ceramique-poterie\/\" \/>\n<meta property=\"og:locale\" content=\"en_GB\" \/>\n<meta property=\"og:locale:alternate\" content=\"fr_FR\" \/>\n<meta property=\"og:type\" content=\"article\" \/>\n<meta property=\"og:title\" content=\"Stages d&#039;initiation \u00e0 la c\u00e9ramique : tournage, modelage, d\u00e9cor\" \/>\n<meta property=\"og:description\" content=\"Stages de c\u00e9ramique. Initiation aux 8 gestes de bases du tournage en c\u00e9ramique. D\u00e9cor aux engobes. Accompagnement. Modelage. D\u00e9cor\" \/>\n<meta property=\"og:url\" content=\"http:\/\/www.terresdangely.com\/en\/stages-ceramique-poterie\/\" \/>\n<meta property=\"og:site_name\" content=\"Terres d&#039;Ang\u00e9ly\" \/>\n<meta property=\"article:modified_time\" content=\"2026-03-19T13:22:44+00:00\" \/>\n<meta property=\"og:image\" content=\"http:\/\/www.terresdangely.com\/wp-content\/uploads\/2019\/05\/Tournage.png\" \/>\n\t<meta property=\"og:image:width\" content=\"800\" \/>\n\t<meta property=\"og:image:height\" content=\"533\" \/>\n\t<meta property=\"og:image:type\" content=\"image\/png\" \/>\n<meta name=\"twitter:card\" content=\"summary_large_image\" \/>\n<meta name=\"twitter:label1\" content=\"Estimated reading time\" \/>\n\t<meta name=\"twitter:data1\" content=\"2 minutes\" \/>\n<script type=\"application\/ld+json\" class=\"yoast-schema-graph\">{\"@context\":\"https:\\\/\\\/schema.org\",\"@graph\":[{\"@type\":\"WebPage\",\"@id\":\"http:\\\/\\\/www.terresdangely.com\\\/fr\\\/fr\\\/stages-ceramique-poterie\\\/\",\"url\":\"http:\\\/\\\/www.terresdangely.com\\\/fr\\\/fr\\\/stages-ceramique-poterie\\\/\",\"name\":\"Stages d'initiation \u00e0 la c\u00e9ramique : tournage, modelage, d\u00e9cor\",\"isPartOf\":{\"@id\":\"http:\\\/\\\/www.terresdangely.com\\\/#website\"},\"primaryImageOfPage\":{\"@id\":\"http:\\\/\\\/www.terresdangely.com\\\/fr\\\/fr\\\/stages-ceramique-poterie\\\/#primaryimage\"},\"image\":{\"@id\":\"http:\\\/\\\/www.terresdangely.com\\\/fr\\\/fr\\\/stages-ceramique-poterie\\\/#primaryimage\"},\"thumbnailUrl\":\"http:\\\/\\\/www.terresdangely.com\\\/wp-content\\\/uploads\\\/2019\\\/05\\\/Tournage.png\",\"datePublished\":\"2019-04-15T09:10:01+00:00\",\"dateModified\":\"2026-03-19T13:22:44+00:00\",\"description\":\"Stages de c\u00e9ramique. Initiation aux 8 gestes de bases du tournage en c\u00e9ramique. D\u00e9cor aux engobes. Accompagnement. Modelage. D\u00e9cor\",\"breadcrumb\":{\"@id\":\"http:\\\/\\\/www.terresdangely.com\\\/fr\\\/fr\\\/stages-ceramique-poterie\\\/#breadcrumb\"},\"inLanguage\":\"en-GB\",\"potentialAction\":[{\"@type\":\"ReadAction\",\"target\":[\"http:\\\/\\\/www.terresdangely.com\\\/fr\\\/fr\\\/stages-ceramique-poterie\\\/\"]}]},{\"@type\":\"ImageObject\",\"inLanguage\":\"en-GB\",\"@id\":\"http:\\\/\\\/www.terresdangely.com\\\/fr\\\/fr\\\/stages-ceramique-poterie\\\/#primaryimage\",\"url\":\"http:\\\/\\\/www.terresdangely.com\\\/wp-content\\\/uploads\\\/2019\\\/05\\\/Tournage.png\",\"contentUrl\":\"http:\\\/\\\/www.terresdangely.com\\\/wp-content\\\/uploads\\\/2019\\\/05\\\/Tournage.png\"},{\"@type\":\"BreadcrumbList\",\"@id\":\"http:\\\/\\\/www.terresdangely.com\\\/fr\\\/fr\\\/stages-ceramique-poterie\\\/#breadcrumb\",\"itemListElement\":[{\"@type\":\"ListItem\",\"position\":1,\"name\":\"Accueil\",\"item\":\"http:\\\/\\\/www.terresdangely.com\\\/fr\\\/\"},{\"@type\":\"ListItem\",\"position\":2,\"name\":\"WE c\u00e9ramique\"}]},{\"@type\":\"WebSite\",\"@id\":\"http:\\\/\\\/www.terresdangely.com\\\/#website\",\"url\":\"http:\\\/\\\/www.terresdangely.com\\\/\",\"name\":\"Terres d'Ang\u00e9ly\",\"description\":\"C\u00e9ramique artisanale\",\"publisher\":{\"@id\":\"http:\\\/\\\/www.terresdangely.com\\\/#organization\"},\"potentialAction\":[{\"@type\":\"SearchAction\",\"target\":{\"@type\":\"EntryPoint\",\"urlTemplate\":\"http:\\\/\\\/www.terresdangely.com\\\/?s={search_term_string}\"},\"query-input\":{\"@type\":\"PropertyValueSpecification\",\"valueRequired\":true,\"valueName\":\"search_term_string\"}}],\"inLanguage\":\"en-GB\"},{\"@type\":\"Organization\",\"@id\":\"http:\\\/\\\/www.terresdangely.com\\\/#organization\",\"name\":\"Terres d'Ang\u00e9ly\",\"url\":\"http:\\\/\\\/www.terresdangely.com\\\/\",\"logo\":{\"@type\":\"ImageObject\",\"inLanguage\":\"en-GB\",\"@id\":\"http:\\\/\\\/www.terresdangely.com\\\/#\\\/schema\\\/logo\\\/image\\\/\",\"url\":\"http:\\\/\\\/www.terresdangely.com\\\/wp-content\\\/uploads\\\/2019\\\/04\\\/Logo-Terres-dAngely-site.png\",\"contentUrl\":\"http:\\\/\\\/www.terresdangely.com\\\/wp-content\\\/uploads\\\/2019\\\/04\\\/Logo-Terres-dAngely-site.png\",\"width\":150,\"height\":149,\"caption\":\"Terres d'Ang\u00e9ly\"},\"image\":{\"@id\":\"http:\\\/\\\/www.terresdangely.com\\\/#\\\/schema\\\/logo\\\/image\\\/\"}}]}<\/script>\n<!-- \/ Yoast SEO plugin. -->","yoast_head_json":{"title":"Stages d'initiation \u00e0 la c\u00e9ramique : tournage, modelage, d\u00e9cor","description":"Stages de c\u00e9ramique. Initiation aux 8 gestes de bases du tournage en c\u00e9ramique. D\u00e9cor aux engobes. Accompagnement. Modelage. D\u00e9cor","robots":{"index":"index","follow":"follow","max-snippet":"max-snippet:-1","max-image-preview":"max-image-preview:large","max-video-preview":"max-video-preview:-1"},"canonical":"http:\/\/www.terresdangely.com\/en\/fr\/stages-ceramique-poterie\/","og_locale":"en_GB","og_type":"article","og_title":"Stages d'initiation \u00e0 la c\u00e9ramique : tournage, modelage, d\u00e9cor","og_description":"Stages de c\u00e9ramique. Initiation aux 8 gestes de bases du tournage en c\u00e9ramique. D\u00e9cor aux engobes. Accompagnement. Modelage. D\u00e9cor","og_url":"http:\/\/www.terresdangely.com\/en\/stages-ceramique-poterie\/","og_site_name":"Terres d'Ang\u00e9ly","article_modified_time":"2026-03-19T13:22:44+00:00","og_image":[{"width":800,"height":533,"url":"http:\/\/www.terresdangely.com\/wp-content\/uploads\/2019\/05\/Tournage.png","type":"image\/png"}],"twitter_card":"summary_large_image","twitter_misc":{"Estimated reading time":"2 minutes"},"schema":{"@context":"https:\/\/schema.org","@graph":[{"@type":"WebPage","@id":"http:\/\/www.terresdangely.com\/fr\/fr\/stages-ceramique-poterie\/","url":"http:\/\/www.terresdangely.com\/fr\/fr\/stages-ceramique-poterie\/","name":"Stages d'initiation \u00e0 la c\u00e9ramique : tournage, modelage, d\u00e9cor","isPartOf":{"@id":"http:\/\/www.terresdangely.com\/#website"},"primaryImageOfPage":{"@id":"http:\/\/www.terresdangely.com\/fr\/fr\/stages-ceramique-poterie\/#primaryimage"},"image":{"@id":"http:\/\/www.terresdangely.com\/fr\/fr\/stages-ceramique-poterie\/#primaryimage"},"thumbnailUrl":"http:\/\/www.terresdangely.com\/wp-content\/uploads\/2019\/05\/Tournage.png","datePublished":"2019-04-15T09:10:01+00:00","dateModified":"2026-03-19T13:22:44+00:00","description":"Stages de c\u00e9ramique. Initiation aux 8 gestes de bases du tournage en c\u00e9ramique. D\u00e9cor aux engobes. Accompagnement. Modelage. D\u00e9cor","breadcrumb":{"@id":"http:\/\/www.terresdangely.com\/fr\/fr\/stages-ceramique-poterie\/#breadcrumb"},"inLanguage":"en-GB","potentialAction":[{"@type":"ReadAction","target":["http:\/\/www.terresdangely.com\/fr\/fr\/stages-ceramique-poterie\/"]}]},{"@type":"ImageObject","inLanguage":"en-GB","@id":"http:\/\/www.terresdangely.com\/fr\/fr\/stages-ceramique-poterie\/#primaryimage","url":"http:\/\/www.terresdangely.com\/wp-content\/uploads\/2019\/05\/Tournage.png","contentUrl":"http:\/\/www.terresdangely.com\/wp-content\/uploads\/2019\/05\/Tournage.png"},{"@type":"BreadcrumbList","@id":"http:\/\/www.terresdangely.com\/fr\/fr\/stages-ceramique-poterie\/#breadcrumb","itemListElement":[{"@type":"ListItem","position":1,"name":"Accueil","item":"http:\/\/www.terresdangely.com\/fr\/"},{"@type":"ListItem","position":2,"name":"WE c\u00e9ramique"}]},{"@type":"WebSite","@id":"http:\/\/www.terresdangely.com\/#website","url":"http:\/\/www.terresdangely.com\/","name":"Terres d'Ang\u00e9ly","description":"C\u00e9ramique artisanale","publisher":{"@id":"http:\/\/www.terresdangely.com\/#organization"},"potentialAction":[{"@type":"SearchAction","target":{"@type":"EntryPoint","urlTemplate":"http:\/\/www.terresdangely.com\/?s={search_term_string}"},"query-input":{"@type":"PropertyValueSpecification","valueRequired":true,"valueName":"search_term_string"}}],"inLanguage":"en-GB"},{"@type":"Organization","@id":"http:\/\/www.terresdangely.com\/#organization","name":"Terres d'Ang\u00e9ly","url":"http:\/\/www.terresdangely.com\/","logo":{"@type":"ImageObject","inLanguage":"en-GB","@id":"http:\/\/www.terresdangely.com\/#\/schema\/logo\/image\/","url":"http:\/\/www.terresdangely.com\/wp-content\/uploads\/2019\/04\/Logo-Terres-dAngely-site.png","contentUrl":"http:\/\/www.terresdangely.com\/wp-content\/uploads\/2019\/04\/Logo-Terres-dAngely-site.png","width":150,"height":149,"caption":"Terres d'Ang\u00e9ly"},"image":{"@id":"http:\/\/www.terresdangely.com\/#\/schema\/logo\/image\/"}}]}},"_links":{"self":[{"href":"http:\/\/www.terresdangely.com\/en\/wp-json\/wp\/v2\/pages\/442","targetHints":{"allow":["GET"]}}],"collection":[{"href":"http:\/\/www.terresdangely.com\/en\/wp-json\/wp\/v2\/pages"}],"about":[{"href":"http:\/\/www.terresdangely.com\/en\/wp-json\/wp\/v2\/types\/page"}],"author":[{"embeddable":true,"href":"http:\/\/www.terresdangely.com\/en\/wp-json\/wp\/v2\/users\/1"}],"replies":[{"embeddable":true,"href":"http:\/\/www.terresdangely.com\/en\/wp-json\/wp\/v2\/comments?post=442"}],"version-history":[{"count":334,"href":"http:\/\/www.terresdangely.com\/en\/wp-json\/wp\/v2\/pages\/442\/revisions"}],"predecessor-version":[{"id":4023,"href":"http:\/\/www.terresdangely.com\/en\/wp-json\/wp\/v2\/pages\/442\/revisions\/4023"}],"wp:attachment":[{"href":"http:\/\/www.terresdangely.com\/en\/wp-json\/wp\/v2\/media?parent=442"}],"curies":[{"name":"wp","href":"https:\/\/api.w.org\/{rel}","templated":true}]}}