{"id":470,"date":"2019-04-15T12:49:47","date_gmt":"2019-04-15T10:49:47","guid":{"rendered":"http:\/\/www.formations-web1.com\/wpr6\/?page_id=470"},"modified":"2022-12-30T09:52:07","modified_gmt":"2022-12-30T08:52:07","slug":"stages-demaillage","status":"publish","type":"page","link":"http:\/\/www.terresdangely.com\/en\/stages-demaillage\/","title":{"rendered":"Summer training"},"content":{"rendered":"<div data-elementor-type=\"wp-post\" data-elementor-id=\"470\" class=\"elementor elementor-470\">\n\t\t\t\t\t\t<section class=\"elementor-section elementor-top-section elementor-element elementor-element-5c9d60a elementor-section-boxed elementor-section-height-default elementor-section-height-default\" data-id=\"5c9d60a\" data-element_type=\"section\" data-e-type=\"section\">\n\t\t\t\t\t\t<div class=\"elementor-container elementor-column-gap-default\">\n\t\t\t\t\t<div class=\"elementor-column elementor-col-100 elementor-top-column elementor-element elementor-element-2e866a9\" data-id=\"2e866a9\" data-element_type=\"column\" data-e-type=\"column\">\n\t\t\t<div class=\"elementor-widget-wrap elementor-element-populated\">\n\t\t\t\t\t\t<div class=\"elementor-element elementor-element-bdf90ec elementor-widget elementor-widget-heading\" data-id=\"bdf90ec\" data-element_type=\"widget\" data-e-type=\"widget\" data-widget_type=\"heading.default\">\n\t\t\t\t<div class=\"elementor-widget-container\">\n\t\t\t\t\t<h1 class=\"elementor-heading-title elementor-size-default\">Learn how throw or to make glaze<\/h1>\t\t\t\t<\/div>\n\t\t\t\t<\/div>\n\t\t\t\t<section class=\"elementor-section elementor-inner-section elementor-element elementor-element-16f32ac elementor-section-boxed elementor-section-height-default elementor-section-height-default\" data-id=\"16f32ac\" data-element_type=\"section\" data-e-type=\"section\">\n\t\t\t\t\t\t<div class=\"elementor-container elementor-column-gap-default\">\n\t\t\t\t\t<div class=\"elementor-column elementor-col-50 elementor-inner-column elementor-element elementor-element-bc4e89f\" data-id=\"bc4e89f\" data-element_type=\"column\" data-e-type=\"column\">\n\t\t\t<div class=\"elementor-widget-wrap elementor-element-populated\">\n\t\t\t\t\t\t<div class=\"elementor-element elementor-element-3e53643 elementor-widget elementor-widget-image\" data-id=\"3e53643\" data-element_type=\"widget\" data-e-type=\"widget\" data-widget_type=\"image.default\">\n\t\t\t\t<div class=\"elementor-widget-container\">\n\t\t\t\t\t\t\t\t\t\t\t\t\t\t\t<img fetchpriority=\"high\" decoding=\"async\" width=\"650\" height=\"435\" src=\"http:\/\/www.terresdangely.com\/wp-content\/uploads\/2019\/05\/stage-\u00e9mail-poterie5.jpeg\" class=\"attachment-large size-large wp-image-1257\" alt=\"\" srcset=\"http:\/\/www.terresdangely.com\/wp-content\/uploads\/2019\/05\/stage-\u00e9mail-poterie5.jpeg 650w, http:\/\/www.terresdangely.com\/wp-content\/uploads\/2019\/05\/stage-\u00e9mail-poterie5-300x201.jpeg 300w\" sizes=\"(max-width: 650px) 100vw, 650px\" \/>\t\t\t\t\t\t\t\t\t\t\t\t\t\t\t<\/div>\n\t\t\t\t<\/div>\n\t\t\t\t<div class=\"elementor-element elementor-element-7bb023b elementor-widget elementor-widget-image\" data-id=\"7bb023b\" data-element_type=\"widget\" data-e-type=\"widget\" data-widget_type=\"image.default\">\n\t\t\t\t<div class=\"elementor-widget-container\">\n\t\t\t\t\t\t\t\t\t\t\t\t\t\t\t<img decoding=\"async\" src=\"http:\/\/www.terresdangely.com\/wp-content\/uploads\/2019\/04\/stage-\u00e9mail-poterie5.jpeg\" title=\"\" alt=\"\" loading=\"lazy\" \/>\t\t\t\t\t\t\t\t\t\t\t\t\t\t\t<\/div>\n\t\t\t\t<\/div>\n\t\t\t\t\t<\/div>\n\t\t<\/div>\n\t\t\t\t<div class=\"elementor-column elementor-col-50 elementor-inner-column elementor-element elementor-element-4d5dedf\" data-id=\"4d5dedf\" data-element_type=\"column\" data-e-type=\"column\">\n\t\t\t<div class=\"elementor-widget-wrap elementor-element-populated\">\n\t\t\t\t\t\t<div class=\"elementor-element elementor-element-02f376f elementor-drop-cap-yes elementor-drop-cap-view-default elementor-widget elementor-widget-text-editor\" data-id=\"02f376f\" data-element_type=\"widget\" data-e-type=\"widget\" data-settings=\"{&quot;drop_cap&quot;:&quot;yes&quot;}\" data-widget_type=\"text-editor.default\">\n\t\t\t\t<div class=\"elementor-widget-container\">\n\t\t\t\t\t\t\t\t\t<p>\u00a0<\/p><h2><span style=\"font-size: small;\"><b>Learn how to throw or improve: from July 03 to July 07, 2023<br \/><\/b><\/span><\/h2><div><b>Beginners and advanced<\/b><span style=\"font-size: small;\"><b> :<\/b> 5 days practicing (3 hours a day)<br \/><\/span><\/div><div>\u00a0<\/div><p><span style=\"font-size: small;\">Learning 12 basic shapes. Starting weight: 500 g or 1kg for advanced. Finishing (turning) and decoration on the last day with slip. Possibility of learning beaks, lids and handles for the more advanced. I adapt to all levels!<br \/><\/span><\/p><p><span style=\"font-size: small;\"><u>Price<\/u> : 400 \u20ac. Group of 3 to 5 students.<\/span><br \/><span style=\"font-size: small;\"><span style=\"font-size: small;\">Schedule : 9.30 am \u2013 12.30 am <\/span><\/span><\/p><h2><span style=\"font-size: small;\"><b>Making your own glaze : July 14 to July 16, 2023<br \/><\/b><\/span><\/h2><div>\u00a0<span style=\"font-size: small;\"><b>Theory and practice :<\/b> 2 and a half days of practice and theory around stoneware glaze<br \/><\/span><\/div><div>\u00a0<\/div><p><span style=\"font-size: small;\">Ce stage d\u2019\u00e9mail niveau 2 (niveau 1 est le stage en we a pour but de familiariser les stagiaires avec les mati\u00e8res premi\u00e8res et d\u2019acqu\u00e9rir une autonomie. Il s\u2019adresse plut\u00f4t \u00e0 des personnes ayant un four ou d\u00e9sirant en acqu\u00e9rir un et qui ont d\u00e9j\u00e0 une approche de la c\u00e9ramique. L&rsquo;approche est personnalis\u00e9e.<br \/><\/span><\/p><p><span style=\"font-size: small;\"><u>Price<\/u> : 450 euros.<\/span><br \/><span style=\"font-size: small;\"><span style=\"font-size: small;\">Schedule : 9.30am \u2013 12.30pm \/ 2.00pm \u2013 5.00pm<br \/><\/span><\/span><\/p>\t\t\t\t\t\t\t\t<\/div>\n\t\t\t\t<\/div>\n\t\t\t\t\t<\/div>\n\t\t<\/div>\n\t\t\t\t\t<\/div>\n\t\t<\/section>\n\t\t\t\t<div class=\"elementor-element elementor-element-cf10e72 elementor-widget elementor-widget-accordion\" data-id=\"cf10e72\" data-element_type=\"widget\" data-e-type=\"widget\" data-widget_type=\"accordion.default\">\n\t\t\t\t<div class=\"elementor-widget-container\">\n\t\t\t\t\t\t\t<div class=\"elementor-accordion\">\n\t\t\t\t\t\t\t<div class=\"elementor-accordion-item\">\n\t\t\t\t\t<div id=\"elementor-tab-title-2171\" class=\"elementor-tab-title\" data-tab=\"1\" role=\"button\" aria-controls=\"elementor-tab-content-2171\" aria-expanded=\"false\">\n\t\t\t\t\t\t\t\t\t\t\t\t\t<span class=\"elementor-accordion-icon elementor-accordion-icon-left\" aria-hidden=\"true\">\n\t\t\t\t\t\t\t\t\t\t\t\t\t\t\t<span class=\"elementor-accordion-icon-closed\"><i class=\"fas fa-plus\"><\/i><\/span>\n\t\t\t\t\t\t\t\t<span class=\"elementor-accordion-icon-opened\"><i class=\"fas fa-minus\"><\/i><\/span>\n\t\t\t\t\t\t\t\t\t\t\t\t\t\t<\/span>\n\t\t\t\t\t\t\t\t\t\t\t\t<a class=\"elementor-accordion-title\" tabindex=\"0\">The content of the glaze course<\/a>\n\t\t\t\t\t<\/div>\n\t\t\t\t\t<div id=\"elementor-tab-content-2171\" class=\"elementor-tab-content elementor-clearfix\" data-tab=\"1\" role=\"region\" aria-labelledby=\"elementor-tab-title-2171\"><p><span style=\"font-size: large;\"><u><b>Day 1<br \/><\/b><\/u><\/span><\/p><p style=\"margin-bottom: 0cm;\" align=\"justify\"><span style=\"font-size: medium;\">Morning: learning molecular calculus (converting a recipe into raw materials)<\/span><span style=\"font-size: medium;\">. Studying Montmolin diagrammes using Uzan calculation and Matthes book.<\/span><span style=\"font-size: medium;\"> Learning how to correct recipe with silica and kaolin around the fusion triangle.<\/span><\/p><p style=\"margin-bottom: 0cm;\" align=\"justify\"><span style=\"font-size: medium;\">\u00a0<\/span><\/p><p style=\"margin-bottom: 0cm;\" align=\"justify\"><span style=\"font-size: medium;\">Afternoon : <\/span><span style=\"font-size: medium;\">Study the diagram, molecular calculation, place the triangle, choose the points.<\/span><span style=\"font-size: medium;\"> Weighing and adding different oxides in a point. Firing.<br \/><\/span><\/p><p style=\"margin-bottom: 0cm;\" align=\"justify\">\u00a0<\/p><p style=\"margin-bottom: 0cm;\" align=\"justify\"><span style=\"font-size: medium;\">\u00a0<\/span><\/p><p align=\"justify\"><span style=\"font-size: large;\"><u><b>Day 2 :<br \/><\/b><\/u><\/span><\/p><p style=\"margin-bottom: 0cm;\" align=\"justify\"><span style=\"font-size: medium;\">Morning : study a second diagram, molecular calculation, place the triangle, choose the points.<\/span><span style=\"font-size: medium;\">Weighing and adding different oxides in a point. Application on shards. <br \/><\/span><\/p><p style=\"margin-bottom: 0cm;\" align=\"justify\"><span style=\"font-size: medium;\">\u00a0<\/span><\/p><p style=\"margin-bottom: 0cm;\" align=\"justify\"><span style=\"font-size: medium;\">Afternoon : application of the glaze on a small piece with a ladle, quenched and pistol<\/span><span style=\"font-size: medium;\"><b>. <\/b><\/span><span style=\"font-size: medium;\">How to apply thick or thin depending on the glaze. Firing<br \/><\/span><\/p><p style=\"margin-bottom: 0cm;\" align=\"justify\"><span style=\"font-size: medium;\"><br \/><\/span><b> <\/b><\/p><p align=\"justify\"><b><u><span style=\"font-size: large;\">Day 3 : <\/span><\/u><\/b><span style=\"font-size: medium;\"><br \/><\/span><\/p><p align=\"justify\"><span style=\"font-size: medium;\">Morning : analysis of the firing, use of a spreadsheet to simplify the procedure, see together your future research<\/span>.<\/p><p align=\"justify\">\u00a0<\/p><p style=\"margin-bottom: 0cm;\" align=\"justify\">\u00a0<\/p><\/div>\n\t\t\t\t<\/div>\n\t\t\t\t\t\t\t\t<\/div>\n\t\t\t\t\t\t<\/div>\n\t\t\t\t<\/div>\n\t\t\t\t<div class=\"elementor-element elementor-element-e46a853 gallery-spacing-custom elementor-widget elementor-widget-image-gallery\" data-id=\"e46a853\" data-element_type=\"widget\" data-e-type=\"widget\" data-widget_type=\"image-gallery.default\">\n\t\t\t\t<div class=\"elementor-widget-container\">\n\t\t\t\t\t\t\t<div class=\"elementor-image-gallery\">\n\t\t\t<div id='gallery-1' class='gallery galleryid-470 gallery-columns-5 gallery-size-thumbnail'><figure class='gallery-item'>\r\n\t\t\t<div class='gallery-icon landscape'>\r\n\t\t\t\t<a data-elementor-open-lightbox=\"yes\" data-elementor-lightbox-slideshow=\"e46a853\" data-elementor-lightbox-title=\"119_1964\" data-elementor-lightbox-description=\"Cuisson Raku - Stage \u00e9mail - Atelier Terres d&#039;Ang\u00e9ly\" data-e-action-hash=\"#elementor-action%3Aaction%3Dlightbox%26settings%3DeyJpZCI6Mzc4LCJ1cmwiOiJodHRwOlwvXC93d3cudGVycmVzZGFuZ2VseS5jb21cL3dwLWNvbnRlbnRcL3VwbG9hZHNcLzIwMTlcLzA0XC8xMTlfMTk2NC5qcGciLCJzbGlkZXNob3ciOiJlNDZhODUzIn0%3D\" href='http:\/\/www.terresdangely.com\/wp-content\/uploads\/2019\/04\/119_1964.jpg'><img decoding=\"async\" width=\"150\" height=\"150\" src=\"http:\/\/www.terresdangely.com\/wp-content\/uploads\/2019\/04\/119_1964-150x150.jpg\" class=\"attachment-thumbnail size-thumbnail\" alt=\"Cuisson Raku - Stage \u00e9mail\" aria-describedby=\"gallery-1-378\" srcset=\"http:\/\/www.terresdangely.com\/wp-content\/uploads\/2019\/04\/119_1964-150x150.jpg 150w, http:\/\/www.terresdangely.com\/wp-content\/uploads\/2019\/04\/119_1964-300x300.jpg 300w\" sizes=\"(max-width: 150px) 100vw, 150px\" \/><\/a>\r\n\t\t\t<\/div>\r\n\t\t\t\t<figcaption class='wp-caption-text gallery-caption' id='gallery-1-378'>\r\n\t\t\t\tRaku firing\r\n\t\t\t\t<\/figcaption><\/figure><figure class='gallery-item'>\r\n\t\t\t<div class='gallery-icon landscape'>\r\n\t\t\t\t<a data-elementor-open-lightbox=\"yes\" data-elementor-lightbox-slideshow=\"e46a853\" data-elementor-lightbox-title=\"stage \u00e9mail poterie2\" data-elementor-lightbox-description=\"Pes\u00e9e stage \u00e9mail - Atelier Terres d&#039;Ang\u00e9ly\" data-e-action-hash=\"#elementor-action%3Aaction%3Dlightbox%26settings%3DeyJpZCI6MTI2MCwidXJsIjoiaHR0cDpcL1wvd3d3LnRlcnJlc2RhbmdlbHkuY29tXC93cC1jb250ZW50XC91cGxvYWRzXC8yMDE5XC8wNVwvc3RhZ2UtXHUwMGU5bWFpbC1wb3RlcmllMi5qcGVnIiwic2xpZGVzaG93IjoiZTQ2YTg1MyJ9\" href='http:\/\/www.terresdangely.com\/wp-content\/uploads\/2019\/05\/stage-\u00e9mail-poterie2.jpeg'><img decoding=\"async\" width=\"150\" height=\"150\" src=\"http:\/\/www.terresdangely.com\/wp-content\/uploads\/2019\/05\/stage-\u00e9mail-poterie2-150x150.jpeg\" class=\"attachment-thumbnail size-thumbnail\" alt=\"Essais d&#039;\u00e9maux en gr\u00e8s et fa\u00efence\" aria-describedby=\"gallery-1-1260\" \/><\/a>\r\n\t\t\t<\/div>\r\n\t\t\t\t<figcaption class='wp-caption-text gallery-caption' id='gallery-1-1260'>\r\n\t\t\t\tChoose the raw materials\r\n\t\t\t\t<\/figcaption><\/figure><figure class='gallery-item'>\r\n\t\t\t<div class='gallery-icon landscape'>\r\n\t\t\t\t<a data-elementor-open-lightbox=\"yes\" data-elementor-lightbox-slideshow=\"e46a853\" data-elementor-lightbox-title=\"stage \u00e9mail poterie6\" data-elementor-lightbox-description=\"fabrication des \u00e9maux - stage \u00e9mail - Atelier Terres d&#039;Ang\u00e9ly\" data-e-action-hash=\"#elementor-action%3Aaction%3Dlightbox%26settings%3DeyJpZCI6MTI2MiwidXJsIjoiaHR0cDpcL1wvd3d3LnRlcnJlc2RhbmdlbHkuY29tXC93cC1jb250ZW50XC91cGxvYWRzXC8yMDE5XC8wNVwvc3RhZ2UtXHUwMGU5bWFpbC1wb3RlcmllNi5qcGVnIiwic2xpZGVzaG93IjoiZTQ2YTg1MyJ9\" href='http:\/\/www.terresdangely.com\/wp-content\/uploads\/2019\/05\/stage-\u00e9mail-poterie6.jpeg'><img loading=\"lazy\" decoding=\"async\" width=\"150\" height=\"150\" src=\"http:\/\/www.terresdangely.com\/wp-content\/uploads\/2019\/05\/stage-\u00e9mail-poterie6-150x150.jpeg\" class=\"attachment-thumbnail size-thumbnail\" alt=\"Fabrication des \u00e9maux\" aria-describedby=\"gallery-1-1262\" \/><\/a>\r\n\t\t\t<\/div>\r\n\t\t\t\t<figcaption class='wp-caption-text gallery-caption' id='gallery-1-1262'>\r\n\t\t\t\tMake your own glaze\r\n\t\t\t\t<\/figcaption><\/figure><figure class='gallery-item'>\r\n\t\t\t<div class='gallery-icon landscape'>\r\n\t\t\t\t<a data-elementor-open-lightbox=\"yes\" data-elementor-lightbox-slideshow=\"e46a853\" data-elementor-lightbox-title=\"stage \u00e9mail poterie7\" data-elementor-lightbox-description=\"Calcul mol\u00e9culaire - Stage \u00e9mail - Atelier Terres d&#039;Ang\u00e9ly\" data-e-action-hash=\"#elementor-action%3Aaction%3Dlightbox%26settings%3DeyJpZCI6MTI2MywidXJsIjoiaHR0cDpcL1wvd3d3LnRlcnJlc2RhbmdlbHkuY29tXC93cC1jb250ZW50XC91cGxvYWRzXC8yMDE5XC8wNVwvc3RhZ2UtXHUwMGU5bWFpbC1wb3RlcmllNy5qcGVnIiwic2xpZGVzaG93IjoiZTQ2YTg1MyJ9\" href='http:\/\/www.terresdangely.com\/wp-content\/uploads\/2019\/05\/stage-\u00e9mail-poterie7.jpeg'><img loading=\"lazy\" decoding=\"async\" width=\"150\" height=\"150\" src=\"http:\/\/www.terresdangely.com\/wp-content\/uploads\/2019\/05\/stage-\u00e9mail-poterie7-150x150.jpeg\" class=\"attachment-thumbnail size-thumbnail\" alt=\"Calcul mol\u00e9culaire\" aria-describedby=\"gallery-1-1263\" \/><\/a>\r\n\t\t\t<\/div>\r\n\t\t\t\t<figcaption class='wp-caption-text gallery-caption' id='gallery-1-1263'>\r\n\t\t\t\tMolecular calculation\r\n\t\t\t\t<\/figcaption><\/figure><figure class='gallery-item'>\r\n\t\t\t<div class='gallery-icon landscape'>\r\n\t\t\t\t<a data-elementor-open-lightbox=\"yes\" data-elementor-lightbox-slideshow=\"e46a853\" data-elementor-lightbox-title=\"stage \u00e9mail poterie\" data-elementor-lightbox-description=\"Calcul mol\u00e9culaire stage \u00e9mail\" data-e-action-hash=\"#elementor-action%3Aaction%3Dlightbox%26settings%3DeyJpZCI6MTI2NCwidXJsIjoiaHR0cDpcL1wvd3d3LnRlcnJlc2RhbmdlbHkuY29tXC93cC1jb250ZW50XC91cGxvYWRzXC8yMDE5XC8wNVwvc3RhZ2UtXHUwMGU5bWFpbC1wb3RlcmllOC5qcGVnIiwic2xpZGVzaG93IjoiZTQ2YTg1MyJ9\" href='http:\/\/www.terresdangely.com\/wp-content\/uploads\/2019\/05\/stage-\u00e9mail-poterie8.jpeg'><img loading=\"lazy\" decoding=\"async\" width=\"150\" height=\"150\" src=\"http:\/\/www.terresdangely.com\/wp-content\/uploads\/2019\/05\/stage-\u00e9mail-poterie8-150x150.jpeg\" class=\"attachment-thumbnail size-thumbnail\" alt=\"Calcul mol\u00e9culaire stage \u00e9mail\" aria-describedby=\"gallery-1-1264\" \/><\/a>\r\n\t\t\t<\/div>\r\n\t\t\t\t<figcaption class='wp-caption-text gallery-caption' id='gallery-1-1264'>\r\n\t\t\t\tWeighing\r\n\t\t\t\t<\/figcaption><\/figure><\/div>\n\t\t<\/div>\n\t\t\t\t\t\t<\/div>\n\t\t\t\t<\/div>\n\t\t\t\t\t<\/div>\n\t\t<\/div>\n\t\t\t\t\t<\/div>\n\t\t<\/section>\n\t\t\t\t<\/div>","protected":false},"excerpt":{"rendered":"<p>119_1964Cuisson Raku &#8211; Stage \u00e9mail &#8211; Atelier Terres d&rsquo;Ang\u00e9lystage \u00e9mail poterie2Pes\u00e9e stage \u00e9mail &#8211; Atelier Terres d&rsquo;Ang\u00e9lystage \u00e9mail poterie6fabrication des \u00e9maux &#8211; stage \u00e9mail &#8211; Atelier Terres d&rsquo;Ang\u00e9lystage \u00e9mail poterie7Calcul mol\u00e9culaire &#8211; Stage \u00e9mail &#8211; Atelier Terres d&rsquo;Ang\u00e9lystage \u00e9mail poterieCalcul mol\u00e9culaire stage \u00e9mail<\/p>","protected":false},"author":1,"featured_media":0,"parent":0,"menu_order":0,"comment_status":"closed","ping_status":"closed","template":"","meta":{"footnotes":""},"class_list":["post-470","page","type-page","status-publish","hentry"],"yoast_head":"<!-- This site is optimized with the Yoast SEO plugin v27.4 - https:\/\/yoast.com\/product\/yoast-seo-wordpress\/ -->\n<title>Stage d&#039;\u00e9maillage et initiation au calcul mol\u00e9culaire.<\/title>\n<meta name=\"description\" content=\"Stage d&#039;\u00e9maillage en poterie, initiation au calcul mol\u00e9culaire. Fabrication d&#039;\u00e9maux de fa\u00efence et de gr\u00e8s. Premiers pas vers l&#039;autonomie\" \/>\n<meta name=\"robots\" content=\"index, follow, max-snippet:-1, max-image-preview:large, max-video-preview:-1\" \/>\n<link rel=\"canonical\" href=\"http:\/\/www.terresdangely.com\/en\/stages-demaillage\/\" \/>\n<meta property=\"og:locale\" content=\"en_GB\" \/>\n<meta property=\"og:locale:alternate\" content=\"fr_FR\" \/>\n<meta property=\"og:type\" content=\"article\" \/>\n<meta property=\"og:title\" content=\"Stage d&#039;\u00e9maillage et initiation au calcul mol\u00e9culaire.\" \/>\n<meta property=\"og:description\" content=\"Stage d&#039;\u00e9maillage en poterie, initiation au calcul mol\u00e9culaire. Fabrication d&#039;\u00e9maux de fa\u00efence et de gr\u00e8s. Premiers pas vers l&#039;autonomie\" \/>\n<meta property=\"og:url\" content=\"http:\/\/www.terresdangely.com\/en\/stages-demaillage\/\" \/>\n<meta property=\"og:site_name\" content=\"Terres d&#039;Ang\u00e9ly\" \/>\n<meta property=\"article:modified_time\" content=\"2022-12-30T08:52:07+00:00\" \/>\n<meta property=\"og:image\" content=\"http:\/\/www.terresdangely.com\/wp-content\/uploads\/2019\/04\/119_1964-150x150.jpg\" \/>\n<meta name=\"twitter:card\" content=\"summary_large_image\" \/>\n<meta name=\"twitter:label1\" content=\"Estimated reading time\" \/>\n\t<meta name=\"twitter:data1\" content=\"4 minutes\" \/>\n<script type=\"application\/ld+json\" class=\"yoast-schema-graph\">{\"@context\":\"https:\\\/\\\/schema.org\",\"@graph\":[{\"@type\":\"WebPage\",\"@id\":\"http:\\\/\\\/www.terresdangely.com\\\/fr\\\/stages-demaillage\\\/\",\"url\":\"http:\\\/\\\/www.terresdangely.com\\\/fr\\\/stages-demaillage\\\/\",\"name\":\"Stage d'\u00e9maillage et initiation au calcul mol\u00e9culaire.\",\"isPartOf\":{\"@id\":\"http:\\\/\\\/www.terresdangely.com\\\/#website\"},\"primaryImageOfPage\":{\"@id\":\"http:\\\/\\\/www.terresdangely.com\\\/fr\\\/stages-demaillage\\\/#primaryimage\"},\"image\":{\"@id\":\"http:\\\/\\\/www.terresdangely.com\\\/fr\\\/stages-demaillage\\\/#primaryimage\"},\"thumbnailUrl\":\"http:\\\/\\\/www.terresdangely.com\\\/wp-content\\\/uploads\\\/2019\\\/04\\\/119_1964-150x150.jpg\",\"datePublished\":\"2019-04-15T10:49:47+00:00\",\"dateModified\":\"2022-12-30T08:52:07+00:00\",\"description\":\"Stage d'\u00e9maillage en poterie, initiation au calcul mol\u00e9culaire. Fabrication d'\u00e9maux de fa\u00efence et de gr\u00e8s. Premiers pas vers l'autonomie\",\"breadcrumb\":{\"@id\":\"http:\\\/\\\/www.terresdangely.com\\\/fr\\\/stages-demaillage\\\/#breadcrumb\"},\"inLanguage\":\"en-GB\",\"potentialAction\":[{\"@type\":\"ReadAction\",\"target\":[\"http:\\\/\\\/www.terresdangely.com\\\/fr\\\/stages-demaillage\\\/\"]}]},{\"@type\":\"ImageObject\",\"inLanguage\":\"en-GB\",\"@id\":\"http:\\\/\\\/www.terresdangely.com\\\/fr\\\/stages-demaillage\\\/#primaryimage\",\"url\":\"http:\\\/\\\/www.terresdangely.com\\\/wp-content\\\/uploads\\\/2019\\\/04\\\/119_1964-150x150.jpg\",\"contentUrl\":\"http:\\\/\\\/www.terresdangely.com\\\/wp-content\\\/uploads\\\/2019\\\/04\\\/119_1964-150x150.jpg\"},{\"@type\":\"BreadcrumbList\",\"@id\":\"http:\\\/\\\/www.terresdangely.com\\\/fr\\\/stages-demaillage\\\/#breadcrumb\",\"itemListElement\":[{\"@type\":\"ListItem\",\"position\":1,\"name\":\"Accueil\",\"item\":\"http:\\\/\\\/www.terresdangely.com\\\/fr\\\/\"},{\"@type\":\"ListItem\",\"position\":2,\"name\":\"Stages d&rsquo;\u00e9t\u00e9\"}]},{\"@type\":\"WebSite\",\"@id\":\"http:\\\/\\\/www.terresdangely.com\\\/#website\",\"url\":\"http:\\\/\\\/www.terresdangely.com\\\/\",\"name\":\"Terres d'Ang\u00e9ly\",\"description\":\"C\u00e9ramique artisanale\",\"publisher\":{\"@id\":\"http:\\\/\\\/www.terresdangely.com\\\/#organization\"},\"potentialAction\":[{\"@type\":\"SearchAction\",\"target\":{\"@type\":\"EntryPoint\",\"urlTemplate\":\"http:\\\/\\\/www.terresdangely.com\\\/?s={search_term_string}\"},\"query-input\":{\"@type\":\"PropertyValueSpecification\",\"valueRequired\":true,\"valueName\":\"search_term_string\"}}],\"inLanguage\":\"en-GB\"},{\"@type\":\"Organization\",\"@id\":\"http:\\\/\\\/www.terresdangely.com\\\/#organization\",\"name\":\"Terres d'Ang\u00e9ly\",\"url\":\"http:\\\/\\\/www.terresdangely.com\\\/\",\"logo\":{\"@type\":\"ImageObject\",\"inLanguage\":\"en-GB\",\"@id\":\"http:\\\/\\\/www.terresdangely.com\\\/#\\\/schema\\\/logo\\\/image\\\/\",\"url\":\"http:\\\/\\\/www.terresdangely.com\\\/wp-content\\\/uploads\\\/2019\\\/04\\\/Logo-Terres-dAngely-site.png\",\"contentUrl\":\"http:\\\/\\\/www.terresdangely.com\\\/wp-content\\\/uploads\\\/2019\\\/04\\\/Logo-Terres-dAngely-site.png\",\"width\":150,\"height\":149,\"caption\":\"Terres d'Ang\u00e9ly\"},\"image\":{\"@id\":\"http:\\\/\\\/www.terresdangely.com\\\/#\\\/schema\\\/logo\\\/image\\\/\"}}]}<\/script>\n<!-- \/ Yoast SEO plugin. -->","yoast_head_json":{"title":"Stage d'\u00e9maillage et initiation au calcul mol\u00e9culaire.","description":"Stage d'\u00e9maillage en poterie, initiation au calcul mol\u00e9culaire. Fabrication d'\u00e9maux de fa\u00efence et de gr\u00e8s. Premiers pas vers l'autonomie","robots":{"index":"index","follow":"follow","max-snippet":"max-snippet:-1","max-image-preview":"max-image-preview:large","max-video-preview":"max-video-preview:-1"},"canonical":"http:\/\/www.terresdangely.com\/en\/stages-demaillage\/","og_locale":"en_GB","og_type":"article","og_title":"Stage d'\u00e9maillage et initiation au calcul mol\u00e9culaire.","og_description":"Stage d'\u00e9maillage en poterie, initiation au calcul mol\u00e9culaire. Fabrication d'\u00e9maux de fa\u00efence et de gr\u00e8s. Premiers pas vers l'autonomie","og_url":"http:\/\/www.terresdangely.com\/en\/stages-demaillage\/","og_site_name":"Terres d'Ang\u00e9ly","article_modified_time":"2022-12-30T08:52:07+00:00","og_image":[{"url":"http:\/\/www.terresdangely.com\/wp-content\/uploads\/2019\/04\/119_1964-150x150.jpg","type":"","width":"","height":""}],"twitter_card":"summary_large_image","twitter_misc":{"Estimated reading time":"4 minutes"},"schema":{"@context":"https:\/\/schema.org","@graph":[{"@type":"WebPage","@id":"http:\/\/www.terresdangely.com\/fr\/stages-demaillage\/","url":"http:\/\/www.terresdangely.com\/fr\/stages-demaillage\/","name":"Stage d'\u00e9maillage et initiation au calcul mol\u00e9culaire.","isPartOf":{"@id":"http:\/\/www.terresdangely.com\/#website"},"primaryImageOfPage":{"@id":"http:\/\/www.terresdangely.com\/fr\/stages-demaillage\/#primaryimage"},"image":{"@id":"http:\/\/www.terresdangely.com\/fr\/stages-demaillage\/#primaryimage"},"thumbnailUrl":"http:\/\/www.terresdangely.com\/wp-content\/uploads\/2019\/04\/119_1964-150x150.jpg","datePublished":"2019-04-15T10:49:47+00:00","dateModified":"2022-12-30T08:52:07+00:00","description":"Stage d'\u00e9maillage en poterie, initiation au calcul mol\u00e9culaire. Fabrication d'\u00e9maux de fa\u00efence et de gr\u00e8s. Premiers pas vers l'autonomie","breadcrumb":{"@id":"http:\/\/www.terresdangely.com\/fr\/stages-demaillage\/#breadcrumb"},"inLanguage":"en-GB","potentialAction":[{"@type":"ReadAction","target":["http:\/\/www.terresdangely.com\/fr\/stages-demaillage\/"]}]},{"@type":"ImageObject","inLanguage":"en-GB","@id":"http:\/\/www.terresdangely.com\/fr\/stages-demaillage\/#primaryimage","url":"http:\/\/www.terresdangely.com\/wp-content\/uploads\/2019\/04\/119_1964-150x150.jpg","contentUrl":"http:\/\/www.terresdangely.com\/wp-content\/uploads\/2019\/04\/119_1964-150x150.jpg"},{"@type":"BreadcrumbList","@id":"http:\/\/www.terresdangely.com\/fr\/stages-demaillage\/#breadcrumb","itemListElement":[{"@type":"ListItem","position":1,"name":"Accueil","item":"http:\/\/www.terresdangely.com\/fr\/"},{"@type":"ListItem","position":2,"name":"Stages d&rsquo;\u00e9t\u00e9"}]},{"@type":"WebSite","@id":"http:\/\/www.terresdangely.com\/#website","url":"http:\/\/www.terresdangely.com\/","name":"Terres d'Ang\u00e9ly","description":"C\u00e9ramique artisanale","publisher":{"@id":"http:\/\/www.terresdangely.com\/#organization"},"potentialAction":[{"@type":"SearchAction","target":{"@type":"EntryPoint","urlTemplate":"http:\/\/www.terresdangely.com\/?s={search_term_string}"},"query-input":{"@type":"PropertyValueSpecification","valueRequired":true,"valueName":"search_term_string"}}],"inLanguage":"en-GB"},{"@type":"Organization","@id":"http:\/\/www.terresdangely.com\/#organization","name":"Terres d'Ang\u00e9ly","url":"http:\/\/www.terresdangely.com\/","logo":{"@type":"ImageObject","inLanguage":"en-GB","@id":"http:\/\/www.terresdangely.com\/#\/schema\/logo\/image\/","url":"http:\/\/www.terresdangely.com\/wp-content\/uploads\/2019\/04\/Logo-Terres-dAngely-site.png","contentUrl":"http:\/\/www.terresdangely.com\/wp-content\/uploads\/2019\/04\/Logo-Terres-dAngely-site.png","width":150,"height":149,"caption":"Terres d'Ang\u00e9ly"},"image":{"@id":"http:\/\/www.terresdangely.com\/#\/schema\/logo\/image\/"}}]}},"_links":{"self":[{"href":"http:\/\/www.terresdangely.com\/en\/wp-json\/wp\/v2\/pages\/470","targetHints":{"allow":["GET"]}}],"collection":[{"href":"http:\/\/www.terresdangely.com\/en\/wp-json\/wp\/v2\/pages"}],"about":[{"href":"http:\/\/www.terresdangely.com\/en\/wp-json\/wp\/v2\/types\/page"}],"author":[{"embeddable":true,"href":"http:\/\/www.terresdangely.com\/en\/wp-json\/wp\/v2\/users\/1"}],"replies":[{"embeddable":true,"href":"http:\/\/www.terresdangely.com\/en\/wp-json\/wp\/v2\/comments?post=470"}],"version-history":[{"count":56,"href":"http:\/\/www.terresdangely.com\/en\/wp-json\/wp\/v2\/pages\/470\/revisions"}],"predecessor-version":[{"id":2813,"href":"http:\/\/www.terresdangely.com\/en\/wp-json\/wp\/v2\/pages\/470\/revisions\/2813"}],"wp:attachment":[{"href":"http:\/\/www.terresdangely.com\/en\/wp-json\/wp\/v2\/media?parent=470"}],"curies":[{"name":"wp","href":"https:\/\/api.w.org\/{rel}","templated":true}]}}