{"id":69,"date":"2019-04-05T11:49:03","date_gmt":"2019-04-05T09:49:03","guid":{"rendered":"http:\/\/www.formations-web1.com\/wpr6\/?page_id=69"},"modified":"2020-04-04T17:19:07","modified_gmt":"2020-04-04T15:19:07","slug":"bouteilles-en-porcelaine-utilitaire-et-decoratives-faites-a-la-main","status":"publish","type":"page","link":"http:\/\/www.terresdangely.com\/en\/bouteilles-en-porcelaine-utilitaire-et-decoratives-faites-a-la-main\/","title":{"rendered":"Bottle"},"content":{"rendered":"<div data-elementor-type=\"wp-post\" data-elementor-id=\"69\" class=\"elementor elementor-69\">\n\t\t\t\t\t\t<section class=\"elementor-section elementor-top-section elementor-element elementor-element-5c9d60a elementor-section-boxed elementor-section-height-default elementor-section-height-default\" data-id=\"5c9d60a\" data-element_type=\"section\" data-e-type=\"section\">\n\t\t\t\t\t\t<div class=\"elementor-container elementor-column-gap-default\">\n\t\t\t\t\t<div class=\"elementor-column elementor-col-100 elementor-top-column elementor-element elementor-element-2e866a9\" data-id=\"2e866a9\" data-element_type=\"column\" data-e-type=\"column\">\n\t\t\t<div class=\"elementor-widget-wrap elementor-element-populated\">\n\t\t\t\t\t\t<div class=\"elementor-element elementor-element-989147f elementor-widget elementor-widget-heading\" data-id=\"989147f\" data-element_type=\"widget\" data-e-type=\"widget\" data-widget_type=\"heading.default\">\n\t\t\t\t<div class=\"elementor-widget-container\">\n\t\t\t\t\t<h1 class=\"elementor-heading-title elementor-size-small\">De la couleur sur la table !<\/h1>\t\t\t\t<\/div>\n\t\t\t\t<\/div>\n\t\t\t\t<div class=\"elementor-element elementor-element-06fda92 elementor-widget elementor-widget-text-editor\" data-id=\"06fda92\" data-element_type=\"widget\" data-e-type=\"widget\" data-widget_type=\"text-editor.default\">\n\t\t\t\t<div class=\"elementor-widget-container\">\n\t\t\t\t\t\t\t\t\t<p>Les bouteilles en porcelaine sont surtout utilis\u00e9es comme carafe pour l&rsquo;eau mais aussi pour l&rsquo;huile\u00a0 ou encore pour le vin ! De quoi mettre de la couleur sur votre table et un peu d&rsquo;originalit\u00e9.<\/p><p>\u00a0Un <a href=\"http:\/\/www.terresdangely.com\/en\/isabelle-nadeau-atelier-terres-dangely\/\">univers<\/a> bien marqu\u00e9 avec la pr\u00e9sence des petites fourmis qui grimpent le long d&rsquo;un trait de couleur comme caligraphi\u00e9 \u00e0 la mani\u00e8re de Soulage. La nouvelle collection Berlingot met \u00e0 l&rsquo;honneur la couleur et ram\u00e8ne un peu le soleil dans la maison.<\/p><p>\u00a0<\/p>\t\t\t\t\t\t\t\t<\/div>\n\t\t\t\t<\/div>\n\t\t\t\t<div class=\"elementor-element elementor-element-e46a853 gallery-spacing-custom elementor-widget elementor-widget-image-gallery\" data-id=\"e46a853\" data-element_type=\"widget\" data-e-type=\"widget\" data-widget_type=\"image-gallery.default\">\n\t\t\t\t<div class=\"elementor-widget-container\">\n\t\t\t\t\t\t\t<div class=\"elementor-image-gallery\">\n\t\t\t<div id='gallery-1' class='gallery galleryid-69 gallery-columns-5 gallery-size-medium'><figure class='gallery-item'>\r\n\t\t\t<div class='gallery-icon portrait'>\r\n\t\t\t\t<a data-elementor-open-lightbox=\"yes\" data-elementor-lightbox-slideshow=\"e46a853\" data-elementor-lightbox-title=\"Bouteilles Berlingo rouge\" data-elementor-lightbox-description=\"Bouteilles en porcelaine Berlingo rouge\" data-e-action-hash=\"#elementor-action%3Aaction%3Dlightbox%26settings%3DeyJpZCI6MTQyNiwidXJsIjoiaHR0cDpcL1wvd3d3LnRlcnJlc2RhbmdlbHkuY29tXC93cC1jb250ZW50XC91cGxvYWRzXC8yMDIwXC8wMVwvYm91dGVpbGxlcy1CZXJsaW5nby1yb3VnZS5qcGciLCJzbGlkZXNob3ciOiJlNDZhODUzIn0%3D\" href='http:\/\/www.terresdangely.com\/wp-content\/uploads\/2020\/01\/bouteilles-Berlingo-rouge.jpg'><img fetchpriority=\"high\" decoding=\"async\" width=\"298\" height=\"300\" src=\"http:\/\/www.terresdangely.com\/wp-content\/uploads\/2020\/01\/bouteilles-Berlingo-rouge-298x300.jpg\" class=\"attachment-medium size-medium\" alt=\"Bouteille Collection Berlingo\" aria-describedby=\"gallery-1-1426\" srcset=\"http:\/\/www.terresdangely.com\/wp-content\/uploads\/2020\/01\/bouteilles-Berlingo-rouge-298x300.jpg 298w, http:\/\/www.terresdangely.com\/wp-content\/uploads\/2020\/01\/bouteilles-Berlingo-rouge-150x150.jpg 150w, http:\/\/www.terresdangely.com\/wp-content\/uploads\/2020\/01\/bouteilles-Berlingo-rouge-768x773.jpg 768w, http:\/\/www.terresdangely.com\/wp-content\/uploads\/2020\/01\/bouteilles-Berlingo-rouge-1018x1024.jpg 1018w\" sizes=\"(max-width: 298px) 100vw, 298px\" \/><\/a>\r\n\t\t\t<\/div>\r\n\t\t\t\t<figcaption class='wp-caption-text gallery-caption' id='gallery-1-1426'>\r\n\t\t\t\tBouteilles en porcelaine Berlingo rouge\r\n\t\t\t\t<\/figcaption><\/figure><figure class='gallery-item'>\r\n\t\t\t<div class='gallery-icon landscape'>\r\n\t\t\t\t<a data-elementor-open-lightbox=\"yes\" data-elementor-lightbox-slideshow=\"e46a853\" data-elementor-lightbox-title=\"bouteilles et gobelets Berlingo2\" data-elementor-lightbox-description=\"Bouteilles en porcelaine Berlingo rouge\" data-e-action-hash=\"#elementor-action%3Aaction%3Dlightbox%26settings%3DeyJpZCI6MTU5MywidXJsIjoiaHR0cDpcL1wvd3d3LnRlcnJlc2RhbmdlbHkuY29tXC93cC1jb250ZW50XC91cGxvYWRzXC8yMDIwXC8wNFwvYm91dGVpbGxlcy1ldC1nb2JlbGV0cy1CZXJsaW5nbzIuanBnIiwic2xpZGVzaG93IjoiZTQ2YTg1MyJ9\" href='http:\/\/www.terresdangely.com\/wp-content\/uploads\/2020\/04\/bouteilles-et-gobelets-Berlingo2.jpg'><img decoding=\"async\" width=\"300\" height=\"300\" src=\"http:\/\/www.terresdangely.com\/wp-content\/uploads\/2020\/04\/bouteilles-et-gobelets-Berlingo2.jpg\" class=\"attachment-medium size-medium\" alt=\"\" srcset=\"http:\/\/www.terresdangely.com\/wp-content\/uploads\/2020\/04\/bouteilles-et-gobelets-Berlingo2.jpg 300w, http:\/\/www.terresdangely.com\/wp-content\/uploads\/2020\/04\/bouteilles-et-gobelets-Berlingo2-150x150.jpg 150w\" sizes=\"(max-width: 300px) 100vw, 300px\" \/><\/a>\r\n\t\t\t<\/div><\/figure><figure class='gallery-item'>\r\n\t\t\t<div class='gallery-icon portrait'>\r\n\t\t\t\t<a data-elementor-open-lightbox=\"yes\" data-elementor-lightbox-slideshow=\"e46a853\" data-elementor-lightbox-title=\"bouteilles Berlingo bleues\" data-elementor-lightbox-description=\"Bouteilles en porcelaine Berlingo rouge\" data-e-action-hash=\"#elementor-action%3Aaction%3Dlightbox%26settings%3DeyJpZCI6MTU5MCwidXJsIjoiaHR0cDpcL1wvd3d3LnRlcnJlc2RhbmdlbHkuY29tXC93cC1jb250ZW50XC91cGxvYWRzXC8yMDIwXC8wNFwvYm91dGVpbGxlcy1CZXJsaW5nby1ibGV1ZXMuanBnIiwic2xpZGVzaG93IjoiZTQ2YTg1MyJ9\" href='http:\/\/www.terresdangely.com\/wp-content\/uploads\/2020\/04\/bouteilles-Berlingo-bleues.jpg'><img decoding=\"async\" width=\"299\" height=\"300\" src=\"http:\/\/www.terresdangely.com\/wp-content\/uploads\/2020\/04\/bouteilles-Berlingo-bleues-299x300.jpg\" class=\"attachment-medium size-medium\" alt=\"\" srcset=\"http:\/\/www.terresdangely.com\/wp-content\/uploads\/2020\/04\/bouteilles-Berlingo-bleues-299x300.jpg 299w, http:\/\/www.terresdangely.com\/wp-content\/uploads\/2020\/04\/bouteilles-Berlingo-bleues-150x150.jpg 150w, http:\/\/www.terresdangely.com\/wp-content\/uploads\/2020\/04\/bouteilles-Berlingo-bleues.jpg 300w\" sizes=\"(max-width: 299px) 100vw, 299px\" \/><\/a>\r\n\t\t\t<\/div><\/figure><figure class='gallery-item'>\r\n\t\t\t<div class='gallery-icon landscape'>\r\n\t\t\t\t<a data-elementor-open-lightbox=\"yes\" data-elementor-lightbox-slideshow=\"e46a853\" data-elementor-lightbox-title=\"Bouteilles  bleues\" data-elementor-lightbox-description=\"Bouteilles bleue - Atelier Terres d&#039;Ang\u00e9ly\" data-e-action-hash=\"#elementor-action%3Aaction%3Dlightbox%26settings%3DeyJpZCI6MjI1LCJ1cmwiOiJodHRwOlwvXC93d3cudGVycmVzZGFuZ2VseS5jb21cL3dwLWNvbnRlbnRcL3VwbG9hZHNcLzIwMTlcLzA0XC8yYm91dGVpbGxlcy1mb3VybWlzLWJsZXVlcy5qcGciLCJzbGlkZXNob3ciOiJlNDZhODUzIn0%3D\" href='http:\/\/www.terresdangely.com\/wp-content\/uploads\/2019\/04\/2bouteilles-fourmis-bleues.jpg'><img loading=\"lazy\" decoding=\"async\" width=\"300\" height=\"300\" src=\"http:\/\/www.terresdangely.com\/wp-content\/uploads\/2019\/04\/2bouteilles-fourmis-bleues-300x300.jpg\" class=\"attachment-medium size-medium\" alt=\"Bouteilles bleue pour huile d&#039;olive, vin,eau ou m\u00eame soliflore\" aria-describedby=\"gallery-1-225\" srcset=\"http:\/\/www.terresdangely.com\/wp-content\/uploads\/2019\/04\/2bouteilles-fourmis-bleues-300x300.jpg 300w, http:\/\/www.terresdangely.com\/wp-content\/uploads\/2019\/04\/2bouteilles-fourmis-bleues-600x598.jpg 600w, http:\/\/www.terresdangely.com\/wp-content\/uploads\/2019\/04\/2bouteilles-fourmis-bleues-150x150.jpg 150w, http:\/\/www.terresdangely.com\/wp-content\/uploads\/2019\/04\/2bouteilles-fourmis-bleues.jpg 768w\" sizes=\"(max-width: 300px) 100vw, 300px\" \/><\/a>\r\n\t\t\t<\/div>\r\n\t\t\t\t<figcaption class='wp-caption-text gallery-caption' id='gallery-1-225'>\r\n\t\t\t\tBouteilles bleues\r\n\t\t\t\t<\/figcaption><\/figure><figure class='gallery-item'>\r\n\t\t\t<div class='gallery-icon landscape'>\r\n\t\t\t\t<a data-elementor-open-lightbox=\"yes\" data-elementor-lightbox-slideshow=\"e46a853\" data-elementor-lightbox-title=\"Bouteillefourmi orange\" data-elementor-lightbox-description=\"Bouteilles bleue - Atelier Terres d&#039;Ang\u00e9ly\" data-e-action-hash=\"#elementor-action%3Aaction%3Dlightbox%26settings%3DeyJpZCI6MTU5MSwidXJsIjoiaHR0cDpcL1wvd3d3LnRlcnJlc2RhbmdlbHkuY29tXC93cC1jb250ZW50XC91cGxvYWRzXC8yMDIwXC8wNFwvQm91dGVpbGxlZm91cm1pLW9yYW5nZS5qcGciLCJzbGlkZXNob3ciOiJlNDZhODUzIn0%3D\" href='http:\/\/www.terresdangely.com\/wp-content\/uploads\/2020\/04\/Bouteillefourmi-orange.jpg'><img loading=\"lazy\" decoding=\"async\" width=\"300\" height=\"300\" src=\"http:\/\/www.terresdangely.com\/wp-content\/uploads\/2020\/04\/Bouteillefourmi-orange.jpg\" class=\"attachment-medium size-medium\" alt=\"\" srcset=\"http:\/\/www.terresdangely.com\/wp-content\/uploads\/2020\/04\/Bouteillefourmi-orange.jpg 300w, http:\/\/www.terresdangely.com\/wp-content\/uploads\/2020\/04\/Bouteillefourmi-orange-150x150.jpg 150w\" sizes=\"(max-width: 300px) 100vw, 300px\" \/><\/a>\r\n\t\t\t<\/div><\/figure><\/div>\n\t\t<\/div>\n\t\t\t\t\t\t<\/div>\n\t\t\t\t<\/div>\n\t\t\t\t\t<\/div>\n\t\t<\/div>\n\t\t\t\t\t<\/div>\n\t\t<\/section>\n\t\t\t\t<section class=\"elementor-section elementor-top-section elementor-element elementor-element-052b2fe elementor-section-boxed elementor-section-height-default elementor-section-height-default\" data-id=\"052b2fe\" data-element_type=\"section\" data-e-type=\"section\">\n\t\t\t\t\t\t<div class=\"elementor-container elementor-column-gap-default\">\n\t\t\t\t\t<div class=\"elementor-column elementor-col-20 elementor-top-column elementor-element elementor-element-7503f52\" data-id=\"7503f52\" data-element_type=\"column\" data-e-type=\"column\">\n\t\t\t<div class=\"elementor-widget-wrap elementor-element-populated\">\n\t\t\t\t\t\t<div class=\"elementor-element elementor-element-6c07c54 elementor-widget elementor-widget-heading\" data-id=\"6c07c54\" data-element_type=\"widget\" data-e-type=\"widget\" data-widget_type=\"heading.default\">\n\t\t\t\t<div class=\"elementor-widget-container\">\n\t\t\t\t\t<h4 class=\"elementor-heading-title elementor-size-default\">Berlingot<\/h4>\t\t\t\t<\/div>\n\t\t\t\t<\/div>\n\t\t\t\t\t<\/div>\n\t\t<\/div>\n\t\t\t\t<div class=\"elementor-column elementor-col-20 elementor-top-column elementor-element elementor-element-ae47b33\" data-id=\"ae47b33\" data-element_type=\"column\" data-e-type=\"column\">\n\t\t\t<div class=\"elementor-widget-wrap elementor-element-populated\">\n\t\t\t\t\t\t<div class=\"elementor-element elementor-element-6b2251f elementor-widget elementor-widget-heading\" data-id=\"6b2251f\" data-element_type=\"widget\" data-e-type=\"widget\" data-widget_type=\"heading.default\">\n\t\t\t\t<div class=\"elementor-widget-container\">\n\t\t\t\t\t<h4 class=\"elementor-heading-title elementor-size-default\">Berlingot<\/h4>\t\t\t\t<\/div>\n\t\t\t\t<\/div>\n\t\t\t\t\t<\/div>\n\t\t<\/div>\n\t\t\t\t<div class=\"elementor-column elementor-col-20 elementor-top-column elementor-element elementor-element-2422a41\" data-id=\"2422a41\" data-element_type=\"column\" data-e-type=\"column\">\n\t\t\t<div class=\"elementor-widget-wrap elementor-element-populated\">\n\t\t\t\t\t\t<div class=\"elementor-element elementor-element-1d3fdc5 elementor-widget elementor-widget-heading\" data-id=\"1d3fdc5\" data-element_type=\"widget\" data-e-type=\"widget\" data-widget_type=\"heading.default\">\n\t\t\t\t<div class=\"elementor-widget-container\">\n\t\t\t\t\t<h4 class=\"elementor-heading-title elementor-size-default\">Berlingot\u200b<\/h4>\t\t\t\t<\/div>\n\t\t\t\t<\/div>\n\t\t\t\t\t<\/div>\n\t\t<\/div>\n\t\t\t\t<div class=\"elementor-column elementor-col-20 elementor-top-column elementor-element elementor-element-90cf585\" data-id=\"90cf585\" data-element_type=\"column\" data-e-type=\"column\">\n\t\t\t<div class=\"elementor-widget-wrap elementor-element-populated\">\n\t\t\t\t\t\t<div class=\"elementor-element elementor-element-f0f4d53 elementor-widget elementor-widget-heading\" data-id=\"f0f4d53\" data-element_type=\"widget\" data-e-type=\"widget\" data-widget_type=\"heading.default\">\n\t\t\t\t<div class=\"elementor-widget-container\">\n\t\t\t\t\t<h4 class=\"elementor-heading-title elementor-size-default\">Fourmis<\/h4>\t\t\t\t<\/div>\n\t\t\t\t<\/div>\n\t\t\t\t\t<\/div>\n\t\t<\/div>\n\t\t\t\t<div class=\"elementor-column elementor-col-20 elementor-top-column elementor-element elementor-element-3da7fc8\" data-id=\"3da7fc8\" data-element_type=\"column\" data-e-type=\"column\">\n\t\t\t<div class=\"elementor-widget-wrap elementor-element-populated\">\n\t\t\t\t\t\t<div class=\"elementor-element elementor-element-8e68078 elementor-widget elementor-widget-heading\" data-id=\"8e68078\" data-element_type=\"widget\" data-e-type=\"widget\" data-widget_type=\"heading.default\">\n\t\t\t\t<div class=\"elementor-widget-container\">\n\t\t\t\t\t<h4 class=\"elementor-heading-title elementor-size-default\">Fourmis<\/h4>\t\t\t\t<\/div>\n\t\t\t\t<\/div>\n\t\t\t\t\t<\/div>\n\t\t<\/div>\n\t\t\t\t\t<\/div>\n\t\t<\/section>\n\t\t\t\t<section class=\"elementor-section elementor-top-section elementor-element elementor-element-54be1ac elementor-section-boxed elementor-section-height-default elementor-section-height-default\" data-id=\"54be1ac\" data-element_type=\"section\" data-e-type=\"section\">\n\t\t\t\t\t\t<div class=\"elementor-container elementor-column-gap-default\">\n\t\t\t\t\t<div class=\"elementor-column elementor-col-100 elementor-top-column elementor-element elementor-element-a3480e9\" data-id=\"a3480e9\" data-element_type=\"column\" data-e-type=\"column\">\n\t\t\t<div class=\"elementor-widget-wrap elementor-element-populated\">\n\t\t\t\t\t\t<div class=\"elementor-element elementor-element-f91a3d9 elementor-widget elementor-widget-text-editor\" data-id=\"f91a3d9\" data-element_type=\"widget\" data-e-type=\"widget\" data-widget_type=\"text-editor.default\">\n\t\t\t\t<div class=\"elementor-widget-container\">\n\t\t\t\t\t\t\t\t\t<p>Elles existent en 3 tailles et dix <a href=\"http:\/\/www.terresdangely.com\/en\/isabelle-nadeau-atelier-terres-dangely\/\">couleurs<\/a> et sont fournies avec un bouchon en li\u00e8ge et dessus porcelaine.<\/p><p>L\u2019ensemble de ses pi\u00e8ces est <a href=\"http:\/\/www.terresdangely.com\/en\/atelier-de-ceramique-contemporaine-charente-maritime\/\">fa\u00e7onn\u00e9 \u00e0 la main<\/a> avec la technique du tournage ou du coulage. De m\u00eame, la d\u00e9coration est r\u00e9alis\u00e9e de mani\u00e8re unique pour chaque pi\u00e8ce. Le temps de fabrication est de 1 mois en comptant les temps de s\u00e9chage.<\/p>\t\t\t\t\t\t\t\t<\/div>\n\t\t\t\t<\/div>\n\t\t\t\t\t<\/div>\n\t\t<\/div>\n\t\t\t\t\t<\/div>\n\t\t<\/section>\n\t\t\t\t<\/div>","protected":false},"excerpt":{"rendered":"<p>De la couleur sur la table ! Les bouteilles en porcelaine sont surtout utilis\u00e9es comme carafe pour l&rsquo;eau mais aussi pour l&rsquo;huile\u00a0 ou encore pour le vin ! De quoi mettre de la couleur sur votre table et un peu d&rsquo;originalit\u00e9. \u00a0Un univers bien marqu\u00e9 avec la pr\u00e9sence des petites fourmis qui grimpent le long <a class=\"read-more\" href=\"http:\/\/www.terresdangely.com\/en\/bouteilles-en-porcelaine-utilitaire-et-decoratives-faites-a-la-main\/\">Read More<\/a><\/p>","protected":false},"author":1,"featured_media":0,"parent":0,"menu_order":0,"comment_status":"closed","ping_status":"closed","template":"","meta":{"footnotes":""},"class_list":["post-69","page","type-page","status-publish","hentry"],"yoast_head":"<!-- This site is optimized with the Yoast SEO plugin v27.4 - https:\/\/yoast.com\/product\/yoast-seo-wordpress\/ -->\n<title>Bouteilles en porcelaine utilitaires, d\u00e9coratives et faites \u00e0 la main<\/title>\n<meta name=\"description\" content=\"Bouteilles en porcelaine utilitaire et d\u00e9corative faite \u00e0 la main. Petite s\u00e9rie d&#039;objets. D\u00e9cors uniques faits \u00e0 la main en c\u00e9ramique\" \/>\n<meta name=\"robots\" content=\"index, follow, max-snippet:-1, max-image-preview:large, max-video-preview:-1\" \/>\n<link rel=\"canonical\" href=\"http:\/\/www.terresdangely.com\/en\/bouteilles-en-porcelaine-utilitaire-et-decoratives-faites-a-la-main\/\" \/>\n<meta property=\"og:locale\" content=\"en_GB\" \/>\n<meta property=\"og:locale:alternate\" content=\"fr_FR\" \/>\n<meta property=\"og:type\" content=\"article\" \/>\n<meta property=\"og:title\" content=\"Bouteilles en porcelaine utilitaires, d\u00e9coratives et faites \u00e0 la main\" \/>\n<meta property=\"og:description\" content=\"Bouteilles en porcelaine utilitaire et d\u00e9corative faite \u00e0 la main. Petite s\u00e9rie d&#039;objets. D\u00e9cors uniques faits \u00e0 la main en c\u00e9ramique\" \/>\n<meta property=\"og:url\" content=\"http:\/\/www.terresdangely.com\/en\/bouteilles-en-porcelaine-utilitaire-et-decoratives-faites-a-la-main\/\" \/>\n<meta property=\"og:site_name\" content=\"Terres d&#039;Ang\u00e9ly\" \/>\n<meta property=\"article:modified_time\" content=\"2020-04-04T15:19:07+00:00\" \/>\n<meta property=\"og:image\" content=\"http:\/\/www.terresdangely.com\/wp-content\/uploads\/2020\/01\/bouteilles-Berlingo-rouge-298x300.jpg\" \/>\n<meta name=\"twitter:card\" content=\"summary_large_image\" \/>\n<meta name=\"twitter:label1\" content=\"Estimated reading time\" \/>\n\t<meta name=\"twitter:data1\" content=\"1 minute\" \/>\n<script type=\"application\/ld+json\" class=\"yoast-schema-graph\">{\"@context\":\"https:\\\/\\\/schema.org\",\"@graph\":[{\"@type\":\"WebPage\",\"@id\":\"http:\\\/\\\/www.terresdangely.com\\\/fr\\\/bouteilles-en-porcelaine-utilitaire-et-decoratives-faites-a-la-main\\\/\",\"url\":\"http:\\\/\\\/www.terresdangely.com\\\/fr\\\/bouteilles-en-porcelaine-utilitaire-et-decoratives-faites-a-la-main\\\/\",\"name\":\"Bouteilles en porcelaine utilitaires, d\u00e9coratives et faites \u00e0 la main\",\"isPartOf\":{\"@id\":\"http:\\\/\\\/www.terresdangely.com\\\/#website\"},\"primaryImageOfPage\":{\"@id\":\"http:\\\/\\\/www.terresdangely.com\\\/fr\\\/bouteilles-en-porcelaine-utilitaire-et-decoratives-faites-a-la-main\\\/#primaryimage\"},\"image\":{\"@id\":\"http:\\\/\\\/www.terresdangely.com\\\/fr\\\/bouteilles-en-porcelaine-utilitaire-et-decoratives-faites-a-la-main\\\/#primaryimage\"},\"thumbnailUrl\":\"http:\\\/\\\/www.terresdangely.com\\\/wp-content\\\/uploads\\\/2020\\\/01\\\/bouteilles-Berlingo-rouge-298x300.jpg\",\"datePublished\":\"2019-04-05T09:49:03+00:00\",\"dateModified\":\"2020-04-04T15:19:07+00:00\",\"description\":\"Bouteilles en porcelaine utilitaire et d\u00e9corative faite \u00e0 la main. Petite s\u00e9rie d'objets. D\u00e9cors uniques faits \u00e0 la main en c\u00e9ramique\",\"breadcrumb\":{\"@id\":\"http:\\\/\\\/www.terresdangely.com\\\/fr\\\/bouteilles-en-porcelaine-utilitaire-et-decoratives-faites-a-la-main\\\/#breadcrumb\"},\"inLanguage\":\"en-GB\",\"potentialAction\":[{\"@type\":\"ReadAction\",\"target\":[\"http:\\\/\\\/www.terresdangely.com\\\/fr\\\/bouteilles-en-porcelaine-utilitaire-et-decoratives-faites-a-la-main\\\/\"]}]},{\"@type\":\"ImageObject\",\"inLanguage\":\"en-GB\",\"@id\":\"http:\\\/\\\/www.terresdangely.com\\\/fr\\\/bouteilles-en-porcelaine-utilitaire-et-decoratives-faites-a-la-main\\\/#primaryimage\",\"url\":\"http:\\\/\\\/www.terresdangely.com\\\/wp-content\\\/uploads\\\/2020\\\/01\\\/bouteilles-Berlingo-rouge-298x300.jpg\",\"contentUrl\":\"http:\\\/\\\/www.terresdangely.com\\\/wp-content\\\/uploads\\\/2020\\\/01\\\/bouteilles-Berlingo-rouge-298x300.jpg\"},{\"@type\":\"BreadcrumbList\",\"@id\":\"http:\\\/\\\/www.terresdangely.com\\\/fr\\\/bouteilles-en-porcelaine-utilitaire-et-decoratives-faites-a-la-main\\\/#breadcrumb\",\"itemListElement\":[{\"@type\":\"ListItem\",\"position\":1,\"name\":\"Accueil\",\"item\":\"http:\\\/\\\/www.terresdangely.com\\\/fr\\\/\"},{\"@type\":\"ListItem\",\"position\":2,\"name\":\"Bouteilles\"}]},{\"@type\":\"WebSite\",\"@id\":\"http:\\\/\\\/www.terresdangely.com\\\/#website\",\"url\":\"http:\\\/\\\/www.terresdangely.com\\\/\",\"name\":\"Terres d'Ang\u00e9ly\",\"description\":\"C\u00e9ramique artisanale\",\"publisher\":{\"@id\":\"http:\\\/\\\/www.terresdangely.com\\\/#organization\"},\"potentialAction\":[{\"@type\":\"SearchAction\",\"target\":{\"@type\":\"EntryPoint\",\"urlTemplate\":\"http:\\\/\\\/www.terresdangely.com\\\/?s={search_term_string}\"},\"query-input\":{\"@type\":\"PropertyValueSpecification\",\"valueRequired\":true,\"valueName\":\"search_term_string\"}}],\"inLanguage\":\"en-GB\"},{\"@type\":\"Organization\",\"@id\":\"http:\\\/\\\/www.terresdangely.com\\\/#organization\",\"name\":\"Terres d'Ang\u00e9ly\",\"url\":\"http:\\\/\\\/www.terresdangely.com\\\/\",\"logo\":{\"@type\":\"ImageObject\",\"inLanguage\":\"en-GB\",\"@id\":\"http:\\\/\\\/www.terresdangely.com\\\/#\\\/schema\\\/logo\\\/image\\\/\",\"url\":\"http:\\\/\\\/www.terresdangely.com\\\/wp-content\\\/uploads\\\/2019\\\/04\\\/Logo-Terres-dAngely-site.png\",\"contentUrl\":\"http:\\\/\\\/www.terresdangely.com\\\/wp-content\\\/uploads\\\/2019\\\/04\\\/Logo-Terres-dAngely-site.png\",\"width\":150,\"height\":149,\"caption\":\"Terres d'Ang\u00e9ly\"},\"image\":{\"@id\":\"http:\\\/\\\/www.terresdangely.com\\\/#\\\/schema\\\/logo\\\/image\\\/\"}}]}<\/script>\n<!-- \/ Yoast SEO plugin. -->","yoast_head_json":{"title":"Bouteilles en porcelaine utilitaires, d\u00e9coratives et faites \u00e0 la main","description":"Bouteilles en porcelaine utilitaire et d\u00e9corative faite \u00e0 la main. Petite s\u00e9rie d'objets. D\u00e9cors uniques faits \u00e0 la main en c\u00e9ramique","robots":{"index":"index","follow":"follow","max-snippet":"max-snippet:-1","max-image-preview":"max-image-preview:large","max-video-preview":"max-video-preview:-1"},"canonical":"http:\/\/www.terresdangely.com\/en\/bouteilles-en-porcelaine-utilitaire-et-decoratives-faites-a-la-main\/","og_locale":"en_GB","og_type":"article","og_title":"Bouteilles en porcelaine utilitaires, d\u00e9coratives et faites \u00e0 la main","og_description":"Bouteilles en porcelaine utilitaire et d\u00e9corative faite \u00e0 la main. Petite s\u00e9rie d'objets. D\u00e9cors uniques faits \u00e0 la main en c\u00e9ramique","og_url":"http:\/\/www.terresdangely.com\/en\/bouteilles-en-porcelaine-utilitaire-et-decoratives-faites-a-la-main\/","og_site_name":"Terres d'Ang\u00e9ly","article_modified_time":"2020-04-04T15:19:07+00:00","og_image":[{"url":"http:\/\/www.terresdangely.com\/wp-content\/uploads\/2020\/01\/bouteilles-Berlingo-rouge-298x300.jpg","type":"","width":"","height":""}],"twitter_card":"summary_large_image","twitter_misc":{"Estimated reading time":"1 minute"},"schema":{"@context":"https:\/\/schema.org","@graph":[{"@type":"WebPage","@id":"http:\/\/www.terresdangely.com\/fr\/bouteilles-en-porcelaine-utilitaire-et-decoratives-faites-a-la-main\/","url":"http:\/\/www.terresdangely.com\/fr\/bouteilles-en-porcelaine-utilitaire-et-decoratives-faites-a-la-main\/","name":"Bouteilles en porcelaine utilitaires, d\u00e9coratives et faites \u00e0 la main","isPartOf":{"@id":"http:\/\/www.terresdangely.com\/#website"},"primaryImageOfPage":{"@id":"http:\/\/www.terresdangely.com\/fr\/bouteilles-en-porcelaine-utilitaire-et-decoratives-faites-a-la-main\/#primaryimage"},"image":{"@id":"http:\/\/www.terresdangely.com\/fr\/bouteilles-en-porcelaine-utilitaire-et-decoratives-faites-a-la-main\/#primaryimage"},"thumbnailUrl":"http:\/\/www.terresdangely.com\/wp-content\/uploads\/2020\/01\/bouteilles-Berlingo-rouge-298x300.jpg","datePublished":"2019-04-05T09:49:03+00:00","dateModified":"2020-04-04T15:19:07+00:00","description":"Bouteilles en porcelaine utilitaire et d\u00e9corative faite \u00e0 la main. Petite s\u00e9rie d'objets. D\u00e9cors uniques faits \u00e0 la main en c\u00e9ramique","breadcrumb":{"@id":"http:\/\/www.terresdangely.com\/fr\/bouteilles-en-porcelaine-utilitaire-et-decoratives-faites-a-la-main\/#breadcrumb"},"inLanguage":"en-GB","potentialAction":[{"@type":"ReadAction","target":["http:\/\/www.terresdangely.com\/fr\/bouteilles-en-porcelaine-utilitaire-et-decoratives-faites-a-la-main\/"]}]},{"@type":"ImageObject","inLanguage":"en-GB","@id":"http:\/\/www.terresdangely.com\/fr\/bouteilles-en-porcelaine-utilitaire-et-decoratives-faites-a-la-main\/#primaryimage","url":"http:\/\/www.terresdangely.com\/wp-content\/uploads\/2020\/01\/bouteilles-Berlingo-rouge-298x300.jpg","contentUrl":"http:\/\/www.terresdangely.com\/wp-content\/uploads\/2020\/01\/bouteilles-Berlingo-rouge-298x300.jpg"},{"@type":"BreadcrumbList","@id":"http:\/\/www.terresdangely.com\/fr\/bouteilles-en-porcelaine-utilitaire-et-decoratives-faites-a-la-main\/#breadcrumb","itemListElement":[{"@type":"ListItem","position":1,"name":"Accueil","item":"http:\/\/www.terresdangely.com\/fr\/"},{"@type":"ListItem","position":2,"name":"Bouteilles"}]},{"@type":"WebSite","@id":"http:\/\/www.terresdangely.com\/#website","url":"http:\/\/www.terresdangely.com\/","name":"Terres d'Ang\u00e9ly","description":"C\u00e9ramique artisanale","publisher":{"@id":"http:\/\/www.terresdangely.com\/#organization"},"potentialAction":[{"@type":"SearchAction","target":{"@type":"EntryPoint","urlTemplate":"http:\/\/www.terresdangely.com\/?s={search_term_string}"},"query-input":{"@type":"PropertyValueSpecification","valueRequired":true,"valueName":"search_term_string"}}],"inLanguage":"en-GB"},{"@type":"Organization","@id":"http:\/\/www.terresdangely.com\/#organization","name":"Terres d'Ang\u00e9ly","url":"http:\/\/www.terresdangely.com\/","logo":{"@type":"ImageObject","inLanguage":"en-GB","@id":"http:\/\/www.terresdangely.com\/#\/schema\/logo\/image\/","url":"http:\/\/www.terresdangely.com\/wp-content\/uploads\/2019\/04\/Logo-Terres-dAngely-site.png","contentUrl":"http:\/\/www.terresdangely.com\/wp-content\/uploads\/2019\/04\/Logo-Terres-dAngely-site.png","width":150,"height":149,"caption":"Terres d'Ang\u00e9ly"},"image":{"@id":"http:\/\/www.terresdangely.com\/#\/schema\/logo\/image\/"}}]}},"_links":{"self":[{"href":"http:\/\/www.terresdangely.com\/en\/wp-json\/wp\/v2\/pages\/69","targetHints":{"allow":["GET"]}}],"collection":[{"href":"http:\/\/www.terresdangely.com\/en\/wp-json\/wp\/v2\/pages"}],"about":[{"href":"http:\/\/www.terresdangely.com\/en\/wp-json\/wp\/v2\/types\/page"}],"author":[{"embeddable":true,"href":"http:\/\/www.terresdangely.com\/en\/wp-json\/wp\/v2\/users\/1"}],"replies":[{"embeddable":true,"href":"http:\/\/www.terresdangely.com\/en\/wp-json\/wp\/v2\/comments?post=69"}],"version-history":[{"count":35,"href":"http:\/\/www.terresdangely.com\/en\/wp-json\/wp\/v2\/pages\/69\/revisions"}],"predecessor-version":[{"id":1675,"href":"http:\/\/www.terresdangely.com\/en\/wp-json\/wp\/v2\/pages\/69\/revisions\/1675"}],"wp:attachment":[{"href":"http:\/\/www.terresdangely.com\/en\/wp-json\/wp\/v2\/media?parent=69"}],"curies":[{"name":"wp","href":"https:\/\/api.w.org\/{rel}","templated":true}]}}