{"id":729,"date":"2019-04-17T16:18:50","date_gmt":"2019-04-17T14:18:50","guid":{"rendered":"http:\/\/www.formations-web1.com\/wpr6\/?page_id=729"},"modified":"2026-03-10T15:39:44","modified_gmt":"2026-03-10T14:39:44","slug":"points-de-vente-ceramiques-ceramic","status":"publish","type":"page","link":"http:\/\/www.terresdangely.com\/en\/points-de-vente-ceramiques-ceramic\/","title":{"rendered":"Retailers"},"content":{"rendered":"<div data-elementor-type=\"wp-post\" data-elementor-id=\"729\" class=\"elementor elementor-729\">\n\t\t\t\t\t\t<section class=\"elementor-section elementor-top-section elementor-element elementor-element-e2da80a elementor-section-boxed elementor-section-height-default elementor-section-height-default\" data-id=\"e2da80a\" data-element_type=\"section\" data-e-type=\"section\">\n\t\t\t\t\t\t<div class=\"elementor-container elementor-column-gap-default\">\n\t\t\t\t\t<div class=\"elementor-column elementor-col-100 elementor-top-column elementor-element elementor-element-17f6db6\" data-id=\"17f6db6\" data-element_type=\"column\" data-e-type=\"column\">\n\t\t\t<div class=\"elementor-widget-wrap elementor-element-populated\">\n\t\t\t\t\t\t<div class=\"elementor-element elementor-element-1eea1ae elementor-widget elementor-widget-text-editor\" data-id=\"1eea1ae\" data-element_type=\"widget\" data-e-type=\"widget\" data-widget_type=\"text-editor.default\">\n\t\t\t\t<div class=\"elementor-widget-container\">\n\t\t\t\t\t\t\t\t\t<p>We can provide you, on request, specifying whether you are an individual or a professional, the price list. <a href=\"http:\/\/www.terresdangely.com\/en\/atelier-terres-dangely\/\">You just have to fill out the contact form<\/a>. Nous acheminons sur toute la France et \u00e0 l&rsquo;\u00e9trangers.<\/p>\t\t\t\t\t\t\t\t<\/div>\n\t\t\t\t<\/div>\n\t\t\t\t<div class=\"elementor-element elementor-element-5fea45d elementor-invisible elementor-widget elementor-widget-accordion\" data-id=\"5fea45d\" data-element_type=\"widget\" data-e-type=\"widget\" data-settings=\"{&quot;_animation&quot;:&quot;slideInLeft&quot;}\" data-widget_type=\"accordion.default\">\n\t\t\t\t<div class=\"elementor-widget-container\">\n\t\t\t\t\t\t\t<div class=\"elementor-accordion\">\n\t\t\t\t\t\t\t<div class=\"elementor-accordion-item\">\n\t\t\t\t\t<div id=\"elementor-tab-title-1001\" class=\"elementor-tab-title\" data-tab=\"1\" role=\"button\" aria-controls=\"elementor-tab-content-1001\" aria-expanded=\"false\">\n\t\t\t\t\t\t\t\t\t\t\t\t\t<span class=\"elementor-accordion-icon elementor-accordion-icon-left\" aria-hidden=\"true\">\n\t\t\t\t\t\t\t\t\t\t\t\t\t\t\t<span class=\"elementor-accordion-icon-closed\"><i class=\"fas fa-plus\"><\/i><\/span>\n\t\t\t\t\t\t\t\t<span class=\"elementor-accordion-icon-opened\"><i class=\"fas fa-minus\"><\/i><\/span>\n\t\t\t\t\t\t\t\t\t\t\t\t\t\t<\/span>\n\t\t\t\t\t\t\t\t\t\t\t\t<a class=\"elementor-accordion-title\" tabindex=\"0\">France<\/a>\n\t\t\t\t\t<\/div>\n\t\t\t\t\t<div id=\"elementor-tab-content-1001\" class=\"elementor-tab-content elementor-clearfix\" data-tab=\"1\" role=\"region\" aria-labelledby=\"elementor-tab-title-1001\"><ul>\n<li style=\"list-style-type: none;\">\n<ul>\n<li>At the studio, 12 avenue du G\u00e9n\u00e9ral de Gaulle, 17400 Saint Jean d\u2019Ang\u00e9ly<\/li>\n<li>Chap&rsquo;ti D\u00e9co, 2 Bd Thiers, 17 200 Royan, <a href=\"https:\/\/chaptideco.fr\" target=\"_blank\">https:\/\/chaptideco.fr<\/a><\/li>\n<li>Le comptoir des cr\u00e9ateurs, <span dir=\"auto\" style=\"--fontSize: 15px; --lineHeight: 19.5762px; --8dd7yt: -0.2385em; --hxtmnb: -0.3615em;\">2 rue St Nizier, 71000 M\u00e2con, <\/span><a href=\"https:\/\/www.facebook.com\/lecomptoirdescreateurscorinneh\" target=\"_blank\">https:\/\/www.facebook.com\/lecomptoirdescreateurscorinneh<\/a><\/li>\n<li>Le Petit Bocal, <span dir=\"auto\">2 bis rue du rempart, 79000 Niort, <\/span><a href=\"https:\/\/www.facebook.com\/latelierdubocal\" target=\"_blank\" rel=\"noopener\">https:\/\/www.facebook.com\/latelierdubocal<\/a><\/li>\n<li>Matuvu, 6 Rue de l&rsquo;Autremont, 79510 Coulon, <a href=\"https:\/\/www.facebook.com\/Matuvu-boutique-398978114020623\">https:\/\/www.facebook.com\/Matuvu-boutique<\/a><\/li>\n<li>Maryc\u00ebs, 33 rue Victor Hugo, 17100 Saintes, <a href=\"https:\/\/www.facebook.com\/MarycesSaintes\">https:\/\/www.facebook.com\/MarycesSaintes<\/a><\/li>\n<li>Melting Pot, 56 rue de la R\u00e9publique, 17300 Rochefort, <a href=\"https:\/\/www.facebook.com\/meltingpotrochefort\">https:\/\/www.facebook.com\/meltingpotrochefort<\/a><\/li>\n<li>Sp\u00e9cimen, 11 rue du Mirail, 33000 Bordeaux, <a href=\"https:\/\/collectifspecimen.wixsite.com\/specimen\" target=\"_blank\" rel=\"noopener\">https:\/\/collectifspecimen.wixsite.com\/specimen<\/a><\/li>\n<li>Magasin Respiro, 39 rue Paul Chenavard, 69001 Lyon, <a href=\"https:\/\/www.mon-respiro.com\/\" target=\"_blank\" rel=\"noopener\">https:\/\/www.mon-respiro.com\/<\/a><\/li>\n<li>Magasin Respiro, 16 rue Saint Merri- 75004 Paris, <a href=\"https:\/\/www.instagram.com\/mon_respiro\/\" target=\"_blank\" rel=\"noopener\">https:\/\/www.instagram.com\/mon_respiro\/<\/a><\/li>\n<li>Moineaux and co, 33 rue Max Jacob, 29000 Quimper, <a href=\"http:\/\/www.moineauxandco.fr\" target=\"_blank\" rel=\"noopener\">www.moineauxandco.fr<\/a><\/li>\n\n<\/ul>\n<\/li>\n<\/ul>\n<ul>\n<li style=\"list-style-type: none;\">\n<p><br><\/p>\n<\/li>\n<\/ul>\n<div>&nbsp;<\/div>\n<div style=\"padding-left: 40px;\">&nbsp;<\/div><\/div>\n\t\t\t\t<\/div>\n\t\t\t\t\t\t\t<div class=\"elementor-accordion-item\">\n\t\t\t\t\t<div id=\"elementor-tab-title-1002\" class=\"elementor-tab-title\" data-tab=\"2\" role=\"button\" aria-controls=\"elementor-tab-content-1002\" aria-expanded=\"false\">\n\t\t\t\t\t\t\t\t\t\t\t\t\t<span class=\"elementor-accordion-icon elementor-accordion-icon-left\" aria-hidden=\"true\">\n\t\t\t\t\t\t\t\t\t\t\t\t\t\t\t<span class=\"elementor-accordion-icon-closed\"><i class=\"fas fa-plus\"><\/i><\/span>\n\t\t\t\t\t\t\t\t<span class=\"elementor-accordion-icon-opened\"><i class=\"fas fa-minus\"><\/i><\/span>\n\t\t\t\t\t\t\t\t\t\t\t\t\t\t<\/span>\n\t\t\t\t\t\t\t\t\t\t\t\t<a class=\"elementor-accordion-title\" tabindex=\"0\">International<\/a>\n\t\t\t\t\t<\/div>\n\t\t\t\t\t<div id=\"elementor-tab-content-1002\" class=\"elementor-tab-content elementor-clearfix\" data-tab=\"2\" role=\"region\" aria-labelledby=\"elementor-tab-title-1002\"><ul><li>Paris Underground, 520 East Durant#206 Aspen, Colorado 81611, USA<\/li><li>La Bottega Color Canella, via Cesare Laurenti, 36,38, 01122 Roma, Italie<\/li><li>WS decogroup, Yonglon Building 6F, 1298, Middle Huaihai road, Shanghai, Chine<\/li><li>Bulthaup, Design Gallery, Bolshaya Konjushennaya, 2, 191186 Saint Petersbourg, Russie<\/li><li>Crickhowell Post Office, 9 Beaufort Street, Crickhowell, Wales, Grande Bretagne<\/li><li>EPI, ch de la Pallanterie 10, 1252 Meinier, Suisse<\/li><li>Sel et poivre, VOGUE SAL, Centre SOFIL, PO BOX: 175-070, Beirut, Lebanon<\/li><\/ul><\/div>\n\t\t\t\t<\/div>\n\t\t\t\t\t\t\t\t<\/div>\n\t\t\t\t\t\t<\/div>\n\t\t\t\t<\/div>\n\t\t\t\t\t<\/div>\n\t\t<\/div>\n\t\t\t\t\t<\/div>\n\t\t<\/section>\n\t\t\t\t<section class=\"elementor-section elementor-top-section elementor-element elementor-element-1b8d9ed elementor-section-boxed elementor-section-height-default elementor-section-height-default\" data-id=\"1b8d9ed\" data-element_type=\"section\" data-e-type=\"section\">\n\t\t\t\t\t\t<div class=\"elementor-container elementor-column-gap-default\">\n\t\t\t\t\t<div class=\"elementor-column elementor-col-100 elementor-top-column elementor-element elementor-element-c4ec5ec\" data-id=\"c4ec5ec\" data-element_type=\"column\" data-e-type=\"column\">\n\t\t\t<div class=\"elementor-widget-wrap\">\n\t\t\t\t\t\t\t<\/div>\n\t\t<\/div>\n\t\t\t\t\t<\/div>\n\t\t<\/section>\n\t\t\t\t<\/div>","protected":false},"excerpt":{"rendered":"<p>Nous pouvons vous fournir sur demande, en sp\u00e9cifiant si vous \u00eates un particulier ou un professionnel,\u00a0 le catalogue des prix en remplissant le formulaire contact. Nous acheminons sur toute la France et \u00e0 l&rsquo;\u00e9trangers. France Sur place, \u00e0 l&rsquo;atelier, 12 avenue du G\u00e9n\u00e9ral de Gaulle, 17400 Saint Jean d&rsquo;Ang\u00e9ly 36 quai des arts, 36 rue <a class=\"read-more\" href=\"http:\/\/www.terresdangely.com\/en\/points-de-vente-ceramiques-ceramic\/\">Read More<\/a><\/p>","protected":false},"author":1,"featured_media":0,"parent":0,"menu_order":0,"comment_status":"closed","ping_status":"closed","template":"","meta":{"footnotes":""},"class_list":["post-729","page","type-page","status-publish","hentry"],"yoast_head":"<!-- This site is optimized with the Yoast SEO plugin v27.3 - https:\/\/yoast.com\/product\/yoast-seo-wordpress\/ -->\n<title>Points de vente c\u00e9ramique, ceramic, poterie, porcelaine, m\u00e9tiers d&#039;art<\/title>\n<meta name=\"description\" content=\"Points de vente c\u00e9ramique, ceramic, poterie, porcelaine, m\u00e9tiers d&#039;art, craft, fait main, hand made, artisanat d&#039;art, utilitaires et d\u00e9coratifs\" \/>\n<meta name=\"robots\" content=\"index, follow, max-snippet:-1, max-image-preview:large, max-video-preview:-1\" \/>\n<link rel=\"canonical\" href=\"http:\/\/www.terresdangely.com\/en\/fr\/points-de-vente-ceramiques-ceramic\/\" \/>\n<meta property=\"og:locale\" content=\"en_GB\" \/>\n<meta property=\"og:locale:alternate\" content=\"fr_FR\" \/>\n<meta property=\"og:type\" content=\"article\" \/>\n<meta property=\"og:title\" content=\"Points de vente c\u00e9ramique, ceramic, poterie, porcelaine, m\u00e9tiers d&#039;art\" \/>\n<meta property=\"og:description\" content=\"Points de vente c\u00e9ramique, ceramic, poterie, porcelaine, m\u00e9tiers d&#039;art, craft, fait main, hand made, artisanat d&#039;art, utilitaires et d\u00e9coratifs\" \/>\n<meta property=\"og:url\" content=\"http:\/\/www.terresdangely.com\/en\/points-de-vente-ceramiques-ceramic\/\" \/>\n<meta property=\"og:site_name\" content=\"Terres d&#039;Ang\u00e9ly\" \/>\n<meta property=\"article:modified_time\" content=\"2026-03-10T14:39:44+00:00\" \/>\n<meta name=\"twitter:card\" content=\"summary_large_image\" \/>\n<meta name=\"twitter:label1\" content=\"Estimated reading time\" \/>\n\t<meta name=\"twitter:data1\" content=\"2 minutes\" \/>\n<script type=\"application\/ld+json\" class=\"yoast-schema-graph\">{\"@context\":\"https:\\\/\\\/schema.org\",\"@graph\":[{\"@type\":\"WebPage\",\"@id\":\"http:\\\/\\\/www.terresdangely.com\\\/fr\\\/fr\\\/points-de-vente-ceramiques-ceramic\\\/\",\"url\":\"http:\\\/\\\/www.terresdangely.com\\\/fr\\\/fr\\\/points-de-vente-ceramiques-ceramic\\\/\",\"name\":\"Points de vente c\u00e9ramique, ceramic, poterie, porcelaine, m\u00e9tiers d'art\",\"isPartOf\":{\"@id\":\"http:\\\/\\\/www.terresdangely.com\\\/#website\"},\"datePublished\":\"2019-04-17T14:18:50+00:00\",\"dateModified\":\"2026-03-10T14:39:44+00:00\",\"description\":\"Points de vente c\u00e9ramique, ceramic, poterie, porcelaine, m\u00e9tiers d'art, craft, fait main, hand made, artisanat d'art, utilitaires et d\u00e9coratifs\",\"breadcrumb\":{\"@id\":\"http:\\\/\\\/www.terresdangely.com\\\/fr\\\/fr\\\/points-de-vente-ceramiques-ceramic\\\/#breadcrumb\"},\"inLanguage\":\"en-GB\",\"potentialAction\":[{\"@type\":\"ReadAction\",\"target\":[\"http:\\\/\\\/www.terresdangely.com\\\/fr\\\/fr\\\/points-de-vente-ceramiques-ceramic\\\/\"]}]},{\"@type\":\"BreadcrumbList\",\"@id\":\"http:\\\/\\\/www.terresdangely.com\\\/fr\\\/fr\\\/points-de-vente-ceramiques-ceramic\\\/#breadcrumb\",\"itemListElement\":[{\"@type\":\"ListItem\",\"position\":1,\"name\":\"Accueil\",\"item\":\"http:\\\/\\\/www.terresdangely.com\\\/fr\\\/\"},{\"@type\":\"ListItem\",\"position\":2,\"name\":\"Points de vente\"}]},{\"@type\":\"WebSite\",\"@id\":\"http:\\\/\\\/www.terresdangely.com\\\/#website\",\"url\":\"http:\\\/\\\/www.terresdangely.com\\\/\",\"name\":\"Terres d'Ang\u00e9ly\",\"description\":\"C\u00e9ramique artisanale\",\"publisher\":{\"@id\":\"http:\\\/\\\/www.terresdangely.com\\\/#organization\"},\"potentialAction\":[{\"@type\":\"SearchAction\",\"target\":{\"@type\":\"EntryPoint\",\"urlTemplate\":\"http:\\\/\\\/www.terresdangely.com\\\/?s={search_term_string}\"},\"query-input\":{\"@type\":\"PropertyValueSpecification\",\"valueRequired\":true,\"valueName\":\"search_term_string\"}}],\"inLanguage\":\"en-GB\"},{\"@type\":\"Organization\",\"@id\":\"http:\\\/\\\/www.terresdangely.com\\\/#organization\",\"name\":\"Terres d'Ang\u00e9ly\",\"url\":\"http:\\\/\\\/www.terresdangely.com\\\/\",\"logo\":{\"@type\":\"ImageObject\",\"inLanguage\":\"en-GB\",\"@id\":\"http:\\\/\\\/www.terresdangely.com\\\/#\\\/schema\\\/logo\\\/image\\\/\",\"url\":\"http:\\\/\\\/www.terresdangely.com\\\/wp-content\\\/uploads\\\/2019\\\/04\\\/Logo-Terres-dAngely-site.png\",\"contentUrl\":\"http:\\\/\\\/www.terresdangely.com\\\/wp-content\\\/uploads\\\/2019\\\/04\\\/Logo-Terres-dAngely-site.png\",\"width\":150,\"height\":149,\"caption\":\"Terres d'Ang\u00e9ly\"},\"image\":{\"@id\":\"http:\\\/\\\/www.terresdangely.com\\\/#\\\/schema\\\/logo\\\/image\\\/\"}}]}<\/script>\n<!-- \/ Yoast SEO plugin. -->","yoast_head_json":{"title":"Points de vente c\u00e9ramique, ceramic, poterie, porcelaine, m\u00e9tiers d'art","description":"Points de vente c\u00e9ramique, ceramic, poterie, porcelaine, m\u00e9tiers d'art, craft, fait main, hand made, artisanat d'art, utilitaires et d\u00e9coratifs","robots":{"index":"index","follow":"follow","max-snippet":"max-snippet:-1","max-image-preview":"max-image-preview:large","max-video-preview":"max-video-preview:-1"},"canonical":"http:\/\/www.terresdangely.com\/en\/fr\/points-de-vente-ceramiques-ceramic\/","og_locale":"en_GB","og_type":"article","og_title":"Points de vente c\u00e9ramique, ceramic, poterie, porcelaine, m\u00e9tiers d'art","og_description":"Points de vente c\u00e9ramique, ceramic, poterie, porcelaine, m\u00e9tiers d'art, craft, fait main, hand made, artisanat d'art, utilitaires et d\u00e9coratifs","og_url":"http:\/\/www.terresdangely.com\/en\/points-de-vente-ceramiques-ceramic\/","og_site_name":"Terres d'Ang\u00e9ly","article_modified_time":"2026-03-10T14:39:44+00:00","twitter_card":"summary_large_image","twitter_misc":{"Estimated reading time":"2 minutes"},"schema":{"@context":"https:\/\/schema.org","@graph":[{"@type":"WebPage","@id":"http:\/\/www.terresdangely.com\/fr\/fr\/points-de-vente-ceramiques-ceramic\/","url":"http:\/\/www.terresdangely.com\/fr\/fr\/points-de-vente-ceramiques-ceramic\/","name":"Points de vente c\u00e9ramique, ceramic, poterie, porcelaine, m\u00e9tiers d'art","isPartOf":{"@id":"http:\/\/www.terresdangely.com\/#website"},"datePublished":"2019-04-17T14:18:50+00:00","dateModified":"2026-03-10T14:39:44+00:00","description":"Points de vente c\u00e9ramique, ceramic, poterie, porcelaine, m\u00e9tiers d'art, craft, fait main, hand made, artisanat d'art, utilitaires et d\u00e9coratifs","breadcrumb":{"@id":"http:\/\/www.terresdangely.com\/fr\/fr\/points-de-vente-ceramiques-ceramic\/#breadcrumb"},"inLanguage":"en-GB","potentialAction":[{"@type":"ReadAction","target":["http:\/\/www.terresdangely.com\/fr\/fr\/points-de-vente-ceramiques-ceramic\/"]}]},{"@type":"BreadcrumbList","@id":"http:\/\/www.terresdangely.com\/fr\/fr\/points-de-vente-ceramiques-ceramic\/#breadcrumb","itemListElement":[{"@type":"ListItem","position":1,"name":"Accueil","item":"http:\/\/www.terresdangely.com\/fr\/"},{"@type":"ListItem","position":2,"name":"Points de vente"}]},{"@type":"WebSite","@id":"http:\/\/www.terresdangely.com\/#website","url":"http:\/\/www.terresdangely.com\/","name":"Terres d'Ang\u00e9ly","description":"C\u00e9ramique artisanale","publisher":{"@id":"http:\/\/www.terresdangely.com\/#organization"},"potentialAction":[{"@type":"SearchAction","target":{"@type":"EntryPoint","urlTemplate":"http:\/\/www.terresdangely.com\/?s={search_term_string}"},"query-input":{"@type":"PropertyValueSpecification","valueRequired":true,"valueName":"search_term_string"}}],"inLanguage":"en-GB"},{"@type":"Organization","@id":"http:\/\/www.terresdangely.com\/#organization","name":"Terres d'Ang\u00e9ly","url":"http:\/\/www.terresdangely.com\/","logo":{"@type":"ImageObject","inLanguage":"en-GB","@id":"http:\/\/www.terresdangely.com\/#\/schema\/logo\/image\/","url":"http:\/\/www.terresdangely.com\/wp-content\/uploads\/2019\/04\/Logo-Terres-dAngely-site.png","contentUrl":"http:\/\/www.terresdangely.com\/wp-content\/uploads\/2019\/04\/Logo-Terres-dAngely-site.png","width":150,"height":149,"caption":"Terres d'Ang\u00e9ly"},"image":{"@id":"http:\/\/www.terresdangely.com\/#\/schema\/logo\/image\/"}}]}},"_links":{"self":[{"href":"http:\/\/www.terresdangely.com\/en\/wp-json\/wp\/v2\/pages\/729","targetHints":{"allow":["GET"]}}],"collection":[{"href":"http:\/\/www.terresdangely.com\/en\/wp-json\/wp\/v2\/pages"}],"about":[{"href":"http:\/\/www.terresdangely.com\/en\/wp-json\/wp\/v2\/types\/page"}],"author":[{"embeddable":true,"href":"http:\/\/www.terresdangely.com\/en\/wp-json\/wp\/v2\/users\/1"}],"replies":[{"embeddable":true,"href":"http:\/\/www.terresdangely.com\/en\/wp-json\/wp\/v2\/comments?post=729"}],"version-history":[{"count":147,"href":"http:\/\/www.terresdangely.com\/en\/wp-json\/wp\/v2\/pages\/729\/revisions"}],"predecessor-version":[{"id":3909,"href":"http:\/\/www.terresdangely.com\/en\/wp-json\/wp\/v2\/pages\/729\/revisions\/3909"}],"wp:attachment":[{"href":"http:\/\/www.terresdangely.com\/en\/wp-json\/wp\/v2\/media?parent=729"}],"curies":[{"name":"wp","href":"https:\/\/api.w.org\/{rel}","templated":true}]}}