{"id":143,"date":"2019-04-05T14:56:07","date_gmt":"2019-04-05T12:56:07","guid":{"rendered":"http:\/\/www.formations-web1.com\/wpr6\/?page_id=143"},"modified":"2023-08-12T16:04:16","modified_gmt":"2023-08-12T14:04:16","slug":"atelier-terres-dangely","status":"publish","type":"page","link":"http:\/\/www.terresdangely.com\/fr\/atelier-terres-dangely\/","title":{"rendered":"Contact"},"content":{"rendered":"\t\t<div data-elementor-type=\"wp-post\" data-elementor-id=\"143\" class=\"elementor elementor-143\">\n\t\t\t\t\t\t<section class=\"elementor-section elementor-top-section elementor-element elementor-element-a1a6838 elementor-section-boxed elementor-section-height-default elementor-section-height-default\" data-id=\"a1a6838\" data-element_type=\"section\" data-e-type=\"section\">\n\t\t\t\t\t\t<div class=\"elementor-container elementor-column-gap-default\">\n\t\t\t\t\t<div class=\"elementor-column elementor-col-100 elementor-top-column elementor-element elementor-element-9f39b8e\" data-id=\"9f39b8e\" data-element_type=\"column\" data-e-type=\"column\">\n\t\t\t<div class=\"elementor-widget-wrap elementor-element-populated\">\n\t\t\t\t\t\t<div class=\"elementor-element elementor-element-53a3ad0 elementor-widget elementor-widget-heading\" data-id=\"53a3ad0\" data-element_type=\"widget\" data-e-type=\"widget\" data-widget_type=\"heading.default\">\n\t\t\t\t<div class=\"elementor-widget-container\">\n\t\t\t\t\t<h1 class=\"elementor-heading-title elementor-size-default\">Comment nous contacter ?<\/h1>\t\t\t\t<\/div>\n\t\t\t\t<\/div>\n\t\t\t\t<div class=\"elementor-element elementor-element-5853020 elementor-widget elementor-widget-image\" data-id=\"5853020\" data-element_type=\"widget\" data-e-type=\"widget\" data-widget_type=\"image.default\">\n\t\t\t\t<div class=\"elementor-widget-container\">\n\t\t\t\t\t\t\t\t\t\t\t\t\t\t\t<img fetchpriority=\"high\" decoding=\"async\" width=\"1596\" height=\"504\" src=\"http:\/\/www.terresdangely.com\/wp-content\/uploads\/2019\/04\/vitrine-boutique.jpg\" class=\"attachment-full size-full wp-image-194\" alt=\"Atelier Terres d&#039;Ang\u00e9ly\" srcset=\"http:\/\/www.terresdangely.com\/wp-content\/uploads\/2019\/04\/vitrine-boutique.jpg 1596w, http:\/\/www.terresdangely.com\/wp-content\/uploads\/2019\/04\/vitrine-boutique-600x189.jpg 600w, http:\/\/www.terresdangely.com\/wp-content\/uploads\/2019\/04\/vitrine-boutique-300x95.jpg 300w, http:\/\/www.terresdangely.com\/wp-content\/uploads\/2019\/04\/vitrine-boutique-768x243.jpg 768w, http:\/\/www.terresdangely.com\/wp-content\/uploads\/2019\/04\/vitrine-boutique-1024x323.jpg 1024w\" sizes=\"(max-width: 1596px) 100vw, 1596px\" \/>\t\t\t\t\t\t\t\t\t\t\t\t\t\t\t<\/div>\n\t\t\t\t<\/div>\n\t\t\t\t<div class=\"elementor-element elementor-element-8cf4c3c elementor-widget elementor-widget-text-editor\" data-id=\"8cf4c3c\" data-element_type=\"widget\" data-e-type=\"widget\" data-widget_type=\"text-editor.default\">\n\t\t\t\t<div class=\"elementor-widget-container\">\n\t\t\t\t\t\t\t\t\t<p style=\"text-align: center;\">N&rsquo;h\u00e9sitez pas \u00e0 remplir le formulaire ci-dessous pour des commandes, des achats, des cours ! R\u00e9ponse rapide dans l&rsquo;heure.<\/p>\t\t\t\t\t\t\t\t<\/div>\n\t\t\t\t<\/div>\n\t\t\t\t<div class=\"elementor-element elementor-element-2e2ef2c elementor-widget elementor-widget-wp-widget-wpforms-widget\" data-id=\"2e2ef2c\" data-element_type=\"widget\" data-e-type=\"widget\" data-widget_type=\"wp-widget-wpforms-widget.default\">\n\t\t\t\t<div class=\"elementor-widget-container\">\n\t\t\t\t\t<h5>Formulaire de contact :<\/h5><div class=\"wpforms-container wpforms-container-full\" id=\"wpforms-147\"><form id=\"wpforms-form-147\" class=\"wpforms-validate wpforms-form\" data-formid=\"147\" method=\"post\" enctype=\"multipart\/form-data\" action=\"\/fr\/wp-json\/wp\/v2\/pages\/143\" data-token=\"1ab22491e28acef27d73edf22673a4fd\" data-token-time=\"1777374432\"><noscript class=\"wpforms-error-noscript\">Veuillez activer JavaScript dans votre navigateur pour remplir ce formulaire.<\/noscript><div class=\"wpforms-field-container\"><div id=\"wpforms-147-field_1-container\" class=\"wpforms-field wpforms-field-text wpforms-one-third wpforms-first\" data-field-id=\"1\"><label class=\"wpforms-field-label wpforms-label-hide\" for=\"wpforms-147-field_1\">Nom <span class=\"wpforms-required-label\">*<\/span><\/label><input type=\"text\" id=\"wpforms-147-field_1\" class=\"wpforms-field-medium wpforms-field-required\" name=\"wpforms[fields][1]\" placeholder=\"Nom\" required><\/div><div id=\"wpforms-147-field_2-container\" class=\"wpforms-field wpforms-field-text wpforms-one-third\" data-field-id=\"2\"><label class=\"wpforms-field-label wpforms-label-hide\" for=\"wpforms-147-field_2\">Pr\u00e9nom<\/label><input type=\"text\" id=\"wpforms-147-field_2\" class=\"wpforms-field-medium\" name=\"wpforms[fields][2]\" placeholder=\"Pr\u00e9nom\" ><\/div><div id=\"wpforms-147-field_3-container\" class=\"wpforms-field wpforms-field-text wpforms-one-third\" data-field-id=\"3\"><label class=\"wpforms-field-label wpforms-label-hide\" for=\"wpforms-147-field_3\">Courriel<\/label><input type=\"text\" id=\"wpforms-147-field_3\" class=\"wpforms-field-medium\" name=\"wpforms[fields][3]\" placeholder=\"Courriel\" ><\/div><div id=\"wpforms-147-field_4-container\" class=\"wpforms-field wpforms-field-select wpforms-field-select-style-classic\" data-field-id=\"4\"><label class=\"wpforms-field-label\" for=\"wpforms-147-field_4\">Type de demande<\/label><select id=\"wpforms-147-field_4\" class=\"wpforms-field-small\" name=\"wpforms[fields][4]\"><option value=\"RDV\"  selected='selected' class=\"choice-1 depth-1\"  >RDV<\/option><option value=\"Cours\"  class=\"choice-2 depth-1\"  >Cours<\/option><option value=\"Vente\"  class=\"choice-3 depth-1\"  >Vente<\/option><\/select><\/div><div id=\"wpforms-147-field_5-container\" class=\"wpforms-field wpforms-field-textarea\" data-field-id=\"5\"><label class=\"wpforms-field-label\" for=\"wpforms-147-field_5\">Votre message<\/label><textarea id=\"wpforms-147-field_5\" class=\"wpforms-field-small\" name=\"wpforms[fields][5]\" ><\/textarea><\/div><div id=\"wpforms-147-field_10-container\" class=\"wpforms-field wpforms-field-email\" data-field-id=\"10\"><label class=\"wpforms-field-label\" for=\"wpforms-147-field_10\">E-mail <span class=\"wpforms-required-label\">*<\/span><\/label><input type=\"email\" id=\"wpforms-147-field_10\" class=\"wpforms-field-medium wpforms-field-required\" name=\"wpforms[fields][10]\" spellcheck=\"false\" required><\/div><div id=\"wpforms-147-field_11-container\" class=\"wpforms-field wpforms-field-name\" data-field-id=\"11\"><label class=\"wpforms-field-label\">Nom <span class=\"wpforms-required-label\">*<\/span><\/label><div class=\"wpforms-field-row wpforms-field-medium\"><div class=\"wpforms-field-row-block wpforms-first wpforms-one-half\"><input type=\"text\" id=\"wpforms-147-field_11\" class=\"wpforms-field-name-first wpforms-field-required\" name=\"wpforms[fields][11][first]\" required><label for=\"wpforms-147-field_11\" class=\"wpforms-field-sublabel after\">Pr\u00e9nom<\/label><\/div><div class=\"wpforms-field-row-block wpforms-one-half\"><input type=\"text\" id=\"wpforms-147-field_11-last\" class=\"wpforms-field-name-last wpforms-field-required\" name=\"wpforms[fields][11][last]\" required><label for=\"wpforms-147-field_11-last\" class=\"wpforms-field-sublabel after\">Nom<\/label><\/div><\/div><\/div><div id=\"wpforms-147-field_13-container\" class=\"wpforms-field wpforms-field-number-slider\" data-field-id=\"13\"><label class=\"wpforms-field-label\" for=\"wpforms-147-field_13\">Curseur de nombres<\/label>\n<input\n\ttype=\"range\"\n\tid=\"wpforms-147-field_13\" class=\"wpforms-field-medium\" name=\"wpforms[fields][13]\" value=\"0\"\t\tmin=\"0\"\n\tmax=\"10\"\n\tstep=\"1\">\n\n<div class=\"wpforms-field-number-slider-hint\"\n\tdata-hint=\"Valeur s\u00e9lectionn\u00e9e : {value}\">\n\tValeur s\u00e9lectionn\u00e9e : <b>0<\/b><\/div>\n<\/div><\/div><!-- .wpforms-field-container --><div class=\"wpforms-field wpforms-field-hp\"><label for=\"wpforms-147-field-hp\" class=\"wpforms-field-label\">Name<\/label><input type=\"text\" name=\"wpforms[hp]\" id=\"wpforms-147-field-hp\" class=\"wpforms-field-medium\"><\/div><div class=\"wpforms-submit-container\" ><input type=\"hidden\" name=\"wpforms[id]\" value=\"147\"><input type=\"hidden\" name=\"page_title\" value=\"\"><input type=\"hidden\" name=\"page_url\" value=\"http:\/\/www.terresdangely.com\/fr\/wp-json\/wp\/v2\/pages\/143\"><input type=\"hidden\" name=\"url_referer\" value=\"\"><button type=\"submit\" name=\"wpforms[submit]\" id=\"wpforms-submit-147\" class=\"wpforms-submit\" data-alt-text=\"En cours d&#039;envoi\" data-submit-text=\"Envoyer\" aria-live=\"assertive\" value=\"wpforms-submit\">Envoyer<\/button><\/div><\/form><\/div>  <!-- .wpforms-container -->\t\t\t\t<\/div>\n\t\t\t\t<\/div>\n\t\t\t\t<section class=\"elementor-section elementor-inner-section elementor-element elementor-element-5c6e74b elementor-section-boxed elementor-section-height-default elementor-section-height-default\" data-id=\"5c6e74b\" data-element_type=\"section\" data-e-type=\"section\">\n\t\t\t\t\t\t<div class=\"elementor-container elementor-column-gap-default\">\n\t\t\t\t\t<div class=\"elementor-column elementor-col-50 elementor-inner-column elementor-element elementor-element-93400dd\" data-id=\"93400dd\" data-element_type=\"column\" data-e-type=\"column\">\n\t\t\t<div class=\"elementor-widget-wrap elementor-element-populated\">\n\t\t\t\t\t\t<div class=\"elementor-element elementor-element-08a5e65 elementor-widget elementor-widget-text-editor\" data-id=\"08a5e65\" data-element_type=\"widget\" data-e-type=\"widget\" data-widget_type=\"text-editor.default\">\n\t\t\t\t<div class=\"elementor-widget-container\">\n\t\t\t\t\t\t\t\t\t<p><b>Horaires d&rsquo;ouverture de la boutique :<\/b><\/p><p>Du mardi au samedi de 14h30 \u00e0 19h00 et le samedi matin de 10h00 \u00e0 12h30<\/p><p>Attention, je suis souvent en d\u00e9placement et la boutique peut \u00eatre ferm\u00e9e aux horaires d&rsquo;ouverture. N&rsquo;h\u00e9sitez pas \u00e0 v\u00e9rifier en m&rsquo;appelant au 06 32 82 59 56<\/p><p><b>Coordonn\u00e9es :<\/b><\/p><p>12 avenue du g\u00e9n\u00e9ral de Gaulle<\/p><p>17400 Saint Jean d&rsquo;Ang\u00e9ly<\/p><p>T\u00e9l.: 0546597122\/0632825956<\/p>\t\t\t\t\t\t\t\t<\/div>\n\t\t\t\t<\/div>\n\t\t\t\t\t<\/div>\n\t\t<\/div>\n\t\t\t\t<div class=\"elementor-column elementor-col-50 elementor-inner-column elementor-element elementor-element-1877b35\" data-id=\"1877b35\" data-element_type=\"column\" data-e-type=\"column\">\n\t\t\t<div class=\"elementor-widget-wrap elementor-element-populated\">\n\t\t\t\t\t\t<div class=\"elementor-element elementor-element-39bc470 elementor-widget elementor-widget-google_maps\" data-id=\"39bc470\" data-element_type=\"widget\" data-e-type=\"widget\" data-settings=\"{&quot;_animation&quot;:&quot;none&quot;}\" data-widget_type=\"google_maps.default\">\n\t\t\t\t<div class=\"elementor-widget-container\">\n\t\t\t\t\t\t\t<div class=\"elementor-custom-embed\">\n\t\t\t<iframe loading=\"lazy\"\n\t\t\t\t\tsrc=\"https:\/\/maps.google.com\/maps?q=12%20avenue%20du%20g%C3%A9n%C3%A9ral%20de%20Gaulle%2017400%20Saint%20Jean%20d%27Ang%C3%A9ly&#038;t=m&#038;z=10&#038;output=embed&#038;iwloc=near\"\n\t\t\t\t\ttitle=\"12 avenue du g\u00e9n\u00e9ral de Gaulle 17400 Saint Jean d&#039;Ang\u00e9ly\"\n\t\t\t\t\taria-label=\"12 avenue du g\u00e9n\u00e9ral de Gaulle 17400 Saint Jean d&#039;Ang\u00e9ly\"\n\t\t\t><\/iframe>\n\t\t<\/div>\n\t\t\t\t\t\t<\/div>\n\t\t\t\t<\/div>\n\t\t\t\t\t<\/div>\n\t\t<\/div>\n\t\t\t\t\t<\/div>\n\t\t<\/section>\n\t\t\t\t\t<\/div>\n\t\t<\/div>\n\t\t\t\t\t<\/div>\n\t\t<\/section>\n\t\t\t\t<\/div>\n\t\t","protected":false},"excerpt":{"rendered":"<p>Comment nous contacter ? N&rsquo;h\u00e9sitez pas \u00e0 remplir le formulaire ci-dessous pour des commandes, des achats, des cours ! R\u00e9ponse rapide dans l&rsquo;heure. Horaires d&rsquo;ouverture de la boutique : Du mardi au samedi de 14h30 \u00e0 19h00 et le samedi matin de 10h00 \u00e0 12h30 Attention, je suis souvent en d\u00e9placement et la boutique peut <a class=\"read-more\" href=\"http:\/\/www.terresdangely.com\/fr\/atelier-terres-dangely\/\">Read More<\/a><\/p>\n","protected":false},"author":1,"featured_media":0,"parent":0,"menu_order":0,"comment_status":"closed","ping_status":"closed","template":"","meta":{"footnotes":""},"class_list":["post-143","page","type-page","status-publish","hentry"],"yoast_head":"<!-- This site is optimized with the Yoast SEO plugin v27.4 - https:\/\/yoast.com\/product\/yoast-seo-wordpress\/ -->\n<title>Atelier Terres d&#039;Ang\u00e9ly - Prenez contact avec nous.<\/title>\n<meta name=\"description\" content=\"Atelier de fabrication d&#039;objets utilitaires et d\u00e9coratifs en porcelaine. Prenez contact avec nous. Atelier Terres d&#039;Ang\u00e9ly\" \/>\n<meta name=\"robots\" content=\"index, follow, max-snippet:-1, max-image-preview:large, max-video-preview:-1\" \/>\n<link rel=\"canonical\" href=\"http:\/\/www.terresdangely.com\/fr\/atelier-terres-dangely\/\" \/>\n<meta property=\"og:locale\" content=\"fr_FR\" \/>\n<meta property=\"og:locale:alternate\" content=\"en_UK\" \/>\n<meta property=\"og:type\" content=\"article\" \/>\n<meta property=\"og:title\" content=\"Atelier Terres d&#039;Ang\u00e9ly - Prenez contact avec nous.\" \/>\n<meta property=\"og:description\" content=\"Atelier de fabrication d&#039;objets utilitaires et d\u00e9coratifs en porcelaine. Prenez contact avec nous. Atelier Terres d&#039;Ang\u00e9ly\" \/>\n<meta property=\"og:url\" content=\"http:\/\/www.terresdangely.com\/fr\/atelier-terres-dangely\/\" \/>\n<meta property=\"og:site_name\" content=\"Terres d&#039;Ang\u00e9ly\" \/>\n<meta property=\"article:modified_time\" content=\"2023-08-12T14:04:16+00:00\" \/>\n<meta property=\"og:image\" content=\"http:\/\/www.terresdangely.com\/wp-content\/uploads\/2019\/04\/vitrine-boutique.jpg\" \/>\n<meta name=\"twitter:card\" content=\"summary_large_image\" \/>\n<meta name=\"twitter:label1\" content=\"Dur\u00e9e de lecture estim\u00e9e\" \/>\n\t<meta name=\"twitter:data1\" content=\"1 minute\" \/>\n<script type=\"application\/ld+json\" class=\"yoast-schema-graph\">{\"@context\":\"https:\\\/\\\/schema.org\",\"@graph\":[{\"@type\":\"WebPage\",\"@id\":\"http:\\\/\\\/www.terresdangely.com\\\/fr\\\/atelier-terres-dangely\\\/\",\"url\":\"http:\\\/\\\/www.terresdangely.com\\\/fr\\\/atelier-terres-dangely\\\/\",\"name\":\"Atelier Terres d'Ang\u00e9ly - Prenez contact avec nous.\",\"isPartOf\":{\"@id\":\"http:\\\/\\\/www.terresdangely.com\\\/#website\"},\"primaryImageOfPage\":{\"@id\":\"http:\\\/\\\/www.terresdangely.com\\\/fr\\\/atelier-terres-dangely\\\/#primaryimage\"},\"image\":{\"@id\":\"http:\\\/\\\/www.terresdangely.com\\\/fr\\\/atelier-terres-dangely\\\/#primaryimage\"},\"thumbnailUrl\":\"http:\\\/\\\/www.terresdangely.com\\\/wp-content\\\/uploads\\\/2019\\\/04\\\/vitrine-boutique.jpg\",\"datePublished\":\"2019-04-05T12:56:07+00:00\",\"dateModified\":\"2023-08-12T14:04:16+00:00\",\"description\":\"Atelier de fabrication d'objets utilitaires et d\u00e9coratifs en porcelaine. Prenez contact avec nous. Atelier Terres d'Ang\u00e9ly\",\"breadcrumb\":{\"@id\":\"http:\\\/\\\/www.terresdangely.com\\\/fr\\\/atelier-terres-dangely\\\/#breadcrumb\"},\"inLanguage\":\"fr-FR\",\"potentialAction\":[{\"@type\":\"ReadAction\",\"target\":[\"http:\\\/\\\/www.terresdangely.com\\\/fr\\\/atelier-terres-dangely\\\/\"]}]},{\"@type\":\"ImageObject\",\"inLanguage\":\"fr-FR\",\"@id\":\"http:\\\/\\\/www.terresdangely.com\\\/fr\\\/atelier-terres-dangely\\\/#primaryimage\",\"url\":\"http:\\\/\\\/www.terresdangely.com\\\/wp-content\\\/uploads\\\/2019\\\/04\\\/vitrine-boutique.jpg\",\"contentUrl\":\"http:\\\/\\\/www.terresdangely.com\\\/wp-content\\\/uploads\\\/2019\\\/04\\\/vitrine-boutique.jpg\"},{\"@type\":\"BreadcrumbList\",\"@id\":\"http:\\\/\\\/www.terresdangely.com\\\/fr\\\/atelier-terres-dangely\\\/#breadcrumb\",\"itemListElement\":[{\"@type\":\"ListItem\",\"position\":1,\"name\":\"Accueil\",\"item\":\"http:\\\/\\\/www.terresdangely.com\\\/fr\\\/\"},{\"@type\":\"ListItem\",\"position\":2,\"name\":\"Contact\"}]},{\"@type\":\"WebSite\",\"@id\":\"http:\\\/\\\/www.terresdangely.com\\\/#website\",\"url\":\"http:\\\/\\\/www.terresdangely.com\\\/\",\"name\":\"Terres d'Ang\u00e9ly\",\"description\":\"C\u00e9ramique artisanale\",\"publisher\":{\"@id\":\"http:\\\/\\\/www.terresdangely.com\\\/#organization\"},\"potentialAction\":[{\"@type\":\"SearchAction\",\"target\":{\"@type\":\"EntryPoint\",\"urlTemplate\":\"http:\\\/\\\/www.terresdangely.com\\\/?s={search_term_string}\"},\"query-input\":{\"@type\":\"PropertyValueSpecification\",\"valueRequired\":true,\"valueName\":\"search_term_string\"}}],\"inLanguage\":\"fr-FR\"},{\"@type\":\"Organization\",\"@id\":\"http:\\\/\\\/www.terresdangely.com\\\/#organization\",\"name\":\"Terres d'Ang\u00e9ly\",\"url\":\"http:\\\/\\\/www.terresdangely.com\\\/\",\"logo\":{\"@type\":\"ImageObject\",\"inLanguage\":\"fr-FR\",\"@id\":\"http:\\\/\\\/www.terresdangely.com\\\/#\\\/schema\\\/logo\\\/image\\\/\",\"url\":\"http:\\\/\\\/www.terresdangely.com\\\/wp-content\\\/uploads\\\/2019\\\/04\\\/Logo-Terres-dAngely-site.png\",\"contentUrl\":\"http:\\\/\\\/www.terresdangely.com\\\/wp-content\\\/uploads\\\/2019\\\/04\\\/Logo-Terres-dAngely-site.png\",\"width\":150,\"height\":149,\"caption\":\"Terres d'Ang\u00e9ly\"},\"image\":{\"@id\":\"http:\\\/\\\/www.terresdangely.com\\\/#\\\/schema\\\/logo\\\/image\\\/\"}}]}<\/script>\n<!-- \/ Yoast SEO plugin. -->","yoast_head_json":{"title":"Atelier Terres d'Ang\u00e9ly - Prenez contact avec nous.","description":"Atelier de fabrication d'objets utilitaires et d\u00e9coratifs en porcelaine. Prenez contact avec nous. Atelier Terres d'Ang\u00e9ly","robots":{"index":"index","follow":"follow","max-snippet":"max-snippet:-1","max-image-preview":"max-image-preview:large","max-video-preview":"max-video-preview:-1"},"canonical":"http:\/\/www.terresdangely.com\/fr\/atelier-terres-dangely\/","og_locale":"fr_FR","og_type":"article","og_title":"Atelier Terres d'Ang\u00e9ly - Prenez contact avec nous.","og_description":"Atelier de fabrication d'objets utilitaires et d\u00e9coratifs en porcelaine. Prenez contact avec nous. Atelier Terres d'Ang\u00e9ly","og_url":"http:\/\/www.terresdangely.com\/fr\/atelier-terres-dangely\/","og_site_name":"Terres d'Ang\u00e9ly","article_modified_time":"2023-08-12T14:04:16+00:00","og_image":[{"url":"http:\/\/www.terresdangely.com\/wp-content\/uploads\/2019\/04\/vitrine-boutique.jpg","type":"","width":"","height":""}],"twitter_card":"summary_large_image","twitter_misc":{"Dur\u00e9e de lecture estim\u00e9e":"1 minute"},"schema":{"@context":"https:\/\/schema.org","@graph":[{"@type":"WebPage","@id":"http:\/\/www.terresdangely.com\/fr\/atelier-terres-dangely\/","url":"http:\/\/www.terresdangely.com\/fr\/atelier-terres-dangely\/","name":"Atelier Terres d'Ang\u00e9ly - Prenez contact avec nous.","isPartOf":{"@id":"http:\/\/www.terresdangely.com\/#website"},"primaryImageOfPage":{"@id":"http:\/\/www.terresdangely.com\/fr\/atelier-terres-dangely\/#primaryimage"},"image":{"@id":"http:\/\/www.terresdangely.com\/fr\/atelier-terres-dangely\/#primaryimage"},"thumbnailUrl":"http:\/\/www.terresdangely.com\/wp-content\/uploads\/2019\/04\/vitrine-boutique.jpg","datePublished":"2019-04-05T12:56:07+00:00","dateModified":"2023-08-12T14:04:16+00:00","description":"Atelier de fabrication d'objets utilitaires et d\u00e9coratifs en porcelaine. Prenez contact avec nous. Atelier Terres d'Ang\u00e9ly","breadcrumb":{"@id":"http:\/\/www.terresdangely.com\/fr\/atelier-terres-dangely\/#breadcrumb"},"inLanguage":"fr-FR","potentialAction":[{"@type":"ReadAction","target":["http:\/\/www.terresdangely.com\/fr\/atelier-terres-dangely\/"]}]},{"@type":"ImageObject","inLanguage":"fr-FR","@id":"http:\/\/www.terresdangely.com\/fr\/atelier-terres-dangely\/#primaryimage","url":"http:\/\/www.terresdangely.com\/wp-content\/uploads\/2019\/04\/vitrine-boutique.jpg","contentUrl":"http:\/\/www.terresdangely.com\/wp-content\/uploads\/2019\/04\/vitrine-boutique.jpg"},{"@type":"BreadcrumbList","@id":"http:\/\/www.terresdangely.com\/fr\/atelier-terres-dangely\/#breadcrumb","itemListElement":[{"@type":"ListItem","position":1,"name":"Accueil","item":"http:\/\/www.terresdangely.com\/fr\/"},{"@type":"ListItem","position":2,"name":"Contact"}]},{"@type":"WebSite","@id":"http:\/\/www.terresdangely.com\/#website","url":"http:\/\/www.terresdangely.com\/","name":"Terres d'Ang\u00e9ly","description":"C\u00e9ramique artisanale","publisher":{"@id":"http:\/\/www.terresdangely.com\/#organization"},"potentialAction":[{"@type":"SearchAction","target":{"@type":"EntryPoint","urlTemplate":"http:\/\/www.terresdangely.com\/?s={search_term_string}"},"query-input":{"@type":"PropertyValueSpecification","valueRequired":true,"valueName":"search_term_string"}}],"inLanguage":"fr-FR"},{"@type":"Organization","@id":"http:\/\/www.terresdangely.com\/#organization","name":"Terres d'Ang\u00e9ly","url":"http:\/\/www.terresdangely.com\/","logo":{"@type":"ImageObject","inLanguage":"fr-FR","@id":"http:\/\/www.terresdangely.com\/#\/schema\/logo\/image\/","url":"http:\/\/www.terresdangely.com\/wp-content\/uploads\/2019\/04\/Logo-Terres-dAngely-site.png","contentUrl":"http:\/\/www.terresdangely.com\/wp-content\/uploads\/2019\/04\/Logo-Terres-dAngely-site.png","width":150,"height":149,"caption":"Terres d'Ang\u00e9ly"},"image":{"@id":"http:\/\/www.terresdangely.com\/#\/schema\/logo\/image\/"}}]}},"_links":{"self":[{"href":"http:\/\/www.terresdangely.com\/fr\/wp-json\/wp\/v2\/pages\/143","targetHints":{"allow":["GET"]}}],"collection":[{"href":"http:\/\/www.terresdangely.com\/fr\/wp-json\/wp\/v2\/pages"}],"about":[{"href":"http:\/\/www.terresdangely.com\/fr\/wp-json\/wp\/v2\/types\/page"}],"author":[{"embeddable":true,"href":"http:\/\/www.terresdangely.com\/fr\/wp-json\/wp\/v2\/users\/1"}],"replies":[{"embeddable":true,"href":"http:\/\/www.terresdangely.com\/fr\/wp-json\/wp\/v2\/comments?post=143"}],"version-history":[{"count":47,"href":"http:\/\/www.terresdangely.com\/fr\/wp-json\/wp\/v2\/pages\/143\/revisions"}],"predecessor-version":[{"id":3178,"href":"http:\/\/www.terresdangely.com\/fr\/wp-json\/wp\/v2\/pages\/143\/revisions\/3178"}],"wp:attachment":[{"href":"http:\/\/www.terresdangely.com\/fr\/wp-json\/wp\/v2\/media?parent=143"}],"curies":[{"name":"wp","href":"https:\/\/api.w.org\/{rel}","templated":true}]}}