{"id":2052,"date":"2021-01-13T15:08:03","date_gmt":"2021-01-13T14:08:03","guid":{"rendered":"http:\/\/www.terresdangely.com\/fr\/?page_id=2052"},"modified":"2025-05-22T12:29:29","modified_gmt":"2025-05-22T10:29:29","slug":"arbres","status":"publish","type":"page","link":"http:\/\/www.terresdangely.com\/fr\/arbres\/","title":{"rendered":"Petits modelages"},"content":{"rendered":"\t\t<div data-elementor-type=\"wp-post\" data-elementor-id=\"2052\" class=\"elementor elementor-2052\">\n\t\t\t\t\t\t<section class=\"elementor-section elementor-top-section elementor-element elementor-element-a7d984e elementor-section-boxed elementor-section-height-default elementor-section-height-default\" data-id=\"a7d984e\" data-element_type=\"section\" data-e-type=\"section\">\n\t\t\t\t\t\t<div class=\"elementor-container elementor-column-gap-default\">\n\t\t\t\t\t<div class=\"elementor-column elementor-col-100 elementor-top-column elementor-element elementor-element-7945328\" data-id=\"7945328\" data-element_type=\"column\" data-e-type=\"column\">\n\t\t\t<div class=\"elementor-widget-wrap elementor-element-populated\">\n\t\t\t\t\t\t<div class=\"elementor-element elementor-element-6032e57 elementor-widget elementor-widget-heading\" data-id=\"6032e57\" data-element_type=\"widget\" data-e-type=\"widget\" data-widget_type=\"heading.default\">\n\t\t\t\t<div class=\"elementor-widget-container\">\n\t\t\t\t\t<h1 class=\"elementor-heading-title elementor-size-default\">Les color\u00e9s<\/h1>\t\t\t\t<\/div>\n\t\t\t\t<\/div>\n\t\t\t\t<div class=\"elementor-element elementor-element-0a408d3 elementor-widget elementor-widget-text-editor\" data-id=\"0a408d3\" data-element_type=\"widget\" data-e-type=\"widget\" data-widget_type=\"text-editor.default\">\n\t\t\t\t<div class=\"elementor-widget-container\">\n\t\t\t\t\t\t\t\t\t<p>Depuis peu, il m&rsquo;est venue l&rsquo;envie de faire des arbres et des mini-sc\u00e8nes de vie. 3 arbres ont \u00e9t\u00e9 le d\u00e9but de cette s\u00e9rie, compl\u00e9t\u00e9s depuis peu par les mouettes en porcelaine.<br><\/p>\t\t\t\t\t\t\t\t<\/div>\n\t\t\t\t<\/div>\n\t\t\t\t\t<\/div>\n\t\t<\/div>\n\t\t\t\t\t<\/div>\n\t\t<\/section>\n\t\t\t\t<section class=\"elementor-section elementor-top-section elementor-element elementor-element-b30511a elementor-section-boxed elementor-section-height-default elementor-section-height-default\" data-id=\"b30511a\" data-element_type=\"section\" data-e-type=\"section\">\n\t\t\t\t\t\t<div class=\"elementor-container elementor-column-gap-default\">\n\t\t\t\t\t<div class=\"elementor-column elementor-col-100 elementor-top-column elementor-element elementor-element-5626739\" data-id=\"5626739\" data-element_type=\"column\" data-e-type=\"column\">\n\t\t\t<div class=\"elementor-widget-wrap elementor-element-populated\">\n\t\t\t\t\t\t<div class=\"elementor-element elementor-element-b6f25df elementor-arrows-position-inside elementor-pagination-position-outside elementor-invisible elementor-widget elementor-widget-image-carousel\" data-id=\"b6f25df\" data-element_type=\"widget\" data-e-type=\"widget\" data-settings=\"{&quot;image_spacing_custom&quot;:{&quot;unit&quot;:&quot;px&quot;,&quot;size&quot;:0,&quot;sizes&quot;:[]},&quot;_animation&quot;:&quot;fadeInDown&quot;,&quot;navigation&quot;:&quot;both&quot;,&quot;autoplay&quot;:&quot;yes&quot;,&quot;pause_on_hover&quot;:&quot;yes&quot;,&quot;pause_on_interaction&quot;:&quot;yes&quot;,&quot;autoplay_speed&quot;:5000,&quot;infinite&quot;:&quot;yes&quot;,&quot;speed&quot;:500,&quot;image_spacing_custom_tablet&quot;:{&quot;unit&quot;:&quot;px&quot;,&quot;size&quot;:&quot;&quot;,&quot;sizes&quot;:[]},&quot;image_spacing_custom_mobile&quot;:{&quot;unit&quot;:&quot;px&quot;,&quot;size&quot;:&quot;&quot;,&quot;sizes&quot;:[]}}\" data-widget_type=\"image-carousel.default\">\n\t\t\t\t<div class=\"elementor-widget-container\">\n\t\t\t\t\t\t\t<div class=\"elementor-image-carousel-wrapper swiper\" role=\"region\" aria-roledescription=\"carousel\" aria-label=\"Carrousel d\u2019images\" dir=\"ltr\">\n\t\t\t<div class=\"elementor-image-carousel swiper-wrapper\" aria-live=\"off\">\n\t\t\t\t\t\t\t\t<div class=\"swiper-slide\" role=\"group\" aria-roledescription=\"slide\" aria-label=\"1 sur 4\"><a data-elementor-open-lightbox=\"yes\" data-elementor-lightbox-slideshow=\"b6f25df\" data-elementor-lightbox-title=\"mouettes3\" data-e-action-hash=\"#elementor-action%3Aaction%3Dlightbox%26settings%3DeyJpZCI6MzQ2NCwidXJsIjoiaHR0cDpcL1wvd3d3LnRlcnJlc2RhbmdlbHkuY29tXC93cC1jb250ZW50XC91cGxvYWRzXC8yMDI0XC8wN1wvbW91ZXR0ZXMzLXNjYWxlZC5qcGciLCJzbGlkZXNob3ciOiJiNmYyNWRmIn0%3D\" href=\"http:\/\/www.terresdangely.com\/wp-content\/uploads\/2024\/07\/mouettes3-scaled.jpg\"><figure class=\"swiper-slide-inner\"><img decoding=\"async\" class=\"swiper-slide-image\" src=\"http:\/\/www.terresdangely.com\/wp-content\/uploads\/elementor\/thumbs\/mouettes3-scaled-qr780xcz1utx81bch2gdcqq65xknawe51mb5dba26g.jpg\" alt=\"Mouettes\" \/><\/figure><\/a><\/div><div class=\"swiper-slide\" role=\"group\" aria-roledescription=\"slide\" aria-label=\"2 sur 4\"><a data-elementor-open-lightbox=\"yes\" data-elementor-lightbox-slideshow=\"b6f25df\" data-elementor-lightbox-title=\"D\u00e9coche moi la lune\" data-elementor-lightbox-description=\"Arbre en porcelaine\" data-e-action-hash=\"#elementor-action%3Aaction%3Dlightbox%26settings%3DeyJpZCI6MjA1NCwidXJsIjoiaHR0cDpcL1wvd3d3LnRlcnJlc2RhbmdlbHkuY29tXC93cC1jb250ZW50XC91cGxvYWRzXC8yMDIxXC8wMVwvRGVjb2NoZS1tb2ktbGEtbHVuZS5qcGciLCJzbGlkZXNob3ciOiJiNmYyNWRmIn0%3D\" href=\"http:\/\/www.terresdangely.com\/wp-content\/uploads\/2021\/01\/Decoche-moi-la-lune.jpg\"><figure class=\"swiper-slide-inner\"><img decoding=\"async\" class=\"swiper-slide-image\" src=\"http:\/\/www.terresdangely.com\/wp-content\/uploads\/elementor\/thumbs\/Decoche-moi-la-lune-p1b3y8ny18mzgft4w36lwap3b5e07kuosx297s0fwo.jpg\" alt=\"Lune\" \/><\/figure><\/a><\/div><div class=\"swiper-slide\" role=\"group\" aria-roledescription=\"slide\" aria-label=\"3 sur 4\"><a data-elementor-open-lightbox=\"yes\" data-elementor-lightbox-slideshow=\"b6f25df\" data-elementor-lightbox-title=\"Soleil\" data-elementor-lightbox-description=\"Arbre en porcelaine\" data-e-action-hash=\"#elementor-action%3Aaction%3Dlightbox%26settings%3DeyJpZCI6MjA1MywidXJsIjoiaHR0cDpcL1wvd3d3LnRlcnJlc2RhbmdlbHkuY29tXC93cC1jb250ZW50XC91cGxvYWRzXC8yMDIxXC8wMVwvc29sZWlsLmpwZyIsInNsaWRlc2hvdyI6ImI2ZjI1ZGYifQ%3D%3D\" href=\"http:\/\/www.terresdangely.com\/wp-content\/uploads\/2021\/01\/soleil.jpg\"><figure class=\"swiper-slide-inner\"><img decoding=\"async\" class=\"swiper-slide-image\" src=\"http:\/\/www.terresdangely.com\/wp-content\/uploads\/elementor\/thumbs\/soleil-p1b3y4wl9whu5zyli1k3mbn8xlwjcsfrgegbao60lk.jpg\" alt=\"Soleil\" \/><\/figure><\/a><\/div><div class=\"swiper-slide\" role=\"group\" aria-roledescription=\"slide\" aria-label=\"4 sur 4\"><a data-elementor-open-lightbox=\"yes\" data-elementor-lightbox-slideshow=\"b6f25df\" data-elementor-lightbox-title=\"Balan\u00e7oire\" data-elementor-lightbox-description=\"Arbre en porcelaine\" data-e-action-hash=\"#elementor-action%3Aaction%3Dlightbox%26settings%3DeyJpZCI6MjA1NSwidXJsIjoiaHR0cDpcL1wvd3d3LnRlcnJlc2RhbmdlbHkuY29tXC93cC1jb250ZW50XC91cGxvYWRzXC8yMDIxXC8wMVwvQmFsYW5jb2lyZS1lMTYzNTg1NDQ1NjI5NS5qcGciLCJzbGlkZXNob3ciOiJiNmYyNWRmIn0%3D\" href=\"http:\/\/www.terresdangely.com\/wp-content\/uploads\/2021\/01\/Balancoire-e1635854456295.jpg\"><figure class=\"swiper-slide-inner\"><img decoding=\"async\" class=\"swiper-slide-image\" src=\"http:\/\/www.terresdangely.com\/wp-content\/uploads\/elementor\/thumbs\/Balancoire-e1635854456295-pfgyiu1gb9jxnedbr7wb6nixjst7vyhji09gp9rgco.jpg\" alt=\"Balan\u00e7oire\" \/><\/figure><\/a><\/div>\t\t\t<\/div>\n\t\t\t\t\t\t\t\t\t\t\t\t<div class=\"elementor-swiper-button elementor-swiper-button-prev\" role=\"button\" tabindex=\"0\">\n\t\t\t\t\t\t<i aria-hidden=\"true\" class=\"eicon-chevron-left\"><\/i>\t\t\t\t\t<\/div>\n\t\t\t\t\t<div class=\"elementor-swiper-button elementor-swiper-button-next\" role=\"button\" tabindex=\"0\">\n\t\t\t\t\t\t<i aria-hidden=\"true\" class=\"eicon-chevron-right\"><\/i>\t\t\t\t\t<\/div>\n\t\t\t\t\n\t\t\t\t\t\t\t\t\t<div class=\"swiper-pagination\"><\/div>\n\t\t\t\t\t\t\t\t\t<\/div>\n\t\t\t\t\t\t<\/div>\n\t\t\t\t<\/div>\n\t\t\t\t\t<\/div>\n\t\t<\/div>\n\t\t\t\t\t<\/div>\n\t\t<\/section>\n\t\t\t\t<\/div>\n\t\t","protected":false},"excerpt":{"rendered":"<p>mouettes3MouettesD\u00e9coche moi la luneArbre en porcelaineLuneSoleilArbre en porcelaineSoleilBalan\u00e7oireArbre en porcelaineBalan\u00e7oire<\/p>\n","protected":false},"author":1,"featured_media":0,"parent":0,"menu_order":0,"comment_status":"closed","ping_status":"closed","template":"","meta":{"footnotes":""},"class_list":["post-2052","page","type-page","status-publish","hentry"],"yoast_head":"<!-- This site is optimized with the Yoast SEO plugin v27.3 - https:\/\/yoast.com\/product\/yoast-seo-wordpress\/ -->\n<title>arbres model\u00e9s - atelier de c\u00e9ramique-Charente Maritime<\/title>\n<meta name=\"description\" content=\"arbres model\u00e9s. Atelier de c\u00e9ramique contemporaine d&#039;Isabelle Nadeau en Charente Maritime. C\u00e9ramiques contemporaines fabriqu\u00e9es \u00e0 la main.\" \/>\n<meta name=\"robots\" content=\"index, follow, max-snippet:-1, max-image-preview:large, max-video-preview:-1\" \/>\n<link rel=\"canonical\" href=\"http:\/\/www.terresdangely.com\/fr\/arbres\/\" \/>\n<meta property=\"og:locale\" content=\"fr_FR\" \/>\n<meta property=\"og:locale:alternate\" content=\"en_UK\" \/>\n<meta property=\"og:type\" content=\"article\" \/>\n<meta property=\"og:title\" content=\"arbres model\u00e9s - atelier de c\u00e9ramique-Charente Maritime\" \/>\n<meta property=\"og:description\" content=\"arbres model\u00e9s. Atelier de c\u00e9ramique contemporaine d&#039;Isabelle Nadeau en Charente Maritime. C\u00e9ramiques contemporaines fabriqu\u00e9es \u00e0 la main.\" \/>\n<meta property=\"og:url\" content=\"http:\/\/www.terresdangely.com\/fr\/arbres\/\" \/>\n<meta property=\"og:site_name\" content=\"Terres d&#039;Ang\u00e9ly\" \/>\n<meta property=\"article:modified_time\" content=\"2025-05-22T10:29:29+00:00\" \/>\n<meta name=\"twitter:card\" content=\"summary_large_image\" \/>\n<meta name=\"twitter:label1\" content=\"Dur\u00e9e de lecture estim\u00e9e\" \/>\n\t<meta name=\"twitter:data1\" content=\"1 minute\" \/>\n<script type=\"application\/ld+json\" class=\"yoast-schema-graph\">{\"@context\":\"https:\\\/\\\/schema.org\",\"@graph\":[{\"@type\":\"WebPage\",\"@id\":\"http:\\\/\\\/www.terresdangely.com\\\/fr\\\/arbres\\\/\",\"url\":\"http:\\\/\\\/www.terresdangely.com\\\/fr\\\/arbres\\\/\",\"name\":\"arbres model\u00e9s - atelier de c\u00e9ramique-Charente Maritime\",\"isPartOf\":{\"@id\":\"http:\\\/\\\/www.terresdangely.com\\\/#website\"},\"datePublished\":\"2021-01-13T14:08:03+00:00\",\"dateModified\":\"2025-05-22T10:29:29+00:00\",\"description\":\"arbres model\u00e9s. Atelier de c\u00e9ramique contemporaine d'Isabelle Nadeau en Charente Maritime. C\u00e9ramiques contemporaines fabriqu\u00e9es \u00e0 la main.\",\"breadcrumb\":{\"@id\":\"http:\\\/\\\/www.terresdangely.com\\\/fr\\\/arbres\\\/#breadcrumb\"},\"inLanguage\":\"fr-FR\",\"potentialAction\":[{\"@type\":\"ReadAction\",\"target\":[\"http:\\\/\\\/www.terresdangely.com\\\/fr\\\/arbres\\\/\"]}]},{\"@type\":\"BreadcrumbList\",\"@id\":\"http:\\\/\\\/www.terresdangely.com\\\/fr\\\/arbres\\\/#breadcrumb\",\"itemListElement\":[{\"@type\":\"ListItem\",\"position\":1,\"name\":\"Accueil\",\"item\":\"http:\\\/\\\/www.terresdangely.com\\\/fr\\\/\"},{\"@type\":\"ListItem\",\"position\":2,\"name\":\"Petits modelages\"}]},{\"@type\":\"WebSite\",\"@id\":\"http:\\\/\\\/www.terresdangely.com\\\/#website\",\"url\":\"http:\\\/\\\/www.terresdangely.com\\\/\",\"name\":\"Terres d'Ang\u00e9ly\",\"description\":\"C\u00e9ramique artisanale\",\"publisher\":{\"@id\":\"http:\\\/\\\/www.terresdangely.com\\\/#organization\"},\"potentialAction\":[{\"@type\":\"SearchAction\",\"target\":{\"@type\":\"EntryPoint\",\"urlTemplate\":\"http:\\\/\\\/www.terresdangely.com\\\/?s={search_term_string}\"},\"query-input\":{\"@type\":\"PropertyValueSpecification\",\"valueRequired\":true,\"valueName\":\"search_term_string\"}}],\"inLanguage\":\"fr-FR\"},{\"@type\":\"Organization\",\"@id\":\"http:\\\/\\\/www.terresdangely.com\\\/#organization\",\"name\":\"Terres d'Ang\u00e9ly\",\"url\":\"http:\\\/\\\/www.terresdangely.com\\\/\",\"logo\":{\"@type\":\"ImageObject\",\"inLanguage\":\"fr-FR\",\"@id\":\"http:\\\/\\\/www.terresdangely.com\\\/#\\\/schema\\\/logo\\\/image\\\/\",\"url\":\"http:\\\/\\\/www.terresdangely.com\\\/wp-content\\\/uploads\\\/2019\\\/04\\\/Logo-Terres-dAngely-site.png\",\"contentUrl\":\"http:\\\/\\\/www.terresdangely.com\\\/wp-content\\\/uploads\\\/2019\\\/04\\\/Logo-Terres-dAngely-site.png\",\"width\":150,\"height\":149,\"caption\":\"Terres d'Ang\u00e9ly\"},\"image\":{\"@id\":\"http:\\\/\\\/www.terresdangely.com\\\/#\\\/schema\\\/logo\\\/image\\\/\"}}]}<\/script>\n<!-- \/ Yoast SEO plugin. -->","yoast_head_json":{"title":"arbres model\u00e9s - atelier de c\u00e9ramique-Charente Maritime","description":"arbres model\u00e9s. Atelier de c\u00e9ramique contemporaine d'Isabelle Nadeau en Charente Maritime. C\u00e9ramiques contemporaines fabriqu\u00e9es \u00e0 la main.","robots":{"index":"index","follow":"follow","max-snippet":"max-snippet:-1","max-image-preview":"max-image-preview:large","max-video-preview":"max-video-preview:-1"},"canonical":"http:\/\/www.terresdangely.com\/fr\/arbres\/","og_locale":"fr_FR","og_type":"article","og_title":"[:fr]arbres model\u00e9s - atelier de c\u00e9ramique-Charente Maritime[:]","og_description":"[:fr]arbres model\u00e9s. Atelier de c\u00e9ramique contemporaine d'Isabelle Nadeau en Charente Maritime. C\u00e9ramiques contemporaines fabriqu\u00e9es \u00e0 la main.[:]","og_url":"http:\/\/www.terresdangely.com\/fr\/arbres\/","og_site_name":"Terres d'Ang\u00e9ly","article_modified_time":"2025-05-22T10:29:29+00:00","twitter_card":"summary_large_image","twitter_misc":{"Dur\u00e9e de lecture estim\u00e9e":"1 minute"},"schema":{"@context":"https:\/\/schema.org","@graph":[{"@type":"WebPage","@id":"http:\/\/www.terresdangely.com\/fr\/arbres\/","url":"http:\/\/www.terresdangely.com\/fr\/arbres\/","name":"arbres model\u00e9s - atelier de c\u00e9ramique-Charente Maritime","isPartOf":{"@id":"http:\/\/www.terresdangely.com\/#website"},"datePublished":"2021-01-13T14:08:03+00:00","dateModified":"2025-05-22T10:29:29+00:00","description":"arbres model\u00e9s. Atelier de c\u00e9ramique contemporaine d'Isabelle Nadeau en Charente Maritime. C\u00e9ramiques contemporaines fabriqu\u00e9es \u00e0 la main.","breadcrumb":{"@id":"http:\/\/www.terresdangely.com\/fr\/arbres\/#breadcrumb"},"inLanguage":"fr-FR","potentialAction":[{"@type":"ReadAction","target":["http:\/\/www.terresdangely.com\/fr\/arbres\/"]}]},{"@type":"BreadcrumbList","@id":"http:\/\/www.terresdangely.com\/fr\/arbres\/#breadcrumb","itemListElement":[{"@type":"ListItem","position":1,"name":"Accueil","item":"http:\/\/www.terresdangely.com\/fr\/"},{"@type":"ListItem","position":2,"name":"Petits modelages"}]},{"@type":"WebSite","@id":"http:\/\/www.terresdangely.com\/#website","url":"http:\/\/www.terresdangely.com\/","name":"Terres d'Ang\u00e9ly","description":"C\u00e9ramique artisanale","publisher":{"@id":"http:\/\/www.terresdangely.com\/#organization"},"potentialAction":[{"@type":"SearchAction","target":{"@type":"EntryPoint","urlTemplate":"http:\/\/www.terresdangely.com\/?s={search_term_string}"},"query-input":{"@type":"PropertyValueSpecification","valueRequired":true,"valueName":"search_term_string"}}],"inLanguage":"fr-FR"},{"@type":"Organization","@id":"http:\/\/www.terresdangely.com\/#organization","name":"Terres d'Ang\u00e9ly","url":"http:\/\/www.terresdangely.com\/","logo":{"@type":"ImageObject","inLanguage":"fr-FR","@id":"http:\/\/www.terresdangely.com\/#\/schema\/logo\/image\/","url":"http:\/\/www.terresdangely.com\/wp-content\/uploads\/2019\/04\/Logo-Terres-dAngely-site.png","contentUrl":"http:\/\/www.terresdangely.com\/wp-content\/uploads\/2019\/04\/Logo-Terres-dAngely-site.png","width":150,"height":149,"caption":"Terres d'Ang\u00e9ly"},"image":{"@id":"http:\/\/www.terresdangely.com\/#\/schema\/logo\/image\/"}}]}},"_links":{"self":[{"href":"http:\/\/www.terresdangely.com\/fr\/wp-json\/wp\/v2\/pages\/2052","targetHints":{"allow":["GET"]}}],"collection":[{"href":"http:\/\/www.terresdangely.com\/fr\/wp-json\/wp\/v2\/pages"}],"about":[{"href":"http:\/\/www.terresdangely.com\/fr\/wp-json\/wp\/v2\/types\/page"}],"author":[{"embeddable":true,"href":"http:\/\/www.terresdangely.com\/fr\/wp-json\/wp\/v2\/users\/1"}],"replies":[{"embeddable":true,"href":"http:\/\/www.terresdangely.com\/fr\/wp-json\/wp\/v2\/comments?post=2052"}],"version-history":[{"count":29,"href":"http:\/\/www.terresdangely.com\/fr\/wp-json\/wp\/v2\/pages\/2052\/revisions"}],"predecessor-version":[{"id":3661,"href":"http:\/\/www.terresdangely.com\/fr\/wp-json\/wp\/v2\/pages\/2052\/revisions\/3661"}],"wp:attachment":[{"href":"http:\/\/www.terresdangely.com\/fr\/wp-json\/wp\/v2\/media?parent=2052"}],"curies":[{"name":"wp","href":"https:\/\/api.w.org\/{rel}","templated":true}]}}