{"id":2068,"date":"2021-01-13T15:48:37","date_gmt":"2021-01-13T14:48:37","guid":{"rendered":"http:\/\/www.terresdangely.com\/fr\/?page_id=2068"},"modified":"2024-07-16T17:17:57","modified_gmt":"2024-07-16T15:17:57","slug":"arbres-2","status":"publish","type":"page","link":"http:\/\/www.terresdangely.com\/fr\/arbres-2\/","title":{"rendered":"Sisters"},"content":{"rendered":"\t\t<div data-elementor-type=\"wp-post\" data-elementor-id=\"2068\" class=\"elementor elementor-2068\">\n\t\t\t\t\t\t<section class=\"elementor-section elementor-top-section elementor-element elementor-element-a7d984e elementor-section-boxed elementor-section-height-default elementor-section-height-default\" data-id=\"a7d984e\" data-element_type=\"section\" data-e-type=\"section\">\n\t\t\t\t\t\t<div class=\"elementor-container elementor-column-gap-default\">\n\t\t\t\t\t<div class=\"elementor-column elementor-col-100 elementor-top-column elementor-element elementor-element-7945328\" data-id=\"7945328\" data-element_type=\"column\" data-e-type=\"column\">\n\t\t\t<div class=\"elementor-widget-wrap elementor-element-populated\">\n\t\t\t\t\t\t<div class=\"elementor-element elementor-element-6032e57 elementor-widget elementor-widget-heading\" data-id=\"6032e57\" data-element_type=\"widget\" data-e-type=\"widget\" data-widget_type=\"heading.default\">\n\t\t\t\t<div class=\"elementor-widget-container\">\n\t\t\t\t\t<h1 class=\"elementor-heading-title elementor-size-default\">Lune<\/h1>\t\t\t\t<\/div>\n\t\t\t\t<\/div>\n\t\t\t\t<div class=\"elementor-element elementor-element-0a408d3 elementor-widget elementor-widget-text-editor\" data-id=\"0a408d3\" data-element_type=\"widget\" data-e-type=\"widget\" data-widget_type=\"text-editor.default\">\n\t\t\t\t<div class=\"elementor-widget-container\">\n\t\t\t\t\t\t\t\t\t<p>A force de parler de masques, j&rsquo;ai fini par avoir envie d&rsquo;en faire d&rsquo;un autre genre plus l\u00e9gers, plus doux.\u00a0 Ils mesurent entre 15 et 20 cm de hauteur et 13 cm de large. Les p&rsquo;tits derniers \u00ab\u00a0Sisters\u00a0\u00bb<\/p>\t\t\t\t\t\t\t\t<\/div>\n\t\t\t\t<\/div>\n\t\t\t\t\t<\/div>\n\t\t<\/div>\n\t\t\t\t\t<\/div>\n\t\t<\/section>\n\t\t\t\t<section class=\"elementor-section elementor-top-section elementor-element elementor-element-b30511a elementor-section-boxed elementor-section-height-default elementor-section-height-default\" data-id=\"b30511a\" data-element_type=\"section\" data-e-type=\"section\">\n\t\t\t\t\t\t<div class=\"elementor-container elementor-column-gap-default\">\n\t\t\t\t\t<div class=\"elementor-column elementor-col-100 elementor-top-column elementor-element elementor-element-5626739\" data-id=\"5626739\" data-element_type=\"column\" data-e-type=\"column\">\n\t\t\t<div class=\"elementor-widget-wrap elementor-element-populated\">\n\t\t\t\t\t\t<div class=\"elementor-element elementor-element-b6f25df elementor-arrows-position-inside elementor-pagination-position-outside elementor-invisible elementor-widget elementor-widget-image-carousel\" data-id=\"b6f25df\" data-element_type=\"widget\" data-e-type=\"widget\" data-settings=\"{&quot;image_spacing_custom&quot;:{&quot;unit&quot;:&quot;px&quot;,&quot;size&quot;:0,&quot;sizes&quot;:[]},&quot;_animation&quot;:&quot;fadeInDown&quot;,&quot;navigation&quot;:&quot;both&quot;,&quot;autoplay&quot;:&quot;yes&quot;,&quot;pause_on_hover&quot;:&quot;yes&quot;,&quot;pause_on_interaction&quot;:&quot;yes&quot;,&quot;autoplay_speed&quot;:5000,&quot;infinite&quot;:&quot;yes&quot;,&quot;speed&quot;:500,&quot;image_spacing_custom_tablet&quot;:{&quot;unit&quot;:&quot;px&quot;,&quot;size&quot;:&quot;&quot;,&quot;sizes&quot;:[]},&quot;image_spacing_custom_mobile&quot;:{&quot;unit&quot;:&quot;px&quot;,&quot;size&quot;:&quot;&quot;,&quot;sizes&quot;:[]}}\" data-widget_type=\"image-carousel.default\">\n\t\t\t\t<div class=\"elementor-widget-container\">\n\t\t\t\t\t\t\t<div class=\"elementor-image-carousel-wrapper swiper\" role=\"region\" aria-roledescription=\"carousel\" aria-label=\"Image Carousel\" dir=\"ltr\">\n\t\t\t<div class=\"elementor-image-carousel swiper-wrapper\" aria-live=\"off\">\n\t\t\t\t\t\t\t\t<div class=\"swiper-slide\" role=\"group\" aria-roledescription=\"slide\" aria-label=\"1 of 11\"><a data-elementor-open-lightbox=\"yes\" data-elementor-lightbox-slideshow=\"b6f25df\" data-elementor-lightbox-title=\"DSC_0056\" data-e-action-hash=\"#elementor-action%3Aaction%3Dlightbox%26settings%3DeyJpZCI6MjU1MiwidXJsIjoiaHR0cDpcL1wvd3d3LnRlcnJlc2RhbmdlbHkuY29tXC93cC1jb250ZW50XC91cGxvYWRzXC8yMDIyXC8wOFwvRFNDXzAwNTYtc2NhbGVkLWUxNjYxNzYwMzg0NjY5LmpwZyIsInNsaWRlc2hvdyI6ImI2ZjI1ZGYifQ%3D%3D\" href=\"http:\/\/www.terresdangely.com\/wp-content\/uploads\/2022\/08\/DSC_0056-scaled-e1661760384669.jpg\"><figure class=\"swiper-slide-inner\"><img decoding=\"async\" class=\"swiper-slide-image\" src=\"http:\/\/www.terresdangely.com\/wp-content\/uploads\/elementor\/thumbs\/DSC_0056-scaled-e1661760384669-ptyvjjr4x7ekhqxxpshmqcx5g0a6ulj3qarzb488kw.jpg\" alt=\"Buste sister\" \/><\/figure><\/a><\/div><div class=\"swiper-slide\" role=\"group\" aria-roledescription=\"slide\" aria-label=\"2 of 11\"><a data-elementor-open-lightbox=\"yes\" data-elementor-lightbox-slideshow=\"b6f25df\" data-elementor-lightbox-title=\"Bustes Sister\" data-e-action-hash=\"#elementor-action%3Aaction%3Dlightbox%26settings%3DeyJpZCI6MjU1MSwidXJsIjoiaHR0cDpcL1wvd3d3LnRlcnJlc2RhbmdlbHkuY29tXC93cC1jb250ZW50XC91cGxvYWRzXC8yMDIyXC8wOFwvRFNDXzAwNTUtc2NhbGVkLWUxNjYxNzYwMzA0MzkyLmpwZyIsInNsaWRlc2hvdyI6ImI2ZjI1ZGYifQ%3D%3D\" href=\"http:\/\/www.terresdangely.com\/wp-content\/uploads\/2022\/08\/DSC_0055-scaled-e1661760304392.jpg\"><figure class=\"swiper-slide-inner\"><img decoding=\"async\" class=\"swiper-slide-image\" src=\"http:\/\/www.terresdangely.com\/wp-content\/uploads\/elementor\/thumbs\/DSC_0055-scaled-e1661760304392-ptyvhgk1qgjmoxz5wvzh6vw9x6ktqt8kryl4wzbqeo.jpg\" alt=\"Buste Sister\" \/><\/figure><\/a><\/div><div class=\"swiper-slide\" role=\"group\" aria-roledescription=\"slide\" aria-label=\"3 of 11\"><a data-elementor-open-lightbox=\"yes\" data-elementor-lightbox-slideshow=\"b6f25df\" data-elementor-lightbox-title=\"Sisters\" data-elementor-lightbox-description=\"Masque d\u00e9coratif en porcelaine\" data-e-action-hash=\"#elementor-action%3Aaction%3Dlightbox%26settings%3DeyJpZCI6MjM0MiwidXJsIjoiaHR0cDpcL1wvd3d3LnRlcnJlc2RhbmdlbHkuY29tXC93cC1jb250ZW50XC91cGxvYWRzXC8yMDIyXC8wMVwvbWFzcXVlLXNxdWFyZS1zaXRlLmpwZyIsInNsaWRlc2hvdyI6ImI2ZjI1ZGYifQ%3D%3D\" href=\"http:\/\/www.terresdangely.com\/wp-content\/uploads\/2022\/01\/masque-square-site.jpg\"><figure class=\"swiper-slide-inner\"><img decoding=\"async\" class=\"swiper-slide-image\" src=\"http:\/\/www.terresdangely.com\/wp-content\/uploads\/elementor\/thumbs\/masque-square-site-piyiahu93ica38rhcn5buieznpyfzupttr0v6k1euo.jpg\" alt=\"Masque\" \/><\/figure><\/a><\/div><div class=\"swiper-slide\" role=\"group\" aria-roledescription=\"slide\" aria-label=\"4 of 11\"><a data-elementor-open-lightbox=\"yes\" data-elementor-lightbox-slideshow=\"b6f25df\" data-elementor-lightbox-title=\"Sisters\" data-elementor-lightbox-description=\"Masque d\u00e9coratif en porcelaine\" data-e-action-hash=\"#elementor-action%3Aaction%3Dlightbox%26settings%3DeyJpZCI6MjM0MSwidXJsIjoiaHR0cDpcL1wvd3d3LnRlcnJlc2RhbmdlbHkuY29tXC93cC1jb250ZW50XC91cGxvYWRzXC8yMDIyXC8wMVwvbWFzcXVlLXNxdWFyZS0yc2l0ZS5qcGciLCJzbGlkZXNob3ciOiJiNmYyNWRmIn0%3D\" href=\"http:\/\/www.terresdangely.com\/wp-content\/uploads\/2022\/01\/masque-square-2site.jpg\"><figure class=\"swiper-slide-inner\"><img decoding=\"async\" class=\"swiper-slide-image\" src=\"http:\/\/www.terresdangely.com\/wp-content\/uploads\/elementor\/thumbs\/masque-square-2site-piyiaf0qj08f4evkt3xg514lvkcccremtd2eqq5ldc.jpg\" alt=\"Masque\" \/><\/figure><\/a><\/div><div class=\"swiper-slide\" role=\"group\" aria-roledescription=\"slide\" aria-label=\"5 of 11\"><a data-elementor-open-lightbox=\"yes\" data-elementor-lightbox-slideshow=\"b6f25df\" data-elementor-lightbox-title=\"Sisters\" data-elementor-lightbox-description=\"Masque d\u00e9coratif en porcelaine\" data-e-action-hash=\"#elementor-action%3Aaction%3Dlightbox%26settings%3DeyJpZCI6MjM2MiwidXJsIjoiaHR0cDpcL1wvd3d3LnRlcnJlc2RhbmdlbHkuY29tXC93cC1jb250ZW50XC91cGxvYWRzXC8yMDIyXC8wMVwvbWFzcXVlLTYtc2l0ZS5qcGciLCJzbGlkZXNob3ciOiJiNmYyNWRmIn0%3D\" href=\"http:\/\/www.terresdangely.com\/wp-content\/uploads\/2022\/01\/masque-6-site.jpg\"><figure class=\"swiper-slide-inner\"><img decoding=\"async\" class=\"swiper-slide-image\" src=\"http:\/\/www.terresdangely.com\/wp-content\/uploads\/elementor\/thumbs\/masque-6-site-piyixsaafq81rexlcpkjmmu5jf5upv6ed0xz9di8og.jpg\" alt=\"Masque\" \/><\/figure><\/a><\/div><div class=\"swiper-slide\" role=\"group\" aria-roledescription=\"slide\" aria-label=\"6 of 11\"><a data-elementor-open-lightbox=\"yes\" data-elementor-lightbox-slideshow=\"b6f25df\" data-elementor-lightbox-title=\"Sisters\" data-elementor-lightbox-description=\"Masque d\u00e9coratif en porcelaine\" data-e-action-hash=\"#elementor-action%3Aaction%3Dlightbox%26settings%3DeyJpZCI6MjM2MywidXJsIjoiaHR0cDpcL1wvd3d3LnRlcnJlc2RhbmdlbHkuY29tXC93cC1jb250ZW50XC91cGxvYWRzXC8yMDIyXC8wMVwvbWFzcXVlLXNxdWFyZTYtc2l0ZS5qcGciLCJzbGlkZXNob3ciOiJiNmYyNWRmIn0%3D\" href=\"http:\/\/www.terresdangely.com\/wp-content\/uploads\/2022\/01\/masque-square6-site.jpg\"><figure class=\"swiper-slide-inner\"><img decoding=\"async\" class=\"swiper-slide-image\" src=\"http:\/\/www.terresdangely.com\/wp-content\/uploads\/elementor\/thumbs\/masque-square6-site-piyixu5yteamemuv1qdsrmd2q6wl59dv1a8y7xfgc0.jpg\" alt=\"Masque\" \/><\/figure><\/a><\/div><div class=\"swiper-slide\" role=\"group\" aria-roledescription=\"slide\" aria-label=\"7 of 11\"><a data-elementor-open-lightbox=\"yes\" data-elementor-lightbox-slideshow=\"b6f25df\" data-elementor-lightbox-title=\"Masque 6\" data-elementor-lightbox-description=\"Masque d\u00e9coratif en porcelaine\" data-e-action-hash=\"#elementor-action%3Aaction%3Dlightbox%26settings%3DeyJpZCI6MjM0MCwidXJsIjoiaHR0cDpcL1wvd3d3LnRlcnJlc2RhbmdlbHkuY29tXC93cC1jb250ZW50XC91cGxvYWRzXC8yMDIyXC8wMVwvbWFzcXVlLTUtc2l0ZS5qcGciLCJzbGlkZXNob3ciOiJiNmYyNWRmIn0%3D\" href=\"http:\/\/www.terresdangely.com\/wp-content\/uploads\/2022\/01\/masque-5-site.jpg\"><figure class=\"swiper-slide-inner\"><img decoding=\"async\" class=\"swiper-slide-image\" src=\"http:\/\/www.terresdangely.com\/wp-content\/uploads\/elementor\/thumbs\/masque-5-site-piyiac77yi4k5kzo9kpkfju83eq8po3fsz3yaw9rw0.jpg\" alt=\"Masque 6\" \/><\/figure><\/a><\/div><div class=\"swiper-slide\" role=\"group\" aria-roledescription=\"slide\" aria-label=\"8 of 11\"><a data-elementor-open-lightbox=\"yes\" data-elementor-lightbox-slideshow=\"b6f25df\" data-elementor-lightbox-title=\"Masque 1\" data-elementor-lightbox-description=\"Masque en porcelaine\" data-e-action-hash=\"#elementor-action%3Aaction%3Dlightbox%26settings%3DeyJpZCI6MjA3NCwidXJsIjoiaHR0cDpcL1wvd3d3LnRlcnJlc2RhbmdlbHkuY29tXC93cC1jb250ZW50XC91cGxvYWRzXC8yMDIxXC8wMVwvbWFzcXVlMS5qcGciLCJzbGlkZXNob3ciOiJiNmYyNWRmIn0%3D\" href=\"http:\/\/www.terresdangely.com\/wp-content\/uploads\/2021\/01\/masque1.jpg\"><figure class=\"swiper-slide-inner\"><img decoding=\"async\" class=\"swiper-slide-image\" src=\"http:\/\/www.terresdangely.com\/wp-content\/uploads\/elementor\/thumbs\/masque1-p1b5d7gxtp74l9xpp15j7ij7wme48iegcz385ax6k0.jpg\" alt=\"Masque 1\" \/><\/figure><\/a><\/div><div class=\"swiper-slide\" role=\"group\" aria-roledescription=\"slide\" aria-label=\"9 of 11\"><a data-elementor-open-lightbox=\"yes\" data-elementor-lightbox-slideshow=\"b6f25df\" data-elementor-lightbox-title=\"Masque 2\" data-elementor-lightbox-description=\"Masque en porcelaine\" data-e-action-hash=\"#elementor-action%3Aaction%3Dlightbox%26settings%3DeyJpZCI6MjA3MywidXJsIjoiaHR0cDpcL1wvd3d3LnRlcnJlc2RhbmdlbHkuY29tXC93cC1jb250ZW50XC91cGxvYWRzXC8yMDIxXC8wMVwvbWFzcXVlLTIuanBnIiwic2xpZGVzaG93IjoiYjZmMjVkZiJ9\" href=\"http:\/\/www.terresdangely.com\/wp-content\/uploads\/2021\/01\/masque-2.jpg\"><figure class=\"swiper-slide-inner\"><img decoding=\"async\" class=\"swiper-slide-image\" src=\"http:\/\/www.terresdangely.com\/wp-content\/uploads\/elementor\/thumbs\/masque-2-p1b5d2rqvj0oz84jgh4ed1pwxp1a60vsobtsqx45f4.jpg\" alt=\"Masque 2\" \/><\/figure><\/a><\/div><div class=\"swiper-slide\" role=\"group\" aria-roledescription=\"slide\" aria-label=\"10 of 11\"><a data-elementor-open-lightbox=\"yes\" data-elementor-lightbox-slideshow=\"b6f25df\" data-elementor-lightbox-title=\"Masque 3\" data-elementor-lightbox-description=\"Masque en porcelaine\" data-e-action-hash=\"#elementor-action%3Aaction%3Dlightbox%26settings%3DeyJpZCI6MjA3MSwidXJsIjoiaHR0cDpcL1wvd3d3LnRlcnJlc2RhbmdlbHkuY29tXC93cC1jb250ZW50XC91cGxvYWRzXC8yMDIxXC8wMVwvbWFzcXVlLTQuanBnIiwic2xpZGVzaG93IjoiYjZmMjVkZiJ9\" href=\"http:\/\/www.terresdangely.com\/wp-content\/uploads\/2021\/01\/masque-4.jpg\"><figure class=\"swiper-slide-inner\"><img decoding=\"async\" class=\"swiper-slide-image\" src=\"http:\/\/www.terresdangely.com\/wp-content\/uploads\/elementor\/thumbs\/masque-4-p1b5cub760p42qgttvgr8lurl86z8qy7n5yfffgoz4.jpg\" alt=\"Masque 3\" \/><\/figure><\/a><\/div><div class=\"swiper-slide\" role=\"group\" aria-roledescription=\"slide\" aria-label=\"11 of 11\"><a data-elementor-open-lightbox=\"yes\" data-elementor-lightbox-slideshow=\"b6f25df\" data-elementor-lightbox-title=\"Masque 4\" data-elementor-lightbox-description=\"Masque en porcelaine\" data-e-action-hash=\"#elementor-action%3Aaction%3Dlightbox%26settings%3DeyJpZCI6MjA3MCwidXJsIjoiaHR0cDpcL1wvd3d3LnRlcnJlc2RhbmdlbHkuY29tXC93cC1jb250ZW50XC91cGxvYWRzXC8yMDIxXC8wMVwvbWFzcXVlLTUuanBnIiwic2xpZGVzaG93IjoiYjZmMjVkZiJ9\" href=\"http:\/\/www.terresdangely.com\/wp-content\/uploads\/2021\/01\/masque-5.jpg\"><figure class=\"swiper-slide-inner\"><img decoding=\"async\" class=\"swiper-slide-image\" src=\"http:\/\/www.terresdangely.com\/wp-content\/uploads\/elementor\/thumbs\/masque-5-p1b5cqjueojysamaftu8ymsx7opidyjaanchibm9o0.jpg\" alt=\"Masque 4\" \/><\/figure><\/a><\/div>\t\t\t<\/div>\n\t\t\t\t\t\t\t\t\t\t\t\t<div class=\"elementor-swiper-button elementor-swiper-button-prev\" role=\"button\" tabindex=\"0\">\n\t\t\t\t\t\t<i aria-hidden=\"true\" class=\"eicon-chevron-left\"><\/i>\t\t\t\t\t<\/div>\n\t\t\t\t\t<div class=\"elementor-swiper-button elementor-swiper-button-next\" role=\"button\" tabindex=\"0\">\n\t\t\t\t\t\t<i aria-hidden=\"true\" class=\"eicon-chevron-right\"><\/i>\t\t\t\t\t<\/div>\n\t\t\t\t\n\t\t\t\t\t\t\t\t\t<div class=\"swiper-pagination\"><\/div>\n\t\t\t\t\t\t\t\t\t<\/div>\n\t\t\t\t\t\t<\/div>\n\t\t\t\t<\/div>\n\t\t\t\t\t<\/div>\n\t\t<\/div>\n\t\t\t\t\t<\/div>\n\t\t<\/section>\n\t\t\t\t<\/div>\n\t\t","protected":false},"excerpt":{"rendered":"<p>DSC_0056Buste sisterBustes SisterBuste SisterSistersMasque d\u00e9coratif en porcelaineMasqueSistersMasque d\u00e9coratif en porcelaineMasqueSistersMasque d\u00e9coratif en porcelaineMasqueSistersMasque d\u00e9coratif en porcelaineMasqueMasque 6Masque d\u00e9coratif en porcelaineMasque 6Masque 1Masque en porcelaineMasque 1Masque 2Masque en porcelaineMasque 2Masque 3Masque en porcelaineMasque 3Masque 4Masque en porcelaineMasque 4<\/p>\n","protected":false},"author":1,"featured_media":0,"parent":0,"menu_order":0,"comment_status":"closed","ping_status":"closed","template":"","meta":{"footnotes":""},"class_list":["post-2068","page","type-page","status-publish","hentry"],"yoast_head":"<!-- This site is optimized with the Yoast SEO plugin v27.4 - https:\/\/yoast.com\/product\/yoast-seo-wordpress\/ -->\n<title>masques model\u00e9s - atelier de c\u00e9ramique-Charente Maritime<\/title>\n<meta name=\"description\" content=\"masques model\u00e9s. Atelier de c\u00e9ramique contemporaine d&#039;Isabelle Nadeau en Charente Maritime. C\u00e9ramiques contemporaines fabriqu\u00e9es \u00e0 la main.\" \/>\n<meta name=\"robots\" content=\"index, follow, max-snippet:-1, max-image-preview:large, max-video-preview:-1\" \/>\n<link rel=\"canonical\" href=\"http:\/\/www.terresdangely.com\/fr\/arbres-2\/\" \/>\n<meta property=\"og:locale\" content=\"fr_FR\" \/>\n<meta property=\"og:locale:alternate\" content=\"en_UK\" \/>\n<meta property=\"og:type\" content=\"article\" \/>\n<meta property=\"og:title\" content=\"masques model\u00e9s - atelier de c\u00e9ramique-Charente Maritime\" \/>\n<meta property=\"og:description\" content=\"masques model\u00e9s. Atelier de c\u00e9ramique contemporaine d&#039;Isabelle Nadeau en Charente Maritime. C\u00e9ramiques contemporaines fabriqu\u00e9es \u00e0 la main.\" \/>\n<meta property=\"og:url\" content=\"http:\/\/www.terresdangely.com\/fr\/arbres-2\/\" \/>\n<meta property=\"og:site_name\" content=\"Terres d&#039;Ang\u00e9ly\" \/>\n<meta property=\"article:modified_time\" content=\"2024-07-16T15:17:57+00:00\" \/>\n<meta name=\"twitter:card\" content=\"summary_large_image\" \/>\n<meta name=\"twitter:label1\" content=\"Dur\u00e9e de lecture estim\u00e9e\" \/>\n\t<meta name=\"twitter:data1\" content=\"1 minute\" \/>\n<script type=\"application\/ld+json\" class=\"yoast-schema-graph\">{\"@context\":\"https:\\\/\\\/schema.org\",\"@graph\":[{\"@type\":\"WebPage\",\"@id\":\"http:\\\/\\\/www.terresdangely.com\\\/fr\\\/arbres-2\\\/\",\"url\":\"http:\\\/\\\/www.terresdangely.com\\\/fr\\\/arbres-2\\\/\",\"name\":\"masques model\u00e9s - atelier de c\u00e9ramique-Charente Maritime\",\"isPartOf\":{\"@id\":\"http:\\\/\\\/www.terresdangely.com\\\/#website\"},\"datePublished\":\"2021-01-13T14:48:37+00:00\",\"dateModified\":\"2024-07-16T15:17:57+00:00\",\"description\":\"masques model\u00e9s. Atelier de c\u00e9ramique contemporaine d'Isabelle Nadeau en Charente Maritime. C\u00e9ramiques contemporaines fabriqu\u00e9es \u00e0 la main.\",\"breadcrumb\":{\"@id\":\"http:\\\/\\\/www.terresdangely.com\\\/fr\\\/arbres-2\\\/#breadcrumb\"},\"inLanguage\":\"fr-FR\",\"potentialAction\":[{\"@type\":\"ReadAction\",\"target\":[\"http:\\\/\\\/www.terresdangely.com\\\/fr\\\/arbres-2\\\/\"]}]},{\"@type\":\"BreadcrumbList\",\"@id\":\"http:\\\/\\\/www.terresdangely.com\\\/fr\\\/arbres-2\\\/#breadcrumb\",\"itemListElement\":[{\"@type\":\"ListItem\",\"position\":1,\"name\":\"Accueil\",\"item\":\"http:\\\/\\\/www.terresdangely.com\\\/fr\\\/\"},{\"@type\":\"ListItem\",\"position\":2,\"name\":\"Sisters\"}]},{\"@type\":\"WebSite\",\"@id\":\"http:\\\/\\\/www.terresdangely.com\\\/#website\",\"url\":\"http:\\\/\\\/www.terresdangely.com\\\/\",\"name\":\"Terres d'Ang\u00e9ly\",\"description\":\"C\u00e9ramique artisanale\",\"publisher\":{\"@id\":\"http:\\\/\\\/www.terresdangely.com\\\/#organization\"},\"potentialAction\":[{\"@type\":\"SearchAction\",\"target\":{\"@type\":\"EntryPoint\",\"urlTemplate\":\"http:\\\/\\\/www.terresdangely.com\\\/?s={search_term_string}\"},\"query-input\":{\"@type\":\"PropertyValueSpecification\",\"valueRequired\":true,\"valueName\":\"search_term_string\"}}],\"inLanguage\":\"fr-FR\"},{\"@type\":\"Organization\",\"@id\":\"http:\\\/\\\/www.terresdangely.com\\\/#organization\",\"name\":\"Terres d'Ang\u00e9ly\",\"url\":\"http:\\\/\\\/www.terresdangely.com\\\/\",\"logo\":{\"@type\":\"ImageObject\",\"inLanguage\":\"fr-FR\",\"@id\":\"http:\\\/\\\/www.terresdangely.com\\\/#\\\/schema\\\/logo\\\/image\\\/\",\"url\":\"http:\\\/\\\/www.terresdangely.com\\\/wp-content\\\/uploads\\\/2019\\\/04\\\/Logo-Terres-dAngely-site.png\",\"contentUrl\":\"http:\\\/\\\/www.terresdangely.com\\\/wp-content\\\/uploads\\\/2019\\\/04\\\/Logo-Terres-dAngely-site.png\",\"width\":150,\"height\":149,\"caption\":\"Terres d'Ang\u00e9ly\"},\"image\":{\"@id\":\"http:\\\/\\\/www.terresdangely.com\\\/#\\\/schema\\\/logo\\\/image\\\/\"}}]}<\/script>\n<!-- \/ Yoast SEO plugin. -->","yoast_head_json":{"title":"masques model\u00e9s - atelier de c\u00e9ramique-Charente Maritime","description":"masques model\u00e9s. Atelier de c\u00e9ramique contemporaine d'Isabelle Nadeau en Charente Maritime. C\u00e9ramiques contemporaines fabriqu\u00e9es \u00e0 la main.","robots":{"index":"index","follow":"follow","max-snippet":"max-snippet:-1","max-image-preview":"max-image-preview:large","max-video-preview":"max-video-preview:-1"},"canonical":"http:\/\/www.terresdangely.com\/fr\/arbres-2\/","og_locale":"fr_FR","og_type":"article","og_title":"[:fr]masques model\u00e9s - atelier de c\u00e9ramique-Charente Maritime[:]","og_description":"[:fr]masques model\u00e9s. Atelier de c\u00e9ramique contemporaine d'Isabelle Nadeau en Charente Maritime. C\u00e9ramiques contemporaines fabriqu\u00e9es \u00e0 la main.[:]","og_url":"http:\/\/www.terresdangely.com\/fr\/arbres-2\/","og_site_name":"Terres d'Ang\u00e9ly","article_modified_time":"2024-07-16T15:17:57+00:00","twitter_card":"summary_large_image","twitter_misc":{"Dur\u00e9e de lecture estim\u00e9e":"1 minute"},"schema":{"@context":"https:\/\/schema.org","@graph":[{"@type":"WebPage","@id":"http:\/\/www.terresdangely.com\/fr\/arbres-2\/","url":"http:\/\/www.terresdangely.com\/fr\/arbres-2\/","name":"masques model\u00e9s - atelier de c\u00e9ramique-Charente Maritime","isPartOf":{"@id":"http:\/\/www.terresdangely.com\/#website"},"datePublished":"2021-01-13T14:48:37+00:00","dateModified":"2024-07-16T15:17:57+00:00","description":"masques model\u00e9s. Atelier de c\u00e9ramique contemporaine d'Isabelle Nadeau en Charente Maritime. C\u00e9ramiques contemporaines fabriqu\u00e9es \u00e0 la main.","breadcrumb":{"@id":"http:\/\/www.terresdangely.com\/fr\/arbres-2\/#breadcrumb"},"inLanguage":"fr-FR","potentialAction":[{"@type":"ReadAction","target":["http:\/\/www.terresdangely.com\/fr\/arbres-2\/"]}]},{"@type":"BreadcrumbList","@id":"http:\/\/www.terresdangely.com\/fr\/arbres-2\/#breadcrumb","itemListElement":[{"@type":"ListItem","position":1,"name":"Accueil","item":"http:\/\/www.terresdangely.com\/fr\/"},{"@type":"ListItem","position":2,"name":"Sisters"}]},{"@type":"WebSite","@id":"http:\/\/www.terresdangely.com\/#website","url":"http:\/\/www.terresdangely.com\/","name":"Terres d'Ang\u00e9ly","description":"C\u00e9ramique artisanale","publisher":{"@id":"http:\/\/www.terresdangely.com\/#organization"},"potentialAction":[{"@type":"SearchAction","target":{"@type":"EntryPoint","urlTemplate":"http:\/\/www.terresdangely.com\/?s={search_term_string}"},"query-input":{"@type":"PropertyValueSpecification","valueRequired":true,"valueName":"search_term_string"}}],"inLanguage":"fr-FR"},{"@type":"Organization","@id":"http:\/\/www.terresdangely.com\/#organization","name":"Terres d'Ang\u00e9ly","url":"http:\/\/www.terresdangely.com\/","logo":{"@type":"ImageObject","inLanguage":"fr-FR","@id":"http:\/\/www.terresdangely.com\/#\/schema\/logo\/image\/","url":"http:\/\/www.terresdangely.com\/wp-content\/uploads\/2019\/04\/Logo-Terres-dAngely-site.png","contentUrl":"http:\/\/www.terresdangely.com\/wp-content\/uploads\/2019\/04\/Logo-Terres-dAngely-site.png","width":150,"height":149,"caption":"Terres d'Ang\u00e9ly"},"image":{"@id":"http:\/\/www.terresdangely.com\/#\/schema\/logo\/image\/"}}]}},"_links":{"self":[{"href":"http:\/\/www.terresdangely.com\/fr\/wp-json\/wp\/v2\/pages\/2068","targetHints":{"allow":["GET"]}}],"collection":[{"href":"http:\/\/www.terresdangely.com\/fr\/wp-json\/wp\/v2\/pages"}],"about":[{"href":"http:\/\/www.terresdangely.com\/fr\/wp-json\/wp\/v2\/types\/page"}],"author":[{"embeddable":true,"href":"http:\/\/www.terresdangely.com\/fr\/wp-json\/wp\/v2\/users\/1"}],"replies":[{"embeddable":true,"href":"http:\/\/www.terresdangely.com\/fr\/wp-json\/wp\/v2\/comments?post=2068"}],"version-history":[{"count":35,"href":"http:\/\/www.terresdangely.com\/fr\/wp-json\/wp\/v2\/pages\/2068\/revisions"}],"predecessor-version":[{"id":3475,"href":"http:\/\/www.terresdangely.com\/fr\/wp-json\/wp\/v2\/pages\/2068\/revisions\/3475"}],"wp:attachment":[{"href":"http:\/\/www.terresdangely.com\/fr\/wp-json\/wp\/v2\/media?parent=2068"}],"curies":[{"name":"wp","href":"https:\/\/api.w.org\/{rel}","templated":true}]}}