{"id":2996,"date":"2023-08-02T12:02:14","date_gmt":"2023-08-02T10:02:14","guid":{"rendered":"http:\/\/www.terresdangely.com\/fr\/?page_id=2996"},"modified":"2025-05-22T12:43:04","modified_gmt":"2025-05-22T10:43:04","slug":"collections","status":"publish","type":"page","link":"http:\/\/www.terresdangely.com\/fr\/collections\/","title":{"rendered":"Sculptures"},"content":{"rendered":"\t\t<div data-elementor-type=\"wp-post\" data-elementor-id=\"2996\" class=\"elementor elementor-2996\">\n\t\t\t\t\t\t<section class=\"elementor-section elementor-top-section elementor-element elementor-element-21f1cec elementor-section-boxed elementor-section-height-default elementor-section-height-default\" data-id=\"21f1cec\" data-element_type=\"section\" data-e-type=\"section\">\n\t\t\t\t\t\t<div class=\"elementor-container elementor-column-gap-default\">\n\t\t\t\t\t<div class=\"elementor-column elementor-col-100 elementor-top-column elementor-element elementor-element-8b3e0a0\" data-id=\"8b3e0a0\" data-element_type=\"column\" data-e-type=\"column\">\n\t\t\t<div class=\"elementor-widget-wrap elementor-element-populated\">\n\t\t\t\t\t\t<div class=\"elementor-element elementor-element-09b9b95 elementor-widget elementor-widget-text-editor\" data-id=\"09b9b95\" data-element_type=\"widget\" data-e-type=\"widget\" data-widget_type=\"text-editor.default\">\n\t\t\t\t<div class=\"elementor-widget-container\">\n\t\t\t\t\t\t\t\t\t<p>J&rsquo;ai commenc\u00e9 la c\u00e9ramique par le modelage. Cela reste un pan tr\u00e8s important de ma cr\u00e9ativit\u00e9 plus personnelle et intime.<br><\/p>\t\t\t\t\t\t\t\t<\/div>\n\t\t\t\t<\/div>\n\t\t\t\t\t<\/div>\n\t\t<\/div>\n\t\t\t\t\t<\/div>\n\t\t<\/section>\n\t\t\t\t<section class=\"elementor-section elementor-top-section elementor-element elementor-element-db74943 elementor-section-boxed elementor-section-height-default elementor-section-height-default\" data-id=\"db74943\" data-element_type=\"section\" data-e-type=\"section\">\n\t\t\t\t\t\t<div class=\"elementor-container elementor-column-gap-default\">\n\t\t\t\t\t<div class=\"elementor-column elementor-col-25 elementor-top-column elementor-element elementor-element-1e3c658\" data-id=\"1e3c658\" data-element_type=\"column\" data-e-type=\"column\">\n\t\t\t<div class=\"elementor-widget-wrap elementor-element-populated\">\n\t\t\t\t\t\t<div class=\"elementor-element elementor-element-8348da9 elementor-widget__width-initial elementor-position-top elementor-widget elementor-widget-image-box\" data-id=\"8348da9\" data-element_type=\"widget\" data-e-type=\"widget\" data-widget_type=\"image-box.default\">\n\t\t\t\t<div class=\"elementor-widget-container\">\n\t\t\t\t\t<div class=\"elementor-image-box-wrapper\"><figure class=\"elementor-image-box-img\"><a href=\"http:\/\/www.terresdangely.com\/fr\/buste-sister\/\" tabindex=\"-1\"><img fetchpriority=\"high\" decoding=\"async\" width=\"222\" height=\"300\" src=\"http:\/\/www.terresdangely.com\/wp-content\/uploads\/2023\/08\/buste-site-222x300.png\" class=\"attachment-medium size-medium wp-image-3001\" alt=\"\" srcset=\"http:\/\/www.terresdangely.com\/wp-content\/uploads\/2023\/08\/buste-site-222x300.png 222w, http:\/\/www.terresdangely.com\/wp-content\/uploads\/2023\/08\/buste-site-758x1024.png 758w, http:\/\/www.terresdangely.com\/wp-content\/uploads\/2023\/08\/buste-site-768x1038.png 768w, http:\/\/www.terresdangely.com\/wp-content\/uploads\/2023\/08\/buste-site-1136x1536.png 1136w, http:\/\/www.terresdangely.com\/wp-content\/uploads\/2023\/08\/buste-site-1515x2048.png 1515w, http:\/\/www.terresdangely.com\/wp-content\/uploads\/2023\/08\/buste-site-9x12.png 9w, http:\/\/www.terresdangely.com\/wp-content\/uploads\/2023\/08\/buste-site.png 1859w\" sizes=\"(max-width: 222px) 100vw, 222px\" \/><\/a><\/figure><\/div>\t\t\t\t<\/div>\n\t\t\t\t<\/div>\n\t\t\t\t\t<\/div>\n\t\t<\/div>\n\t\t\t\t<div class=\"elementor-column elementor-col-25 elementor-top-column elementor-element elementor-element-204f760\" data-id=\"204f760\" data-element_type=\"column\" data-e-type=\"column\">\n\t\t\t<div class=\"elementor-widget-wrap elementor-element-populated\">\n\t\t\t\t\t\t<div class=\"elementor-element elementor-element-a05b7d6 elementor-position-top elementor-widget elementor-widget-image-box\" data-id=\"a05b7d6\" data-element_type=\"widget\" data-e-type=\"widget\" data-widget_type=\"image-box.default\">\n\t\t\t\t<div class=\"elementor-widget-container\">\n\t\t\t\t\t<div class=\"elementor-image-box-wrapper\"><figure class=\"elementor-image-box-img\"><a href=\"http:\/\/www.terresdangely.com\/fr\/statuettes-modelees-atelier-de-ceramique-contemporaine-charente-maritime\/\" tabindex=\"-1\"><img decoding=\"async\" width=\"190\" height=\"300\" src=\"http:\/\/www.terresdangely.com\/wp-content\/uploads\/2023\/07\/dessin-statuette-190x300.png\" class=\"attachment-medium size-medium wp-image-2974\" alt=\"\" srcset=\"http:\/\/www.terresdangely.com\/wp-content\/uploads\/2023\/07\/dessin-statuette-190x300.png 190w, http:\/\/www.terresdangely.com\/wp-content\/uploads\/2023\/07\/dessin-statuette-647x1024.png 647w, http:\/\/www.terresdangely.com\/wp-content\/uploads\/2023\/07\/dessin-statuette-768x1215.png 768w, http:\/\/www.terresdangely.com\/wp-content\/uploads\/2023\/07\/dessin-statuette-971x1536.png 971w, http:\/\/www.terresdangely.com\/wp-content\/uploads\/2023\/07\/dessin-statuette-8x12.png 8w, http:\/\/www.terresdangely.com\/wp-content\/uploads\/2023\/07\/dessin-statuette.png 1221w\" sizes=\"(max-width: 190px) 100vw, 190px\" \/><\/a><\/figure><\/div>\t\t\t\t<\/div>\n\t\t\t\t<\/div>\n\t\t\t\t\t<\/div>\n\t\t<\/div>\n\t\t\t\t<div class=\"elementor-column elementor-col-25 elementor-top-column elementor-element elementor-element-4a5c605\" data-id=\"4a5c605\" data-element_type=\"column\" data-e-type=\"column\">\n\t\t\t<div class=\"elementor-widget-wrap elementor-element-populated\">\n\t\t\t\t\t\t<div class=\"elementor-element elementor-element-b664f84 elementor-position-top elementor-widget elementor-widget-image-box\" data-id=\"b664f84\" data-element_type=\"widget\" data-e-type=\"widget\" data-widget_type=\"image-box.default\">\n\t\t\t\t<div class=\"elementor-widget-container\">\n\t\t\t\t\t<div class=\"elementor-image-box-wrapper\"><figure class=\"elementor-image-box-img\"><a href=\"http:\/\/www.terresdangely.com\/fr\/buste\/\" tabindex=\"-1\"><img decoding=\"async\" width=\"200\" height=\"300\" src=\"http:\/\/www.terresdangely.com\/wp-content\/uploads\/2023\/08\/masque-site-200x300.png\" class=\"attachment-medium size-medium wp-image-3000\" alt=\"\" srcset=\"http:\/\/www.terresdangely.com\/wp-content\/uploads\/2023\/08\/masque-site-200x300.png 200w, http:\/\/www.terresdangely.com\/wp-content\/uploads\/2023\/08\/masque-site-682x1024.png 682w, http:\/\/www.terresdangely.com\/wp-content\/uploads\/2023\/08\/masque-site-768x1153.png 768w, http:\/\/www.terresdangely.com\/wp-content\/uploads\/2023\/08\/masque-site-1023x1536.png 1023w, http:\/\/www.terresdangely.com\/wp-content\/uploads\/2023\/08\/masque-site-1364x2048.png 1364w, http:\/\/www.terresdangely.com\/wp-content\/uploads\/2023\/08\/masque-site-8x12.png 8w, http:\/\/www.terresdangely.com\/wp-content\/uploads\/2023\/08\/masque-site.png 1557w\" sizes=\"(max-width: 200px) 100vw, 200px\" \/><\/a><\/figure><\/div>\t\t\t\t<\/div>\n\t\t\t\t<\/div>\n\t\t\t\t\t<\/div>\n\t\t<\/div>\n\t\t\t\t<div class=\"elementor-column elementor-col-25 elementor-top-column elementor-element elementor-element-559330a\" data-id=\"559330a\" data-element_type=\"column\" data-e-type=\"column\">\n\t\t\t<div class=\"elementor-widget-wrap elementor-element-populated\">\n\t\t\t\t\t\t<div class=\"elementor-element elementor-element-9d054c2 elementor-position-top elementor-widget elementor-widget-image-box\" data-id=\"9d054c2\" data-element_type=\"widget\" data-e-type=\"widget\" data-widget_type=\"image-box.default\">\n\t\t\t\t<div class=\"elementor-widget-container\">\n\t\t\t\t\t<div class=\"elementor-image-box-wrapper\"><figure class=\"elementor-image-box-img\"><a href=\"http:\/\/www.terresdangely.com\/fr\/arbres\/\" tabindex=\"-1\"><img loading=\"lazy\" decoding=\"async\" width=\"300\" height=\"277\" src=\"http:\/\/www.terresdangely.com\/wp-content\/uploads\/2023\/08\/arbre-site-300x277.png\" class=\"attachment-medium size-medium wp-image-2999\" alt=\"\" srcset=\"http:\/\/www.terresdangely.com\/wp-content\/uploads\/2023\/08\/arbre-site-300x277.png 300w, http:\/\/www.terresdangely.com\/wp-content\/uploads\/2023\/08\/arbre-site-1024x944.png 1024w, http:\/\/www.terresdangely.com\/wp-content\/uploads\/2023\/08\/arbre-site-768x708.png 768w, http:\/\/www.terresdangely.com\/wp-content\/uploads\/2023\/08\/arbre-site-13x12.png 13w, http:\/\/www.terresdangely.com\/wp-content\/uploads\/2023\/08\/arbre-site.png 1348w\" sizes=\"(max-width: 300px) 100vw, 300px\" \/><\/a><\/figure><\/div>\t\t\t\t<\/div>\n\t\t\t\t<\/div>\n\t\t\t\t\t<\/div>\n\t\t<\/div>\n\t\t\t\t\t<\/div>\n\t\t<\/section>\n\t\t\t\t<section class=\"elementor-section elementor-top-section elementor-element elementor-element-b9f61a7 elementor-section-boxed elementor-section-height-default elementor-section-height-default\" data-id=\"b9f61a7\" data-element_type=\"section\" data-e-type=\"section\">\n\t\t\t\t\t\t<div class=\"elementor-container elementor-column-gap-default\">\n\t\t\t\t\t<div class=\"elementor-column elementor-col-100 elementor-top-column elementor-element elementor-element-9debaff\" data-id=\"9debaff\" data-element_type=\"column\" data-e-type=\"column\">\n\t\t\t<div class=\"elementor-widget-wrap\">\n\t\t\t\t\t\t\t<\/div>\n\t\t<\/div>\n\t\t\t\t\t<\/div>\n\t\t<\/section>\n\t\t\t\t<\/div>\n\t\t","protected":false},"excerpt":{"rendered":"<p>J&rsquo;ai commenc\u00e9 la c\u00e9ramique par le modelage. Cela reste un pan tr\u00e8s important de ma cr\u00e9ativit\u00e9 plus personnelle et intime.<\/p>\n","protected":false},"author":1,"featured_media":0,"parent":0,"menu_order":0,"comment_status":"closed","ping_status":"open","template":"","meta":{"footnotes":""},"class_list":["post-2996","page","type-page","status-publish","hentry"],"yoast_head":"<!-- This site is optimized with the Yoast SEO plugin v27.3 - https:\/\/yoast.com\/product\/yoast-seo-wordpress\/ -->\n<title>C\u00e9ramique - Atelier Terres d&#039;Ang\u00e9ly - Isabelle Nadeau<\/title>\n<meta name=\"description\" content=\"C\u00e9ramique. Atelier Terres d&#039;Ang\u00e9ly - Isabelle Nadeau - Fabrication de c\u00e9ramiques contempraines, d&#039;objets utilitaires et d\u00e9coratifs en tr\u00e8s petites s\u00e9ries\" \/>\n<meta name=\"robots\" content=\"index, follow, max-snippet:-1, max-image-preview:large, max-video-preview:-1\" \/>\n<link rel=\"canonical\" href=\"http:\/\/www.terresdangely.com\/fr\/collections\/\" \/>\n<meta property=\"og:locale\" content=\"fr_FR\" \/>\n<meta property=\"og:locale:alternate\" content=\"en_UK\" \/>\n<meta property=\"og:type\" content=\"article\" \/>\n<meta property=\"og:title\" content=\"C\u00e9ramique - Atelier Terres d&#039;Ang\u00e9ly - Isabelle Nadeau\" \/>\n<meta property=\"og:description\" content=\"C\u00e9ramique. Atelier Terres d&#039;Ang\u00e9ly - Isabelle Nadeau - Fabrication de c\u00e9ramiques contempraines, d&#039;objets utilitaires et d\u00e9coratifs en tr\u00e8s petites s\u00e9ries\" \/>\n<meta property=\"og:url\" content=\"http:\/\/www.terresdangely.com\/fr\/collections\/\" \/>\n<meta property=\"og:site_name\" content=\"Terres d&#039;Ang\u00e9ly\" \/>\n<meta property=\"article:modified_time\" content=\"2025-05-22T10:43:04+00:00\" \/>\n<meta property=\"og:image\" content=\"http:\/\/www.terresdangely.com\/wp-content\/uploads\/2023\/08\/buste-site.png\" \/>\n\t<meta property=\"og:image:width\" content=\"1859\" \/>\n\t<meta property=\"og:image:height\" content=\"2513\" \/>\n\t<meta property=\"og:image:type\" content=\"image\/png\" \/>\n<meta name=\"twitter:card\" content=\"summary_large_image\" \/>\n<meta name=\"twitter:label1\" content=\"Dur\u00e9e de lecture estim\u00e9e\" \/>\n\t<meta name=\"twitter:data1\" content=\"1 minute\" \/>\n<script type=\"application\/ld+json\" class=\"yoast-schema-graph\">{\"@context\":\"https:\\\/\\\/schema.org\",\"@graph\":[{\"@type\":\"WebPage\",\"@id\":\"http:\\\/\\\/www.terresdangely.com\\\/fr\\\/collections\\\/\",\"url\":\"http:\\\/\\\/www.terresdangely.com\\\/fr\\\/collections\\\/\",\"name\":\"C\u00e9ramique - Atelier Terres d'Ang\u00e9ly - Isabelle Nadeau\",\"isPartOf\":{\"@id\":\"http:\\\/\\\/www.terresdangely.com\\\/#website\"},\"primaryImageOfPage\":{\"@id\":\"http:\\\/\\\/www.terresdangely.com\\\/fr\\\/collections\\\/#primaryimage\"},\"image\":{\"@id\":\"http:\\\/\\\/www.terresdangely.com\\\/fr\\\/collections\\\/#primaryimage\"},\"thumbnailUrl\":\"http:\\\/\\\/www.terresdangely.com\\\/wp-content\\\/uploads\\\/2023\\\/08\\\/buste-site-222x300.png\",\"datePublished\":\"2023-08-02T10:02:14+00:00\",\"dateModified\":\"2025-05-22T10:43:04+00:00\",\"description\":\"C\u00e9ramique. Atelier Terres d'Ang\u00e9ly - Isabelle Nadeau - Fabrication de c\u00e9ramiques contempraines, d'objets utilitaires et d\u00e9coratifs en tr\u00e8s petites s\u00e9ries\",\"breadcrumb\":{\"@id\":\"http:\\\/\\\/www.terresdangely.com\\\/fr\\\/collections\\\/#breadcrumb\"},\"inLanguage\":\"fr-FR\",\"potentialAction\":[{\"@type\":\"ReadAction\",\"target\":[\"http:\\\/\\\/www.terresdangely.com\\\/fr\\\/collections\\\/\"]}]},{\"@type\":\"ImageObject\",\"inLanguage\":\"fr-FR\",\"@id\":\"http:\\\/\\\/www.terresdangely.com\\\/fr\\\/collections\\\/#primaryimage\",\"url\":\"http:\\\/\\\/www.terresdangely.com\\\/wp-content\\\/uploads\\\/2023\\\/08\\\/buste-site-222x300.png\",\"contentUrl\":\"http:\\\/\\\/www.terresdangely.com\\\/wp-content\\\/uploads\\\/2023\\\/08\\\/buste-site-222x300.png\"},{\"@type\":\"BreadcrumbList\",\"@id\":\"http:\\\/\\\/www.terresdangely.com\\\/fr\\\/collections\\\/#breadcrumb\",\"itemListElement\":[{\"@type\":\"ListItem\",\"position\":1,\"name\":\"Accueil\",\"item\":\"http:\\\/\\\/www.terresdangely.com\\\/fr\\\/\"},{\"@type\":\"ListItem\",\"position\":2,\"name\":\"Sculptures\"}]},{\"@type\":\"WebSite\",\"@id\":\"http:\\\/\\\/www.terresdangely.com\\\/#website\",\"url\":\"http:\\\/\\\/www.terresdangely.com\\\/\",\"name\":\"Terres d'Ang\u00e9ly\",\"description\":\"C\u00e9ramique artisanale\",\"publisher\":{\"@id\":\"http:\\\/\\\/www.terresdangely.com\\\/#organization\"},\"potentialAction\":[{\"@type\":\"SearchAction\",\"target\":{\"@type\":\"EntryPoint\",\"urlTemplate\":\"http:\\\/\\\/www.terresdangely.com\\\/?s={search_term_string}\"},\"query-input\":{\"@type\":\"PropertyValueSpecification\",\"valueRequired\":true,\"valueName\":\"search_term_string\"}}],\"inLanguage\":\"fr-FR\"},{\"@type\":\"Organization\",\"@id\":\"http:\\\/\\\/www.terresdangely.com\\\/#organization\",\"name\":\"Terres d'Ang\u00e9ly\",\"url\":\"http:\\\/\\\/www.terresdangely.com\\\/\",\"logo\":{\"@type\":\"ImageObject\",\"inLanguage\":\"fr-FR\",\"@id\":\"http:\\\/\\\/www.terresdangely.com\\\/#\\\/schema\\\/logo\\\/image\\\/\",\"url\":\"http:\\\/\\\/www.terresdangely.com\\\/wp-content\\\/uploads\\\/2019\\\/04\\\/Logo-Terres-dAngely-site.png\",\"contentUrl\":\"http:\\\/\\\/www.terresdangely.com\\\/wp-content\\\/uploads\\\/2019\\\/04\\\/Logo-Terres-dAngely-site.png\",\"width\":150,\"height\":149,\"caption\":\"Terres d'Ang\u00e9ly\"},\"image\":{\"@id\":\"http:\\\/\\\/www.terresdangely.com\\\/#\\\/schema\\\/logo\\\/image\\\/\"}}]}<\/script>\n<!-- \/ Yoast SEO plugin. -->","yoast_head_json":{"title":"C\u00e9ramique - Atelier Terres d'Ang\u00e9ly - Isabelle Nadeau","description":"C\u00e9ramique. Atelier Terres d'Ang\u00e9ly - Isabelle Nadeau - Fabrication de c\u00e9ramiques contempraines, d'objets utilitaires et d\u00e9coratifs en tr\u00e8s petites s\u00e9ries","robots":{"index":"index","follow":"follow","max-snippet":"max-snippet:-1","max-image-preview":"max-image-preview:large","max-video-preview":"max-video-preview:-1"},"canonical":"http:\/\/www.terresdangely.com\/fr\/collections\/","og_locale":"fr_FR","og_type":"article","og_title":"[:fr]C\u00e9ramique - Atelier Terres d'Ang\u00e9ly - Isabelle Nadeau[:]","og_description":"[:fr]C\u00e9ramique. Atelier Terres d'Ang\u00e9ly - Isabelle Nadeau - Fabrication de c\u00e9ramiques contempraines, d'objets utilitaires et d\u00e9coratifs en tr\u00e8s petites s\u00e9ries[:]","og_url":"http:\/\/www.terresdangely.com\/fr\/collections\/","og_site_name":"Terres d'Ang\u00e9ly","article_modified_time":"2025-05-22T10:43:04+00:00","og_image":[{"width":1859,"height":2513,"url":"http:\/\/www.terresdangely.com\/wp-content\/uploads\/2023\/08\/buste-site.png","type":"image\/png"}],"twitter_card":"summary_large_image","twitter_misc":{"Dur\u00e9e de lecture estim\u00e9e":"1 minute"},"schema":{"@context":"https:\/\/schema.org","@graph":[{"@type":"WebPage","@id":"http:\/\/www.terresdangely.com\/fr\/collections\/","url":"http:\/\/www.terresdangely.com\/fr\/collections\/","name":"C\u00e9ramique - Atelier Terres d'Ang\u00e9ly - Isabelle Nadeau","isPartOf":{"@id":"http:\/\/www.terresdangely.com\/#website"},"primaryImageOfPage":{"@id":"http:\/\/www.terresdangely.com\/fr\/collections\/#primaryimage"},"image":{"@id":"http:\/\/www.terresdangely.com\/fr\/collections\/#primaryimage"},"thumbnailUrl":"http:\/\/www.terresdangely.com\/wp-content\/uploads\/2023\/08\/buste-site-222x300.png","datePublished":"2023-08-02T10:02:14+00:00","dateModified":"2025-05-22T10:43:04+00:00","description":"C\u00e9ramique. Atelier Terres d'Ang\u00e9ly - Isabelle Nadeau - Fabrication de c\u00e9ramiques contempraines, d'objets utilitaires et d\u00e9coratifs en tr\u00e8s petites s\u00e9ries","breadcrumb":{"@id":"http:\/\/www.terresdangely.com\/fr\/collections\/#breadcrumb"},"inLanguage":"fr-FR","potentialAction":[{"@type":"ReadAction","target":["http:\/\/www.terresdangely.com\/fr\/collections\/"]}]},{"@type":"ImageObject","inLanguage":"fr-FR","@id":"http:\/\/www.terresdangely.com\/fr\/collections\/#primaryimage","url":"http:\/\/www.terresdangely.com\/wp-content\/uploads\/2023\/08\/buste-site-222x300.png","contentUrl":"http:\/\/www.terresdangely.com\/wp-content\/uploads\/2023\/08\/buste-site-222x300.png"},{"@type":"BreadcrumbList","@id":"http:\/\/www.terresdangely.com\/fr\/collections\/#breadcrumb","itemListElement":[{"@type":"ListItem","position":1,"name":"Accueil","item":"http:\/\/www.terresdangely.com\/fr\/"},{"@type":"ListItem","position":2,"name":"Sculptures"}]},{"@type":"WebSite","@id":"http:\/\/www.terresdangely.com\/#website","url":"http:\/\/www.terresdangely.com\/","name":"Terres d'Ang\u00e9ly","description":"C\u00e9ramique artisanale","publisher":{"@id":"http:\/\/www.terresdangely.com\/#organization"},"potentialAction":[{"@type":"SearchAction","target":{"@type":"EntryPoint","urlTemplate":"http:\/\/www.terresdangely.com\/?s={search_term_string}"},"query-input":{"@type":"PropertyValueSpecification","valueRequired":true,"valueName":"search_term_string"}}],"inLanguage":"fr-FR"},{"@type":"Organization","@id":"http:\/\/www.terresdangely.com\/#organization","name":"Terres d'Ang\u00e9ly","url":"http:\/\/www.terresdangely.com\/","logo":{"@type":"ImageObject","inLanguage":"fr-FR","@id":"http:\/\/www.terresdangely.com\/#\/schema\/logo\/image\/","url":"http:\/\/www.terresdangely.com\/wp-content\/uploads\/2019\/04\/Logo-Terres-dAngely-site.png","contentUrl":"http:\/\/www.terresdangely.com\/wp-content\/uploads\/2019\/04\/Logo-Terres-dAngely-site.png","width":150,"height":149,"caption":"Terres d'Ang\u00e9ly"},"image":{"@id":"http:\/\/www.terresdangely.com\/#\/schema\/logo\/image\/"}}]}},"_links":{"self":[{"href":"http:\/\/www.terresdangely.com\/fr\/wp-json\/wp\/v2\/pages\/2996","targetHints":{"allow":["GET"]}}],"collection":[{"href":"http:\/\/www.terresdangely.com\/fr\/wp-json\/wp\/v2\/pages"}],"about":[{"href":"http:\/\/www.terresdangely.com\/fr\/wp-json\/wp\/v2\/types\/page"}],"author":[{"embeddable":true,"href":"http:\/\/www.terresdangely.com\/fr\/wp-json\/wp\/v2\/users\/1"}],"replies":[{"embeddable":true,"href":"http:\/\/www.terresdangely.com\/fr\/wp-json\/wp\/v2\/comments?post=2996"}],"version-history":[{"count":22,"href":"http:\/\/www.terresdangely.com\/fr\/wp-json\/wp\/v2\/pages\/2996\/revisions"}],"predecessor-version":[{"id":3676,"href":"http:\/\/www.terresdangely.com\/fr\/wp-json\/wp\/v2\/pages\/2996\/revisions\/3676"}],"wp:attachment":[{"href":"http:\/\/www.terresdangely.com\/fr\/wp-json\/wp\/v2\/media?parent=2996"}],"curies":[{"name":"wp","href":"https:\/\/api.w.org\/{rel}","templated":true}]}}