{"id":359,"date":"2019-04-10T18:00:24","date_gmt":"2019-04-10T16:00:24","guid":{"rendered":"http:\/\/www.formations-web1.com\/wpr6\/?page_id=359"},"modified":"2021-10-29T16:04:41","modified_gmt":"2021-10-29T14:04:41","slug":"ceramique-atelier-terres-dangely-isabelle-nadeau","status":"publish","type":"page","link":"http:\/\/www.terresdangely.com\/fr\/ceramique-atelier-terres-dangely-isabelle-nadeau\/","title":{"rendered":"Collections"},"content":{"rendered":"\t\t<div data-elementor-type=\"wp-post\" data-elementor-id=\"359\" class=\"elementor elementor-359\">\n\t\t\t\t\t\t<section class=\"elementor-section elementor-top-section elementor-element elementor-element-21f1cec elementor-section-boxed elementor-section-height-default elementor-section-height-default\" data-id=\"21f1cec\" data-element_type=\"section\" data-e-type=\"section\">\n\t\t\t\t\t\t<div class=\"elementor-container elementor-column-gap-default\">\n\t\t\t\t\t<div class=\"elementor-column elementor-col-100 elementor-top-column elementor-element elementor-element-8b3e0a0\" data-id=\"8b3e0a0\" data-element_type=\"column\" data-e-type=\"column\">\n\t\t\t<div class=\"elementor-widget-wrap elementor-element-populated\">\n\t\t\t\t\t\t<div class=\"elementor-element elementor-element-09b9b95 elementor-widget elementor-widget-text-editor\" data-id=\"09b9b95\" data-element_type=\"widget\" data-e-type=\"widget\" data-widget_type=\"text-editor.default\">\n\t\t\t\t<div class=\"elementor-widget-container\">\n\t\t\t\t\t\t\t\t\t<p>Mes formes sont en g\u00e9n\u00e9ral tr\u00e8s simples et privil\u00e9gient le d\u00e9cor. Beaucoup de cylindres, des formes en V, des cubes. Pas de fioritures, presque pas de pied. M\u00eame les anses sont carr\u00e9es. Les fonds sont blancs porcelaine. J&rsquo;aime ce qui est sobre et \u00e9pur\u00e9. On qualifie souvent mes pi\u00e8ces de japonisantes.<\/p>\t\t\t\t\t\t\t\t<\/div>\n\t\t\t\t<\/div>\n\t\t\t\t\t<\/div>\n\t\t<\/div>\n\t\t\t\t\t<\/div>\n\t\t<\/section>\n\t\t\t\t<section class=\"elementor-section elementor-top-section elementor-element elementor-element-db74943 elementor-section-boxed elementor-section-height-default elementor-section-height-default\" data-id=\"db74943\" data-element_type=\"section\" data-e-type=\"section\">\n\t\t\t\t\t\t<div class=\"elementor-container elementor-column-gap-default\">\n\t\t\t\t\t<div class=\"elementor-column elementor-col-16 elementor-top-column elementor-element elementor-element-1e3c658\" data-id=\"1e3c658\" data-element_type=\"column\" data-e-type=\"column\">\n\t\t\t<div class=\"elementor-widget-wrap elementor-element-populated\">\n\t\t\t\t\t\t<div class=\"elementor-element elementor-element-a05b7d6 elementor-position-top elementor-widget elementor-widget-image-box\" data-id=\"a05b7d6\" data-element_type=\"widget\" data-e-type=\"widget\" data-widget_type=\"image-box.default\">\n\t\t\t\t<div class=\"elementor-widget-container\">\n\t\t\t\t\t<div class=\"elementor-image-box-wrapper\"><figure class=\"elementor-image-box-img\"><a href=\"http:\/\/www.terresdangely.com\/tasses-gobelets-et-mugs-en-porcelaine\/\" tabindex=\"-1\"><img decoding=\"async\" width=\"150\" height=\"150\" src=\"http:\/\/www.terresdangely.com\/wp-content\/uploads\/2019\/04\/tassesdessinsite-150x150.png\" class=\"attachment-thumbnail size-thumbnail wp-image-615\" alt=\"tasses dessin site - Atelier Terres d&#039;Ang\u00e9ly\" srcset=\"http:\/\/www.terresdangely.com\/wp-content\/uploads\/2019\/04\/tassesdessinsite-150x150.png 150w, http:\/\/www.terresdangely.com\/wp-content\/uploads\/2019\/04\/tassesdessinsite-300x300.png 300w\" sizes=\"(max-width: 150px) 100vw, 150px\" \/><\/a><\/figure><div class=\"elementor-image-box-content\"><h1 class=\"elementor-image-box-title\"><a href=\"http:\/\/www.terresdangely.com\/tasses-gobelets-et-mugs-en-porcelaine\/\">Tasses<\/a><\/h1><p class=\"elementor-image-box-description\">Tasse, mug, gobelet<\/p><\/div><\/div>\t\t\t\t<\/div>\n\t\t\t\t<\/div>\n\t\t\t\t\t<\/div>\n\t\t<\/div>\n\t\t\t\t<div class=\"elementor-column elementor-col-16 elementor-top-column elementor-element elementor-element-204f760\" data-id=\"204f760\" data-element_type=\"column\" data-e-type=\"column\">\n\t\t\t<div class=\"elementor-widget-wrap elementor-element-populated\">\n\t\t\t\t\t\t<div class=\"elementor-element elementor-element-8348da9 elementor-position-top elementor-widget elementor-widget-image-box\" data-id=\"8348da9\" data-element_type=\"widget\" data-e-type=\"widget\" data-widget_type=\"image-box.default\">\n\t\t\t\t<div class=\"elementor-widget-container\">\n\t\t\t\t\t<div class=\"elementor-image-box-wrapper\"><figure class=\"elementor-image-box-img\"><a href=\"http:\/\/www.terresdangely.com\/vases-en-porcelaine\/\" tabindex=\"-1\"><img decoding=\"async\" width=\"150\" height=\"150\" src=\"http:\/\/www.terresdangely.com\/wp-content\/uploads\/2019\/04\/Dessin-vases-150x150.png\" class=\"attachment-thumbnail size-thumbnail wp-image-617\" alt=\"c\u00e9ramique - Dessin vase site - Atelier Terres d&#039;Ang\u00e9ly\" srcset=\"http:\/\/www.terresdangely.com\/wp-content\/uploads\/2019\/04\/Dessin-vases-150x150.png 150w, http:\/\/www.terresdangely.com\/wp-content\/uploads\/2019\/04\/Dessin-vases-300x300.png 300w\" sizes=\"(max-width: 150px) 100vw, 150px\" \/><\/a><\/figure><div class=\"elementor-image-box-content\"><h1 class=\"elementor-image-box-title\"><a href=\"http:\/\/www.terresdangely.com\/vases-en-porcelaine\/\">Vases<\/a><\/h1><p class=\"elementor-image-box-description\">Vase droit, \u00e0 col<\/p><\/div><\/div>\t\t\t\t<\/div>\n\t\t\t\t<\/div>\n\t\t\t\t\t<\/div>\n\t\t<\/div>\n\t\t\t\t<div class=\"elementor-column elementor-col-16 elementor-top-column elementor-element elementor-element-4a5c605\" data-id=\"4a5c605\" data-element_type=\"column\" data-e-type=\"column\">\n\t\t\t<div class=\"elementor-widget-wrap elementor-element-populated\">\n\t\t\t\t\t\t<div class=\"elementor-element elementor-element-b664f84 elementor-position-top elementor-widget elementor-widget-image-box\" data-id=\"b664f84\" data-element_type=\"widget\" data-e-type=\"widget\" data-widget_type=\"image-box.default\">\n\t\t\t\t<div class=\"elementor-widget-container\">\n\t\t\t\t\t<div class=\"elementor-image-box-wrapper\"><figure class=\"elementor-image-box-img\"><a href=\"http:\/\/www.terresdangely.com\/bouteilles-en-porcelaine-utilitaire-et-decoratives-faites-a-la-main\/\" tabindex=\"-1\"><img decoding=\"async\" width=\"150\" height=\"150\" src=\"http:\/\/www.terresdangely.com\/wp-content\/uploads\/2019\/04\/dessin-bouteilles-150x150.png\" class=\"attachment-thumbnail size-thumbnail wp-image-616\" alt=\"c\u00e9ramique -\" srcset=\"http:\/\/www.terresdangely.com\/wp-content\/uploads\/2019\/04\/dessin-bouteilles-150x150.png 150w, http:\/\/www.terresdangely.com\/wp-content\/uploads\/2019\/04\/dessin-bouteilles-300x300.png 300w\" sizes=\"(max-width: 150px) 100vw, 150px\" \/><\/a><\/figure><div class=\"elementor-image-box-content\"><h1 class=\"elementor-image-box-title\"><a href=\"http:\/\/www.terresdangely.com\/bouteilles-en-porcelaine-utilitaire-et-decoratives-faites-a-la-main\/\">Bouteilles<\/a><\/h1><p class=\"elementor-image-box-description\">Bouteille, soliflore<\/p><\/div><\/div>\t\t\t\t<\/div>\n\t\t\t\t<\/div>\n\t\t\t\t\t<\/div>\n\t\t<\/div>\n\t\t\t\t<div class=\"elementor-column elementor-col-16 elementor-top-column elementor-element elementor-element-559330a\" data-id=\"559330a\" data-element_type=\"column\" data-e-type=\"column\">\n\t\t\t<div class=\"elementor-widget-wrap elementor-element-populated\">\n\t\t\t\t\t\t<div class=\"elementor-element elementor-element-9d054c2 elementor-position-top elementor-widget elementor-widget-image-box\" data-id=\"9d054c2\" data-element_type=\"widget\" data-e-type=\"widget\" data-widget_type=\"image-box.default\">\n\t\t\t\t<div class=\"elementor-widget-container\">\n\t\t\t\t\t<div class=\"elementor-image-box-wrapper\"><figure class=\"elementor-image-box-img\"><a href=\"http:\/\/www.terresdangely.com\/bols-et-saladiers-en-porcelaine-faits-main\/\" tabindex=\"-1\"><img loading=\"lazy\" decoding=\"async\" width=\"150\" height=\"150\" src=\"http:\/\/www.terresdangely.com\/wp-content\/uploads\/2019\/04\/bols-dessinssite-150x150.png\" class=\"attachment-thumbnail size-thumbnail wp-image-618\" alt=\"c\u00e9ramique - bols dessin site - Atelier Terres d&#039;Ang\u00e9ly\" srcset=\"http:\/\/www.terresdangely.com\/wp-content\/uploads\/2019\/04\/bols-dessinssite-150x150.png 150w, http:\/\/www.terresdangely.com\/wp-content\/uploads\/2019\/04\/bols-dessinssite-300x300.png 300w\" sizes=\"(max-width: 150px) 100vw, 150px\" \/><\/a><\/figure><div class=\"elementor-image-box-content\"><h1 class=\"elementor-image-box-title\"><a href=\"http:\/\/www.terresdangely.com\/bols-et-saladiers-en-porcelaine-faits-main\/\">Bols<\/a><\/h1><p class=\"elementor-image-box-description\">Bol, saladier<\/p><\/div><\/div>\t\t\t\t<\/div>\n\t\t\t\t<\/div>\n\t\t\t\t\t<\/div>\n\t\t<\/div>\n\t\t\t\t<div class=\"elementor-column elementor-col-16 elementor-top-column elementor-element elementor-element-1698b37\" data-id=\"1698b37\" data-element_type=\"column\" data-e-type=\"column\">\n\t\t\t<div class=\"elementor-widget-wrap elementor-element-populated\">\n\t\t\t\t\t\t<div class=\"elementor-element elementor-element-0a06ed1 elementor-position-top elementor-widget elementor-widget-image-box\" data-id=\"0a06ed1\" data-element_type=\"widget\" data-e-type=\"widget\" data-widget_type=\"image-box.default\">\n\t\t\t\t<div class=\"elementor-widget-container\">\n\t\t\t\t\t<div class=\"elementor-image-box-wrapper\"><figure class=\"elementor-image-box-img\"><a href=\"http:\/\/www.terresdangely.com\/assiettes-en-porcelaine-entierement-faites-a-la-main\/\" tabindex=\"-1\"><img loading=\"lazy\" decoding=\"async\" width=\"150\" height=\"150\" src=\"http:\/\/www.terresdangely.com\/wp-content\/uploads\/2019\/04\/assiettes-dessinsite-150x150.png\" class=\"attachment-thumbnail size-thumbnail wp-image-620\" alt=\"assiettes dessin site - Atelier Terres d&#039;Ang\u00e9ly\" srcset=\"http:\/\/www.terresdangely.com\/wp-content\/uploads\/2019\/04\/assiettes-dessinsite-150x150.png 150w, http:\/\/www.terresdangely.com\/wp-content\/uploads\/2019\/04\/assiettes-dessinsite-300x300.png 300w\" sizes=\"(max-width: 150px) 100vw, 150px\" \/><\/a><\/figure><div class=\"elementor-image-box-content\"><h1 class=\"elementor-image-box-title\"><a href=\"http:\/\/www.terresdangely.com\/assiettes-en-porcelaine-entierement-faites-a-la-main\/\">Assiettes<\/a><\/h1><p class=\"elementor-image-box-description\">Assiette d\u00e9co, utilitaire<\/p><\/div><\/div>\t\t\t\t<\/div>\n\t\t\t\t<\/div>\n\t\t\t\t\t<\/div>\n\t\t<\/div>\n\t\t\t\t<div class=\"elementor-column elementor-col-16 elementor-top-column elementor-element elementor-element-84ed2b7\" data-id=\"84ed2b7\" data-element_type=\"column\" data-e-type=\"column\">\n\t\t\t<div class=\"elementor-widget-wrap elementor-element-populated\">\n\t\t\t\t\t\t<div class=\"elementor-element elementor-element-3f787e8 elementor-position-top elementor-widget elementor-widget-image-box\" data-id=\"3f787e8\" data-element_type=\"widget\" data-e-type=\"widget\" data-widget_type=\"image-box.default\">\n\t\t\t\t<div class=\"elementor-widget-container\">\n\t\t\t\t\t<div class=\"elementor-image-box-wrapper\"><figure class=\"elementor-image-box-img\"><a href=\"http:\/\/www.terresdangely.com\/luminaires-presse-livre-en-porcelaine\/\" tabindex=\"-1\"><img loading=\"lazy\" decoding=\"async\" width=\"150\" height=\"150\" src=\"http:\/\/www.terresdangely.com\/wp-content\/uploads\/2019\/04\/dessin-lumiaires-150x150.png\" class=\"attachment-thumbnail size-thumbnail wp-image-619\" alt=\"Luminaires dessin site - Atelier Terres d&#039;Ang\u00e9ly\" srcset=\"http:\/\/www.terresdangely.com\/wp-content\/uploads\/2019\/04\/dessin-lumiaires-150x150.png 150w, http:\/\/www.terresdangely.com\/wp-content\/uploads\/2019\/04\/dessin-lumiaires-300x300.png 300w\" sizes=\"(max-width: 150px) 100vw, 150px\" \/><\/a><\/figure><div class=\"elementor-image-box-content\"><h1 class=\"elementor-image-box-title\"><a href=\"http:\/\/www.terresdangely.com\/luminaires-presse-livre-en-porcelaine\/\">luminaires<\/a><\/h1><p class=\"elementor-image-box-description\">Luminaire, presse livre<\/p><\/div><\/div>\t\t\t\t<\/div>\n\t\t\t\t<\/div>\n\t\t\t\t\t<\/div>\n\t\t<\/div>\n\t\t\t\t\t<\/div>\n\t\t<\/section>\n\t\t\t\t<section class=\"elementor-section elementor-top-section elementor-element elementor-element-b9f61a7 elementor-section-boxed elementor-section-height-default elementor-section-height-default\" data-id=\"b9f61a7\" data-element_type=\"section\" data-e-type=\"section\">\n\t\t\t\t\t\t<div class=\"elementor-container elementor-column-gap-default\">\n\t\t\t\t\t<div class=\"elementor-column elementor-col-100 elementor-top-column elementor-element elementor-element-9debaff\" data-id=\"9debaff\" data-element_type=\"column\" data-e-type=\"column\">\n\t\t\t<div class=\"elementor-widget-wrap\">\n\t\t\t\t\t\t\t<\/div>\n\t\t<\/div>\n\t\t\t\t\t<\/div>\n\t\t<\/section>\n\t\t\t\t<\/div>\n\t\t","protected":false},"excerpt":{"rendered":"<p>Mes formes sont en g\u00e9n\u00e9ral tr\u00e8s simples et privil\u00e9gient le d\u00e9cor. Beaucoup de cylindres, des formes en V, des cubes. Pas de fioritures, presque pas de pied. M\u00eame les anses sont carr\u00e9es. Les fonds sont blancs porcelaine. J&rsquo;aime ce qui est sobre et \u00e9pur\u00e9. On qualifie souvent mes pi\u00e8ces de japonisantes. Tasses Tasse, mug, gobelet <a class=\"read-more\" href=\"http:\/\/www.terresdangely.com\/fr\/ceramique-atelier-terres-dangely-isabelle-nadeau\/\">Read More<\/a><\/p>\n","protected":false},"author":1,"featured_media":0,"parent":0,"menu_order":0,"comment_status":"closed","ping_status":"open","template":"","meta":{"footnotes":""},"class_list":["post-359","page","type-page","status-publish","hentry"],"yoast_head":"<!-- This site is optimized with the Yoast SEO plugin v27.3 - https:\/\/yoast.com\/product\/yoast-seo-wordpress\/ -->\n<title>C\u00e9ramique - Atelier Terres d&#039;Ang\u00e9ly - Isabelle Nadeau<\/title>\n<meta name=\"description\" content=\"C\u00e9ramique. Atelier Terres d&#039;Ang\u00e9ly - Isabelle Nadeau - Fabrication de c\u00e9ramiques contempraines, d&#039;objets utilitaires et d\u00e9coratifs en tr\u00e8s petites s\u00e9ries\" \/>\n<meta name=\"robots\" content=\"index, follow, max-snippet:-1, max-image-preview:large, max-video-preview:-1\" \/>\n<link rel=\"canonical\" href=\"http:\/\/www.terresdangely.com\/fr\/ceramique-atelier-terres-dangely-isabelle-nadeau\/\" \/>\n<meta property=\"og:locale\" content=\"fr_FR\" \/>\n<meta property=\"og:locale:alternate\" content=\"en_UK\" \/>\n<meta property=\"og:type\" content=\"article\" \/>\n<meta property=\"og:title\" content=\"C\u00e9ramique - Atelier Terres d&#039;Ang\u00e9ly - Isabelle Nadeau\" \/>\n<meta property=\"og:description\" content=\"C\u00e9ramique. Atelier Terres d&#039;Ang\u00e9ly - Isabelle Nadeau - Fabrication de c\u00e9ramiques contempraines, d&#039;objets utilitaires et d\u00e9coratifs en tr\u00e8s petites s\u00e9ries\" \/>\n<meta property=\"og:url\" content=\"http:\/\/www.terresdangely.com\/fr\/ceramique-atelier-terres-dangely-isabelle-nadeau\/\" \/>\n<meta property=\"og:site_name\" content=\"Terres d&#039;Ang\u00e9ly\" \/>\n<meta property=\"article:modified_time\" content=\"2021-10-29T14:04:41+00:00\" \/>\n<meta property=\"og:image\" content=\"http:\/\/www.terresdangely.com\/wp-content\/uploads\/2019\/04\/tassesdessinsite-150x150.png\" \/>\n<meta name=\"twitter:card\" content=\"summary_large_image\" \/>\n<meta name=\"twitter:label1\" content=\"Dur\u00e9e de lecture estim\u00e9e\" \/>\n\t<meta name=\"twitter:data1\" content=\"2 minutes\" \/>\n<script type=\"application\/ld+json\" class=\"yoast-schema-graph\">{\"@context\":\"https:\\\/\\\/schema.org\",\"@graph\":[{\"@type\":\"WebPage\",\"@id\":\"http:\\\/\\\/www.terresdangely.com\\\/fr\\\/ceramique-atelier-terres-dangely-isabelle-nadeau\\\/\",\"url\":\"http:\\\/\\\/www.terresdangely.com\\\/fr\\\/ceramique-atelier-terres-dangely-isabelle-nadeau\\\/\",\"name\":\"C\u00e9ramique - Atelier Terres d'Ang\u00e9ly - Isabelle Nadeau\",\"isPartOf\":{\"@id\":\"http:\\\/\\\/www.terresdangely.com\\\/#website\"},\"primaryImageOfPage\":{\"@id\":\"http:\\\/\\\/www.terresdangely.com\\\/fr\\\/ceramique-atelier-terres-dangely-isabelle-nadeau\\\/#primaryimage\"},\"image\":{\"@id\":\"http:\\\/\\\/www.terresdangely.com\\\/fr\\\/ceramique-atelier-terres-dangely-isabelle-nadeau\\\/#primaryimage\"},\"thumbnailUrl\":\"http:\\\/\\\/www.terresdangely.com\\\/wp-content\\\/uploads\\\/2019\\\/04\\\/tassesdessinsite-150x150.png\",\"datePublished\":\"2019-04-10T16:00:24+00:00\",\"dateModified\":\"2021-10-29T14:04:41+00:00\",\"description\":\"C\u00e9ramique. Atelier Terres d'Ang\u00e9ly - Isabelle Nadeau - Fabrication de c\u00e9ramiques contempraines, d'objets utilitaires et d\u00e9coratifs en tr\u00e8s petites s\u00e9ries\",\"breadcrumb\":{\"@id\":\"http:\\\/\\\/www.terresdangely.com\\\/fr\\\/ceramique-atelier-terres-dangely-isabelle-nadeau\\\/#breadcrumb\"},\"inLanguage\":\"fr-FR\",\"potentialAction\":[{\"@type\":\"ReadAction\",\"target\":[\"http:\\\/\\\/www.terresdangely.com\\\/fr\\\/ceramique-atelier-terres-dangely-isabelle-nadeau\\\/\"]}]},{\"@type\":\"ImageObject\",\"inLanguage\":\"fr-FR\",\"@id\":\"http:\\\/\\\/www.terresdangely.com\\\/fr\\\/ceramique-atelier-terres-dangely-isabelle-nadeau\\\/#primaryimage\",\"url\":\"http:\\\/\\\/www.terresdangely.com\\\/wp-content\\\/uploads\\\/2019\\\/04\\\/tassesdessinsite-150x150.png\",\"contentUrl\":\"http:\\\/\\\/www.terresdangely.com\\\/wp-content\\\/uploads\\\/2019\\\/04\\\/tassesdessinsite-150x150.png\"},{\"@type\":\"BreadcrumbList\",\"@id\":\"http:\\\/\\\/www.terresdangely.com\\\/fr\\\/ceramique-atelier-terres-dangely-isabelle-nadeau\\\/#breadcrumb\",\"itemListElement\":[{\"@type\":\"ListItem\",\"position\":1,\"name\":\"Accueil\",\"item\":\"http:\\\/\\\/www.terresdangely.com\\\/fr\\\/\"},{\"@type\":\"ListItem\",\"position\":2,\"name\":\"Collections\"}]},{\"@type\":\"WebSite\",\"@id\":\"http:\\\/\\\/www.terresdangely.com\\\/#website\",\"url\":\"http:\\\/\\\/www.terresdangely.com\\\/\",\"name\":\"Terres d'Ang\u00e9ly\",\"description\":\"C\u00e9ramique artisanale\",\"publisher\":{\"@id\":\"http:\\\/\\\/www.terresdangely.com\\\/#organization\"},\"potentialAction\":[{\"@type\":\"SearchAction\",\"target\":{\"@type\":\"EntryPoint\",\"urlTemplate\":\"http:\\\/\\\/www.terresdangely.com\\\/?s={search_term_string}\"},\"query-input\":{\"@type\":\"PropertyValueSpecification\",\"valueRequired\":true,\"valueName\":\"search_term_string\"}}],\"inLanguage\":\"fr-FR\"},{\"@type\":\"Organization\",\"@id\":\"http:\\\/\\\/www.terresdangely.com\\\/#organization\",\"name\":\"Terres d'Ang\u00e9ly\",\"url\":\"http:\\\/\\\/www.terresdangely.com\\\/\",\"logo\":{\"@type\":\"ImageObject\",\"inLanguage\":\"fr-FR\",\"@id\":\"http:\\\/\\\/www.terresdangely.com\\\/#\\\/schema\\\/logo\\\/image\\\/\",\"url\":\"http:\\\/\\\/www.terresdangely.com\\\/wp-content\\\/uploads\\\/2019\\\/04\\\/Logo-Terres-dAngely-site.png\",\"contentUrl\":\"http:\\\/\\\/www.terresdangely.com\\\/wp-content\\\/uploads\\\/2019\\\/04\\\/Logo-Terres-dAngely-site.png\",\"width\":150,\"height\":149,\"caption\":\"Terres d'Ang\u00e9ly\"},\"image\":{\"@id\":\"http:\\\/\\\/www.terresdangely.com\\\/#\\\/schema\\\/logo\\\/image\\\/\"}}]}<\/script>\n<!-- \/ Yoast SEO plugin. -->","yoast_head_json":{"title":"C\u00e9ramique - Atelier Terres d'Ang\u00e9ly - Isabelle Nadeau","description":"C\u00e9ramique. Atelier Terres d'Ang\u00e9ly - Isabelle Nadeau - Fabrication de c\u00e9ramiques contempraines, d'objets utilitaires et d\u00e9coratifs en tr\u00e8s petites s\u00e9ries","robots":{"index":"index","follow":"follow","max-snippet":"max-snippet:-1","max-image-preview":"max-image-preview:large","max-video-preview":"max-video-preview:-1"},"canonical":"http:\/\/www.terresdangely.com\/fr\/ceramique-atelier-terres-dangely-isabelle-nadeau\/","og_locale":"fr_FR","og_type":"article","og_title":"C\u00e9ramique - Atelier Terres d'Ang\u00e9ly - Isabelle Nadeau","og_description":"C\u00e9ramique. Atelier Terres d'Ang\u00e9ly - Isabelle Nadeau - Fabrication de c\u00e9ramiques contempraines, d'objets utilitaires et d\u00e9coratifs en tr\u00e8s petites s\u00e9ries","og_url":"http:\/\/www.terresdangely.com\/fr\/ceramique-atelier-terres-dangely-isabelle-nadeau\/","og_site_name":"Terres d'Ang\u00e9ly","article_modified_time":"2021-10-29T14:04:41+00:00","og_image":[{"url":"http:\/\/www.terresdangely.com\/wp-content\/uploads\/2019\/04\/tassesdessinsite-150x150.png","type":"","width":"","height":""}],"twitter_card":"summary_large_image","twitter_misc":{"Dur\u00e9e de lecture estim\u00e9e":"2 minutes"},"schema":{"@context":"https:\/\/schema.org","@graph":[{"@type":"WebPage","@id":"http:\/\/www.terresdangely.com\/fr\/ceramique-atelier-terres-dangely-isabelle-nadeau\/","url":"http:\/\/www.terresdangely.com\/fr\/ceramique-atelier-terres-dangely-isabelle-nadeau\/","name":"C\u00e9ramique - Atelier Terres d'Ang\u00e9ly - Isabelle Nadeau","isPartOf":{"@id":"http:\/\/www.terresdangely.com\/#website"},"primaryImageOfPage":{"@id":"http:\/\/www.terresdangely.com\/fr\/ceramique-atelier-terres-dangely-isabelle-nadeau\/#primaryimage"},"image":{"@id":"http:\/\/www.terresdangely.com\/fr\/ceramique-atelier-terres-dangely-isabelle-nadeau\/#primaryimage"},"thumbnailUrl":"http:\/\/www.terresdangely.com\/wp-content\/uploads\/2019\/04\/tassesdessinsite-150x150.png","datePublished":"2019-04-10T16:00:24+00:00","dateModified":"2021-10-29T14:04:41+00:00","description":"C\u00e9ramique. Atelier Terres d'Ang\u00e9ly - Isabelle Nadeau - Fabrication de c\u00e9ramiques contempraines, d'objets utilitaires et d\u00e9coratifs en tr\u00e8s petites s\u00e9ries","breadcrumb":{"@id":"http:\/\/www.terresdangely.com\/fr\/ceramique-atelier-terres-dangely-isabelle-nadeau\/#breadcrumb"},"inLanguage":"fr-FR","potentialAction":[{"@type":"ReadAction","target":["http:\/\/www.terresdangely.com\/fr\/ceramique-atelier-terres-dangely-isabelle-nadeau\/"]}]},{"@type":"ImageObject","inLanguage":"fr-FR","@id":"http:\/\/www.terresdangely.com\/fr\/ceramique-atelier-terres-dangely-isabelle-nadeau\/#primaryimage","url":"http:\/\/www.terresdangely.com\/wp-content\/uploads\/2019\/04\/tassesdessinsite-150x150.png","contentUrl":"http:\/\/www.terresdangely.com\/wp-content\/uploads\/2019\/04\/tassesdessinsite-150x150.png"},{"@type":"BreadcrumbList","@id":"http:\/\/www.terresdangely.com\/fr\/ceramique-atelier-terres-dangely-isabelle-nadeau\/#breadcrumb","itemListElement":[{"@type":"ListItem","position":1,"name":"Accueil","item":"http:\/\/www.terresdangely.com\/fr\/"},{"@type":"ListItem","position":2,"name":"Collections"}]},{"@type":"WebSite","@id":"http:\/\/www.terresdangely.com\/#website","url":"http:\/\/www.terresdangely.com\/","name":"Terres d'Ang\u00e9ly","description":"C\u00e9ramique artisanale","publisher":{"@id":"http:\/\/www.terresdangely.com\/#organization"},"potentialAction":[{"@type":"SearchAction","target":{"@type":"EntryPoint","urlTemplate":"http:\/\/www.terresdangely.com\/?s={search_term_string}"},"query-input":{"@type":"PropertyValueSpecification","valueRequired":true,"valueName":"search_term_string"}}],"inLanguage":"fr-FR"},{"@type":"Organization","@id":"http:\/\/www.terresdangely.com\/#organization","name":"Terres d'Ang\u00e9ly","url":"http:\/\/www.terresdangely.com\/","logo":{"@type":"ImageObject","inLanguage":"fr-FR","@id":"http:\/\/www.terresdangely.com\/#\/schema\/logo\/image\/","url":"http:\/\/www.terresdangely.com\/wp-content\/uploads\/2019\/04\/Logo-Terres-dAngely-site.png","contentUrl":"http:\/\/www.terresdangely.com\/wp-content\/uploads\/2019\/04\/Logo-Terres-dAngely-site.png","width":150,"height":149,"caption":"Terres d'Ang\u00e9ly"},"image":{"@id":"http:\/\/www.terresdangely.com\/#\/schema\/logo\/image\/"}}]}},"_links":{"self":[{"href":"http:\/\/www.terresdangely.com\/fr\/wp-json\/wp\/v2\/pages\/359","targetHints":{"allow":["GET"]}}],"collection":[{"href":"http:\/\/www.terresdangely.com\/fr\/wp-json\/wp\/v2\/pages"}],"about":[{"href":"http:\/\/www.terresdangely.com\/fr\/wp-json\/wp\/v2\/types\/page"}],"author":[{"embeddable":true,"href":"http:\/\/www.terresdangely.com\/fr\/wp-json\/wp\/v2\/users\/1"}],"replies":[{"embeddable":true,"href":"http:\/\/www.terresdangely.com\/fr\/wp-json\/wp\/v2\/comments?post=359"}],"version-history":[{"count":28,"href":"http:\/\/www.terresdangely.com\/fr\/wp-json\/wp\/v2\/pages\/359\/revisions"}],"predecessor-version":[{"id":2236,"href":"http:\/\/www.terresdangely.com\/fr\/wp-json\/wp\/v2\/pages\/359\/revisions\/2236"}],"wp:attachment":[{"href":"http:\/\/www.terresdangely.com\/fr\/wp-json\/wp\/v2\/media?parent=359"}],"curies":[{"name":"wp","href":"https:\/\/api.w.org\/{rel}","templated":true}]}}