{"id":3631,"date":"2025-05-22T12:14:45","date_gmt":"2025-05-22T10:14:45","guid":{"rendered":"http:\/\/www.terresdangely.com\/fr\/?page_id=3631"},"modified":"2026-03-13T09:06:38","modified_gmt":"2026-03-13T08:06:38","slug":"buste-sister","status":"publish","type":"page","link":"http:\/\/www.terresdangely.com\/fr\/buste-sister\/","title":{"rendered":"Bustes Gr\u00e8s"},"content":{"rendered":"\t\t<div data-elementor-type=\"wp-post\" data-elementor-id=\"3631\" class=\"elementor elementor-3631\">\n\t\t\t\t\t\t<section class=\"elementor-section elementor-top-section elementor-element elementor-element-a7d984e elementor-section-boxed elementor-section-height-default elementor-section-height-default\" data-id=\"a7d984e\" data-element_type=\"section\" data-e-type=\"section\">\n\t\t\t\t\t\t<div class=\"elementor-container elementor-column-gap-default\">\n\t\t\t\t\t<div class=\"elementor-column elementor-col-100 elementor-top-column elementor-element elementor-element-7945328\" data-id=\"7945328\" data-element_type=\"column\" data-e-type=\"column\">\n\t\t\t<div class=\"elementor-widget-wrap elementor-element-populated\">\n\t\t\t\t\t\t<div class=\"elementor-element elementor-element-6032e57 elementor-widget elementor-widget-heading\" data-id=\"6032e57\" data-element_type=\"widget\" data-e-type=\"widget\" data-widget_type=\"heading.default\">\n\t\t\t\t<div class=\"elementor-widget-container\">\n\t\t\t\t\t<h1 class=\"elementor-heading-title elementor-size-default\">Les copines<\/h1>\t\t\t\t<\/div>\n\t\t\t\t<\/div>\n\t\t\t\t<div class=\"elementor-element elementor-element-0a408d3 elementor-widget elementor-widget-text-editor\" data-id=\"0a408d3\" data-element_type=\"widget\" data-e-type=\"widget\" data-widget_type=\"text-editor.default\">\n\t\t\t\t<div class=\"elementor-widget-container\">\n\t\t\t\t\t\t\t\t\t<p data-start=\"182\" data-end=\"251\">Portraits de femmes proches, ancr\u00e9es, calmes, solidaires. Un hommage simple \u00e0 la force des liens tiss\u00e9s dans le temps. \u00c0 celles qui nous accompagnent, silencieusement debout.<\/p><p data-start=\"182\" data-end=\"251\">Gr\u00e8s noir recouvert d&rsquo;engobes de porcelaine<\/p>\t\t\t\t\t\t\t\t<\/div>\n\t\t\t\t<\/div>\n\t\t\t\t\t<\/div>\n\t\t<\/div>\n\t\t\t\t\t<\/div>\n\t\t<\/section>\n\t\t\t\t<section class=\"elementor-section elementor-top-section elementor-element elementor-element-b30511a elementor-section-boxed elementor-section-height-default elementor-section-height-default\" data-id=\"b30511a\" data-element_type=\"section\" data-e-type=\"section\">\n\t\t\t\t\t\t<div class=\"elementor-container elementor-column-gap-default\">\n\t\t\t\t\t<div class=\"elementor-column elementor-col-100 elementor-top-column elementor-element elementor-element-5626739\" data-id=\"5626739\" data-element_type=\"column\" data-e-type=\"column\">\n\t\t\t<div class=\"elementor-widget-wrap elementor-element-populated\">\n\t\t\t\t\t\t<div class=\"elementor-element elementor-element-b6f25df elementor-arrows-position-inside elementor-pagination-position-outside elementor-invisible elementor-widget elementor-widget-image-carousel\" data-id=\"b6f25df\" data-element_type=\"widget\" data-e-type=\"widget\" data-settings=\"{&quot;image_spacing_custom&quot;:{&quot;unit&quot;:&quot;px&quot;,&quot;size&quot;:0,&quot;sizes&quot;:[]},&quot;_animation&quot;:&quot;fadeInDown&quot;,&quot;slides_to_show&quot;:&quot;2&quot;,&quot;navigation&quot;:&quot;both&quot;,&quot;autoplay&quot;:&quot;yes&quot;,&quot;pause_on_hover&quot;:&quot;yes&quot;,&quot;pause_on_interaction&quot;:&quot;yes&quot;,&quot;autoplay_speed&quot;:5000,&quot;infinite&quot;:&quot;yes&quot;,&quot;speed&quot;:500,&quot;image_spacing_custom_tablet&quot;:{&quot;unit&quot;:&quot;px&quot;,&quot;size&quot;:&quot;&quot;,&quot;sizes&quot;:[]},&quot;image_spacing_custom_mobile&quot;:{&quot;unit&quot;:&quot;px&quot;,&quot;size&quot;:&quot;&quot;,&quot;sizes&quot;:[]}}\" data-widget_type=\"image-carousel.default\">\n\t\t\t\t<div class=\"elementor-widget-container\">\n\t\t\t\t\t\t\t<div class=\"elementor-image-carousel-wrapper swiper\" role=\"region\" aria-roledescription=\"carousel\" aria-label=\"Carrousel d\u2019images\" dir=\"ltr\">\n\t\t\t<div class=\"elementor-image-carousel swiper-wrapper\" aria-live=\"off\">\n\t\t\t\t\t\t\t\t<div class=\"swiper-slide\" role=\"group\" aria-roledescription=\"slide\" aria-label=\"1 sur 6\"><a data-elementor-open-lightbox=\"yes\" data-elementor-lightbox-slideshow=\"b6f25df\" data-elementor-lightbox-title=\"Bustes sisters\" data-e-action-hash=\"#elementor-action%3Aaction%3Dlightbox%26settings%3DeyJpZCI6Mzg1OSwidXJsIjoiaHR0cDpcL1wvd3d3LnRlcnJlc2RhbmdlbHkuY29tXC93cC1jb250ZW50XC91cGxvYWRzXC8yMDI1XC8xMlwvRFNDXzExMjMtc2NhbGVkLWUxNzczMzIyNzAzNDE0LmpwZyIsInNsaWRlc2hvdyI6ImI2ZjI1ZGYifQ%3D%3D\" href=\"http:\/\/www.terresdangely.com\/wp-content\/uploads\/2025\/12\/DSC_1123-scaled-e1773322703414.jpg\"><figure class=\"swiper-slide-inner\"><img decoding=\"async\" class=\"swiper-slide-image\" src=\"http:\/\/www.terresdangely.com\/wp-content\/uploads\/elementor\/thumbs\/DSC_1123-scaled-e1773322703414-rkehbpxzfdvl9okkjrvr2ks267lu2l7djybq63k6fc.jpg\" alt=\"Sisters\" \/><\/figure><\/a><\/div><div class=\"swiper-slide\" role=\"group\" aria-roledescription=\"slide\" aria-label=\"2 sur 6\"><a data-elementor-open-lightbox=\"yes\" data-elementor-lightbox-slideshow=\"b6f25df\" data-elementor-lightbox-title=\"buste isa 2\" data-e-action-hash=\"#elementor-action%3Aaction%3Dlightbox%26settings%3DeyJpZCI6NDAwNywidXJsIjoiaHR0cDpcL1wvd3d3LnRlcnJlc2RhbmdlbHkuY29tXC93cC1jb250ZW50XC91cGxvYWRzXC8yMDI2XC8wM1wvYnVzdGUtaXNhLTIuanBnIiwic2xpZGVzaG93IjoiYjZmMjVkZiJ9\" href=\"http:\/\/www.terresdangely.com\/wp-content\/uploads\/2026\/03\/buste-isa-2.jpg\"><figure class=\"swiper-slide-inner\"><img decoding=\"async\" class=\"swiper-slide-image\" src=\"http:\/\/www.terresdangely.com\/wp-content\/uploads\/elementor\/thumbs\/buste-isa-2-rkekbfa8izbdl64imtvt9wcgkmqx21s5d1dmshv7go.jpg\" alt=\"Isa\" \/><\/figure><\/a><\/div><div class=\"swiper-slide\" role=\"group\" aria-roledescription=\"slide\" aria-label=\"3 sur 6\"><a data-elementor-open-lightbox=\"yes\" data-elementor-lightbox-slideshow=\"b6f25df\" data-elementor-lightbox-title=\"bustechris\" data-e-action-hash=\"#elementor-action%3Aaction%3Dlightbox%26settings%3DeyJpZCI6MzY2MywidXJsIjoiaHR0cDpcL1wvd3d3LnRlcnJlc2RhbmdlbHkuY29tXC93cC1jb250ZW50XC91cGxvYWRzXC8yMDI1XC8wNVwvYnVzdGVjaHJpcy5qcGciLCJzbGlkZXNob3ciOiJiNmYyNWRmIn0%3D\" href=\"http:\/\/www.terresdangely.com\/wp-content\/uploads\/2025\/05\/bustechris.jpg\"><figure class=\"swiper-slide-inner\"><img decoding=\"async\" class=\"swiper-slide-image\" src=\"http:\/\/www.terresdangely.com\/wp-content\/uploads\/elementor\/thumbs\/bustechris-r66i1lk8gumzoza82ghfukzbntejarhu6kj066csco.jpg\" alt=\"Chris\" \/><\/figure><\/a><\/div><div class=\"swiper-slide\" role=\"group\" aria-roledescription=\"slide\" aria-label=\"4 sur 6\"><a data-elementor-open-lightbox=\"yes\" data-elementor-lightbox-slideshow=\"b6f25df\" data-elementor-lightbox-title=\"Forces\" data-e-action-hash=\"#elementor-action%3Aaction%3Dlightbox%26settings%3DeyJpZCI6NDAwMywidXJsIjoiaHR0cDpcL1wvd3d3LnRlcnJlc2RhbmdlbHkuY29tXC93cC1jb250ZW50XC91cGxvYWRzXC8yMDI2XC8wM1wvRm9yY2VzLmpwZyIsInNsaWRlc2hvdyI6ImI2ZjI1ZGYifQ%3D%3D\" href=\"http:\/\/www.terresdangely.com\/wp-content\/uploads\/2026\/03\/Forces.jpg\"><figure class=\"swiper-slide-inner\"><img decoding=\"async\" class=\"swiper-slide-image\" src=\"http:\/\/www.terresdangely.com\/wp-content\/uploads\/elementor\/thumbs\/Forces-rkek9t08r93llch634oxzb1vqqq5stcsh0xj1c9m6g.jpg\" alt=\"Forces\" \/><\/figure><\/a><\/div><div class=\"swiper-slide\" role=\"group\" aria-roledescription=\"slide\" aria-label=\"5 sur 6\"><a data-elementor-open-lightbox=\"yes\" data-elementor-lightbox-slideshow=\"b6f25df\" data-elementor-lightbox-title=\"Buste Maja\" data-e-action-hash=\"#elementor-action%3Aaction%3Dlightbox%26settings%3DeyJpZCI6NDAwNiwidXJsIjoiaHR0cDpcL1wvd3d3LnRlcnJlc2RhbmdlbHkuY29tXC93cC1jb250ZW50XC91cGxvYWRzXC8yMDI2XC8wM1wvQnVzdGUtTWFqYS5qcGciLCJzbGlkZXNob3ciOiJiNmYyNWRmIn0%3D\" href=\"http:\/\/www.terresdangely.com\/wp-content\/uploads\/2026\/03\/Buste-Maja.jpg\"><figure class=\"swiper-slide-inner\"><img decoding=\"async\" class=\"swiper-slide-image\" src=\"http:\/\/www.terresdangely.com\/wp-content\/uploads\/elementor\/thumbs\/Buste-Maja-rkekazazaspi3srq84z5lidmh2xof70pmuadmsiweg.jpg\" alt=\"Maja\" \/><\/figure><\/a><\/div><div class=\"swiper-slide\" role=\"group\" aria-roledescription=\"slide\" aria-label=\"6 sur 6\"><a data-elementor-open-lightbox=\"yes\" data-elementor-lightbox-slideshow=\"b6f25df\" data-elementor-lightbox-title=\"Buste copine\" data-e-action-hash=\"#elementor-action%3Aaction%3Dlightbox%26settings%3DeyJpZCI6NDAwNSwidXJsIjoiaHR0cDpcL1wvd3d3LnRlcnJlc2RhbmdlbHkuY29tXC93cC1jb250ZW50XC91cGxvYWRzXC8yMDI2XC8wM1wvQnVzdGUtY29waW5lLmpwZyIsInNsaWRlc2hvdyI6ImI2ZjI1ZGYifQ%3D%3D\" href=\"http:\/\/www.terresdangely.com\/wp-content\/uploads\/2026\/03\/Buste-copine.jpg\"><figure class=\"swiper-slide-inner\"><img decoding=\"async\" class=\"swiper-slide-image\" src=\"http:\/\/www.terresdangely.com\/wp-content\/uploads\/elementor\/thumbs\/Buste-copine-rkekak9k9g4wy1dknyh4hm68ywzt01d08rulyd5760.jpg\" alt=\"Futur\" \/><\/figure><\/a><\/div>\t\t\t<\/div>\n\t\t\t\t\t\t\t\t\t\t\t\t<div class=\"elementor-swiper-button elementor-swiper-button-prev\" role=\"button\" tabindex=\"0\">\n\t\t\t\t\t\t<i aria-hidden=\"true\" class=\"eicon-chevron-left\"><\/i>\t\t\t\t\t<\/div>\n\t\t\t\t\t<div class=\"elementor-swiper-button elementor-swiper-button-next\" role=\"button\" tabindex=\"0\">\n\t\t\t\t\t\t<i aria-hidden=\"true\" class=\"eicon-chevron-right\"><\/i>\t\t\t\t\t<\/div>\n\t\t\t\t\n\t\t\t\t\t\t\t\t\t<div class=\"swiper-pagination\"><\/div>\n\t\t\t\t\t\t\t\t\t<\/div>\n\t\t\t\t\t\t<\/div>\n\t\t\t\t<\/div>\n\t\t\t\t\t<\/div>\n\t\t<\/div>\n\t\t\t\t\t<\/div>\n\t\t<\/section>\n\t\t\t\t<\/div>\n\t\t","protected":false},"excerpt":{"rendered":"<p>Bustes sistersSistersbuste isa 2IsabustechrisChrisForcesForcesBuste MajaMajaBuste copineFutur<\/p>\n","protected":false},"author":1,"featured_media":0,"parent":0,"menu_order":0,"comment_status":"closed","ping_status":"closed","template":"","meta":{"footnotes":""},"class_list":["post-3631","page","type-page","status-publish","hentry"],"yoast_head":"<!-- This site is optimized with the Yoast SEO plugin v27.3 - https:\/\/yoast.com\/product\/yoast-seo-wordpress\/ -->\n<title>buste sister - atelier de c\u00e9ramique-Charente Maritime<\/title>\n<meta name=\"description\" content=\"Buste sculpture. Atelier de c\u00e9ramique contemporaine d&#039;Isabelle Nadeau en Charente Maritime. C\u00e9ramiques contemporaines fabriqu\u00e9es \u00e0 la main.\" \/>\n<meta name=\"robots\" content=\"index, follow, max-snippet:-1, max-image-preview:large, max-video-preview:-1\" \/>\n<link rel=\"canonical\" href=\"http:\/\/www.terresdangely.com\/fr\/buste-sister\/\" \/>\n<meta property=\"og:locale\" content=\"fr_FR\" \/>\n<meta property=\"og:locale:alternate\" content=\"en_UK\" \/>\n<meta property=\"og:type\" content=\"article\" \/>\n<meta property=\"og:title\" content=\"buste sister - atelier de c\u00e9ramique-Charente Maritime\" \/>\n<meta property=\"og:description\" content=\"Buste sculpture. Atelier de c\u00e9ramique contemporaine d&#039;Isabelle Nadeau en Charente Maritime. C\u00e9ramiques contemporaines fabriqu\u00e9es \u00e0 la main.\" \/>\n<meta property=\"og:url\" content=\"http:\/\/www.terresdangely.com\/fr\/buste-sister\/\" \/>\n<meta property=\"og:site_name\" content=\"Terres d&#039;Ang\u00e9ly\" \/>\n<meta property=\"article:modified_time\" content=\"2026-03-13T08:06:38+00:00\" \/>\n<meta property=\"og:image\" content=\"http:\/\/www.terresdangely.com\/wp-content\/uploads\/elementor\/thumbs\/DSC_1123-scaled-e1773322703414-rkehbpxzfdvl9okkjrvr2ks267lu2l7djybq63k6fc.jpg\" \/>\n<meta name=\"twitter:card\" content=\"summary_large_image\" \/>\n<meta name=\"twitter:label1\" content=\"Dur\u00e9e de lecture estim\u00e9e\" \/>\n\t<meta name=\"twitter:data1\" content=\"3 minutes\" \/>\n<script type=\"application\/ld+json\" class=\"yoast-schema-graph\">{\"@context\":\"https:\\\/\\\/schema.org\",\"@graph\":[{\"@type\":\"WebPage\",\"@id\":\"http:\\\/\\\/www.terresdangely.com\\\/fr\\\/buste-sister\\\/\",\"url\":\"http:\\\/\\\/www.terresdangely.com\\\/fr\\\/buste-sister\\\/\",\"name\":\"buste sister - atelier de c\u00e9ramique-Charente Maritime\",\"isPartOf\":{\"@id\":\"http:\\\/\\\/www.terresdangely.com\\\/#website\"},\"primaryImageOfPage\":{\"@id\":\"http:\\\/\\\/www.terresdangely.com\\\/fr\\\/buste-sister\\\/#primaryimage\"},\"image\":{\"@id\":\"http:\\\/\\\/www.terresdangely.com\\\/fr\\\/buste-sister\\\/#primaryimage\"},\"thumbnailUrl\":\"http:\\\/\\\/www.terresdangely.com\\\/wp-content\\\/uploads\\\/elementor\\\/thumbs\\\/DSC_1123-scaled-e1773322703414-rkehbpxzfdvl9okkjrvr2ks267lu2l7djybq63k6fc.jpg\",\"datePublished\":\"2025-05-22T10:14:45+00:00\",\"dateModified\":\"2026-03-13T08:06:38+00:00\",\"description\":\"Buste sculpture. Atelier de c\u00e9ramique contemporaine d'Isabelle Nadeau en Charente Maritime. C\u00e9ramiques contemporaines fabriqu\u00e9es \u00e0 la main.\",\"breadcrumb\":{\"@id\":\"http:\\\/\\\/www.terresdangely.com\\\/fr\\\/buste-sister\\\/#breadcrumb\"},\"inLanguage\":\"fr-FR\",\"potentialAction\":[{\"@type\":\"ReadAction\",\"target\":[\"http:\\\/\\\/www.terresdangely.com\\\/fr\\\/buste-sister\\\/\"]}]},{\"@type\":\"ImageObject\",\"inLanguage\":\"fr-FR\",\"@id\":\"http:\\\/\\\/www.terresdangely.com\\\/fr\\\/buste-sister\\\/#primaryimage\",\"url\":\"http:\\\/\\\/www.terresdangely.com\\\/wp-content\\\/uploads\\\/elementor\\\/thumbs\\\/DSC_1123-scaled-e1773322703414-rkehbpxzfdvl9okkjrvr2ks267lu2l7djybq63k6fc.jpg\",\"contentUrl\":\"http:\\\/\\\/www.terresdangely.com\\\/wp-content\\\/uploads\\\/elementor\\\/thumbs\\\/DSC_1123-scaled-e1773322703414-rkehbpxzfdvl9okkjrvr2ks267lu2l7djybq63k6fc.jpg\"},{\"@type\":\"BreadcrumbList\",\"@id\":\"http:\\\/\\\/www.terresdangely.com\\\/fr\\\/buste-sister\\\/#breadcrumb\",\"itemListElement\":[{\"@type\":\"ListItem\",\"position\":1,\"name\":\"Accueil\",\"item\":\"http:\\\/\\\/www.terresdangely.com\\\/fr\\\/\"},{\"@type\":\"ListItem\",\"position\":2,\"name\":\"Bustes Gr\u00e8s\"}]},{\"@type\":\"WebSite\",\"@id\":\"http:\\\/\\\/www.terresdangely.com\\\/#website\",\"url\":\"http:\\\/\\\/www.terresdangely.com\\\/\",\"name\":\"Terres d'Ang\u00e9ly\",\"description\":\"C\u00e9ramique artisanale\",\"publisher\":{\"@id\":\"http:\\\/\\\/www.terresdangely.com\\\/#organization\"},\"potentialAction\":[{\"@type\":\"SearchAction\",\"target\":{\"@type\":\"EntryPoint\",\"urlTemplate\":\"http:\\\/\\\/www.terresdangely.com\\\/?s={search_term_string}\"},\"query-input\":{\"@type\":\"PropertyValueSpecification\",\"valueRequired\":true,\"valueName\":\"search_term_string\"}}],\"inLanguage\":\"fr-FR\"},{\"@type\":\"Organization\",\"@id\":\"http:\\\/\\\/www.terresdangely.com\\\/#organization\",\"name\":\"Terres d'Ang\u00e9ly\",\"url\":\"http:\\\/\\\/www.terresdangely.com\\\/\",\"logo\":{\"@type\":\"ImageObject\",\"inLanguage\":\"fr-FR\",\"@id\":\"http:\\\/\\\/www.terresdangely.com\\\/#\\\/schema\\\/logo\\\/image\\\/\",\"url\":\"http:\\\/\\\/www.terresdangely.com\\\/wp-content\\\/uploads\\\/2019\\\/04\\\/Logo-Terres-dAngely-site.png\",\"contentUrl\":\"http:\\\/\\\/www.terresdangely.com\\\/wp-content\\\/uploads\\\/2019\\\/04\\\/Logo-Terres-dAngely-site.png\",\"width\":150,\"height\":149,\"caption\":\"Terres d'Ang\u00e9ly\"},\"image\":{\"@id\":\"http:\\\/\\\/www.terresdangely.com\\\/#\\\/schema\\\/logo\\\/image\\\/\"}}]}<\/script>\n<!-- \/ Yoast SEO plugin. -->","yoast_head_json":{"title":"buste sister - atelier de c\u00e9ramique-Charente Maritime","description":"Buste sculpture. Atelier de c\u00e9ramique contemporaine d'Isabelle Nadeau en Charente Maritime. C\u00e9ramiques contemporaines fabriqu\u00e9es \u00e0 la main.","robots":{"index":"index","follow":"follow","max-snippet":"max-snippet:-1","max-image-preview":"max-image-preview:large","max-video-preview":"max-video-preview:-1"},"canonical":"http:\/\/www.terresdangely.com\/fr\/buste-sister\/","og_locale":"fr_FR","og_type":"article","og_title":"[:fr]buste sister - atelier de c\u00e9ramique-Charente Maritime[:]","og_description":"[:fr]Buste sculpture. Atelier de c\u00e9ramique contemporaine d'Isabelle Nadeau en Charente Maritime. C\u00e9ramiques contemporaines fabriqu\u00e9es \u00e0 la main.[:]","og_url":"http:\/\/www.terresdangely.com\/fr\/buste-sister\/","og_site_name":"Terres d'Ang\u00e9ly","article_modified_time":"2026-03-13T08:06:38+00:00","og_image":[{"url":"http:\/\/www.terresdangely.com\/wp-content\/uploads\/elementor\/thumbs\/DSC_1123-scaled-e1773322703414-rkehbpxzfdvl9okkjrvr2ks267lu2l7djybq63k6fc.jpg","type":"","width":"","height":""}],"twitter_card":"summary_large_image","twitter_misc":{"Dur\u00e9e de lecture estim\u00e9e":"3 minutes"},"schema":{"@context":"https:\/\/schema.org","@graph":[{"@type":"WebPage","@id":"http:\/\/www.terresdangely.com\/fr\/buste-sister\/","url":"http:\/\/www.terresdangely.com\/fr\/buste-sister\/","name":"buste sister - atelier de c\u00e9ramique-Charente Maritime","isPartOf":{"@id":"http:\/\/www.terresdangely.com\/#website"},"primaryImageOfPage":{"@id":"http:\/\/www.terresdangely.com\/fr\/buste-sister\/#primaryimage"},"image":{"@id":"http:\/\/www.terresdangely.com\/fr\/buste-sister\/#primaryimage"},"thumbnailUrl":"http:\/\/www.terresdangely.com\/wp-content\/uploads\/elementor\/thumbs\/DSC_1123-scaled-e1773322703414-rkehbpxzfdvl9okkjrvr2ks267lu2l7djybq63k6fc.jpg","datePublished":"2025-05-22T10:14:45+00:00","dateModified":"2026-03-13T08:06:38+00:00","description":"Buste sculpture. Atelier de c\u00e9ramique contemporaine d'Isabelle Nadeau en Charente Maritime. C\u00e9ramiques contemporaines fabriqu\u00e9es \u00e0 la main.","breadcrumb":{"@id":"http:\/\/www.terresdangely.com\/fr\/buste-sister\/#breadcrumb"},"inLanguage":"fr-FR","potentialAction":[{"@type":"ReadAction","target":["http:\/\/www.terresdangely.com\/fr\/buste-sister\/"]}]},{"@type":"ImageObject","inLanguage":"fr-FR","@id":"http:\/\/www.terresdangely.com\/fr\/buste-sister\/#primaryimage","url":"http:\/\/www.terresdangely.com\/wp-content\/uploads\/elementor\/thumbs\/DSC_1123-scaled-e1773322703414-rkehbpxzfdvl9okkjrvr2ks267lu2l7djybq63k6fc.jpg","contentUrl":"http:\/\/www.terresdangely.com\/wp-content\/uploads\/elementor\/thumbs\/DSC_1123-scaled-e1773322703414-rkehbpxzfdvl9okkjrvr2ks267lu2l7djybq63k6fc.jpg"},{"@type":"BreadcrumbList","@id":"http:\/\/www.terresdangely.com\/fr\/buste-sister\/#breadcrumb","itemListElement":[{"@type":"ListItem","position":1,"name":"Accueil","item":"http:\/\/www.terresdangely.com\/fr\/"},{"@type":"ListItem","position":2,"name":"Bustes Gr\u00e8s"}]},{"@type":"WebSite","@id":"http:\/\/www.terresdangely.com\/#website","url":"http:\/\/www.terresdangely.com\/","name":"Terres d'Ang\u00e9ly","description":"C\u00e9ramique artisanale","publisher":{"@id":"http:\/\/www.terresdangely.com\/#organization"},"potentialAction":[{"@type":"SearchAction","target":{"@type":"EntryPoint","urlTemplate":"http:\/\/www.terresdangely.com\/?s={search_term_string}"},"query-input":{"@type":"PropertyValueSpecification","valueRequired":true,"valueName":"search_term_string"}}],"inLanguage":"fr-FR"},{"@type":"Organization","@id":"http:\/\/www.terresdangely.com\/#organization","name":"Terres d'Ang\u00e9ly","url":"http:\/\/www.terresdangely.com\/","logo":{"@type":"ImageObject","inLanguage":"fr-FR","@id":"http:\/\/www.terresdangely.com\/#\/schema\/logo\/image\/","url":"http:\/\/www.terresdangely.com\/wp-content\/uploads\/2019\/04\/Logo-Terres-dAngely-site.png","contentUrl":"http:\/\/www.terresdangely.com\/wp-content\/uploads\/2019\/04\/Logo-Terres-dAngely-site.png","width":150,"height":149,"caption":"Terres d'Ang\u00e9ly"},"image":{"@id":"http:\/\/www.terresdangely.com\/#\/schema\/logo\/image\/"}}]}},"_links":{"self":[{"href":"http:\/\/www.terresdangely.com\/fr\/wp-json\/wp\/v2\/pages\/3631","targetHints":{"allow":["GET"]}}],"collection":[{"href":"http:\/\/www.terresdangely.com\/fr\/wp-json\/wp\/v2\/pages"}],"about":[{"href":"http:\/\/www.terresdangely.com\/fr\/wp-json\/wp\/v2\/types\/page"}],"author":[{"embeddable":true,"href":"http:\/\/www.terresdangely.com\/fr\/wp-json\/wp\/v2\/users\/1"}],"replies":[{"embeddable":true,"href":"http:\/\/www.terresdangely.com\/fr\/wp-json\/wp\/v2\/comments?post=3631"}],"version-history":[{"count":33,"href":"http:\/\/www.terresdangely.com\/fr\/wp-json\/wp\/v2\/pages\/3631\/revisions"}],"predecessor-version":[{"id":4016,"href":"http:\/\/www.terresdangely.com\/fr\/wp-json\/wp\/v2\/pages\/3631\/revisions\/4016"}],"wp:attachment":[{"href":"http:\/\/www.terresdangely.com\/fr\/wp-json\/wp\/v2\/media?parent=3631"}],"curies":[{"name":"wp","href":"https:\/\/api.w.org\/{rel}","templated":true}]}}