{"id":415,"date":"2019-04-15T09:38:27","date_gmt":"2019-04-15T07:38:27","guid":{"rendered":"http:\/\/www.formations-web1.com\/wpr6\/?page_id=415"},"modified":"2025-10-04T18:37:34","modified_gmt":"2025-10-04T16:37:34","slug":"cours-de-poterie-pour-les-enfants-et-adolescents","status":"publish","type":"page","link":"http:\/\/www.terresdangely.com\/fr\/cours-de-poterie-pour-les-enfants-et-adolescents\/","title":{"rendered":"Cours enfants"},"content":{"rendered":"\t\t<div data-elementor-type=\"wp-post\" data-elementor-id=\"415\" class=\"elementor elementor-415\">\n\t\t\t\t\t\t<section class=\"elementor-section elementor-top-section elementor-element elementor-element-5c9d60a elementor-section-boxed elementor-section-height-default elementor-section-height-default\" data-id=\"5c9d60a\" data-element_type=\"section\" data-e-type=\"section\">\n\t\t\t\t\t\t<div class=\"elementor-container elementor-column-gap-default\">\n\t\t\t\t\t<div class=\"elementor-column elementor-col-100 elementor-top-column elementor-element elementor-element-2e866a9\" data-id=\"2e866a9\" data-element_type=\"column\" data-e-type=\"column\">\n\t\t\t<div class=\"elementor-widget-wrap elementor-element-populated\">\n\t\t\t\t\t\t<div class=\"elementor-element elementor-element-b67cae5 elementor-widget elementor-widget-heading\" data-id=\"b67cae5\" data-element_type=\"widget\" data-e-type=\"widget\" data-widget_type=\"heading.default\">\n\t\t\t\t<div class=\"elementor-widget-container\">\n\t\t\t\t\t<h1 class=\"elementor-heading-title elementor-size-default\">cours \u00e0 th\u00e8mes propos\u00e9s une fois par mois<\/h1>\t\t\t\t<\/div>\n\t\t\t\t<\/div>\n\t\t\t\t<section class=\"elementor-section elementor-inner-section elementor-element elementor-element-344c93f elementor-section-boxed elementor-section-height-default elementor-section-height-default\" data-id=\"344c93f\" data-element_type=\"section\" data-e-type=\"section\">\n\t\t\t\t\t\t<div class=\"elementor-container elementor-column-gap-default\">\n\t\t\t\t\t<div class=\"elementor-column elementor-col-50 elementor-inner-column elementor-element elementor-element-ae92879\" data-id=\"ae92879\" data-element_type=\"column\" data-e-type=\"column\">\n\t\t\t<div class=\"elementor-widget-wrap elementor-element-populated\">\n\t\t\t\t\t\t<div class=\"elementor-element elementor-element-f555860 elementor-widget elementor-widget-image\" data-id=\"f555860\" data-element_type=\"widget\" data-e-type=\"widget\" data-widget_type=\"image.default\">\n\t\t\t\t<div class=\"elementor-widget-container\">\n\t\t\t\t\t\t\t\t\t\t\t\t\t\t\t<img decoding=\"async\" src=\"http:\/\/www.terresdangely.com\/wp-content\/uploads\/elementor\/thumbs\/cours-de-poterie-enfants-6bis-o72yzvkighd715eb9xb2bbhax4gzdsoaxwzpbg0xwg.jpg\" title=\"cours de poterie enfants\" alt=\"cours de poterie enfants\" loading=\"lazy\" \/>\t\t\t\t\t\t\t\t\t\t\t\t\t\t\t<\/div>\n\t\t\t\t<\/div>\n\t\t\t\t\t<\/div>\n\t\t<\/div>\n\t\t\t\t<div class=\"elementor-column elementor-col-50 elementor-inner-column elementor-element elementor-element-743e383\" data-id=\"743e383\" data-element_type=\"column\" data-e-type=\"column\">\n\t\t\t<div class=\"elementor-widget-wrap elementor-element-populated\">\n\t\t\t\t\t\t<div class=\"elementor-element elementor-element-06fda92 elementor-widget elementor-widget-text-editor\" data-id=\"06fda92\" data-element_type=\"widget\" data-e-type=\"widget\" data-widget_type=\"text-editor.default\">\n\t\t\t\t<div class=\"elementor-widget-container\">\n\t\t\t\t\t\t\t\t\t<p>Ce sont des cours \u00e0 la carte. Chaque enfant peut choisir le cours qui lui pla\u00eet. Certains th\u00e8mes peuvent n\u00e9cessiter plus de mat\u00e9riels, un suppl\u00e9ment est alors demand\u00e9.<br \/>Le tarif des cours comprend la mati\u00e8re premi\u00e8re, la cuisson et l&rsquo;\u00e9maillage.<br \/>Pour s&rsquo;inscrire, il faut m&rsquo;indiquer les samedis choisis. Le r\u00e8glement des s\u00e9ances se fait sur place.<\/p><p>Prix d&rsquo;une s\u00e9ance : 20 \u20ac<br \/>Dur\u00e9e : 1h30<br \/>Horaires : 14h30 &#8211; 16h00<\/p><p>Cours pour enfants de plus 6 ans (CP)<\/p>\t\t\t\t\t\t\t\t<\/div>\n\t\t\t\t<\/div>\n\t\t\t\t\t<\/div>\n\t\t<\/div>\n\t\t\t\t\t<\/div>\n\t\t<\/section>\n\t\t\t\t<div class=\"elementor-element elementor-element-df376a3 elementor-widget elementor-widget-accordion\" data-id=\"df376a3\" data-element_type=\"widget\" data-e-type=\"widget\" data-widget_type=\"accordion.default\">\n\t\t\t\t<div class=\"elementor-widget-container\">\n\t\t\t\t\t\t\t<div class=\"elementor-accordion\">\n\t\t\t\t\t\t\t<div class=\"elementor-accordion-item\">\n\t\t\t\t\t<div id=\"elementor-tab-title-2341\" class=\"elementor-tab-title\" data-tab=\"1\" role=\"button\" aria-controls=\"elementor-tab-content-2341\" aria-expanded=\"false\">\n\t\t\t\t\t\t\t\t\t\t\t\t\t<span class=\"elementor-accordion-icon elementor-accordion-icon-left\" aria-hidden=\"true\">\n\t\t\t\t\t\t\t\t\t\t\t\t\t\t\t<span class=\"elementor-accordion-icon-closed\"><i class=\"fas fa-plus\"><\/i><\/span>\n\t\t\t\t\t\t\t\t<span class=\"elementor-accordion-icon-opened\"><i class=\"fas fa-minus\"><\/i><\/span>\n\t\t\t\t\t\t\t\t\t\t\t\t\t\t<\/span>\n\t\t\t\t\t\t\t\t\t\t\t\t<a class=\"elementor-accordion-title\" tabindex=\"0\">Th\u00e8mes abord\u00e9s et dates des cours 2025\/2026<\/a>\n\t\t\t\t\t<\/div>\n\t\t\t\t\t<div id=\"elementor-tab-content-2341\" class=\"elementor-tab-content elementor-clearfix\" data-tab=\"1\" role=\"region\" aria-labelledby=\"elementor-tab-title-2341\"><p><img fetchpriority=\"high\" decoding=\"async\" class=\"alignnone size-full wp-image-3773\" src=\"http:\/\/www.terresdangely.com\/wp-content\/uploads\/2025\/08\/Cours-enfants.jpg\" alt=\"\" width=\"940\" height=\"788\" srcset=\"http:\/\/www.terresdangely.com\/wp-content\/uploads\/2025\/08\/Cours-enfants.jpg 940w, http:\/\/www.terresdangely.com\/wp-content\/uploads\/2025\/08\/Cours-enfants-300x251.jpg 300w, http:\/\/www.terresdangely.com\/wp-content\/uploads\/2025\/08\/Cours-enfants-768x644.jpg 768w, http:\/\/www.terresdangely.com\/wp-content\/uploads\/2025\/08\/Cours-enfants-14x12.jpg 14w\" sizes=\"(max-width: 940px) 100vw, 940px\" \/><\/p><p>\u00a0<\/p><\/div>\n\t\t\t\t<\/div>\n\t\t\t\t\t\t\t\t<\/div>\n\t\t\t\t\t\t<\/div>\n\t\t\t\t<\/div>\n\t\t\t\t<div class=\"elementor-element elementor-element-e46a853 gallery-spacing-custom elementor-widget elementor-widget-image-gallery\" data-id=\"e46a853\" data-element_type=\"widget\" data-e-type=\"widget\" data-widget_type=\"image-gallery.default\">\n\t\t\t\t<div class=\"elementor-widget-container\">\n\t\t\t\t\t\t\t<div class=\"elementor-image-gallery\">\n\t\t\t<div id='gallery-1' class='gallery galleryid-415 gallery-columns-5 gallery-size-thumbnail'><figure class='gallery-item'>\r\n\t\t\t<div class='gallery-icon landscape'>\r\n\t\t\t\t<a data-elementor-open-lightbox=\"yes\" data-elementor-lightbox-slideshow=\"e46a853\" data-elementor-lightbox-title=\"cours de poterie enfants 5\" data-e-action-hash=\"#elementor-action%3Aaction%3Dlightbox%26settings%3DeyJpZCI6NDE4LCJ1cmwiOiJodHRwOlwvXC93d3cudGVycmVzZGFuZ2VseS5jb21cL3dwLWNvbnRlbnRcL3VwbG9hZHNcLzIwMTlcLzA0XC9jb3Vycy1kZS1wb3RlcmllLWVuZmFudHMtNS5qcGciLCJzbGlkZXNob3ciOiJlNDZhODUzIn0%3D\" href='http:\/\/www.terresdangely.com\/wp-content\/uploads\/2019\/04\/cours-de-poterie-enfants-5.jpg'><img decoding=\"async\" width=\"150\" height=\"150\" src=\"http:\/\/www.terresdangely.com\/wp-content\/uploads\/2019\/04\/cours-de-poterie-enfants-5-150x150.jpg\" class=\"attachment-thumbnail size-thumbnail\" alt=\"\" srcset=\"http:\/\/www.terresdangely.com\/wp-content\/uploads\/2019\/04\/cours-de-poterie-enfants-5-150x150.jpg 150w, http:\/\/www.terresdangely.com\/wp-content\/uploads\/2019\/04\/cours-de-poterie-enfants-5-300x300.jpg 300w\" sizes=\"(max-width: 150px) 100vw, 150px\" \/><\/a>\r\n\t\t\t<\/div><\/figure><figure class='gallery-item'>\r\n\t\t\t<div class='gallery-icon landscape'>\r\n\t\t\t\t<a data-elementor-open-lightbox=\"yes\" data-elementor-lightbox-slideshow=\"e46a853\" data-elementor-lightbox-title=\"cours de poterie enfants 4\" data-e-action-hash=\"#elementor-action%3Aaction%3Dlightbox%26settings%3DeyJpZCI6NDE5LCJ1cmwiOiJodHRwOlwvXC93d3cudGVycmVzZGFuZ2VseS5jb21cL3dwLWNvbnRlbnRcL3VwbG9hZHNcLzIwMTlcLzA0XC9jb3Vycy1kZS1wb3RlcmllLWVuZmFudHMtNC5qcGciLCJzbGlkZXNob3ciOiJlNDZhODUzIn0%3D\" href='http:\/\/www.terresdangely.com\/wp-content\/uploads\/2019\/04\/cours-de-poterie-enfants-4.jpg'><img decoding=\"async\" width=\"150\" height=\"150\" src=\"http:\/\/www.terresdangely.com\/wp-content\/uploads\/2019\/04\/cours-de-poterie-enfants-4-150x150.jpg\" class=\"attachment-thumbnail size-thumbnail\" alt=\"\" srcset=\"http:\/\/www.terresdangely.com\/wp-content\/uploads\/2019\/04\/cours-de-poterie-enfants-4-150x150.jpg 150w, http:\/\/www.terresdangely.com\/wp-content\/uploads\/2019\/04\/cours-de-poterie-enfants-4-300x300.jpg 300w\" sizes=\"(max-width: 150px) 100vw, 150px\" \/><\/a>\r\n\t\t\t<\/div><\/figure><figure class='gallery-item'>\r\n\t\t\t<div class='gallery-icon landscape'>\r\n\t\t\t\t<a data-elementor-open-lightbox=\"yes\" data-elementor-lightbox-slideshow=\"e46a853\" data-elementor-lightbox-title=\"cours de poterie enfants 3\" data-e-action-hash=\"#elementor-action%3Aaction%3Dlightbox%26settings%3DeyJpZCI6NDIwLCJ1cmwiOiJodHRwOlwvXC93d3cudGVycmVzZGFuZ2VseS5jb21cL3dwLWNvbnRlbnRcL3VwbG9hZHNcLzIwMTlcLzA0XC9jb3Vycy1kZS1wb3RlcmllLWVuZmFudHMtMy5qcGciLCJzbGlkZXNob3ciOiJlNDZhODUzIn0%3D\" href='http:\/\/www.terresdangely.com\/wp-content\/uploads\/2019\/04\/cours-de-poterie-enfants-3.jpg'><img loading=\"lazy\" decoding=\"async\" width=\"150\" height=\"150\" src=\"http:\/\/www.terresdangely.com\/wp-content\/uploads\/2019\/04\/cours-de-poterie-enfants-3-150x150.jpg\" class=\"attachment-thumbnail size-thumbnail\" alt=\"\" srcset=\"http:\/\/www.terresdangely.com\/wp-content\/uploads\/2019\/04\/cours-de-poterie-enfants-3-150x150.jpg 150w, http:\/\/www.terresdangely.com\/wp-content\/uploads\/2019\/04\/cours-de-poterie-enfants-3-300x300.jpg 300w\" sizes=\"(max-width: 150px) 100vw, 150px\" \/><\/a>\r\n\t\t\t<\/div><\/figure><figure class='gallery-item'>\r\n\t\t\t<div class='gallery-icon landscape'>\r\n\t\t\t\t<a data-elementor-open-lightbox=\"yes\" data-elementor-lightbox-slideshow=\"e46a853\" data-elementor-lightbox-title=\"cours de poterie enfants 2\" data-e-action-hash=\"#elementor-action%3Aaction%3Dlightbox%26settings%3DeyJpZCI6NDIxLCJ1cmwiOiJodHRwOlwvXC93d3cudGVycmVzZGFuZ2VseS5jb21cL3dwLWNvbnRlbnRcL3VwbG9hZHNcLzIwMTlcLzA0XC9jb3Vycy1kZS1wb3RlcmllLWVuZmFudHMtMi5qcGciLCJzbGlkZXNob3ciOiJlNDZhODUzIn0%3D\" href='http:\/\/www.terresdangely.com\/wp-content\/uploads\/2019\/04\/cours-de-poterie-enfants-2.jpg'><img loading=\"lazy\" decoding=\"async\" width=\"150\" height=\"150\" src=\"http:\/\/www.terresdangely.com\/wp-content\/uploads\/2019\/04\/cours-de-poterie-enfants-2-150x150.jpg\" class=\"attachment-thumbnail size-thumbnail\" alt=\"\" srcset=\"http:\/\/www.terresdangely.com\/wp-content\/uploads\/2019\/04\/cours-de-poterie-enfants-2-150x150.jpg 150w, http:\/\/www.terresdangely.com\/wp-content\/uploads\/2019\/04\/cours-de-poterie-enfants-2-300x300.jpg 300w, http:\/\/www.terresdangely.com\/wp-content\/uploads\/2019\/04\/cours-de-poterie-enfants-2.jpg 500w\" sizes=\"(max-width: 150px) 100vw, 150px\" \/><\/a>\r\n\t\t\t<\/div><\/figure><figure class='gallery-item'>\r\n\t\t\t<div class='gallery-icon portrait'>\r\n\t\t\t\t<a data-elementor-open-lightbox=\"yes\" data-elementor-lightbox-slideshow=\"e46a853\" data-elementor-lightbox-title=\"cours de poterie enfants 1\" data-e-action-hash=\"#elementor-action%3Aaction%3Dlightbox%26settings%3DeyJpZCI6NDIyLCJ1cmwiOiJodHRwOlwvXC93d3cudGVycmVzZGFuZ2VseS5jb21cL3dwLWNvbnRlbnRcL3VwbG9hZHNcLzIwMTlcLzA0XC9jb3Vycy1kZS1wb3RlcmllLWVuZmFudHMtMS5qcGciLCJzbGlkZXNob3ciOiJlNDZhODUzIn0%3D\" href='http:\/\/www.terresdangely.com\/wp-content\/uploads\/2019\/04\/cours-de-poterie-enfants-1.jpg'><img loading=\"lazy\" decoding=\"async\" width=\"150\" height=\"150\" src=\"http:\/\/www.terresdangely.com\/wp-content\/uploads\/2019\/04\/cours-de-poterie-enfants-1-150x150.jpg\" class=\"attachment-thumbnail size-thumbnail\" alt=\"\" srcset=\"http:\/\/www.terresdangely.com\/wp-content\/uploads\/2019\/04\/cours-de-poterie-enfants-1-150x150.jpg 150w, http:\/\/www.terresdangely.com\/wp-content\/uploads\/2019\/04\/cours-de-poterie-enfants-1-300x300.jpg 300w, http:\/\/www.terresdangely.com\/wp-content\/uploads\/2019\/04\/cours-de-poterie-enfants-1.jpg 500w\" sizes=\"(max-width: 150px) 100vw, 150px\" \/><\/a>\r\n\t\t\t<\/div><\/figure><\/div>\n\t\t<\/div>\n\t\t\t\t\t\t<\/div>\n\t\t\t\t<\/div>\n\t\t\t\t\t<\/div>\n\t\t<\/div>\n\t\t\t\t\t<\/div>\n\t\t<\/section>\n\t\t\t\t<section class=\"elementor-section elementor-top-section elementor-element elementor-element-8c4f62c elementor-section-boxed elementor-section-height-default elementor-section-height-default\" data-id=\"8c4f62c\" data-element_type=\"section\" data-e-type=\"section\">\n\t\t\t\t\t\t<div class=\"elementor-container elementor-column-gap-default\">\n\t\t\t\t\t<div class=\"elementor-column elementor-col-100 elementor-top-column elementor-element elementor-element-0c6267a\" data-id=\"0c6267a\" data-element_type=\"column\" data-e-type=\"column\">\n\t\t\t<div class=\"elementor-widget-wrap\">\n\t\t\t\t\t\t\t<\/div>\n\t\t<\/div>\n\t\t\t\t\t<\/div>\n\t\t<\/section>\n\t\t\t\t<\/div>\n\t\t","protected":false},"excerpt":{"rendered":"<p>cours \u00e0 th\u00e8mes propos\u00e9s une fois par mois Ce sont des cours \u00e0 la carte. Chaque enfant peut choisir le cours qui lui pla\u00eet. Certains th\u00e8mes peuvent n\u00e9cessiter plus de mat\u00e9riels, un suppl\u00e9ment est alors demand\u00e9.Le tarif des cours comprend la mati\u00e8re premi\u00e8re, la cuisson et l&rsquo;\u00e9maillage.Pour s&rsquo;inscrire, il faut m&rsquo;indiquer les samedis choisis. Le <a class=\"read-more\" href=\"http:\/\/www.terresdangely.com\/fr\/cours-de-poterie-pour-les-enfants-et-adolescents\/\">Read More<\/a><\/p>\n","protected":false},"author":1,"featured_media":0,"parent":0,"menu_order":0,"comment_status":"closed","ping_status":"closed","template":"","meta":{"footnotes":""},"class_list":["post-415","page","type-page","status-publish","hentry"],"yoast_head":"<!-- This site is optimized with the Yoast SEO plugin v27.4 - https:\/\/yoast.com\/product\/yoast-seo-wordpress\/ -->\n<title>Cours de poterie pour les enfants et adolescents. Initiation \u00e0 la c\u00e9ramique<\/title>\n<meta name=\"description\" content=\"Cours de poterie pour les enfants et les adolescents. Initiation aux techniques de la c\u00e9ramique : tournage, modelage, colombinage...\" \/>\n<meta name=\"robots\" content=\"index, follow, max-snippet:-1, max-image-preview:large, max-video-preview:-1\" \/>\n<link rel=\"canonical\" href=\"http:\/\/www.terresdangely.com\/fr\/cours-de-poterie-pour-les-enfants-et-adolescents\/\" \/>\n<meta property=\"og:locale\" content=\"fr_FR\" \/>\n<meta property=\"og:locale:alternate\" content=\"en_UK\" \/>\n<meta property=\"og:type\" content=\"article\" \/>\n<meta property=\"og:title\" content=\"Cours de poterie pour les enfants et adolescents. Initiation \u00e0 la c\u00e9ramique\" \/>\n<meta property=\"og:description\" content=\"Cours de poterie pour les enfants et les adolescents. Initiation aux techniques de la c\u00e9ramique : tournage, modelage, colombinage...\" \/>\n<meta property=\"og:url\" content=\"http:\/\/www.terresdangely.com\/fr\/cours-de-poterie-pour-les-enfants-et-adolescents\/\" \/>\n<meta property=\"og:site_name\" content=\"Terres d&#039;Ang\u00e9ly\" \/>\n<meta property=\"article:modified_time\" content=\"2025-10-04T16:37:34+00:00\" \/>\n<meta property=\"og:image\" content=\"http:\/\/www.terresdangely.com\/wp-content\/uploads\/elementor\/thumbs\/cours-de-poterie-enfants-6bis-o72yzvkighd715eb9xb2bbhax4gzdsoaxwzp8ypx5s.jpg\" \/>\n<meta name=\"twitter:card\" content=\"summary_large_image\" \/>\n<meta name=\"twitter:label1\" content=\"Dur\u00e9e de lecture estim\u00e9e\" \/>\n\t<meta name=\"twitter:data1\" content=\"2 minutes\" \/>\n<script type=\"application\/ld+json\" class=\"yoast-schema-graph\">{\"@context\":\"https:\\\/\\\/schema.org\",\"@graph\":[{\"@type\":\"WebPage\",\"@id\":\"http:\\\/\\\/www.terresdangely.com\\\/fr\\\/cours-de-poterie-pour-les-enfants-et-adolescents\\\/\",\"url\":\"http:\\\/\\\/www.terresdangely.com\\\/fr\\\/cours-de-poterie-pour-les-enfants-et-adolescents\\\/\",\"name\":\"Cours de poterie pour les enfants et adolescents. Initiation \u00e0 la c\u00e9ramique\",\"isPartOf\":{\"@id\":\"http:\\\/\\\/www.terresdangely.com\\\/#website\"},\"primaryImageOfPage\":{\"@id\":\"http:\\\/\\\/www.terresdangely.com\\\/fr\\\/cours-de-poterie-pour-les-enfants-et-adolescents\\\/#primaryimage\"},\"image\":{\"@id\":\"http:\\\/\\\/www.terresdangely.com\\\/fr\\\/cours-de-poterie-pour-les-enfants-et-adolescents\\\/#primaryimage\"},\"thumbnailUrl\":\"http:\\\/\\\/www.terresdangely.com\\\/wp-content\\\/uploads\\\/elementor\\\/thumbs\\\/cours-de-poterie-enfants-6bis-o72yzvkighd715eb9xb2bbhax4gzdsoaxwzp8ypx5s.jpg\",\"datePublished\":\"2019-04-15T07:38:27+00:00\",\"dateModified\":\"2025-10-04T16:37:34+00:00\",\"description\":\"Cours de poterie pour les enfants et les adolescents. Initiation aux techniques de la c\u00e9ramique : tournage, modelage, colombinage...\",\"breadcrumb\":{\"@id\":\"http:\\\/\\\/www.terresdangely.com\\\/fr\\\/cours-de-poterie-pour-les-enfants-et-adolescents\\\/#breadcrumb\"},\"inLanguage\":\"fr-FR\",\"potentialAction\":[{\"@type\":\"ReadAction\",\"target\":[\"http:\\\/\\\/www.terresdangely.com\\\/fr\\\/cours-de-poterie-pour-les-enfants-et-adolescents\\\/\"]}]},{\"@type\":\"ImageObject\",\"inLanguage\":\"fr-FR\",\"@id\":\"http:\\\/\\\/www.terresdangely.com\\\/fr\\\/cours-de-poterie-pour-les-enfants-et-adolescents\\\/#primaryimage\",\"url\":\"http:\\\/\\\/www.terresdangely.com\\\/wp-content\\\/uploads\\\/elementor\\\/thumbs\\\/cours-de-poterie-enfants-6bis-o72yzvkighd715eb9xb2bbhax4gzdsoaxwzp8ypx5s.jpg\",\"contentUrl\":\"http:\\\/\\\/www.terresdangely.com\\\/wp-content\\\/uploads\\\/elementor\\\/thumbs\\\/cours-de-poterie-enfants-6bis-o72yzvkighd715eb9xb2bbhax4gzdsoaxwzp8ypx5s.jpg\"},{\"@type\":\"BreadcrumbList\",\"@id\":\"http:\\\/\\\/www.terresdangely.com\\\/fr\\\/cours-de-poterie-pour-les-enfants-et-adolescents\\\/#breadcrumb\",\"itemListElement\":[{\"@type\":\"ListItem\",\"position\":1,\"name\":\"Accueil\",\"item\":\"http:\\\/\\\/www.terresdangely.com\\\/fr\\\/\"},{\"@type\":\"ListItem\",\"position\":2,\"name\":\"Cours enfants\"}]},{\"@type\":\"WebSite\",\"@id\":\"http:\\\/\\\/www.terresdangely.com\\\/#website\",\"url\":\"http:\\\/\\\/www.terresdangely.com\\\/\",\"name\":\"Terres d'Ang\u00e9ly\",\"description\":\"C\u00e9ramique artisanale\",\"publisher\":{\"@id\":\"http:\\\/\\\/www.terresdangely.com\\\/#organization\"},\"potentialAction\":[{\"@type\":\"SearchAction\",\"target\":{\"@type\":\"EntryPoint\",\"urlTemplate\":\"http:\\\/\\\/www.terresdangely.com\\\/?s={search_term_string}\"},\"query-input\":{\"@type\":\"PropertyValueSpecification\",\"valueRequired\":true,\"valueName\":\"search_term_string\"}}],\"inLanguage\":\"fr-FR\"},{\"@type\":\"Organization\",\"@id\":\"http:\\\/\\\/www.terresdangely.com\\\/#organization\",\"name\":\"Terres d'Ang\u00e9ly\",\"url\":\"http:\\\/\\\/www.terresdangely.com\\\/\",\"logo\":{\"@type\":\"ImageObject\",\"inLanguage\":\"fr-FR\",\"@id\":\"http:\\\/\\\/www.terresdangely.com\\\/#\\\/schema\\\/logo\\\/image\\\/\",\"url\":\"http:\\\/\\\/www.terresdangely.com\\\/wp-content\\\/uploads\\\/2019\\\/04\\\/Logo-Terres-dAngely-site.png\",\"contentUrl\":\"http:\\\/\\\/www.terresdangely.com\\\/wp-content\\\/uploads\\\/2019\\\/04\\\/Logo-Terres-dAngely-site.png\",\"width\":150,\"height\":149,\"caption\":\"Terres d'Ang\u00e9ly\"},\"image\":{\"@id\":\"http:\\\/\\\/www.terresdangely.com\\\/#\\\/schema\\\/logo\\\/image\\\/\"}}]}<\/script>\n<!-- \/ Yoast SEO plugin. -->","yoast_head_json":{"title":"Cours de poterie pour les enfants et adolescents. Initiation \u00e0 la c\u00e9ramique","description":"Cours de poterie pour les enfants et les adolescents. Initiation aux techniques de la c\u00e9ramique : tournage, modelage, colombinage...","robots":{"index":"index","follow":"follow","max-snippet":"max-snippet:-1","max-image-preview":"max-image-preview:large","max-video-preview":"max-video-preview:-1"},"canonical":"http:\/\/www.terresdangely.com\/fr\/cours-de-poterie-pour-les-enfants-et-adolescents\/","og_locale":"fr_FR","og_type":"article","og_title":"Cours de poterie pour les enfants et adolescents. Initiation \u00e0 la c\u00e9ramique","og_description":"Cours de poterie pour les enfants et les adolescents. Initiation aux techniques de la c\u00e9ramique : tournage, modelage, colombinage...","og_url":"http:\/\/www.terresdangely.com\/fr\/cours-de-poterie-pour-les-enfants-et-adolescents\/","og_site_name":"Terres d'Ang\u00e9ly","article_modified_time":"2025-10-04T16:37:34+00:00","og_image":[{"url":"http:\/\/www.terresdangely.com\/wp-content\/uploads\/elementor\/thumbs\/cours-de-poterie-enfants-6bis-o72yzvkighd715eb9xb2bbhax4gzdsoaxwzp8ypx5s.jpg","type":"","width":"","height":""}],"twitter_card":"summary_large_image","twitter_misc":{"Dur\u00e9e de lecture estim\u00e9e":"2 minutes"},"schema":{"@context":"https:\/\/schema.org","@graph":[{"@type":"WebPage","@id":"http:\/\/www.terresdangely.com\/fr\/cours-de-poterie-pour-les-enfants-et-adolescents\/","url":"http:\/\/www.terresdangely.com\/fr\/cours-de-poterie-pour-les-enfants-et-adolescents\/","name":"Cours de poterie pour les enfants et adolescents. Initiation \u00e0 la c\u00e9ramique","isPartOf":{"@id":"http:\/\/www.terresdangely.com\/#website"},"primaryImageOfPage":{"@id":"http:\/\/www.terresdangely.com\/fr\/cours-de-poterie-pour-les-enfants-et-adolescents\/#primaryimage"},"image":{"@id":"http:\/\/www.terresdangely.com\/fr\/cours-de-poterie-pour-les-enfants-et-adolescents\/#primaryimage"},"thumbnailUrl":"http:\/\/www.terresdangely.com\/wp-content\/uploads\/elementor\/thumbs\/cours-de-poterie-enfants-6bis-o72yzvkighd715eb9xb2bbhax4gzdsoaxwzp8ypx5s.jpg","datePublished":"2019-04-15T07:38:27+00:00","dateModified":"2025-10-04T16:37:34+00:00","description":"Cours de poterie pour les enfants et les adolescents. Initiation aux techniques de la c\u00e9ramique : tournage, modelage, colombinage...","breadcrumb":{"@id":"http:\/\/www.terresdangely.com\/fr\/cours-de-poterie-pour-les-enfants-et-adolescents\/#breadcrumb"},"inLanguage":"fr-FR","potentialAction":[{"@type":"ReadAction","target":["http:\/\/www.terresdangely.com\/fr\/cours-de-poterie-pour-les-enfants-et-adolescents\/"]}]},{"@type":"ImageObject","inLanguage":"fr-FR","@id":"http:\/\/www.terresdangely.com\/fr\/cours-de-poterie-pour-les-enfants-et-adolescents\/#primaryimage","url":"http:\/\/www.terresdangely.com\/wp-content\/uploads\/elementor\/thumbs\/cours-de-poterie-enfants-6bis-o72yzvkighd715eb9xb2bbhax4gzdsoaxwzp8ypx5s.jpg","contentUrl":"http:\/\/www.terresdangely.com\/wp-content\/uploads\/elementor\/thumbs\/cours-de-poterie-enfants-6bis-o72yzvkighd715eb9xb2bbhax4gzdsoaxwzp8ypx5s.jpg"},{"@type":"BreadcrumbList","@id":"http:\/\/www.terresdangely.com\/fr\/cours-de-poterie-pour-les-enfants-et-adolescents\/#breadcrumb","itemListElement":[{"@type":"ListItem","position":1,"name":"Accueil","item":"http:\/\/www.terresdangely.com\/fr\/"},{"@type":"ListItem","position":2,"name":"Cours enfants"}]},{"@type":"WebSite","@id":"http:\/\/www.terresdangely.com\/#website","url":"http:\/\/www.terresdangely.com\/","name":"Terres d'Ang\u00e9ly","description":"C\u00e9ramique artisanale","publisher":{"@id":"http:\/\/www.terresdangely.com\/#organization"},"potentialAction":[{"@type":"SearchAction","target":{"@type":"EntryPoint","urlTemplate":"http:\/\/www.terresdangely.com\/?s={search_term_string}"},"query-input":{"@type":"PropertyValueSpecification","valueRequired":true,"valueName":"search_term_string"}}],"inLanguage":"fr-FR"},{"@type":"Organization","@id":"http:\/\/www.terresdangely.com\/#organization","name":"Terres d'Ang\u00e9ly","url":"http:\/\/www.terresdangely.com\/","logo":{"@type":"ImageObject","inLanguage":"fr-FR","@id":"http:\/\/www.terresdangely.com\/#\/schema\/logo\/image\/","url":"http:\/\/www.terresdangely.com\/wp-content\/uploads\/2019\/04\/Logo-Terres-dAngely-site.png","contentUrl":"http:\/\/www.terresdangely.com\/wp-content\/uploads\/2019\/04\/Logo-Terres-dAngely-site.png","width":150,"height":149,"caption":"Terres d'Ang\u00e9ly"},"image":{"@id":"http:\/\/www.terresdangely.com\/#\/schema\/logo\/image\/"}}]}},"_links":{"self":[{"href":"http:\/\/www.terresdangely.com\/fr\/wp-json\/wp\/v2\/pages\/415","targetHints":{"allow":["GET"]}}],"collection":[{"href":"http:\/\/www.terresdangely.com\/fr\/wp-json\/wp\/v2\/pages"}],"about":[{"href":"http:\/\/www.terresdangely.com\/fr\/wp-json\/wp\/v2\/types\/page"}],"author":[{"embeddable":true,"href":"http:\/\/www.terresdangely.com\/fr\/wp-json\/wp\/v2\/users\/1"}],"replies":[{"embeddable":true,"href":"http:\/\/www.terresdangely.com\/fr\/wp-json\/wp\/v2\/comments?post=415"}],"version-history":[{"count":84,"href":"http:\/\/www.terresdangely.com\/fr\/wp-json\/wp\/v2\/pages\/415\/revisions"}],"predecessor-version":[{"id":3791,"href":"http:\/\/www.terresdangely.com\/fr\/wp-json\/wp\/v2\/pages\/415\/revisions\/3791"}],"wp:attachment":[{"href":"http:\/\/www.terresdangely.com\/fr\/wp-json\/wp\/v2\/media?parent=415"}],"curies":[{"name":"wp","href":"https:\/\/api.w.org\/{rel}","templated":true}]}}